{"id":101,"date":"2023-01-30T12:31:34","date_gmt":"2023-01-30T11:31:34","guid":{"rendered":"https:\/\/consmetz.esteri.it\/chi-siamo\/numeri-di-emergenza\/"},"modified":"2025-08-21T10:57:02","modified_gmt":"2025-08-21T08:57:02","slug":"numeri-di-emergenza","status":"publish","type":"page","link":"https:\/\/consmetz.esteri.it\/fr\/chi-siamo\/numeri-di-emergenza\/","title":{"rendered":"Urgences consulaires"},"content":{"rendered":"<h3><strong>NUM\u00c9RO D&rsquo;URGENCE EUROP\u00c9EN : 112<\/strong><\/h3>\n<p>Veuillez noter qu&rsquo;il est possible de contacter gratuitement les services d&rsquo;urgence dans n&rsquo;importe quel pays de l&rsquo;Union europ\u00e9enne en composant le 112 depuis n&rsquo;importe quel t\u00e9l\u00e9phone fixe ou mobile.<\/p>\n<p>Le num\u00e9ro 112 est disponible 7 jours sur 7, 24 heures sur 24. Le service, g\u00e9r\u00e9 par les autorit\u00e9s locales, est fourni dans la langue officielle du pays et souvent aussi dans une langue v\u00e9hiculaire suppl\u00e9mentaire.<\/p>\n<p>Ce service, sans pr\u00e9judice des comp\u00e9tences consulaires, est consid\u00e9r\u00e9 comme beaucoup plus appropri\u00e9 pour signaler les urgences graves, car il est directement connect\u00e9 aux structures de s\u00e9curit\u00e9 publique et de secours.<\/p>\n<p>AUTRES NUM\u00c9ROS :<br \/>\n17 Police<br \/>\n15 Urgences m\u00e9dicales<br \/>\n18 Pompiers<br \/>\n0800990039 pour appeler l\u2019Italie en tarif inverse.<\/p>\n<h3>URGENCE REQUI\u00c9RANT UNE ASSISTANCE CONSULAIRE<\/h3>\n<p>En cas de demandes d&rsquo;assistance pour urgences consulaires (d\u00e9c\u00e8s, accident grave ou autre situation impliquant des risques pour la sant\u00e9 ou la s\u00e9curit\u00e9 personnelle de citoyens italiens \u00e0 l&rsquo;\u00e9tranger n\u00e9cessitant l&rsquo;intervention urgente des autorit\u00e9s consulaires) en dehors des heures d&rsquo;ouverture du Consulat G\u00e9n\u00e9ral, ou les jours de semaine apr\u00e8s 16h30, les week-ends et les jours f\u00e9ri\u00e9s, un service d&rsquo;urgence est disponible. Veuillez appeler le num\u00e9ro suivant UNIQUEMENT ET EXCLUSIVEMENT dans ces cas :<\/p>\n<table style=\"height: 288px;\" width=\"1049\">\n<tbody>\n<tr>\n<td width=\"321\">\n<h2><strong>SERVICE DE JOUR<\/strong><\/h2>\n<p>&nbsp;<\/p>\n<p>&nbsp;<\/p>\n<p>\u25baDu lundi au vendredi de 16h30 \u00e0 22h et samedi, dimanche ou jours f\u00e9ri\u00e9s de 8h \u00e0 22h :<br \/>\n<strong>+336 80 71 03 43<\/strong><\/p>\n<p>&nbsp;<\/p>\n<p>&nbsp;<\/p>\n<p>&nbsp;<\/td>\n<td width=\"321\">\n<h2><strong>SERVICE DE NUIT<\/strong><\/h2>\n<p>&nbsp;<\/p>\n<p>&nbsp;<\/p>\n<p>\u25baChaque soir de 22h \u00e0 8h le lendemain matin :<br \/>\n<strong>+337 81 95 40 72<\/strong><\/p>\n<p>&nbsp;<\/p>\n<p>&nbsp;<\/p>\n<p>&nbsp;<\/p>\n<p>&nbsp;<\/td>\n<\/tr>\n<\/tbody>\n<\/table>\n<p>&nbsp;<\/p>\n<p>En cas de vol ou de perte de documents de voyage, consultez la page d\u00e9di\u00e9e \u25ba <a href=\"https:\/\/consmetz.esteri.it\/it\/servizi-consolari-e-visti\/servizi-per-il-cittadino-italiano\/denuncia-di-furto-o-smarrimento-di-documento-passaporto-carta-didentita-patente-ecc\/\" target=\"_blank\" rel=\"noopener\"><strong>Vol et perte de documents<\/strong><\/a><\/p>\n<p>Pour toute autre question non urgente, envoyez un message \u00e9crit \u00e0 <a href=\"mailto:sociale.metz@esteri.it\">sociale.metz@esteri.it<\/a><br \/>\nVous serez contact\u00e9 \u00e0 la r\u00e9ouverture des bureaux.<\/p>\n","protected":false},"excerpt":{"rendered":"NUM\u00c9RO D&rsquo;URGENCE EUROP\u00c9EN : 112 Veuillez noter qu&rsquo;il est possible de contacter gratuitement les services d&rsquo;urgence dans n&rsquo;importe quel pays de l&rsquo;Union europ\u00e9enne en composant le 112 depuis n&rsquo;importe quel t\u00e9l\u00e9phone fixe ou mobile. Le num\u00e9ro 112 est disponible 7 jours sur 7, 24 heures sur 24. Le service, g\u00e9r\u00e9 par les autorit\u00e9s locales, est [&hellip;]","protected":false},"author":3,"featured_media":0,"parent":36,"menu_order":8,"comment_status":"closed","ping_status":"closed","template":"","meta":{"footnotes":""},"class_list":["post-101","page","type-page","status-publish","hentry"],"_links":{"self":[{"href":"https:\/\/consmetz.esteri.it\/fr\/wp-json\/wp\/v2\/pages\/101","targetHints":{"allow":["GET"]}}],"collection":[{"href":"https:\/\/consmetz.esteri.it\/fr\/wp-json\/wp\/v2\/pages"}],"about":[{"href":"https:\/\/consmetz.esteri.it\/fr\/wp-json\/wp\/v2\/types\/page"}],"author":[{"embeddable":true,"href":"https:\/\/consmetz.esteri.it\/fr\/wp-json\/wp\/v2\/users\/3"}],"replies":[{"embeddable":true,"href":"https:\/\/consmetz.esteri.it\/fr\/wp-json\/wp\/v2\/comments?post=101"}],"version-history":[{"count":1,"href":"https:\/\/consmetz.esteri.it\/fr\/wp-json\/wp\/v2\/pages\/101\/revisions"}],"predecessor-version":[{"id":5694,"href":"https:\/\/consmetz.esteri.it\/fr\/wp-json\/wp\/v2\/pages\/101\/revisions\/5694"}],"up":[{"embeddable":true,"href":"https:\/\/consmetz.esteri.it\/fr\/wp-json\/wp\/v2\/pages\/36"}],"wp:attachment":[{"href":"https:\/\/consmetz.esteri.it\/fr\/wp-json\/wp\/v2\/media?parent=101"}],"curies":[{"name":"wp","href":"https:\/\/api.w.org\/{rel}","templated":true}]}}