{"id":114,"date":"2023-01-30T12:31:42","date_gmt":"2023-01-30T11:31:42","guid":{"rendered":"https:\/\/consmetz.esteri.it\/chi-siamo\/la-rete-consolare\/"},"modified":"2023-01-30T13:46:13","modified_gmt":"2023-01-30T12:46:13","slug":"la-rete-consolare","status":"publish","type":"page","link":"https:\/\/consmetz.esteri.it\/fr\/chi-siamo\/la-rete-consolare\/","title":{"rendered":"Le r\u00e9seau consulaire"},"content":{"rendered":"<p><strong><a href=\"http:\/\/www.esteri.it\/ita\/2_11.asp\">LISTE DES AMBASSADES, CONSULATS ET INSTITUTS CULTURELS ITALIENS DANS LE MONDE<\/a>\u00a0(cliquer sur cette phrase)<br \/>\n<\/strong><\/p>\n<hr \/>\n<p><strong><a href=\"http:\/\/www.ambparigi.esteri.it\/Ambasciata_Parigi\/Menu\/Ambasciata\/La_rete_consolare\/\">CARTE DE FRANCE AVEC LES REPARTITIONS GEOGRAPHIQUES DES CIRCONSCRIPTIONS CONSULAIRES ITALIENNES<\/a><br \/>\n<\/strong><\/p>\n<hr \/>\n<p><strong>LES CONSULATS\u00a0 ITALIENS \u00a0EN FRANCE<br \/>\n(Il s&rsquo;agit ici des postes consulaires de carri\u00e8re et non honoraires)<br \/>\n<\/strong><br \/>\n<strong>PARIS<br \/>\nCONSULAT GENERAL\u00a0DE 1\u00e8re CLASSE<br \/>\n<\/strong>5, Boulevard Emile Augier &#8211; 75016 PARIS<br \/>\nTel. 00.33 (0) 1 44 30 47 00<br \/>\nFax 01 45 25 87 50<br \/>\nCourriel:\u00a0<a href=\"mailto:consolato.parigi@esteri.it\">consolato.parigi@esteri.it<\/a><br \/>\nSite Internet:\u00a0<a href=\"http:\/\/www.consparigi.esteri.it\/Consolato_Parigi\">www.consparigi.esteri.it<\/a><br \/>\nJuridiction: Calvados, Cher, C\u00f4te-d&rsquo;Or, C\u00f4tes-du-Nord, Doubs, Essonne, Eure, Eure-et-Loir, Finist\u00e8re, Haute-Sa\u00f4ne, Hauts-de-Seine, Ille-et-Vilaine, Indre, Indre-et-Loire, Jura, Loire-Atlantique, Loiret, Loir-et-Cher, Maine-et-Loire, Manche, Mayenne, Morbihan, Oise, Orne, Sarthe, Seine-et-Marne, Seine-Maritime, Seine-Saint-Denis, Val-de-Marne, Val-d&rsquo;Oise, Vend\u00e9e, Ville-de-Paris, Yonne, Yvelines.<\/p>\n<p><strong>MARSEILLE<br \/>\nCONSULAT GENERAL<\/strong><br \/>\n56, Rue d\u2019Alger &#8211; 13005 MARSEILLE<br \/>\nTel. 0033 (0) 4 91 18 49 18<br \/>\nFax 04 91 18 49 19<br \/>\nCourriel:\u00a0<a href=\"mailto:consolato.marsiglia@esteri.it\">consolato.marsiglia@esteri.it<\/a><br \/>\nSite Internet:\u00a0<a href=\"http:\/\/www.consmarsiglia.esteri.it\/Consolato_Marsiglia\">www.consmarsiglia.esteri.it<\/a><br \/>\nJuridiction: Aude, Bouches-du-Rh\u00f4ne, Gard, H\u00e9rault, Loz\u00e8re, Pyr\u00e9n\u00e9es-Orientales, Var, Vaucluse.<\/p>\n<p><strong>LYON<br \/>\nCONSULAT GENERAL<\/strong><br \/>\n5, rue du Commandant Faurax \u2013 69452 Lyon Cedex 06<br \/>\nTel. 0033 (0) 4 78 93 00 17 \u2013 Fax 04 78 94 33 43<br \/>\nCourriel:\u00a0<a href=\"mailto:consolato.lione@esteri.it\">consolato.lione@esteri.it<\/a><br \/>\nSite Internet:\u00a0<a href=\"http:\/\/www.conslione.esteri.it\/\">www.conslione.esteri.it<\/a><br \/>\nJuridiction: Ain, Ard\u00e8che, Dr\u00f4me, Is\u00e8re, Loire, Rh\u00f4ne (Rh\u00f4ne-Alpes)<br \/>\nAllier, Cantal,Haute-Loire, Puy-de-D\u00f4me (Auvergne)<br \/>\nCorr\u00e8ze, Creuse, Haute-Vienne (Limousin)<br \/>\nNi\u00e8vre, Sa\u00f4ne-et-Loire (Bourgogne)<\/p>\n<p><strong>METZ<br \/>\nCONSULAT GENERAL<br \/>\n<\/strong>7, Boulevard Cl\u00e9menceau &#8211; 57000 METZ<br \/>\nTel. 0033 (0) 3 87 38 58 70<br \/>\nFax 03 87 50 49 71<br \/>\nCourriel:\u00a0<a href=\"mailto:consolato.metz@esteri.it\">consolato.metz@esteri.it<\/a><br \/>\nSite Internet:\u00a0<a href=\"https:\/\/consmetz.esteri.it\/Consolato_Metz\/rver\/Channels\/Consolato_Metz\">www.consmetz.esteri.it<\/a><br \/>\nJuridiction: Ardennes, Aube, Bas-Rhin, Haut-Rhin, Haute-Marne,\u00a0Marne, Meurthe-et-Moselle, Meuse, Moselle, Territoire de Belfort, Vosges.<\/p>\n<p><strong>NICE<br \/>\nCONSULAT GENERAL<br \/>\n<\/strong>72, Boulevard Gambetta &#8211; 06048 NICE Cedex 1<br \/>\nTel 0033 (0) 4 93 88 79 86<br \/>\nFax 04 93 88 11 08<br \/>\nCourriel:\u00a0<a href=\"mailto:consolato.nizza@esteri.it\">consolato.nizza@esteri.it<\/a><br \/>\nSite Internet:<br \/>\nJuridiction: Alpes-de-Haute-Provence, Hautes-Alpes, Alpes-Maritimes.<\/p>\n<p><strong>LILLE<br \/>\nCONSULAT\u00a0 DE 1\u00e8re CLASSE<\/strong>\u00a0:\u00a0<strong>FERME DEPUIS LE 1ER JUILLET 2011<br \/>\n<\/strong>Juridiction: Aisne, Nord, Pas-de-Calais, Somme. Pour ces d\u00e9partements contacter le Consulat G\u00e9n\u00e9ral d&rsquo;Italie \u00e0 Paris.<\/p>\n<p><strong>TOULOUSE<br \/>\nCONSULAT\u00a0 DE \u00a01\u00e8re CLASSE FERME DEPUIS LE 27 NOVEMBRE 2013.<br \/>\n<\/strong>Dans le cadre d&rsquo;un plan de r\u00e9organisation et de modernisation du r\u00e9seau diplomatique et consulaire italien , d\u00e9cid\u00e9 par le Minist\u00e8re des Affaires \u00e9trang\u00e8res et \u00e9galement pour r\u00e9pondre aux dispositions imp\u00e9ratives de la loi sur le contr\u00f4le des d\u00e9penses de l&rsquo;administration publique ,\u00a0<strong><em>il a \u00e9t\u00e9 d\u00e9cid\u00e9 la fermeture du Consulat d&rsquo;Italie \u00e0 Toulouse , \u00e0 partir du mercredi 27 Novembre 2013.<br \/>\n<\/em><\/strong>L\u2019ouverture d\u2019un \u00abguichet consulaire\u00bb est pr\u00e9vue par la suite, celui-ci sera op\u00e9rationnel d\u00e8s que sa ma mise en place aura \u00e9t\u00e9 achev\u00e9e.<br \/>\nD\u00e8s le 1er D\u00e9cembre 2013, le Consulat G\u00e9n\u00e9ral d&rsquo;Italie \u00e0 Marseille sera comp\u00e9tent aussi pour la circonscription de Toulouse. A\u2019 partir de cette date, les usagers pourront prendre contact avec les services, de pr\u00e9f\u00e9rence par email en \u00e9crivant \u00e0 consolato.marsiglia@esteri.it\u00a0 ou par t\u00e9l\u00e9phone : 04.91.18.49.18.<br \/>\nL&rsquo;ancienne juridiction de l&rsquo;ancien Consulat italien \u00e0 Touluse fait partie d\u00e9sormais de la cirsconscription consulaire de Marseille: Ari\u00e8ge, Aveyron, Charente, Charente-Maritime, Deux-S\u00e8vres, Dordogne, Gers, Gironde, Haute-Garonne, Hautes-Pyr\u00e9n\u00e9es, Landes, Lot, Lot-et-Garonne, Pyr\u00e9n\u00e9es-Atlantiques, Tarn, Tarn-et-Garonne, Vienne.<\/p>\n<p><strong>BASTIA<br \/>\nCONSULAT<br \/>\n<em>Suite \u00e0 la restructuration du r\u00e9seau consulaire italien en France, le Consulat d&rsquo;Italie \u00e0 Bastia a \u00e9t\u00e9 supprim\u00e9 le\u00a031.10.2007, les comp\u00e9tences ont \u00e9t\u00e9 attribu\u00e9es au Consulat G\u00e9n\u00e9ral d&rsquo;Italie \u00e0 Marseille et un \u00ab\u00a0Guichet Consulaire Permanent\u00a0\u00bb a \u00e9t\u00e9 institu\u00e9 \u00e0 Bastia.<br \/>\nLes horaires d&rsquo;ouverture au public du Consulat sont les suivants\u00a0:<br \/>\nDu lundi au vendredi de 9h00 \u00e0 13h00<br \/>\n(durant les heures de fermeture des bureaux un r\u00e9pondeur t\u00e9l\u00e9phonique est en marche). En cas d&rsquo;urgence, il est possible de joindre\u00a0le personnel de garde.<br \/>\nAdresse du guichet Consulaire :<br \/>\nRue Saint-Fran\u00e7ois &#8211; 20200 BASTIA (Francia)<br \/>\nT\u00e9l\u00e9phone:\u00a0<span class=\"baec5a81-e4d6-4674-97f3-e9220f0136c1\">+33 (0)4 95 34 93 93<a title=\"Call: +33 (0)4 95 34 93 93\" href=\"https:\/\/consmetz.esteri.it\/consolato_metz\/fr\/il_consolato\/la_rete_consolare#\"><img decoding=\"async\" title=\"Call: +33 (0)4 95 34 93 93\" src=\"data:image\/png;base64,iVBORw0KGgoAAAANSUhEUgAAABAAAAAQCAYAAAAf8\/9hAAAACXBIWXMAAA7EAAAOxAGVKw4bAAAAIGNIUk0AAHolAACAgwAA+f8AAIDpAAB1MAAA6mAAADqYAAAXb5JfxUYAAAKLSURBVHjadJPfS5NhFMe\/21xvuhXRyJAZroiSrJnbRdT7vrAf5HBaK5RABmEEwQIvkpZ\/QRcWXdSFw5soKaF0F7qZeLO13mGBDpQsf5CoxVKHOt0Pctp2uvEdrzG\/V+c553w\/54HnPDIiQiGpPMETABoB2AAYd9MRAMMAvGmX+RcAyAoBVJ7gZQDtABworH4AHWmX+bOMZdkjCoXiUzabvcAwzPSsob5p\/VTNY9GcdpnxdmYZ9wJThSCtCr1e\/4XjuNPd3d1KjUZzaGbI27ysqzGQoggAsLa1A7ehArrDxfDNr0oBlQB+wmKxbJFEL968SxoamsjkHaPU9l9piUo6A0RE1DG2QCWdASrpDAzJM5kMI8XecdjVxfEl+K9dxFgsgUvvR6HyBKHyBAEATyKLeGSsENuNcqk5kUjEGm7fzcYqr0ClVODl99+YXEvl6+c1amjVe+ahiGGYaUEQKnmeh91uL43rqheixjpdmzCL11er0PcjhrTLvMfUJsyKYUSeyWQ6enp6tgCgrKxsfbP8bB8AdE1G89cOReMAgOv+Cag8QXRNRkXAsDwcDr+am5tLCYKA3t7eo2dG+1vVK\/MfpRPtA+MIReMYaKj+\/xm9MiICx3EmpVL5wefzFavValis1u1vvHMkdfykCQC0kSGUTo+Ajmnx1dSC7IGD+UUCEYGIwLKsyWazrSeTSSIiMpnNf7Ttz5+ec96fr7\/VnE0mk+QfHMzV3WjcKH\/4rEr05QGFIA6HY4llWRLPRER+v3\/HYrFMFQSIkNra2tVQKJSlfcSyLO0LECFWq3XF6XRGA4HAptTsdrsXeZ6fEHtl+31nAOA4rkUulz\/I5XL63dQGgHEAN8Ph8AYA\/BsAt4ube4GblQIAAAAASUVORK5CYII=\" alt=\"\" \/><\/a><\/span>\u00a0&#8211; Fax:\u00a0<span class=\"baec5a81-e4d6-4674-97f3-e9220f0136c1\">+33 (0)4 95 32 56 72<a title=\"Call: +33 (0)4 95 32 56 72\" href=\"https:\/\/consmetz.esteri.it\/consolato_metz\/fr\/il_consolato\/la_rete_consolare#\"><img decoding=\"async\" title=\"Call: +33 (0)4 95 32 56 72\" src=\"data:image\/png;base64,iVBORw0KGgoAAAANSUhEUgAAABAAAAAQCAYAAAAf8\/9hAAAACXBIWXMAAA7EAAAOxAGVKw4bAAAAIGNIUk0AAHolAACAgwAA+f8AAIDpAAB1MAAA6mAAADqYAAAXb5JfxUYAAAKLSURBVHjadJPfS5NhFMe\/21xvuhXRyJAZroiSrJnbRdT7vrAf5HBaK5RABmEEwQIvkpZ\/QRcWXdSFw5soKaF0F7qZeLO13mGBDpQsf5CoxVKHOt0Pctp2uvEdrzG\/V+c553w\/54HnPDIiQiGpPMETABoB2AAYd9MRAMMAvGmX+RcAyAoBVJ7gZQDtABworH4AHWmX+bOMZdkjCoXiUzabvcAwzPSsob5p\/VTNY9GcdpnxdmYZ9wJThSCtCr1e\/4XjuNPd3d1KjUZzaGbI27ysqzGQoggAsLa1A7ehArrDxfDNr0oBlQB+wmKxbJFEL968SxoamsjkHaPU9l9piUo6A0RE1DG2QCWdASrpDAzJM5kMI8XecdjVxfEl+K9dxFgsgUvvR6HyBKHyBAEATyKLeGSsENuNcqk5kUjEGm7fzcYqr0ClVODl99+YXEvl6+c1amjVe+ahiGGYaUEQKnmeh91uL43rqheixjpdmzCL11er0PcjhrTLvMfUJsyKYUSeyWQ6enp6tgCgrKxsfbP8bB8AdE1G89cOReMAgOv+Cag8QXRNRkXAsDwcDr+am5tLCYKA3t7eo2dG+1vVK\/MfpRPtA+MIReMYaKj+\/xm9MiICx3EmpVL5wefzFavValis1u1vvHMkdfykCQC0kSGUTo+Ajmnx1dSC7IGD+UUCEYGIwLKsyWazrSeTSSIiMpnNf7Ttz5+ec96fr7\/VnE0mk+QfHMzV3WjcKH\/4rEr05QGFIA6HY4llWRLPRER+v3\/HYrFMFQSIkNra2tVQKJSlfcSyLO0LECFWq3XF6XRGA4HAptTsdrsXeZ6fEHtl+31nAOA4rkUulz\/I5XL63dQGgHEAN8Ph8AYA\/BsAt4ube4GblQIAAAAASUVORK5CYII=\" alt=\"\" \/><\/a><\/span><br \/>\ncourriel: bastia.marsiglia@esteri.it<br \/>\nJuridiction: Corse-du-Sud, Haute-Corse.<br \/>\n<\/em><\/strong><br \/>\n<strong>CHAMBERY<br \/>\nCONSULAT<br \/>\n<em>Le Consulat d&rsquo;Italie \u00e0 Chamb\u00e9ry a ferm\u00e9 ses portes\u00a0le 30 novembre 2008.<br \/>\nDepuis le 1er d\u00e9cembre 2008 ses services ont \u00e9t\u00e9 transf\u00e9r\u00e9s au Consulat G\u00e9n\u00e9ral d&rsquo;Italie \u00e0 Lyon dont d\u00e9pend sa juridiction sur les d\u00e9partements de Haute-Savoie et de Savoie.<br \/>\nUne permanence consulaire est assur\u00e9e\u00a0\u00e0 Chamb\u00e9ry, dans les locaux de l&rsquo;ancien Consulat au\u00a0n. 12, Boulevard de L\u00e9menc.<br \/>\nLes horaires d&rsquo;ouverture et d&rsquo;accueil du public sont les suivants:<br \/>\ndu lundi au vendredi\u00a0de 9h\u00a0\u00e0 12h<br \/>\nLe mardi de 15h \u00e0 16h30<br \/>\n<\/em><\/strong><br \/>\n<strong>MULHOUSE<br \/>\nCONSULAT<br \/>\n<em>Le Consulat d&rsquo;Italie \u00e0\u00a0Mulhouse a ferm\u00e9 ses portes le\u00a01er Juillet 2010.<br \/>\nDepuis\u00a0cette date ses services ont \u00e9t\u00e9 transf\u00e9r\u00e9s au Consulat G\u00e9n\u00e9ral d&rsquo;Italie \u00e0\u00a0Metz dont d\u00e9pend sa juridiction sur le d\u00e9partement du Haut-Rhin et le Territoire de Belfort.<br \/>\nUne permanence consulaire est assur\u00e9e \u00e0 Mulhouse dans les locaux\u00a0situ\u00e9s 33 Grand Rue au 2\u00b0 \u00e9tage.<br \/>\nT\u00e9l.: 00333 89 66 41 11<br \/>\nFax.: 00 33 3 89 46 15 63<br \/>\nCourriel:\u00a0<a href=\"mailto:cons.mulhouse@esteri.it\">cons.mulhouse@esteri.it<\/a><br \/>\nLes horaires d&rsquo;ouverture et d&rsquo;accueil du public sont les suivants:<br \/>\ndu lundi au vendredi de 9h \u00e0 12h30<br \/>\nLe mardi de 15h30 \u00e0 17h<\/em><\/strong><\/p>\n","protected":false},"excerpt":{"rendered":"LISTE DES AMBASSADES, CONSULATS ET INSTITUTS CULTURELS ITALIENS DANS LE MONDE\u00a0(cliquer sur cette phrase) CARTE DE FRANCE AVEC LES REPARTITIONS GEOGRAPHIQUES DES CIRCONSCRIPTIONS CONSULAIRES ITALIENNES LES CONSULATS\u00a0 ITALIENS \u00a0EN FRANCE (Il s&rsquo;agit ici des postes consulaires de carri\u00e8re et non honoraires) PARIS CONSULAT GENERAL\u00a0DE 1\u00e8re CLASSE 5, Boulevard Emile Augier &#8211; 75016 PARIS Tel. 00.33 [&hellip;]","protected":false},"author":3,"featured_media":0,"parent":36,"menu_order":10,"comment_status":"closed","ping_status":"closed","template":"","meta":{"footnotes":""},"class_list":["post-114","page","type-page","status-publish","hentry"],"_links":{"self":[{"href":"https:\/\/consmetz.esteri.it\/fr\/wp-json\/wp\/v2\/pages\/114","targetHints":{"allow":["GET"]}}],"collection":[{"href":"https:\/\/consmetz.esteri.it\/fr\/wp-json\/wp\/v2\/pages"}],"about":[{"href":"https:\/\/consmetz.esteri.it\/fr\/wp-json\/wp\/v2\/types\/page"}],"author":[{"embeddable":true,"href":"https:\/\/consmetz.esteri.it\/fr\/wp-json\/wp\/v2\/users\/3"}],"replies":[{"embeddable":true,"href":"https:\/\/consmetz.esteri.it\/fr\/wp-json\/wp\/v2\/comments?post=114"}],"version-history":[{"count":0,"href":"https:\/\/consmetz.esteri.it\/fr\/wp-json\/wp\/v2\/pages\/114\/revisions"}],"up":[{"embeddable":true,"href":"https:\/\/consmetz.esteri.it\/fr\/wp-json\/wp\/v2\/pages\/36"}],"wp:attachment":[{"href":"https:\/\/consmetz.esteri.it\/fr\/wp-json\/wp\/v2\/media?parent=114"}],"curies":[{"name":"wp","href":"https:\/\/api.w.org\/{rel}","templated":true}]}}