{"id":119,"date":"2023-01-30T12:33:03","date_gmt":"2023-01-30T11:33:03","guid":{"rendered":"https:\/\/consmetz.esteri.it\/servizi-consolari-e-visti\/servizi-per-il-cittadino-italiano\/"},"modified":"2025-02-14T11:59:38","modified_gmt":"2025-02-14T10:59:38","slug":"servizi-per-il-cittadino-italiano","status":"publish","type":"page","link":"https:\/\/consmetz.esteri.it\/fr\/servizi-consolari-e-visti\/servizi-per-il-cittadino-italiano\/","title":{"rendered":"Services pour le citoyen italien"},"content":{"rendered":"<p>Le Consulat a pour mission d\u2019assurer la protection des Italiens \u00e0 l\u2019\u00e9tranger et offre diff\u00e9rents services illustr\u00e9s dans le menu de droite (ou en bas, pour ceux qui naviguent sur leur mobile).<\/p>\n<p>Les services doivent \u00eatre fournis selon des principes d\u2019\u00e9galit\u00e9, d\u2019impartialit\u00e9, d\u2019efficacit\u00e9 et de transparence ayant pour objectif la protection des citoyens italiens par rapport aux droits fondamentaux et \u00e0 la libert\u00e9 personnelle. La protection couvre par exemple les cas de d\u00e9c\u00e8s, d\u2019accident, de maladie grave, d\u2019arrestation ou de d\u00e9tention, d\u2019actes de violence, d\u2019assistance en cas de crise majeure (catastrophes naturelles, troubles civils, conflits arm\u00e9s, etc.), d\u00e9livrance de documents d\u2019urgence aux ressortissants non-r\u00e9sidents en cas de perte ou de vol du passeport.<\/p>\n<p>Pour assurer le respect effectif de ces principes, l\u2019acc\u00e8s aux guichets se fait par un syst\u00e8me de r\u00e9servation en ligne accessible depuis la page d\u2019accueil.<\/p>\n<p>La collectivit\u00e9 r\u00e9sidente est particuli\u00e8rement nombreuse\u00a0: les r\u00e9servations pour certains services, tels que l\u2019\u00e9mission du passeport, \u00e0 certaines p\u00e9riodes de l\u2019ann\u00e9e, sont rapidement satur\u00e9es.<\/p>\n","protected":false},"excerpt":{"rendered":"Le Consulat a pour mission d\u2019assurer la protection des Italiens \u00e0 l\u2019\u00e9tranger et offre diff\u00e9rents services illustr\u00e9s dans le menu de droite (ou en bas, pour ceux qui naviguent sur leur mobile). Les services doivent \u00eatre fournis selon des principes d\u2019\u00e9galit\u00e9, d\u2019impartialit\u00e9, d\u2019efficacit\u00e9 et de transparence ayant pour objectif la protection des citoyens italiens par [&hellip;]","protected":false},"author":3,"featured_media":0,"parent":34,"menu_order":0,"comment_status":"closed","ping_status":"closed","template":"","meta":{"footnotes":""},"class_list":["post-119","page","type-page","status-publish","hentry"],"_links":{"self":[{"href":"https:\/\/consmetz.esteri.it\/fr\/wp-json\/wp\/v2\/pages\/119","targetHints":{"allow":["GET"]}}],"collection":[{"href":"https:\/\/consmetz.esteri.it\/fr\/wp-json\/wp\/v2\/pages"}],"about":[{"href":"https:\/\/consmetz.esteri.it\/fr\/wp-json\/wp\/v2\/types\/page"}],"author":[{"embeddable":true,"href":"https:\/\/consmetz.esteri.it\/fr\/wp-json\/wp\/v2\/users\/3"}],"replies":[{"embeddable":true,"href":"https:\/\/consmetz.esteri.it\/fr\/wp-json\/wp\/v2\/comments?post=119"}],"version-history":[{"count":1,"href":"https:\/\/consmetz.esteri.it\/fr\/wp-json\/wp\/v2\/pages\/119\/revisions"}],"predecessor-version":[{"id":4461,"href":"https:\/\/consmetz.esteri.it\/fr\/wp-json\/wp\/v2\/pages\/119\/revisions\/4461"}],"up":[{"embeddable":true,"href":"https:\/\/consmetz.esteri.it\/fr\/wp-json\/wp\/v2\/pages\/34"}],"wp:attachment":[{"href":"https:\/\/consmetz.esteri.it\/fr\/wp-json\/wp\/v2\/media?parent=119"}],"curies":[{"name":"wp","href":"https:\/\/api.w.org\/{rel}","templated":true}]}}