{"id":1634,"date":"2023-06-22T16:11:24","date_gmt":"2023-06-22T14:11:24","guid":{"rendered":"https:\/\/consmetz.esteri.it\/servizi-consolari-e-visti\/servizi-per-il-cittadino-straniero\/equipollenza-titoli-di-studio-equivalence-de-diplome-francais-en-italie\/"},"modified":"2023-10-05T17:14:32","modified_gmt":"2023-10-05T15:14:32","slug":"equipollenza-titoli-di-studio-equivalence-de-diplome-francais-en-italie","status":"publish","type":"page","link":"https:\/\/consmetz.esteri.it\/fr\/servizi-consolari-e-visti\/servizi-per-il-cittadino-straniero\/equipollenza-titoli-di-studio-equivalence-de-diplome-francais-en-italie\/","title":{"rendered":"\u00c9quivalence des dipl\u00f4mes fran\u00e7ais en Italie"},"content":{"rendered":"<p>Le contenu de cette page est disponible uniquement en italien.<\/p>\n","protected":false},"excerpt":{"rendered":"Le contenu de cette page est disponible uniquement en italien.","protected":false},"author":6,"featured_media":0,"parent":120,"menu_order":25,"comment_status":"closed","ping_status":"closed","template":"","meta":{"footnotes":""},"class_list":["post-1634","page","type-page","status-publish","hentry"],"_links":{"self":[{"href":"https:\/\/consmetz.esteri.it\/fr\/wp-json\/wp\/v2\/pages\/1634","targetHints":{"allow":["GET"]}}],"collection":[{"href":"https:\/\/consmetz.esteri.it\/fr\/wp-json\/wp\/v2\/pages"}],"about":[{"href":"https:\/\/consmetz.esteri.it\/fr\/wp-json\/wp\/v2\/types\/page"}],"author":[{"embeddable":true,"href":"https:\/\/consmetz.esteri.it\/fr\/wp-json\/wp\/v2\/users\/6"}],"replies":[{"embeddable":true,"href":"https:\/\/consmetz.esteri.it\/fr\/wp-json\/wp\/v2\/comments?post=1634"}],"version-history":[{"count":2,"href":"https:\/\/consmetz.esteri.it\/fr\/wp-json\/wp\/v2\/pages\/1634\/revisions"}],"predecessor-version":[{"id":1977,"href":"https:\/\/consmetz.esteri.it\/fr\/wp-json\/wp\/v2\/pages\/1634\/revisions\/1977"}],"up":[{"embeddable":true,"href":"https:\/\/consmetz.esteri.it\/fr\/wp-json\/wp\/v2\/pages\/120"}],"wp:attachment":[{"href":"https:\/\/consmetz.esteri.it\/fr\/wp-json\/wp\/v2\/media?parent=1634"}],"curies":[{"name":"wp","href":"https:\/\/api.w.org\/{rel}","templated":true}]}}