{"id":1640,"date":"2023-09-29T17:41:21","date_gmt":"2023-09-29T15:41:21","guid":{"rendered":"https:\/\/consmetz.esteri.it\/servizi-consolari-e-visti\/servizi-per-il-cittadino-straniero\/codice-fiscale\/"},"modified":"2025-04-03T16:35:35","modified_gmt":"2025-04-03T14:35:35","slug":"codice-fiscale","status":"publish","type":"page","link":"https:\/\/consmetz.esteri.it\/fr\/servizi-consolari-e-visti\/servizi-per-il-cittadino-straniero\/codice-fiscale\/","title":{"rendered":"Code Fiscal"},"content":{"rendered":"<ol>\n<li><strong>Qu\u2019est-ce que c\u2019est<\/strong><\/li>\n<li><strong>Code fiscal pour les \u00e9tudiants \u00e9trangers<\/strong><\/li>\n<li><strong>Code fiscal pour les achats immobiliers ou les activit\u00e9s commerciales<\/strong><\/li>\n<li><strong>Code fiscal pour les \u00e9trangers r\u00e9sidant en Italie<\/strong><\/li>\n<\/ol>\n<hr \/>\n<h3><strong>Comment le demander<\/strong><\/h3>\n<h4><strong>1 &#8211; QU\u2019EST-CE QUE C\u2019EST ?<\/strong><\/h4>\n<p>Le code fiscal est un code alphanum\u00e9rique d\u00e9livr\u00e9 par l&rsquo;<strong>Agenzia delle Entrate<\/strong> pour identifier un citoyen (italien ou \u00e9tranger) dans ses relations avec les administrations publiques, les particuliers et les organismes italiens. Pour les personnes physiques, il est d\u00e9termin\u00e9 \u00e0 partir des donn\u00e9es d\u2019\u00e9tat civil.<\/p>\n<hr \/>\n<h4><strong>2 &#8211; CODE FISCAL POUR LES \u00c9TUDIANTS \u00c9TRANGERS<\/strong><\/h4>\n<p>Les \u00e9tudiants \u00e9trangers qui doivent se pr\u00e9inscrire dans une universit\u00e9 italienne obtiennent automatiquement leur code fiscal via le portail <strong>UNIVERSITALY<\/strong>.<\/p>\n<p>Ensuite, le code fiscal est confirm\u00e9 :<\/p>\n<ul>\n<li><strong>Pour les \u00e9tudiants extra-UE<\/strong> : aupr\u00e8s du <strong>Sportello Unico per l\u2019Immigrazione<\/strong> ou de la <strong>Questura<\/strong> lors de la demande de permis de s\u00e9jour.<\/li>\n<li><strong>Pour les \u00e9tudiants de l\u2019UE<\/strong> : en pr\u00e9sentant le formulaire <strong>AA4\/8<\/strong> \u00e0 l&rsquo;<strong>Agenzia delle Entrate<\/strong>.<\/li>\n<\/ul>\n<hr \/>\n<h4><strong>3 &#8211; CODE FISCAL POUR LES ACHATS IMMOBILIERS OU LES ACTIVIT\u00c9S COMMERCIALES<\/strong><\/h4>\n<p>Toute personne souhaitant acheter un bien immobilier ou exercer une activit\u00e9 \u00e9conomique en Italie peut d\u00e9l\u00e9guer un repr\u00e9sentant pour faire la demande du code fiscal aupr\u00e8s de l&rsquo;<strong>Agenzia delle Entrate<\/strong>.<\/p>\n<hr \/>\n<h4><strong>4 &#8211; CODE FISCAL POUR LES \u00c9TRANGERS R\u00c9SIDANT EN ITALIE<\/strong><\/h4>\n<ul>\n<li><strong>Citoyens extra-UE<\/strong> :\n<ul>\n<li>Pour un s\u00e9jour li\u00e9 au travail ou au regroupement familial \u2192 le code fiscal est d\u00e9livr\u00e9 par le <strong>Sportello Unico per l\u2019Immigrazione<\/strong> (Pr\u00e9fecture).<\/li>\n<li>Pour d\u2019autres types de permis de s\u00e9jour \u2192 le code fiscal est d\u00e9livr\u00e9 par la <strong>Questura<\/strong>.<\/li>\n<\/ul>\n<\/li>\n<li><strong>Citoyens de l\u2019UE<\/strong> : ils doivent faire la demande aupr\u00e8s de l&rsquo;<strong>Agenzia delle Entrate<\/strong> avec le formulaire <strong>AA4\/8<\/strong>, en pr\u00e9sentant un passeport ou une carte d\u2019identit\u00e9 en cours de validit\u00e9.<\/li>\n<\/ul>\n<hr \/>\n<h4><strong>5 &#8211; COMMENT LE DEMANDER ?<\/strong><\/h4>\n<p>Un citoyen \u00e9tranger <strong>non r\u00e9sident<\/strong> en Italie peut d\u00e9l\u00e9guer une personne pour soumettre la demande de code fiscal directement aupr\u00e8s des bureaux de l&rsquo;<strong>Agenzia delle Entrate<\/strong> en Italie, conform\u00e9ment \u00e0 l\u2019article 1 du d\u00e9cret minist\u00e9riel du 17 mai 2001, n\u00b0 281.<\/p>\n<p>Les adresses des bureaux de l&rsquo;<strong>Agenzia delle Entrate<\/strong> sont disponibles sur le site internet <a href=\"https:\/\/www.agenziaentrate.it\/\">www.agenziaentrate.it<\/a>.<\/p>\n<p>Les citoyens \u00e9trangers peuvent \u00e9galement demander le code fiscal aupr\u00e8s du <strong>Consulat italien<\/strong> de leur pays de r\u00e9sidence, <strong>uniquement<\/strong> s\u2019ils en ont besoin pour des d\u00e9marches en ligne et <strong>ne peuvent pas<\/strong> d\u00e9l\u00e9guer une autre personne pour en faire la demande aupr\u00e8s de l&rsquo;<strong>Agenzia delle Entrate<\/strong>. Dans ce cas, le Consulat transmettra la demande \u00e0 l&rsquo;<strong>Agenzia delle Entrate<\/strong> en Italie.<\/p>\n<hr \/>\n<h3><strong>TYPE DE DEMANDE :<\/strong><\/h3>\n<p>Si vous souhaitez recevoir la carte et\/ou un certificat d\u2019attribution du code fiscal \u00e0 domicile, la demande doit \u00eatre envoy\u00e9e <strong>par courrier<\/strong> au <strong>Consulat G\u00e9n\u00e9ral d\u2019Italie \u00e0 Metz<\/strong> ou au <strong>Bureau Consulaire d\u2019Italie \u00e0 Mulhouse<\/strong>.<\/p>\n<h4><strong>\u00c0 JOINDRE \u00c0 LA DEMANDE :<\/strong><\/h4>\n<p>\u2705 <strong>2 enveloppes timbr\u00e9es<\/strong> avec votre adresse<br \/>\n\u2705 <strong>Une copie d\u2019un document d\u2019identit\u00e9<\/strong> en cours de validit\u00e9<br \/>\n\u2705 <strong>Le formulaire de demande<\/strong> (disponible sur la page \u25ba<a href=\"https:\/\/consmetz.esteri.it\/it\/servizi-consolari-e-visti\/servizi-per-il-cittadino-italiano\/modulistica-per-i-cittadini-italiani\/\" target=\"_blank\" rel=\"noopener\"><strong>Modulistica<\/strong><\/a>)<\/p>\n<hr \/>\n<h4><strong>POUR LES D\u00c9PARTEMENTS n\u00b0 90 (Territoire de Belfort) et 68 (Haut-Rhin) :<\/strong><\/h4>\n<p>Les demandes doivent \u00eatre envoy\u00e9es <strong>par courrier<\/strong> \u00e0 :<\/p>\n<p>\ud83d\udccd <strong>Sportello Consolare d\u2019Italia<\/strong><br \/>\n33 Grand\u2019Rue, 68100 Mulhouse<\/p>\n<hr \/>\n<h4><strong>POUR TOUS LES AUTRES D\u00c9PARTEMENTS<\/strong> de la circonscription consulaire de <strong>Metz<\/strong><\/h4>\n<p>(08 &#8211; Ardennes, 10 &#8211; Aube, 51 &#8211; Marne, 52 &#8211; Haute-Marne, 54 &#8211; Meurthe-et-Moselle, 55 &#8211; Meuse, 57 &#8211; Moselle, 67 &#8211; Bas-Rhin, 68 &#8211; Haut-Rhin, 88 &#8211; Vosges, 90 &#8211; Territoire de Belfort) :<br \/>\nLes demandes doivent \u00eatre envoy\u00e9es <strong>par courrier<\/strong> \u00e0 :<\/p>\n<p>\ud83d\udccd <strong>Consolato Generale d\u2019Italia<\/strong><br \/>\n<strong>Ufficio Sociale<\/strong><br \/>\n7, Boulevard G. Clemenceau<br \/>\n57000 Metz<\/p>\n","protected":false},"excerpt":{"rendered":"Qu\u2019est-ce que c\u2019est Code fiscal pour les \u00e9tudiants \u00e9trangers Code fiscal pour les achats immobiliers ou les activit\u00e9s commerciales Code fiscal pour les \u00e9trangers r\u00e9sidant en Italie Comment le demander 1 &#8211; QU\u2019EST-CE QUE C\u2019EST ? Le code fiscal est un code alphanum\u00e9rique d\u00e9livr\u00e9 par l&rsquo;Agenzia delle Entrate pour identifier un citoyen (italien ou \u00e9tranger) [&hellip;]","protected":false},"author":9,"featured_media":0,"parent":120,"menu_order":15,"comment_status":"closed","ping_status":"closed","template":"","meta":{"footnotes":""},"class_list":["post-1640","page","type-page","status-publish","hentry"],"_links":{"self":[{"href":"https:\/\/consmetz.esteri.it\/fr\/wp-json\/wp\/v2\/pages\/1640","targetHints":{"allow":["GET"]}}],"collection":[{"href":"https:\/\/consmetz.esteri.it\/fr\/wp-json\/wp\/v2\/pages"}],"about":[{"href":"https:\/\/consmetz.esteri.it\/fr\/wp-json\/wp\/v2\/types\/page"}],"author":[{"embeddable":true,"href":"https:\/\/consmetz.esteri.it\/fr\/wp-json\/wp\/v2\/users\/9"}],"replies":[{"embeddable":true,"href":"https:\/\/consmetz.esteri.it\/fr\/wp-json\/wp\/v2\/comments?post=1640"}],"version-history":[{"count":2,"href":"https:\/\/consmetz.esteri.it\/fr\/wp-json\/wp\/v2\/pages\/1640\/revisions"}],"predecessor-version":[{"id":4916,"href":"https:\/\/consmetz.esteri.it\/fr\/wp-json\/wp\/v2\/pages\/1640\/revisions\/4916"}],"up":[{"embeddable":true,"href":"https:\/\/consmetz.esteri.it\/fr\/wp-json\/wp\/v2\/pages\/120"}],"wp:attachment":[{"href":"https:\/\/consmetz.esteri.it\/fr\/wp-json\/wp\/v2\/media?parent=1640"}],"curies":[{"name":"wp","href":"https:\/\/api.w.org\/{rel}","templated":true}]}}