{"id":1665,"date":"2023-09-29T17:52:52","date_gmt":"2023-09-29T15:52:52","guid":{"rendered":"https:\/\/consmetz.esteri.it\/nascita\/"},"modified":"2026-01-06T13:08:09","modified_gmt":"2026-01-06T12:08:09","slug":"nascita","status":"publish","type":"page","link":"https:\/\/consmetz.esteri.it\/fr\/servizi-consolari-e-visti\/servizi-per-il-cittadino-italiano\/stato-civile-etat-civil\/nascita\/","title":{"rendered":"Naissances"},"content":{"rendered":"<p data-start=\"99\" data-end=\"132\"><strong>Transcription de la naissance survenue \u00e0 l&rsquo;\u00e9tranger<\/strong><\/p>\n<p class=\"\" data-start=\"134\" data-end=\"254\">Pour que la nationalit\u00e9 italienne soit reconnue, <strong data-start=\"183\" data-end=\"230\">la naissance doit \u00eatre transcrite en Italie<\/strong> (art. 15 DPR 396\/2000).<\/p>\n<p data-start=\"40\" data-end=\"319\">\u00c0 la suite de la r\u00e9forme de la loi sur la citoyennet\u00e9 (<a href=\"https:\/\/www.gazzettaufficiale.it\/eli\/id\/2025\/05\/23\/25G00082\/SG\" target=\"_blank\" rel=\"noopener\">D\u00e9cret-loi n\u00b0 36\/2025<\/a>), <strong>la citoyennet\u00e9 italienne n\u2019est plus transmise automatiquement aux enfants n\u00e9s \u00e0 l\u2019\u00e9tranger de parents italiens<\/strong>. Des conditions sp\u00e9cifiques doivent d\u00e9sormais \u00eatre remplies et v\u00e9rifi\u00e9es par le Consulat.<\/p>\n<p data-start=\"321\" data-end=\"499\">\ud83d\udd0d La transmission de l\u2019acte de naissance est devenue une v\u00e9ritable proc\u00e9dure de reconstitution de la citoyennet\u00e9, qui demande plus de temps et de documents de la part du parent.<\/p>\n<p data-start=\"501\" data-end=\"745\"><span style=\"text-decoration: underline;\"><strong>Dans les cas les plus simples, le d\u00e9lai de traitement est d\u2019environ 30 jours<\/strong><\/span>. Les dossiers plus complexes peuvent n\u00e9cessiter davantage de temps, en raison de doutes d\u2019interpr\u00e9tation concernant la nouvelle l\u00e9gislation, en vigueur depuis fin mai.<\/p>\n<p data-start=\"747\" data-end=\"875\"><strong>Le passeport ou la carte d\u2019identit\u00e9 ne seront d\u00e9livr\u00e9s qu\u2019apr\u00e8s la conclusion de la proc\u00e9dure<\/strong> de v\u00e9rification de la citoyennet\u00e9.<\/p>\n<p data-start=\"877\" data-end=\"1057\" data-is-last-node=\"\" data-is-only-node=\"\">I<span style=\"text-decoration: underline;\"><strong>l est donc fortement conseill\u00e9 de NE PAS r\u00e9server de voyages<\/strong><\/span> avant d\u2019avoir re\u00e7u la confirmation de la transmission de l\u2019acte de naissance en Italie et la d\u00e9livrance des documents.<\/p>\n<hr \/>\n<p>&nbsp;<\/p>\n<h3 class=\"\" data-start=\"635\" data-end=\"684\">Comment pr\u00e9senter la demande de transcription<\/h3>\n<p class=\"\" data-start=\"686\" data-end=\"717\">La demande peut \u00eatre adress\u00e9e \u00e0\u00a0ce <strong data-start=\"805\" data-end=\"841\">Consulat G\u00e9n\u00e9ral d\u2019Italie \u00e0 Metz<\/strong> par voie postale.<\/p>\n<p class=\"\" data-start=\"843\" data-end=\"964\">\ud83d\udcec La documentation doit \u00eatre envoy\u00e9e <strong data-start=\"881\" data-end=\"910\">par courrier, en original<\/strong> (aucun rendez-vous n\u00e9cessaire) \u00e0 l\u2019adresse suivante :<\/p>\n<p class=\"\" data-start=\"966\" data-end=\"1066\"><strong data-start=\"966\" data-end=\"1027\">Consulat G\u00e9n\u00e9ral d\u2019Italie \u00e0 Metz \u2013 Bureau de l\u2019\u00e9tat civil<\/strong><br data-start=\"1027\" data-end=\"1030\" \/>7 BD Georges Clemenceau<br data-start=\"1053\" data-end=\"1056\" \/>57000 Metz<\/p>\n<hr class=\"\" data-start=\"100\" data-end=\"103\" \/>\n<h3 data-start=\"58\" data-end=\"158\"><strong data-start=\"58\" data-end=\"156\">\ud83d\udcd1<\/strong>1. Documents \u00e0 transmettre TOUJOURS pour toute demande de transcription d\u2019un acte de naissance (ces documents <span style=\"text-decoration: underline;\">ne sont pas<\/span> d\u00e9livr\u00e9s par le Consulat)<\/h3>\n<ul data-start=\"159\" data-end=\"1369\">\n<li data-start=\"159\" data-end=\"273\">\n<p data-start=\"161\" data-end=\"273\"><strong>formulaire de demande de transcription<\/strong> de naissance d\u00fbment rempli et sign\u00e9 par les deux parents (\u25ba<strong><a href=\"https:\/\/consmetz.esteri.it\/fr\/servizi-consolari-e-visti\/servizi-per-il-cittadino-italiano\/modulistica-per-i-cittadini-italiani\/\" target=\"_blank\" rel=\"noopener\">Modulistica<\/a><\/strong>)<\/p>\n<\/li>\n<li data-start=\"274\" data-end=\"336\">\n<p data-start=\"276\" data-end=\"336\"><strong>justificatif de domicile r\u00e9cent<\/strong> au nom de l\u2019un des parents<\/p>\n<\/li>\n<li data-start=\"337\" data-end=\"547\">\n<p data-start=\"339\" data-end=\"547\"><strong data-start=\"339\" data-end=\"381\">\u00ab certificat historique de r\u00e9sidence \u00bb<\/strong> du parent italien (ou des deux parents si tous deux sont citoyens italiens), d\u00e9livr\u00e9 par la commune italienne aupr\u00e8s de laquelle il(s) est\/sont inscrit(s) \u00e0 l\u2019AIRE. Attention : ce certificat DOIT \u00eatre d\u00e9livr\u00e9 avec une vignette italienne (\u00ab marca da bollo \u00bb)<\/p>\n<\/li>\n<li data-start=\"548\" data-end=\"1078\">\n<p data-start=\"550\" data-end=\"1078\"><strong data-start=\"605\" data-end=\"644\">certificat de citoyennet\u00e9 italienne<\/strong> du parent italien (ou des deux parents, si tous deux sont citoyens italiens), d\u00e9livr\u00e9 par la commune italienne aupr\u00e8s de laquelle il(s) est\/sont inscrit(s) \u00e0 l\u2019AIRE, avec indication de la date d\u2019acquisition de la citoyennet\u00e9,<br data-start=\"870\" data-end=\"873\" \/>ou <strong data-start=\"878\" data-end=\"912\">extrait de l\u2019acte de naissance<\/strong> du parent italien avec mention de l\u2019acquisition de la citoyennet\u00e9 italienne, d\u00e9livr\u00e9 par la commune italienne aupr\u00e8s de laquelle il(s) est\/sont inscrit(s) \u00e0 l\u2019AIRE<\/p>\n<\/li>\n<li data-start=\"1079\" data-end=\"1184\">\n<p data-start=\"1081\" data-end=\"1184\"><strong data-start=\"1081\" data-end=\"1136\">extrait plurilingue de l\u2019acte de naissance original de l&rsquo;enfant<\/strong>, sur formulaire international (\u00ab Formule A \u00bb)<\/p>\n<\/li>\n<li data-start=\"1185\" data-end=\"1369\">\n<p data-start=\"1187\" data-end=\"1369\"><strong data-start=\"1187\" data-end=\"1242\">copie des pi\u00e8ces d\u2019identit\u00e9 recto\/verso des parents<\/strong> (si un parent poss\u00e8de plusieurs nationalit\u00e9s, fournir <span style=\"text-decoration: underline;\"><strong data-start=\"1297\" data-end=\"1307\">toutes<\/strong><\/span> les pi\u00e8ces d\u2019identit\u00e9 d\u00e9tenues, italiennes et non italiennes)<\/p>\n<\/li>\n<\/ul>\n<p data-start=\"1371\" data-end=\"1457\">\u26a0\ufe0f Des documents compl\u00e9mentaires peuvent \u00eatre demand\u00e9s par nos services, selon le cas.<\/p>\n<p data-start=\"1371\" data-end=\"1457\"><a href=\"https:\/\/consmetz.esteri.it\/wp-content\/uploads\/2026\/01\/DIAGRAMMA-CITTADINANZA-NASCITA-FRA.pdf\" target=\"_blank\" rel=\"noopener\"><img loading=\"lazy\" decoding=\"async\" class=\"img-fluid alignnone wp-image-5400 \" src=\"https:\/\/consmetz.esteri.it\/wp-content\/uploads\/2025\/07\/schema-cittadinanza-img-link-FR.jpg\" alt=\"\" width=\"476\" height=\"268\" srcset=\"https:\/\/consmetz.esteri.it\/wp-content\/uploads\/2025\/07\/schema-cittadinanza-img-link-FR.jpg 1920w, https:\/\/consmetz.esteri.it\/wp-content\/uploads\/2025\/07\/schema-cittadinanza-img-link-FR-300x169.jpg 300w, https:\/\/consmetz.esteri.it\/wp-content\/uploads\/2025\/07\/schema-cittadinanza-img-link-FR-1024x576.jpg 1024w, https:\/\/consmetz.esteri.it\/wp-content\/uploads\/2025\/07\/schema-cittadinanza-img-link-FR-768x432.jpg 768w\" sizes=\"auto, (max-width: 476px) 100vw, 476px\" \/><\/a><\/p>\n<hr \/>\n<h3 class=\"\" data-start=\"105\" data-end=\"135\">\ud83d\udcd12. Documents \u00e0 transmettre selon le cas (parents mari\u00e9s, pas mari\u00e9s&#8230;)<\/h3>\n<p class=\"\" data-start=\"137\" data-end=\"216\">\u26a0\ufe0f <strong data-start=\"140\" data-end=\"214\">ATTENTION : L\u2019ACTE DE NAISSANCE \u00c0 PR\u00c9SENTER DIFF\u00c8RE SELON LA SITUATION<\/strong> :<\/p>\n<h4 class=\"\" data-start=\"218\" data-end=\"265\">\u27a4 EN CAS D\u2019<strong data-start=\"234\" data-end=\"263\">ENFANT N\u00c9 DANS LE MARIAGE<\/strong><\/h4>\n<p>Les documents \u00e9num\u00e9r\u00e9s au point 1 (\u00ab Documents \u00e0 transmettre toujours \u00bb) sont suffisants.<\/p>\n<hr class=\"\" data-start=\"637\" data-end=\"640\" \/>\n<h4 class=\"\" data-start=\"642\" data-end=\"748\">\u27a4 EN CAS D\u2019<strong data-start=\"658\" data-end=\"684\">ENFANT N\u00c9 HORS MARIAGE<\/strong>, les documents \u00e0 pr\u00e9senter <strong data-start=\"712\" data-end=\"746\">varient selon les cas suivants<\/strong> :<\/h4>\n<h5 class=\"\" data-start=\"750\" data-end=\"861\">\ud83d\udccc <strong data-start=\"759\" data-end=\"768\">CAS 1<\/strong> \u2192 L\u2019ACTE DE NAISSANCE INT\u00c9GRAL INDIQUE QUE L\u2019ENFANT EST RECONNU PAR LE P\u00c8RE <strong data-start=\"845\" data-end=\"851\">ET<\/strong> LA M\u00c8RE<\/h5>\n<p class=\"\" data-start=\"862\" data-end=\"884\">Envoyer par courrier \u00e9num\u00e9r\u00e9s au point 1 (\u00ab Documents \u00e0 transmettre toujours \u00bb) et en plus:<\/p>\n<ul data-start=\"885\" data-end=\"1386\">\n<li class=\"\" data-start=\"1095\" data-end=\"1138\">\n<p class=\"\" data-start=\"1097\" data-end=\"1138\"><strong data-start=\"1097\" data-end=\"1136\">acte de naissance int\u00e9gral original<\/strong><\/p>\n<\/li>\n<li class=\"\" data-start=\"1139\" data-end=\"1247\">\n<p class=\"\" data-start=\"1141\" data-end=\"1247\"><strong data-start=\"1141\" data-end=\"1178\">traduction asserment\u00e9e en italien<\/strong> de l\u2019acte de naissance (original) \u25ba<a href=\"https:\/\/consmetz.esteri.it\/fr\/servizi-consolari-e-visti\/servizi-per-il-cittadino-straniero\/traduzione-e-legalizzazione-dei-documenti\/\" target=\"_blank\" rel=\"noopener\">voir liste de traducteurs fr&gt;it<\/a><\/p>\n<\/li>\n<li class=\"\" data-start=\"1248\" data-end=\"1386\">\n<p class=\"\" data-start=\"1250\" data-end=\"1386\">(uniquement si un acte de <strong data-start=\"1276\" data-end=\"1327\">pr\u00e9-reconnaissance ou de reconnaissance s\u00e9par\u00e9e<\/strong> a \u00e9t\u00e9 \u00e9tabli) cet acte, avec <strong data-start=\"1357\" data-end=\"1386\">sa traduction asserment\u00e9e<br \/>\n<\/strong><\/p>\n<\/li>\n<\/ul>\n<h5 class=\"\" data-start=\"1393\" data-end=\"1522\">\ud83d\udccc <strong data-start=\"1402\" data-end=\"1411\">CAS 2<\/strong> \u2192 L\u2019ACTE DE NAISSANCE INT\u00c9GRAL INDIQUE QUE L\u2019ENFANT EST RECONNU PAR LE P\u00c8RE SEULEMENT (la m\u00e8re est pr\u00e9sum\u00e9e)<\/h5>\n<p class=\"\" data-start=\"1523\" data-end=\"1715\">Dans ce cas, <strong data-start=\"1536\" data-end=\"1571\">conform\u00e9ment \u00e0 la loi italienne<\/strong>, il faudra \u00e9tablir un acte de <strong data-start=\"1602\" data-end=\"1631\">reconnaissance maternelle<\/strong> pour permettre l\u2019enregistrement de la naissance en Italie.<br data-start=\"1690\" data-end=\"1693\" \/>Envoyer par courrier \u00e9num\u00e9r\u00e9s au point 1 (\u00ab Documents \u00e0 transmettre toujours \u00bb) et en plus:<\/p>\n<ul data-start=\"1716\" data-end=\"2314\">\n<li class=\"\" data-start=\"1926\" data-end=\"1969\">\n<p class=\"\" data-start=\"1928\" data-end=\"1969\"><strong data-start=\"1928\" data-end=\"1967\">acte de naissance int\u00e9gral original<\/strong><\/p>\n<\/li>\n<li class=\"\" data-start=\"1970\" data-end=\"2034\">\n<p class=\"\" data-start=\"1972\" data-end=\"2034\"><strong data-start=\"1972\" data-end=\"2009\">traduction asserment\u00e9e en italien<\/strong> de l\u2019acte de naissance<\/p>\n<\/li>\n<li class=\"\" data-start=\"1970\" data-end=\"2034\">\n<p class=\"\" data-start=\"1972\" data-end=\"2034\"><strong>preuve du paiement de 40 \u20ac<\/strong> (pour l&rsquo;acte de reconnaissance) sur le compte du Consulat G\u00e9n\u00e9ral d&rsquo;Italie \u00e0 Metz:<br data-start=\"2191\" data-end=\"2194\" \/><strong data-start=\"2196\" data-end=\"2204\">IBAN<\/strong>: FR76 3008 7333 0000 0246 6500 569<br data-start=\"2239\" data-end=\"2242\" \/><strong data-start=\"2244\" data-end=\"2251\">BIC<\/strong>: CMCIFRPP<br data-start=\"2261\" data-end=\"2264\" \/>\u27a4 motif du virement: nom, pr\u00e9nom de l&rsquo;enfant + \u201creconnaissance\u201d<\/p>\n<p>En cas de doute, veuillez envoyer une copie de l\u2019acte de naissance int\u00e9gral \u00e0 : <a href=\"mailto:consmetz.nascite@esteri.it\"><strong data-start=\"2409\" data-end=\"2439\">consmetz.nascite@esteri.it<\/strong><\/a>.\u00a0Nous vous indiquerons le cas applicable pour permettre l\u2019enregistrement correct de la naissance.<\/li>\n<\/ul>\n<hr class=\"\" data-start=\"2528\" data-end=\"2531\" \/>\n<h3 class=\"\" data-start=\"2533\" data-end=\"2583\">ATTRIBUTION DU NOM AUX ENFANTS N\u00c9S EN FRANCE :<\/h3>\n<p class=\"\" data-start=\"2585\" data-end=\"2743\">Selon la l\u00e9gislation fran\u00e7aise, la virgule entre les pr\u00e9noms a <strong data-start=\"2648\" data-end=\"2679\">la m\u00eame valeur qu\u2019un espace<\/strong> : elle sert uniquement \u00e0 <strong data-start=\"2705\" data-end=\"2742\">distinguer les \u00e9l\u00e9ments du pr\u00e9nom<\/strong>.<\/p>\n<p class=\"\" data-start=\"2745\" data-end=\"2991\">Par cons\u00e9quent, si l\u2019acte de naissance fran\u00e7ais comporte plusieurs pr\u00e9noms, m\u00eame s\u00e9par\u00e9s par une virgule, la demande de transcription et d\u2019inscription \u00e0 l\u2019AIRE sera envoy\u00e9e \u00e0 la commune italienne <strong data-start=\"2941\" data-end=\"2990\">avec tous les pr\u00e9noms, mais sans les virgules<\/strong>.<\/p>\n<p class=\"\" data-start=\"2993\" data-end=\"3160\">\ud83d\udccc Les parents souhaitant donner \u00e0 leur enfant <strong data-start=\"3040\" data-end=\"3058\">un seul pr\u00e9nom<\/strong> doivent en informer l\u2019officier de l\u2019\u00e9tat civil fran\u00e7ais <strong data-start=\"3115\" data-end=\"3159\">au moment de la d\u00e9claration de naissance<\/strong>.<\/p>\n<hr \/>\n<p>\ud83d\udcb3 <strong>PAIEMENTS<\/strong><\/p>\n<p>Certaines demandes de transcriptions de naissance demandent le paiement d&rsquo;une taxe ou contribution.<\/p>\n<p>Merci de ne pas anticiper ce virement, si n\u00e9cessaire il vous sera demand\u00e9 par nos services.<\/p>\n","protected":false},"excerpt":{"rendered":"Transcription de la naissance survenue \u00e0 l&rsquo;\u00e9tranger Pour que la nationalit\u00e9 italienne soit reconnue, la naissance doit \u00eatre transcrite en Italie (art. 15 DPR 396\/2000). \u00c0 la suite de la r\u00e9forme de la loi sur la citoyennet\u00e9 (D\u00e9cret-loi n\u00b0 36\/2025), la citoyennet\u00e9 italienne n\u2019est plus transmise automatiquement aux enfants n\u00e9s \u00e0 l\u2019\u00e9tranger de parents italiens. [&hellip;]","protected":false},"author":9,"featured_media":0,"parent":1702,"menu_order":5,"comment_status":"closed","ping_status":"closed","template":"","meta":{"footnotes":""},"class_list":["post-1665","page","type-page","status-publish","hentry"],"_links":{"self":[{"href":"https:\/\/consmetz.esteri.it\/fr\/wp-json\/wp\/v2\/pages\/1665","targetHints":{"allow":["GET"]}}],"collection":[{"href":"https:\/\/consmetz.esteri.it\/fr\/wp-json\/wp\/v2\/pages"}],"about":[{"href":"https:\/\/consmetz.esteri.it\/fr\/wp-json\/wp\/v2\/types\/page"}],"author":[{"embeddable":true,"href":"https:\/\/consmetz.esteri.it\/fr\/wp-json\/wp\/v2\/users\/9"}],"replies":[{"embeddable":true,"href":"https:\/\/consmetz.esteri.it\/fr\/wp-json\/wp\/v2\/comments?post=1665"}],"version-history":[{"count":7,"href":"https:\/\/consmetz.esteri.it\/fr\/wp-json\/wp\/v2\/pages\/1665\/revisions"}],"predecessor-version":[{"id":6967,"href":"https:\/\/consmetz.esteri.it\/fr\/wp-json\/wp\/v2\/pages\/1665\/revisions\/6967"}],"up":[{"embeddable":true,"href":"https:\/\/consmetz.esteri.it\/fr\/wp-json\/wp\/v2\/pages\/1702"}],"wp:attachment":[{"href":"https:\/\/consmetz.esteri.it\/fr\/wp-json\/wp\/v2\/media?parent=1665"}],"curies":[{"name":"wp","href":"https:\/\/api.w.org\/{rel}","templated":true}]}}