{"id":1674,"date":"2023-09-29T17:55:26","date_gmt":"2023-09-29T15:55:26","guid":{"rendered":"https:\/\/consmetz.esteri.it\/patto-civile-di-solidarieta-pacs\/"},"modified":"2026-01-28T12:53:10","modified_gmt":"2026-01-28T11:53:10","slug":"patto-civile-di-solidarieta-pacs","status":"publish","type":"page","link":"https:\/\/consmetz.esteri.it\/fr\/servizi-consolari-e-visti\/servizi-per-il-cittadino-italiano\/stato-civile-etat-civil\/patto-civile-di-solidarieta-pacs\/","title":{"rendered":"Patto Civile di Solidariet\u00e0 (PACS)"},"content":{"rendered":"<p>Les citoyens italiens qui souhaitent conclure en France un Pacte Civil de Solidarit\u00e9 (PACS) doivent, en priorit\u00e9, prendre contact avec le Tribunal ou la Commune (Mairie) fran\u00e7aise afin de v\u00e9rifier les conditions et les documents requis et de fixer la date de la signature.<\/p>\n<p>Il est pr\u00e9cis\u00e9 que le Pacte Civil de Solidarit\u00e9 (PACS) n\u2019est assimilable \u00e0 aucun institut pr\u00e9vu par l\u2019ordre juridique italien et, par cons\u00e9quent, ne produit AUCUN effet juridique en Italie.<\/p>\n<p><strong>Le document requis pour le PACS d\u00e9livr\u00e9 par ce Consulat est le <span style=\"text-decoration: underline;\">Certificat de l\u00e9gislation et coutume.<\/span><\/strong><\/p>\n<p><strong>Dans certains cas, un Certificat de c\u00e9libat peut \u00e9galement \u00eatre exig\u00e9.<\/strong><\/p>\n<p>La d\u00e9livrance des certificats susmentionn\u00e9s doit \u00eatre demand\u00e9e par une demande envoy\u00e9e par courrier au bureau de l\u2019\u00c9tat civil du Consulat d\u2019Italie \u00e0 Metz (voir le site <a href=\"https:\/\/serviziconsolari.esteri.it\/ScoFE\/services\/service-info.sco?serviceId=50\" target=\"_blank\" rel=\"noopener\"><strong>Fast-it<\/strong><\/a> afin d\u2019identifier le Consulat comp\u00e9tent selon la r\u00e9sidence). <b>Le Certificat de c\u00e9libat peut \u00eatre d\u00e9livr\u00e9 par ce Consulat G\u00e9n\u00e9ral exclusivement aux citoyens italiens inscrits \u00e0 l\u2019AIRE et r\u00e9sidant dans cette circonscription consulaire.<\/b><\/p>\n<p><span style=\"text-decoration: underline;\">DOCUMENTS \u00c0 JOINDRE \u00c0 LA DEMANDE :<\/span><\/p>\n<ul>\n<li><b>D\u00e9claration d\u2019\u00e9tat civil<\/b> pour le PACS, d\u00fbment remplie et sign\u00e9e (\u25baVoir la section <a href=\"https:\/\/consmetz.esteri.it\/fr\/servizi-consolari-e-visti\/servizi-per-il-cittadino-italiano\/modulistica-per-i-cittadini-italiani\/\" target=\"_blank\" rel=\"noopener\"><strong>Modulistica<\/strong><\/a>) ;<\/li>\n<li><strong><em>Original de l\u2019extrait de l\u2019acte de naissance<\/em>, \u00e9tabli sur formulaire europ\u00e9en plurilingue (\u00ab Mod\u00e8le \u00bb ou \u00ab Formule A \u00bb<\/strong>), comportant le cas \u00e9ch\u00e9ant les mentions marginales, d\u00e9livr\u00e9 par la commune de naissance ou de transcription (dat\u00e9 de moins de 3 mois). \u26a0\ufe0f Attention : les actes originaux ne sont pas restitu\u00e9s ; il est donc conseill\u00e9 d\u2019en demander plusieurs copies ;<\/li>\n<li><strong>copie des documents d\u2019identit\u00e9<\/strong> recto\/verso des deux parties au PACS ;<\/li>\n<li>re\u00e7u du <strong>virement bancaire<\/strong> effectu\u00e9 (en cas d\u2019urgence, choisir le virement de type \u00ab instantan\u00e9 \u00bb lors du paiement) <strong>IBAN : FR76 3008 7333 0000 0246 6500 569 \u2013 BIC : CMCIFRPP<\/strong> Les droits consulaires s\u2019\u00e9l\u00e8vent \u00e0 66,00 \u20ac pour le Certificat de l\u00e9gislation et coutume et \u00e0 6,00 \u20ac pour le Certificat de c\u00e9libat (en cas de demande des deux certificats, un seul virement de 72,00 \u20ac peut \u00eatre effectu\u00e9). Indiquer dans le motif du virement : nom et pr\u00e9nom du demandeur ainsi que le certificat demand\u00e9 ;<\/li>\n<li><strong>justificatif de domicile<\/strong> r\u00e9cent ;<\/li>\n<li><strong>demande d\u2019envoi postal<\/strong> du certificat d\u2019\u00c9tat civil (\u25baVoir la section <a href=\"https:\/\/consmetz.esteri.it\/fr\/servizi-consolari-e-visti\/servizi-per-il-cittadino-italiano\/modulistica-per-i-cittadini-italiani\/\" target=\"_blank\" rel=\"noopener\"><strong>Modulistica<\/strong><\/a>) ;<\/li>\n<li><strong>une enveloppe pr\u00e9affranchie<\/strong> pour <strong>\u00ab Lettre Service Plus \u00bb<\/strong>, d\u2019un poids de <strong>50 grammes<\/strong>, pour l\u2019envoi du\/des certificat(s). Veuillez inscrire votre nom et votre adresse en lettres capitales dans l\u2019espace r\u00e9serv\u00e9 au destinataire, tels qu\u2019ils figurent sur la bo\u00eete aux lettres.<\/li>\n<\/ul>\n<p><span style=\"text-decoration: underline;\">\u25baATTENTION<\/span> : Si votre adresse de r\u00e9sidence a chang\u00e9, nous vous prions de proc\u00e9der <strong><a href=\"https:\/\/consmetz.esteri.it\/fr\/servizi-consolari-e-visti\/servizi-per-il-cittadino-italiano\/a-i-r-e-anagrafe-degli-italiani-allestero\/iscrizione-aire-modifica-o-trasferimento-della-residenza\/\" target=\"_blank\" rel=\"noopener\">\u00e0 la mise \u00e0 jour AIRE<\/a><\/strong> <span style=\"text-decoration: underline;\">AVANT<\/span> d\u2019envoyer la demande.<\/p>\n","protected":false},"excerpt":{"rendered":"Les citoyens italiens qui souhaitent conclure en France un Pacte Civil de Solidarit\u00e9 (PACS) doivent, en priorit\u00e9, prendre contact avec le Tribunal ou la Commune (Mairie) fran\u00e7aise afin de v\u00e9rifier les conditions et les documents requis et de fixer la date de la signature. Il est pr\u00e9cis\u00e9 que le Pacte Civil de Solidarit\u00e9 (PACS) n\u2019est [&hellip;]","protected":false},"author":9,"featured_media":0,"parent":1702,"menu_order":15,"comment_status":"closed","ping_status":"closed","template":"","meta":{"footnotes":""},"class_list":["post-1674","page","type-page","status-publish","hentry"],"_links":{"self":[{"href":"https:\/\/consmetz.esteri.it\/fr\/wp-json\/wp\/v2\/pages\/1674","targetHints":{"allow":["GET"]}}],"collection":[{"href":"https:\/\/consmetz.esteri.it\/fr\/wp-json\/wp\/v2\/pages"}],"about":[{"href":"https:\/\/consmetz.esteri.it\/fr\/wp-json\/wp\/v2\/types\/page"}],"author":[{"embeddable":true,"href":"https:\/\/consmetz.esteri.it\/fr\/wp-json\/wp\/v2\/users\/9"}],"replies":[{"embeddable":true,"href":"https:\/\/consmetz.esteri.it\/fr\/wp-json\/wp\/v2\/comments?post=1674"}],"version-history":[{"count":2,"href":"https:\/\/consmetz.esteri.it\/fr\/wp-json\/wp\/v2\/pages\/1674\/revisions"}],"predecessor-version":[{"id":7303,"href":"https:\/\/consmetz.esteri.it\/fr\/wp-json\/wp\/v2\/pages\/1674\/revisions\/7303"}],"up":[{"embeddable":true,"href":"https:\/\/consmetz.esteri.it\/fr\/wp-json\/wp\/v2\/pages\/1702"}],"wp:attachment":[{"href":"https:\/\/consmetz.esteri.it\/fr\/wp-json\/wp\/v2\/media?parent=1674"}],"curies":[{"name":"wp","href":"https:\/\/api.w.org\/{rel}","templated":true}]}}