{"id":1676,"date":"2023-05-15T11:54:24","date_gmt":"2023-05-15T09:54:24","guid":{"rendered":"https:\/\/consmetz.esteri.it\/servizi-consolari-e-visti\/servizi-per-il-cittadino-italiano\/a-i-r-e-anagrafe-degli-italiani-allestero\/"},"modified":"2025-08-11T12:57:55","modified_gmt":"2025-08-11T10:57:55","slug":"a-i-r-e-anagrafe-degli-italiani-allestero","status":"publish","type":"page","link":"https:\/\/consmetz.esteri.it\/fr\/servizi-consolari-e-visti\/servizi-per-il-cittadino-italiano\/a-i-r-e-anagrafe-degli-italiani-allestero\/","title":{"rendered":"Registre des italiens r\u00e9sidant \u00e0 l&rsquo;\u00e9tranger (AIRE)"},"content":{"rendered":"<p><strong>Qu\u2019est-ce que l\u2019AIRE ?<br \/>\n<\/strong>L\u2019AIRE est le registre des italiens r\u00e9sidant \u00e0 l\u2019\u00e9tranger. On peut s\u2019y inscrire directement par le site internet du Minist\u00e8re italien\u00a0:<\/p>\n<p><strong>\u25ba<\/strong><a href=\"https:\/\/serviziconsolari.esteri.it\/ScoFE\/index.sco\"><strong>https:\/\/serviziconsolarionline.esteri.it<\/strong><\/a><\/p>\n<p>&nbsp;<\/p>\n<h4 style=\"color: tomato;\">Pour obtenir plus d\u2019information et si vous avez besoin d\u2019aide, visitez la page\u00a0<strong>\u25ba<\/strong><strong>:<\/strong> <strong><a href=\"https:\/\/consmetz.esteri.it\/it\/servizi-consolari-e-visti\/servizi-per-il-cittadino-italiano\/a-i-r-e-anagrafe-degli-italiani-allestero\/iscrizione-aire-modifica-o-trasferimento-della-residenza\/\">Inscription AIRE \u2013 changement de r\u00e9sidence<\/a><\/strong><\/h4>\n<p><strong>\u00a0<\/strong><\/p>\n<p>Le registre AIRE est r\u00e9dig\u00e9 par les Communes italiennes, en se basant sur les informations communiqu\u00e9es par les repr\u00e9sentations diplomatico-consulaires italiennes \u00e0 l\u2019\u00e9tranger. Chaque consulat s\u2019occupe de sa circonscription consulaire, c\u2019est-\u00e0-dire de l\u2019ensemble des r\u00e9gions, d\u00e9partements et Communes qui se trouvent sur son territoire comp\u00e9tence.<br \/>\nL\u2019inscription AIRE est n\u00e9cessaire pour acc\u00e9der aux services consulaires (d\u00e9livrance des documents d\u2019identit\u00e9 et de voyage, certifications\u2026) et pour b\u00e9n\u00e9ficier du droit de vote \u00e0 l\u2019\u00e9tranger.<br \/>\nL\u2019inscription AIRE est obligatoire par la loi. Tous les citoyens italiens qui vivent \u00e0 l\u2019\u00e9tranger pour une p\u00e9riode sup\u00e9rieure \u00e0 1 ont l\u2019obligation, au plus tard que 90 jours apr\u00e8s leur arriv\u00e9e dans l\u2019Etat \u00e9tranger, de s\u2019inscrire au registre AIRE.<br \/>\nLe citoyen italien doit \u00e9galement informer sa Commune italienne de r\u00e9f\u00e9rence, par le biais des bureaux consulaires, de tous changements qui le regardent (\u00e9tat civil, nationalit\u00e9, adresse, r\u00e9sidence, changement de nom et pr\u00e9nom\u2026). Les m\u00eames r\u00e8gles s\u2019appliquent aux personnes ayant la double nationalit\u00e9 franco-italienne.<\/p>\n<p>Nous vous informons en outre que l\u2019inscription \u00e0 l\u2019AIRE a comme cons\u00e9quence directe la radiation du registre de la population r\u00e9sidante dans la Commune italienne de provenance et la perte de certains droits d\u2019assistance aupr\u00e8s du service sanitaire national italien. Nous vous invitons \u00e0 v\u00e9rifier que votre p\u00e9riode de permanence en France soit sup\u00e9rieure \u00e0 12 mois afin de b\u00e9n\u00e9ficier du service sanitaire fran\u00e7ais.<\/p>\n<p>&nbsp;<\/p>\n<p><strong>Qui doit s\u2019inscrire \u00e0 l\u2019AIRE\u00a0?<\/strong><\/p>\n<ul>\n<li>Les citoyens italiens qui ont transf\u00e9r\u00e9 leur r\u00e9sidence \u00e0 l\u2019\u00e9tranger pour une p\u00e9riode sup\u00e9rieure \u00e0 1 an\u00a0;<\/li>\n<li>Les personnes n\u00e9es \u00e0 l\u2019\u00e9tranger qui sont italiennes \u00e0 la naissance (Si l&rsquo;acte de naissance n&rsquo;a pas \u00e9t\u00e9 transcrit en Italie, il faut d&rsquo;abord pr\u00e9senter la demande: \u25ba<a href=\"https:\/\/consmetz.esteri.it\/it\/servizi-consolari-e-visti\/servizi-per-il-cittadino-italiano\/stato-civile-etat-civil\/nascita\/\" target=\"_blank\" rel=\"noopener\">Mineurs<\/a>\u00a0; \u25ba<a href=\"https:\/\/consmetz.esteri.it\/it\/servizi-consolari-e-visti\/servizi-per-il-cittadino-straniero\/cittadinanza\/cittadinanza-e-adozione\/\" target=\"_blank\" rel=\"noopener\">Majeurs <\/a>) ;<\/li>\n<li>Les personnes qui ont obtenu la nationalit\u00e9 italienne \u00e0 l\u2019\u00e9tranger.<\/li>\n<\/ul>\n<p>Une seule demande d\u2019inscription \u00e0 l\u2019AIRE doit \u00eatre pr\u00e9sent\u00e9e pour les conjoints et les enfants mineurs qui habitent dans le m\u00eame foyer. Le conjoint \u00e9tranger ne sera pas inscrit \u00e0 l\u2019 AIRE, mais il doit figurer dans la demande d\u2019inscription. Les autres personnes de la famille, si majeurs, doivent pr\u00e9senter une demande d\u2019inscription AIRE individuelle.<\/p>\n<p>&nbsp;<\/p>\n<p><strong>Qui ne doit pas s\u2019inscrire \u00e0 l\u2019AIRE<\/strong><\/p>\n<p>Ne doivent pas s\u2019inscrire\u00a0:<\/p>\n<ul>\n<li>Les citoyens vivant \u00e0 l\u2019\u00e9tranger pour une p\u00e9riode temporaire non sup\u00e9rieure \u00e0 12 mois\u00a0;<\/li>\n<li>Les travailleurs saisonniers\u00a0;<\/li>\n<li>Les \u00e9tudiants Erasmus\u00a0;<\/li>\n<li>Les directeurs d\u2019\u00e9cole, les enseignants et le personnel administratif en service \u00e0 l\u2019\u00e9tranger ;<\/li>\n<li>Les fonctionnaires italiens en service \u00e0 l\u2019\u00e9tranger dans le cadre des Conventions de Vienne sur les relations diplomatiques et consulaires de 1961 et de 1963\u00a0;<\/li>\n<li>Les militaires italiens en service aupr\u00e8s des sites OTAN \u00e0 l\u2019\u00e9tranger.<\/li>\n<\/ul>\n<p>&nbsp;<\/p>\n<p><strong>Mise \u00e0 jour des informations enregistr\u00e9es \u00e0 l\u2019AIRE<\/strong><\/p>\n<p>Les citoyens italiens r\u00e9sidant dans la Circonscription consulaire de Metz doivent informer nos bureaux de tous changements.<\/p>\n<p>Merci de nous communiquer dans les meilleurs d\u00e9lais\u00a0:<\/p>\n<ul>\n<li>Changement de r\u00e9sidence\u00a0;<\/li>\n<li>Changement d\u2019\u00e9tat civil (mariage, divorce, naissances, d\u00e9c\u00e8s\u2026)\u00a0;<\/li>\n<li>Rapatriement d\u00e9finitif en Italie\u00a0;<\/li>\n<li>Perte de la nationalit\u00e9 italienne ou acquisition d\u2019une deuxi\u00e8me nationalit\u00e9.<\/li>\n<\/ul>\n<p><strong>IMPORTANT<\/strong>\u00a0: Si ces informations ne sont pas \u00e0 jour, notamment l\u2019adresse, vous ne pourrez pas b\u00e9n\u00e9ficier de nos services consulaires ainsi que du droit de vote.<\/p>\n<p><strong><br \/>\nRadiation de l&rsquo; AIRE<\/strong><\/p>\n<p>Vous \u00eates radi\u00e9 de l\u2019AIRE\u00a0:<\/p>\n<ul>\n<li>Suite \u00e0 un rapatriement en Italie\u00a0;<\/li>\n<li>Suite au d\u00e9c\u00e8s\u00a0;<\/li>\n<li>Si vous n\u2019\u00eates plus joignable (nouvelle adresse non communiqu\u00e9e)\u00a0;<\/li>\n<li>Suite \u00e0 la perte de la nationalit\u00e9 italienne.<\/li>\n<\/ul>\n<p><strong>Et si je ne m\u2019inscris pas \u00e0 l\u2019AIRE\u00a0?<\/strong><\/p>\n<p>L\u2019inscription \u00e0 l\u2019AIRE se fait \u00e0 la demande de l\u2019int\u00e9ress\u00e9 qui doit en informer le bureau Consulaire comp\u00e8tent 90 jours maximum apr\u00e8s son arriv\u00e9e dans la circonscription consulaire, comme le pr\u00e9voient les lois italiennes n\u00b0 1228 du 24 d\u00e9cembre 1954 et n\u00b0470 du 27 octobre 1988. Le non-respect de l\u2019obligation de l\u2019inscription \u00e0 l\u2019AIRE a comme cons\u00e9quence des sanctions administratives p\u00e9cuniaires, selon la loi n\u00b0213 du 30 d\u00e9cembre 2023. L\u2019autorit\u00e9 comp\u00e9tente pour l\u2019application de cette loi est la Commune italienne de r\u00e9f\u00e9rence du contrevenant. La proc\u00e9dure de contr\u00f4le et de sanction suit la loi n\u00b0689 du 24 novembre 1981, selon laquelle\u00a0: \u00ab Une personne peut faire l\u2019objet d\u2019une sanction administrative en application d\u2019une loi entr\u00e9e en vigueur avant la violation\u00a0\u00bb.<\/p>\n<p><strong>\u25ba\u25ba<\/strong><strong>Pour toute demande suppl\u00e9mentaire, merci de contacter par mail le bureau AIRE\u00a0: <a href=\"mailto:aire.metz@esteri.it\">aire.metz@esteri.it<\/a><\/strong><\/p>\n<p>&nbsp;<\/p>\n<p>&nbsp;<\/p>\n<p>&nbsp;<\/p>\n","protected":false},"excerpt":{"rendered":"Qu\u2019est-ce que l\u2019AIRE ? L\u2019AIRE est le registre des italiens r\u00e9sidant \u00e0 l\u2019\u00e9tranger. On peut s\u2019y inscrire directement par le site internet du Minist\u00e8re italien\u00a0: \u25bahttps:\/\/serviziconsolarionline.esteri.it &nbsp; Pour obtenir plus d\u2019information et si vous avez besoin d\u2019aide, visitez la page\u00a0\u25ba: Inscription AIRE \u2013 changement de r\u00e9sidence \u00a0 Le registre AIRE est r\u00e9dig\u00e9 par les Communes [&hellip;]","protected":false},"author":6,"featured_media":0,"parent":119,"menu_order":5,"comment_status":"closed","ping_status":"closed","template":"","meta":{"footnotes":""},"class_list":["post-1676","page","type-page","status-publish","hentry"],"_links":{"self":[{"href":"https:\/\/consmetz.esteri.it\/fr\/wp-json\/wp\/v2\/pages\/1676","targetHints":{"allow":["GET"]}}],"collection":[{"href":"https:\/\/consmetz.esteri.it\/fr\/wp-json\/wp\/v2\/pages"}],"about":[{"href":"https:\/\/consmetz.esteri.it\/fr\/wp-json\/wp\/v2\/types\/page"}],"author":[{"embeddable":true,"href":"https:\/\/consmetz.esteri.it\/fr\/wp-json\/wp\/v2\/users\/6"}],"replies":[{"embeddable":true,"href":"https:\/\/consmetz.esteri.it\/fr\/wp-json\/wp\/v2\/comments?post=1676"}],"version-history":[{"count":4,"href":"https:\/\/consmetz.esteri.it\/fr\/wp-json\/wp\/v2\/pages\/1676\/revisions"}],"predecessor-version":[{"id":5510,"href":"https:\/\/consmetz.esteri.it\/fr\/wp-json\/wp\/v2\/pages\/1676\/revisions\/5510"}],"up":[{"embeddable":true,"href":"https:\/\/consmetz.esteri.it\/fr\/wp-json\/wp\/v2\/pages\/119"}],"wp:attachment":[{"href":"https:\/\/consmetz.esteri.it\/fr\/wp-json\/wp\/v2\/media?parent=1676"}],"curies":[{"name":"wp","href":"https:\/\/api.w.org\/{rel}","templated":true}]}}