{"id":1700,"date":"2023-09-29T18:04:39","date_gmt":"2023-09-29T16:04:39","guid":{"rendered":"https:\/\/consmetz.esteri.it\/morte\/"},"modified":"2026-01-28T12:56:34","modified_gmt":"2026-01-28T11:56:34","slug":"morte","status":"publish","type":"page","link":"https:\/\/consmetz.esteri.it\/fr\/servizi-consolari-e-visti\/servizi-per-il-cittadino-italiano\/stato-civile-etat-civil\/morte\/","title":{"rendered":"Morte"},"content":{"rendered":"<p>En cas de d\u00e9c\u00e8s \u00e0 l\u2019\u00e9tranger d\u2019un citoyen italien, les membres de la famille sont tenus d\u2019envoyer \u00e0 ce Consulat G\u00e9n\u00e9ral, avec la demande de transcription (voir la page \u25ba<a href=\"https:\/\/consmetz.esteri.it\/fr\/servizi-consolari-e-visti\/servizi-per-il-cittadino-italiano\/modulistica-per-i-cittadini-italiani\/\" target=\"_blank\" rel=\"noopener\"><strong>Modulistica<\/strong><\/a>, \u00e9tat civil), l\u2019extrait de l\u2019acte de d\u00e9c\u00e8s \u00e9tabli sur formulaire plurilingue (d\u00e9livr\u00e9 par la Mairie), Mod\u00e8le C.<\/p>\n<p>Ce Consulat G\u00e9n\u00e9ral se chargera de la transmission de l\u2019acte \u00e0 la commune italienne comp\u00e9tente.<\/p>\n","protected":false},"excerpt":{"rendered":"En cas de d\u00e9c\u00e8s \u00e0 l\u2019\u00e9tranger d\u2019un citoyen italien, les membres de la famille sont tenus d\u2019envoyer \u00e0 ce Consulat G\u00e9n\u00e9ral, avec la demande de transcription (voir la page \u25baModulistica, \u00e9tat civil), l\u2019extrait de l\u2019acte de d\u00e9c\u00e8s \u00e9tabli sur formulaire plurilingue (d\u00e9livr\u00e9 par la Mairie), Mod\u00e8le C. Ce Consulat G\u00e9n\u00e9ral se chargera de la transmission [&hellip;]","protected":false},"author":9,"featured_media":0,"parent":1702,"menu_order":35,"comment_status":"closed","ping_status":"closed","template":"","meta":{"footnotes":""},"class_list":["post-1700","page","type-page","status-publish","hentry"],"_links":{"self":[{"href":"https:\/\/consmetz.esteri.it\/fr\/wp-json\/wp\/v2\/pages\/1700","targetHints":{"allow":["GET"]}}],"collection":[{"href":"https:\/\/consmetz.esteri.it\/fr\/wp-json\/wp\/v2\/pages"}],"about":[{"href":"https:\/\/consmetz.esteri.it\/fr\/wp-json\/wp\/v2\/types\/page"}],"author":[{"embeddable":true,"href":"https:\/\/consmetz.esteri.it\/fr\/wp-json\/wp\/v2\/users\/9"}],"replies":[{"embeddable":true,"href":"https:\/\/consmetz.esteri.it\/fr\/wp-json\/wp\/v2\/comments?post=1700"}],"version-history":[{"count":2,"href":"https:\/\/consmetz.esteri.it\/fr\/wp-json\/wp\/v2\/pages\/1700\/revisions"}],"predecessor-version":[{"id":7307,"href":"https:\/\/consmetz.esteri.it\/fr\/wp-json\/wp\/v2\/pages\/1700\/revisions\/7307"}],"up":[{"embeddable":true,"href":"https:\/\/consmetz.esteri.it\/fr\/wp-json\/wp\/v2\/pages\/1702"}],"wp:attachment":[{"href":"https:\/\/consmetz.esteri.it\/fr\/wp-json\/wp\/v2\/media?parent=1700"}],"curies":[{"name":"wp","href":"https:\/\/api.w.org\/{rel}","templated":true}]}}