{"id":1702,"date":"2023-05-24T16:26:15","date_gmt":"2023-05-24T14:26:15","guid":{"rendered":"https:\/\/consmetz.esteri.it\/servizi-consolari-e-visti\/servizi-per-il-cittadino-italiano\/stato-civile-etat-civil\/"},"modified":"2025-09-25T09:26:58","modified_gmt":"2025-09-25T07:26:58","slug":"stato-civile-etat-civil","status":"publish","type":"page","link":"https:\/\/consmetz.esteri.it\/fr\/servizi-consolari-e-visti\/servizi-per-il-cittadino-italiano\/stato-civile-etat-civil\/","title":{"rendered":"Etat Civil"},"content":{"rendered":"<h3>Demandes d\u2019actes d\u2019\u00e9tat civil<\/h3>\n<p>Les extraits des actes d\u2019\u00e9tat civil (naissance, mariage et d\u00e9c\u00e8s) doivent \u00eatre demand\u00e9s directement par l\u2019int\u00e9ress\u00e9 aupr\u00e8s de la <strong>commune italienne comp\u00e9tente<\/strong>, c\u2019est-\u00e0-dire celle o\u00f9 l\u2019acte a \u00e9t\u00e9 r\u00e9dig\u00e9 ou transcrit. Vous pouvez utiliser le formulaire disponible dans la section \u25ba<a href=\"https:\/\/consmetz.esteri.it\/it\/servizi-consolari-e-visti\/servizi-per-il-cittadino-italiano\/modulistica-per-i-cittadini-italiani\/\" target=\"_blank\" rel=\"noopener\"><strong>Modulistica<\/strong><\/a><br \/>\nPour obtenir des <strong>certificats num\u00e9riques avec QR code<\/strong>, vous pouvez utiliser le service en ligne officiel de l\u2019Anagrafe Nazionale : <strong><a href=\"https:\/\/www.anagrafenazionale.interno.it\/\">ANAGRAFE NAZIONALE \u2013 Unica. Per tutti<\/a><\/strong>.<\/p>\n<hr \/>\n<h3>Livret de famille<\/h3>\n<p>Le Consulat <strong>ne d\u00e9livre pas<\/strong> de livrets de famille : ceux-ci doivent \u00eatre demand\u00e9s \u00e0 la <strong>commune italienne<\/strong>. Vous pouvez utiliser le formulaire disponible dans la section \u25ba<a href=\"https:\/\/consmetz.esteri.it\/it\/servizi-consolari-e-visti\/servizi-per-il-cittadino-italiano\/modulistica-per-i-cittadini-italiani\/\" target=\"_blank\" rel=\"noopener\"><strong>Modulistica<\/strong><\/a>.<br \/>\n<strong>Remarque :<\/strong> les ajouts (naissance des enfants) peuvent \u00eatre effectu\u00e9s par la <strong>commune fran\u00e7aise du lieu de naissance<\/strong> directement sur le livret de famille italien international.<\/p>\n<hr \/>\n<h3>Transcription en Italie d\u2019actes \u00e9tablis \u00e0 l\u2019\u00e9tranger<\/h3>\n<p>Les citoyens italiens sont tenus de <strong>d\u00e9clarer sans d\u00e9lai<\/strong> toutes les modifications de leur \u00e9tat civil survenues pendant leur s\u00e9jour \u00e0 l\u2019\u00e9tranger en pr\u00e9sentant les actes correspondants ou toute autre documentation pertinente.<\/p>\n<p>En particulier, les actes de <strong>naissance, d\u00e9c\u00e8s, mariage<\/strong> ainsi que les <strong>jugements de divorce<\/strong> \u00e9tablis \u00e0 l\u2019\u00e9tranger concernant des citoyens italiens doivent \u00eatre enregistr\u00e9s aupr\u00e8s de la <strong>commune italienne de r\u00e9sidence<\/strong> ou d\u2019<strong>inscription \u00e0 l\u2019AIRE<\/strong>. Les citoyens inscrits \u00e0 l\u2019AIRE peuvent demander la <strong>transcription<\/strong> aupr\u00e8s du <strong>consulat comp\u00e9tent<\/strong> selon leur lieu de r\u00e9sidence ou le lieu o\u00f9 l\u2019acte a \u00e9t\u00e9 \u00e9tabli.<\/p>\n<p>&nbsp;<\/p>\n<hr \/>\n<h3>Demandes de transcription<\/h3>\n<p>La demande de <strong>transcription d\u2019un acte d\u2019\u00e9tat civil<\/strong> doit \u00eatre envoy\u00e9e <strong>par courrier postal<\/strong> au <strong>Bureau d\u2019\u00e9tat civil du Consulat <\/strong>, accompagn\u00e9e de la <strong>photocopie d\u2019une pi\u00e8ce d\u2019identit\u00e9<\/strong> et de <strong>l\u2019original de l\u2019acte \u00e0 transcrire<\/strong>.<\/p>\n<p>\u25ba <strong>Formulaire de demande de transcription d\u2019actes<\/strong> : voir la page \u25ba<strong><a href=\"https:\/\/consmetz.esteri.it\/it\/servizi-consolari-e-visti\/servizi-per-il-cittadino-italiano\/modulistica-per-i-cittadini-italiani\/\" target=\"_blank\" rel=\"noopener\">Modulistica<\/a>, (stato civile)<\/strong><br \/>\n\u25ba <a href=\"https:\/\/consmetz.esteri.it\/it\/servizi-consolari-e-visti\/servizi-per-il-cittadino-straniero\/traduzione-e-legalizzazione-dei-documenti\/\" target=\"_blank\" rel=\"noopener\"><strong>Liste des traducteurs asserment\u00e9s<\/strong><\/a><\/p>\n<p>Le Consulat se chargera d\u2019envoyer \u00e0 la <strong>commune italienne<\/strong> la demande de transcription de l\u2019acte d\u2019\u00e9tat civil <strong>dans les plus brefs d\u00e9lais<\/strong>. Toutefois, en raison du grand nombre de demandes, il est possible que le traitement subisse <strong>quelques retards<\/strong>.<\/p>\n<p>\ud83d\udce7 <strong>E-mail :<\/strong> <a href=\"mailto:statocivile.metz@esteri.it\">statocivile.metz@esteri.it<\/a><\/p>\n<hr \/>\n<p>&nbsp;<\/p>\n","protected":false},"excerpt":{"rendered":"Demandes d\u2019actes d\u2019\u00e9tat civil Les extraits des actes d\u2019\u00e9tat civil (naissance, mariage et d\u00e9c\u00e8s) doivent \u00eatre demand\u00e9s directement par l\u2019int\u00e9ress\u00e9 aupr\u00e8s de la commune italienne comp\u00e9tente, c\u2019est-\u00e0-dire celle o\u00f9 l\u2019acte a \u00e9t\u00e9 r\u00e9dig\u00e9 ou transcrit. Vous pouvez utiliser le formulaire disponible dans la section \u25baModulistica Pour obtenir des certificats num\u00e9riques avec QR code, vous pouvez [&hellip;]","protected":false},"author":6,"featured_media":0,"parent":119,"menu_order":10,"comment_status":"closed","ping_status":"closed","template":"","meta":{"footnotes":""},"class_list":["post-1702","page","type-page","status-publish","hentry"],"_links":{"self":[{"href":"https:\/\/consmetz.esteri.it\/fr\/wp-json\/wp\/v2\/pages\/1702","targetHints":{"allow":["GET"]}}],"collection":[{"href":"https:\/\/consmetz.esteri.it\/fr\/wp-json\/wp\/v2\/pages"}],"about":[{"href":"https:\/\/consmetz.esteri.it\/fr\/wp-json\/wp\/v2\/types\/page"}],"author":[{"embeddable":true,"href":"https:\/\/consmetz.esteri.it\/fr\/wp-json\/wp\/v2\/users\/6"}],"replies":[{"embeddable":true,"href":"https:\/\/consmetz.esteri.it\/fr\/wp-json\/wp\/v2\/comments?post=1702"}],"version-history":[{"count":2,"href":"https:\/\/consmetz.esteri.it\/fr\/wp-json\/wp\/v2\/pages\/1702\/revisions"}],"predecessor-version":[{"id":5825,"href":"https:\/\/consmetz.esteri.it\/fr\/wp-json\/wp\/v2\/pages\/1702\/revisions\/5825"}],"up":[{"embeddable":true,"href":"https:\/\/consmetz.esteri.it\/fr\/wp-json\/wp\/v2\/pages\/119"}],"wp:attachment":[{"href":"https:\/\/consmetz.esteri.it\/fr\/wp-json\/wp\/v2\/media?parent=1702"}],"curies":[{"name":"wp","href":"https:\/\/api.w.org\/{rel}","templated":true}]}}