{"id":1772,"date":"2023-05-15T16:31:03","date_gmt":"2023-05-15T14:31:03","guid":{"rendered":"https:\/\/consmetz.esteri.it\/servizi-consolari-e-visti\/servizi-per-il-cittadino-italiano\/carte-didentita\/"},"modified":"2026-02-19T13:07:37","modified_gmt":"2026-02-19T12:07:37","slug":"carte-didentita","status":"publish","type":"page","link":"https:\/\/consmetz.esteri.it\/fr\/servizi-consolari-e-visti\/servizi-per-il-cittadino-italiano\/carte-didentita\/","title":{"rendered":"Carte d&rsquo;identit\u00e9 \u00e9lectronique (CIE)"},"content":{"rendered":"<p>Depuis f\u00e9vrier 2020, ce Consulat G\u00e9n\u00e9ral d\u00e9livre exclusivement la Carte d\u2019Identit\u00e9 \u00c9lectronique (CIE).<\/p>\n<p>La nouvelle Carte d\u2019Identit\u00e9 \u00c9lectronique est un document multifonctionnel : elle atteste de l\u2019identit\u00e9 du citoyen, constitue un document de voyage, comporte le code fiscal et peut \u00eatre utilis\u00e9e pour demander une identit\u00e9 num\u00e9rique (SPID) ou pour acc\u00e9der aux services fournis par les Administrations publiques italiennes.<\/p>\n<p>La carte d\u2019identit\u00e9 \u00e9lectronique est \u00e9quivalente au passeport aux fins de l\u2019expatriation vers les \u00c9tats membres de l\u2019Union europ\u00e9enne, les \u00c9tats de l\u2019espace Schengen (UE + Islande, Norv\u00e8ge, Suisse, Liechtenstein) ainsi que vers les pays avec lesquels existent des accords internationaux sp\u00e9cifiques.<\/p>\n<p>\u00c0 cet \u00e9gard, pour des informations compl\u00e9mentaires et plus d\u00e9taill\u00e9es, il est possible de consulter le site <strong><a href=\"https:\/\/www.viaggiaresicuri.it\/approfondimenti-insights\/documentidiviaggio\" target=\"_blank\" rel=\"noopener\">VIAGGIARE SICURI<\/a>.<\/strong><\/p>\n<p>\u00c0 partir du 01\/06\/2026, les personnes inscrites \u00e0 l\u2019AIRE pourront \u00e9galement en faire la demande aupr\u00e8s de n\u2019importe quelle commune italienne. La nouvelle Carte d\u2019Identit\u00e9 \u00c9lectronique peut \u00eatre demand\u00e9e, sur rendez-vous, via la plateforme <strong><a href=\"https:\/\/consmetz.esteri.it\/fr\/servizi-consolari-e-visti\/servizi-per-il-cittadino-italiano\/prenota-lappuntamento\/\" target=\"_blank\" rel=\"noopener\">PRENOT@MI<\/a>.<\/strong><\/p>\n<p>Le Consulat ne peut d\u00e9livrer la CIE qu\u2019aux citoyens italiens r\u00e9guli\u00e8rement r\u00e9sidents dans la circonscription consulaire, d\u00e9j\u00e0 inscrits au registre consulaire et dont les donn\u00e9es d\u2019\u00e9tat civil figurent dans la base de donn\u00e9es de l\u2019A.I.R.E. (Anagrafe degli Italiani Residenti all\u2019Estero).<\/p>\n<p>La CIE demand\u00e9e au Consulat n\u2019est pas d\u00e9livr\u00e9e le jour du rendez-vous : elle est produite par l\u2019Istituto Poligrafico e Zecca dello Stato de Rome et ensuite envoy\u00e9e depuis l\u2019Italie par courrier recommand\u00e9 \u00e0 l\u2019adresse de r\u00e9sidence (ou de correspondance) indiqu\u00e9e par le demandeur.<\/p>\n<p><strong> \u26a0\ufe0f EXIGENCES OBLIGATOIRES POUR DEMANDER LA CARTE D\u2019IDENTIT\u00c9 \u00c9LECTRONIQUE AUPRES DU CONSULAT :<\/strong><\/p>\n<p>Pour la d\u00e9livrance de la CIE, il est indispensable que le demandeur :<\/p>\n<ul>\n<li>soit en possession d\u2019un <strong>document d\u2019identit\u00e9 italien en cours de validit\u00e9<\/strong> <em>ou<\/em> d\u2019un document italien expir\u00e9 accompagn\u00e9 d\u2019un <em>titre de s\u00e9jour<\/em> fran\u00e7ais en cours de validit\u00e9. En cas de vol, de perte ou de d\u00e9t\u00e9rioration d\u2019un document valide, merci de <strong>signer la d\u00e9claration (\u25ba<\/strong><a href=\"https:\/\/consmetz.esteri.it\/fr\/servizi-consolari-e-visti\/servizi-per-il-cittadino-italiano\/modulistica-per-i-cittadini-italiani\/\"><strong>Modulistica<\/strong><\/a><strong>)<\/strong> et de l\u2019envoyer en urgence \u00e0 <a href=\"mailto:ci_conmetz@esteri.it\">ci_conmetz@esteri.it<\/a> (en cas de vol, joindre \u00e9galement une copie de la d\u00e9claration effectu\u00e9e aupr\u00e8s de la police locale) ;<\/li>\n<li><strong>soit inscrit \u00e0 l\u2019AIRE<\/strong> et que son nom figure dans l\u2019application d\u00e9di\u00e9e par la commune italienne comp\u00e9tente ;<\/li>\n<li>ait <strong>son acte de naissance transcrit en Italie<\/strong> ;<\/li>\n<li>ait <strong>mis \u00e0 jour sa situation<\/strong> dans les registres consulaires en cas de <strong>changement d\u2019adresse<\/strong>, de <strong>modification de l\u2019\u00e9tat civil<\/strong> ou de naissance d\u2019enfants. Dans ce cas, il convient de contacter les services comp\u00e9tents (AIRE ou \u00e9tat civil) avant de demander un rendez-vous pour la carte d\u2019identit\u00e9.<\/li>\n<\/ul>\n<p><strong>VALIDIT\u00c9 DE LA CARTE D\u2019IDENTIT\u00c9 \u00c9LECTRONIQUE :<\/strong><\/p>\n<p>La dur\u00e9e de validit\u00e9 de la CIE varie selon l\u2019\u00e2ge du titulaire :<\/p>\n<ul>\n<li>3 ans pour les enfants de moins de 3 ans ;<\/li>\n<li>5 ans pour les mineurs \u00e2g\u00e9s de 3 \u00e0 18 ans ;<\/li>\n<li>10 ans pour les personnes majeures.<\/li>\n<\/ul>\n<p><strong>MODALIT\u00c9S DE DEMANDE DE LA CARTE D\u2019IDENTIT\u00c9 \u00c9LECTRONIQUE AUPRES DU CONSULAT :<\/strong><\/p>\n<p>Pour les demandes de carte d\u2019identit\u00e9 \u00e9lectronique en faveur de mineurs jusqu\u2019\u00e0 11 ans, il n\u2019est pas n\u00e9cessaire de les pr\u00e9senter au Consulat\/Guichet, car les empreintes digitales ne seront pas enregistr\u00e9es sur le document. La demande peut, dans ce cas, \u00eatre envoy\u00e9e par voie postale \u00e0 nos bureaux.<\/p>\n<p>Pour demander la d\u00e9livrance de la carte d\u2019identit\u00e9 \u00e9lectronique, il est n\u00e9cessaire de prendre rendez-vous via la plateforme <strong><a href=\"https:\/\/consmetz.esteri.it\/fr\/servizi-consolari-e-visti\/servizi-per-il-cittadino-italiano\/prenota-lappuntamento\/\" target=\"_blank\" rel=\"noopener\">PRENOT@MI<\/a>.<\/strong><\/p>\n<p>Pour plus d\u2019informations sur le syst\u00e8me Prenot@mi, il est conseill\u00e9 de consulter la section d\u00e9di\u00e9e.<\/p>\n<p>Avant d\u2019acc\u00e9der aux 4 calendriers du service <strong>CIE (\u00ab sportello Metz 1 \u00bb, \u00ab sportello Metz 2 \u00bb, \u00ab sportello Metz 3 \u00bb ou \u00ab Mulhouse \u00bb)<\/strong> et de choisir la premi\u00e8re date disponible, il est n\u00e9cessaire de remplir les champs obligatoires (signal\u00e9s par *) du formulaire propos\u00e9 par le syst\u00e8me.<\/p>\n<p>En cas de r\u00e9servation individuelle, merci d\u2019indiquer les <strong>DONN\u00c9ES DU TITULAIRE<\/strong> du document demand\u00e9, si diff\u00e9rentes de celles de l\u2019utilisateur enregistr\u00e9, dans l\u2019espace d\u00e9di\u00e9 <strong>\u00ab note aggiuntive da aggiungere alla prenotazione \u00bb<\/strong>.<\/p>\n<p>Pour les femmes mari\u00e9es : indiquer les donn\u00e9es d\u2019\u00e9tat civil sous le nom de jeune fille. L\u2019\u00e9tat civil du titulaire n\u2019est pas mentionn\u00e9 sur la carte d\u2019identit\u00e9 \u00e9lectronique et, pour les femmes mari\u00e9es, le nom du conjoint ne peut PAS \u00eatre indiqu\u00e9.<\/p>\n<p>ATTENTION : si, \u00e0 l\u2019issue des v\u00e9rifications, des \u00e9l\u00e9ments faisant obstacle \u00e0 la d\u00e9livrance de la CIE devaient appara\u00eetre, ce Consulat en informera l\u2019int\u00e9ress\u00e9, y compris en vue de l\u2019annulation du rendez-vous.<\/p>\n<p>La pr\u00e9sence du demandeur et\/ou du titulaire de la carte demand\u00e9e est obligatoire.<\/p>\n<p>Le jour du rendez-vous au Consulat, les donn\u00e9es biom\u00e9triques seront recueillies et le dossier valid\u00e9.<\/p>\n<p><strong>DOCUMENTATION REQUISE POUR LA D\u00c9LIVRANCE DE LA CARTE D\u2019IDENTIT\u00c9 \u00c9LECTRONIQUE AUPRES DU CONSULAT :<\/strong><\/p>\n<p>\u25ba\u25ba <a href=\"https:\/\/consmetz.esteri.it\/fr\/servizi-consolari-e-visti\/servizi-per-il-cittadino-italiano\/carte-didentita\/carte-didentita-documenti-richiesti-e-formulari-da-scaricare\/\" target=\"_blank\" rel=\"noopener\">VISITEZ LA PAGE D\u2019INSTRUCTIONS<\/a><\/p>\n<p><strong>EXP\u00c9DITION DE LA CARTE D\u2019IDENTIT\u00c9 \u00c9LECTRONIQUE DEMAND\u00c9E AU CONSULAT :<\/strong><\/p>\n<p>La CIE n\u2019est pas d\u00e9livr\u00e9e le jour du rendez-vous : elle sera envoy\u00e9e depuis l\u2019Italie par courrier recommand\u00e9, par l\u2019Istituto Poligrafico e Zecca dello Stato, directement \u00e0 l\u2019adresse choisie par le demandeur, environ 15 jours apr\u00e8s la date du rendez-vous au Consulat et\/ou la finalisation de la demande. Le demandeur pourra suivre l\u2019acheminement de l\u2019envoi sur le <a href=\"https:\/\/www.poste.it\/prodotti\/raccomandata.html\" target=\"_blank\" rel=\"noopener\"><strong>site de Poste Italiane<\/strong><\/a> : cliquer sur \u00ab Cerca spedizioni \u00bb et saisir le num\u00e9ro de recommand\u00e9 fourni le jour du rendez-vous.<\/p>\n<p>Les compatriotes ayant demand\u00e9 la CIE sont invit\u00e9s \u00e0 v\u00e9rifier que leur nom de naissance figure sur la bo\u00eete aux lettres (nom de jeune fille pour les femmes mari\u00e9es).<\/p>\n<p>En cas de non-remise pour adresse incorrecte, un d\u00e9lai de mise en instance de 30 jours est pr\u00e9vu aupr\u00e8s du bureau de poste local. \u00c0 l\u2019issue de ce d\u00e9lai, le pli est retourn\u00e9 au Consulat G\u00e9n\u00e9ral pour de nouvelles tentatives de livraison.<\/p>\n<p>Pour contacter le bureau des cartes d\u2019identit\u00e9, merci d\u2019\u00e9crire \u00e0 :<br \/>\n<strong><a href=\"mailto:ci_conmetz@esteri.it\">ci_conmetz@esteri.it<br \/>\n<\/a><\/strong><\/p>\n","protected":false},"excerpt":{"rendered":"Depuis f\u00e9vrier 2020, ce Consulat G\u00e9n\u00e9ral d\u00e9livre exclusivement la Carte d\u2019Identit\u00e9 \u00c9lectronique (CIE). La nouvelle Carte d\u2019Identit\u00e9 \u00c9lectronique est un document multifonctionnel : elle atteste de l\u2019identit\u00e9 du citoyen, constitue un document de voyage, comporte le code fiscal et peut \u00eatre utilis\u00e9e pour demander une identit\u00e9 num\u00e9rique (SPID) ou pour acc\u00e9der aux services fournis par [&hellip;]","protected":false},"author":6,"featured_media":0,"parent":119,"menu_order":15,"comment_status":"closed","ping_status":"closed","template":"","meta":{"footnotes":""},"class_list":["post-1772","page","type-page","status-publish","hentry"],"_links":{"self":[{"href":"https:\/\/consmetz.esteri.it\/fr\/wp-json\/wp\/v2\/pages\/1772","targetHints":{"allow":["GET"]}}],"collection":[{"href":"https:\/\/consmetz.esteri.it\/fr\/wp-json\/wp\/v2\/pages"}],"about":[{"href":"https:\/\/consmetz.esteri.it\/fr\/wp-json\/wp\/v2\/types\/page"}],"author":[{"embeddable":true,"href":"https:\/\/consmetz.esteri.it\/fr\/wp-json\/wp\/v2\/users\/6"}],"replies":[{"embeddable":true,"href":"https:\/\/consmetz.esteri.it\/fr\/wp-json\/wp\/v2\/comments?post=1772"}],"version-history":[{"count":5,"href":"https:\/\/consmetz.esteri.it\/fr\/wp-json\/wp\/v2\/pages\/1772\/revisions"}],"predecessor-version":[{"id":7564,"href":"https:\/\/consmetz.esteri.it\/fr\/wp-json\/wp\/v2\/pages\/1772\/revisions\/7564"}],"up":[{"embeddable":true,"href":"https:\/\/consmetz.esteri.it\/fr\/wp-json\/wp\/v2\/pages\/119"}],"wp:attachment":[{"href":"https:\/\/consmetz.esteri.it\/fr\/wp-json\/wp\/v2\/media?parent=1772"}],"curies":[{"name":"wp","href":"https:\/\/api.w.org\/{rel}","templated":true}]}}