{"id":1781,"date":"2023-05-17T12:39:29","date_gmt":"2023-05-17T10:39:29","guid":{"rendered":"https:\/\/consmetz.esteri.it\/servizi-consolari-e-visti\/servizi-per-il-cittadino-italiano\/patenti-di-guida-e-autoveicoli\/"},"modified":"2023-10-10T16:55:48","modified_gmt":"2023-10-10T14:55:48","slug":"patenti-di-guida-e-autoveicoli","status":"publish","type":"page","link":"https:\/\/consmetz.esteri.it\/fr\/servizi-consolari-e-visti\/servizi-per-il-cittadino-italiano\/patenti-di-guida-e-autoveicoli\/","title":{"rendered":"Permis de conduire et v\u00e9hicules"},"content":{"rendered":"<p><strong>Citoyens italiens temporairement en France<\/p>\n<p><\/strong>Les citoyens italiens qui s\u00e9journent temporairement en France peuvent circuler librement sur le territoire avec un v\u00e9hicule \u00e0 moteur pour autant qu&rsquo;ils aient un permis de conduire d&rsquo;un pays de l&rsquo;Union europ\u00e9enne. Ceci est conforme \u00e0 la directive <a href=\"https:\/\/eur-lex.europa.eu\/legal-content\/IT\/TXT\/PDF\/?uri=CELEX:02006L0126-20180722&amp;from=EN\">Directive n.2006\/126\/CE<\/a> qui reconnait la validit\u00e9 dans toute l\u2019Union d\u2019un permis de conduire d\u00e9livr\u00e9 par un \u00c9tat membre.<\/p>\n<p><strong>Citoyens italiens r\u00e9sidant en France<\/p>\n<p><\/strong><\/p>\n<p>Conform\u00e9ment \u00e0 la l\u00e9gislation europ\u00e9enne en vigueur (Directive n.2006\/126\/CE du 20\/12\/2006) et aux dispositions nationales en mati\u00e8re (Circulaire du Minist\u00e8re des Transports \u2116 30 du 21 mai 1999),\u00a0les citoyens italiens r\u00e9sidant \u00e0 l\u2019\u00e9tranger dans un pays de l\u2019Union Europ\u00e9enne doivent s\u2019adresser exclusivement aux autorit\u00e9s du pays de r\u00e9sidence pour le renouvellement de leur permis de conduire expir\u00e9 ou pour le remplacement d\u2019un permis de conduire perdu, vol\u00e9 ou d\u00e9t\u00e9rior\u00e9.<\/p>\n<p>En revanche, les citoyens qui, malgr\u00e9 des s\u00e9jours \u00e0 l&rsquo;\u00e9tranger, ont maintenu leur r\u00e9sidence en Italie devront contacter le bureau de la Motorizzazione Civile qui a d\u00e9livr\u00e9 le permis de conduire (et non le Consulat).<\/p>\n<p>Nous vous rappelons \u00e9galement qu&rsquo;\u00e0 tout moment, les citoyens italiens en France peuvent demander aux autorit\u00e9s fran\u00e7aises :<\/p>\n<p>&#8211; la conversion de leur permis de conduire en cours de validit\u00e9 (\u00ab\u00a0\u00e9change du permis\u00a0\u00bb, c\u2019est-\u00e0-dire le retrait du permis de conduire italien et la d\u00e9livrance d\u2019un permis de conduire fran\u00e7ais \u00e9quivalent, Code de la route Art. R222-2)<\/p>\n<p>&#8211; l\u2019\u00ab\u00a0<em>enregistrement<\/em>\u00a0\u00bb, c\u2019est-\u00e0-dire la remise d\u2019une attestation d\u2019\u00e9quivalence du permis de conduire italien, Code de la route Art. R222-1).<\/p>\n<p>&nbsp;<\/p>\n<p><strong>CONVERSION DU PERMIS DE CONDUIRE ITALIEN EN PERMIS DE CONDUIRE FRANCAIS<\/strong><\/p>\n<p>Les d\u00e9marches de conversion ou d\u2019enregistrement s\u2019effectuent exclusivement en ligne sur le site <a href=\"https:\/\/permisdeconduire.ants.gouv.fr\/\">ANTS<\/a> (Agence Nationale des Titres S\u00e9curis\u00e9s), o\u00f9, apr\u00e8s avoir cr\u00e9\u00e9 votre profil, vous pouvez faire une demande en joignant tous les documents n\u00e9cessaires.<\/p>\n<p>Les dossiers de conversion des permis de conduire de toute la France, \u00e0 l\u2019exception de Paris, sont g\u00e9r\u00e9es par une Autorit\u00e9 sp\u00e9cialement cr\u00e9\u00e9e et non plus par les pr\u00e9fectures locales.<\/p>\n<p>Pour cette raison les d\u00e9lais d\u2019attente varient g\u00e9n\u00e9ralement de 6 \u00e0 10 mois. Pendant cette p\u00e9riode, les autorit\u00e9s italiennes ne peuvent fournir de document de remplacement pour les permis expir\u00e9s, vol\u00e9s, perdus ou d\u00e9t\u00e9rior\u00e9s.<\/p>\n<p>Afin d\u2019\u00e9viter de d\u00e9sagr\u00e9ables inconv\u00e9nients, en cas de contr\u00f4le routier et pour \u00eatre en r\u00e8gle avec les termes des contrats d\u2019assurance, il est fortement conseill\u00e9 de demander le plus t\u00f4t possible l\u2019\u00e9change du permis, pass\u00e9 les 6 mois de r\u00e9sidence en France, m\u00eame si le permis n\u2019arrive pas \u00e0 \u00e9ch\u00e9ance.<\/p>\n<p>Pour d\u2019autres informations sur les modalit\u00e9s de demandes, les documents \u00e0 joindre et les modalit\u00e9s de d\u00e9livrance, veuillez consulter le site du <a href=\"https:\/\/www.service-public.fr\/particuliers\/vosdroits\/F1758\">Service Public<\/a>.<\/p>\n<p>&nbsp;<\/p>\n<p>&nbsp;<\/p>\n<p>&nbsp;<\/p>\n","protected":false},"excerpt":{"rendered":"Citoyens italiens temporairement en France Les citoyens italiens qui s\u00e9journent temporairement en France peuvent circuler librement sur le territoire avec un v\u00e9hicule \u00e0 moteur pour autant qu&rsquo;ils aient un permis de conduire d&rsquo;un pays de l&rsquo;Union europ\u00e9enne. Ceci est conforme \u00e0 la directive Directive n.2006\/126\/CE qui reconnait la validit\u00e9 dans toute l\u2019Union d\u2019un permis de [&hellip;]","protected":false},"author":6,"featured_media":0,"parent":119,"menu_order":50,"comment_status":"closed","ping_status":"closed","template":"","meta":{"footnotes":""},"class_list":["post-1781","page","type-page","status-publish","hentry"],"_links":{"self":[{"href":"https:\/\/consmetz.esteri.it\/fr\/wp-json\/wp\/v2\/pages\/1781","targetHints":{"allow":["GET"]}}],"collection":[{"href":"https:\/\/consmetz.esteri.it\/fr\/wp-json\/wp\/v2\/pages"}],"about":[{"href":"https:\/\/consmetz.esteri.it\/fr\/wp-json\/wp\/v2\/types\/page"}],"author":[{"embeddable":true,"href":"https:\/\/consmetz.esteri.it\/fr\/wp-json\/wp\/v2\/users\/6"}],"replies":[{"embeddable":true,"href":"https:\/\/consmetz.esteri.it\/fr\/wp-json\/wp\/v2\/comments?post=1781"}],"version-history":[{"count":3,"href":"https:\/\/consmetz.esteri.it\/fr\/wp-json\/wp\/v2\/pages\/1781\/revisions"}],"predecessor-version":[{"id":2113,"href":"https:\/\/consmetz.esteri.it\/fr\/wp-json\/wp\/v2\/pages\/1781\/revisions\/2113"}],"up":[{"embeddable":true,"href":"https:\/\/consmetz.esteri.it\/fr\/wp-json\/wp\/v2\/pages\/119"}],"wp:attachment":[{"href":"https:\/\/consmetz.esteri.it\/fr\/wp-json\/wp\/v2\/media?parent=1781"}],"curies":[{"name":"wp","href":"https:\/\/api.w.org\/{rel}","templated":true}]}}