{"id":1953,"date":"2023-10-05T12:59:01","date_gmt":"2023-10-05T10:59:01","guid":{"rendered":"https:\/\/consmetz.esteri.it\/servizi-consolari-e-visti\/servizi-per-il-cittadino-straniero\/dichiarazione-di-valore-dei-titoli-di-studio-francesi\/"},"modified":"2023-10-06T16:18:07","modified_gmt":"2023-10-06T14:18:07","slug":"dichiarazione-di-valore-dei-titoli-di-studio-francesi","status":"publish","type":"page","link":"https:\/\/consmetz.esteri.it\/fr\/servizi-consolari-e-visti\/servizi-per-il-cittadino-straniero\/dichiarazione-di-valore-dei-titoli-di-studio-francesi\/","title":{"rendered":"D\u00e9claration de valeur des dipl\u00f4mes fran\u00e7ais"},"content":{"rendered":"<p><strong>SERVICE DIPLOMES ET DECLARATION DE VALEUR (TITOLI DI STUDIO) DES DIPLOMES OBTENUS DANS LA CIRCONSCRIPTION CONSULAIRE DE METZ (REGION GRAND EST ET TERRITOIRE DE BELFORT)<br \/>\nT\u00e9l.: 0387385871 (entre 16h et 18 du lundi au vendredi)\u00a0 \u2013 @:\u00a0<\/strong><a href=\"mailto:metz.studi@esteri.it\"><strong>metz.studi@esteri.it<\/strong><\/a><strong>\u00a0<\/strong><\/p>\n<p><strong>Ce service d\u00e9livre des d\u00e9clarations de valeur de dipl\u00f4mes et de certificats de scolarit\u00e9\u00a0obtenus et d\u00e9livr\u00e9s dans la circonscription consulaire de Metz\u00a0(de l\u2019\u00e9cole primaire \u00e0 l\u2019universit\u00e9).<\/strong><\/p>\n<p><strong>Pour t\u00e9l\u00e9charger le formulaire de demande \u25ba visiter la page <a href=\"https:\/\/consmetz.esteri.it\/it\/servizi-consolari-e-visti\/servizi-per-il-cittadino-italiano\/modulistica-per-i-cittadini-italiani\/\" target=\"_blank\" rel=\"noopener\">\u00ab\u00a0Modulistica\u00a0\u00bb<\/a><\/strong><\/p>\n<p>NOTA BENE:\u00a0<strong><em>Les d\u00e9clarations de valeurs ne sont pas d\u00e9livr\u00e9es pour des attestations, des certificats ou des dipl\u00f4mes d\u00e9livr\u00e9s par des organismes qui ne rel\u00e8vent pas du Minist\u00e8re de l\u2019Education nationale, de la Culture, des Universit\u00e9s et de la Sant\u00e9.<\/em><\/strong><\/p>\n<p><strong>IMPORTANT<\/strong>:<\/p>\n<ul>\n<li>ne pas envoyer de relev\u00e9s de Notes. Transmettre uniquement les copies de dipl\u00f4mes ou les attestation d\u2019obtention du dipl\u00f4me.<\/li>\n<li>les demandes transmises par courriel ne sont pas admises<\/li>\n<\/ul>\n<p>POUR LES DIPLOMES OBTENUS EN ITALIE\u00a0<strong><em><u>ce n\u2019est pas le Consulat italien qui est comp\u00e9tent mais l\u2019autorit\u00e9 consulaire et diplomatique fran\u00e7aise en Italie.<\/u><\/em><\/strong><strong><em>\u00a0<\/em><\/strong><strong>Per i Titoli di Studio conseguiti in Italia da far valere in Francia\u00a0la dichiarazione di Valore deve essere richiesta all\u2019Autorit\u00e0 diplomatico-consolare francese in Italia.<\/strong><\/p>\n<p><strong>POUR ACCEDER AU SITE DE DEMANDE DE DECLARATION DE VALEUR DES DIPLOMES OBTENUS EN ITALIE\u00a0\u00a0<\/strong><a href=\"https:\/\/www.france-education-international.fr\/hub\/reconnaissance-de-diplomes?langue=fr\"><strong>CLIQUER ICI\/CLICCA QUI<\/strong><\/a><strong> &gt; <\/strong><a href=\"https:\/\/www.france-education-international.fr\/hub\/reconnaissance-de-diplomes?langue=fr\"><strong>https:\/\/www.france-education-international.fr\/hub\/reconnaissance-de-diplomes?langue=fr<\/strong><\/a><\/p>\n<p>En ce qui concerne les dipl\u00f4mes de fin d\u2019\u00e9tudes secondaires, l\u2019Accord culturel franco-italien du 4 novembre 1949 pr\u00e9cise que les dipl\u00f4mes de Baccalaur\u00e9at et de Maturit\u00e0 (appel\u00e9 Esame di Stato depuis 1998) sont \u00e9quivalents aux fins de l\u2019inscription \u00e0 l\u2019universit\u00e9 dans les deux pays.<br \/>\nLe dipl\u00f4me original d\u2019Esame di Stato est r\u00e9dig\u00e9 en quatre langues, dont le fran\u00e7ais, et ne n\u00e9cessite donc pas de traduction.<br \/>\nSi un \u00e9tudiant \u00e9tranger d\u00e9sire poursuivre des \u00e9tudes dans un \u00e9tablissement d\u2019enseignement sup\u00e9rieur fran\u00e7ais, il peut, sur pr\u00e9sentation du ou des dipl\u00f4mes \u00e9trangers, demander une dispense d\u2019\u00e9tudes aupr\u00e8s de l\u2019\u00e9tablissement dans lequel il souhaite pr\u00e9parer un dipl\u00f4me fran\u00e7ais. Le pr\u00e9sident de l\u2019universit\u00e9 ou le directeur de l\u2019\u00e9tablissement concern\u00e9 d\u00e9terminera son niveau d\u2019admission sur proposition d\u2019une commission p\u00e9dagogique (D\u00e9cret n\u00b0 85-906 du 23 ao\u00fbt 1985). Cette dispense est destin\u00e9e \u00e0 permettre \u00e0 l\u2019\u00e9tudiant \u00e9tranger de conserver tout ou partie de ses acquis universitaires ant\u00e9rieurs.<\/p>\n<p>Pour une demande d\u2019\u00e9quivalence d\u2019un dipl\u00f4me universitaire italien en vue d\u2019une poursuite d\u2019\u00e9tudes \u00e0 l\u2019universit\u00e9 fran\u00e7aise, il suffit en g\u00e9n\u00e9ral de pr\u00e9senter un certificat original de \u00ab Laurea \u00bb d\u00e9taill\u00e9, comprenant tous les examens pass\u00e9s et les notes obtenues, accompagn\u00e9 d\u2019une traduction r\u00e9dig\u00e9e par l\u2019\u00e9tudiant ou effectu\u00e9e par un traducteur asserment\u00e9 aupr\u00e8s d\u2019un tribunal fran\u00e7ais ou italien (si l\u2019universit\u00e9 l\u2019exige).<\/p>\n<p>NB : La liste des traducteurs asserment\u00e9s aupr\u00e8s des tribunaux est disponible aupr\u00e8s des Consulats de France en Italie et des Consulats d\u2019Italie en France.<br \/>\nEn ce qui concerne la reconnaissance professionnelle des dipl\u00f4mes \u00e9trangers, il appartient aux employeurs int\u00e9ress\u00e9s d\u2019appr\u00e9cier si les titres pr\u00e9sent\u00e9s consacrent les connaissances appropri\u00e9es \u00e0 l\u2019emploi postul\u00e9, sauf en ce qui concerne les professions r\u00e9glement\u00e9es par des directives de l\u2019Union Europ\u00e9enne (Directive n\u00b0 89\/48\/CEE concernant les formations professionnelles d\u2019une dur\u00e9e minimale de trois ans apr\u00e8s le bac, Directive n\u00b0 92\/51\/CEE pour les formations professionnelles d\u2019une dur\u00e9e minimale de 2 ans apr\u00e8s le bac).<\/p>\n<p>Pour l\u2019acc\u00e8s aux professions r\u00e9glement\u00e9es, il convient donc de s\u2019adresser au Minist\u00e8re fran\u00e7ais comp\u00e9tent. Ex. Professions m\u00e9dicales : Minist\u00e8re de l\u2019emploi et de la solidarit\u00e9, Professions juridiques : Minist\u00e8re de la Justice\u2026<br \/>\nEn ce qui concerne l\u2019acc\u00e8s \u00e0 la fonction publique par concours, les ressortissants europ\u00e9ens doivent pr\u00e9senter leur dossier \u00e0 l\u2019administration de leur choix. Il existe dans chaque minist\u00e8re et collectivit\u00e9 locale une commission d\u2019experts qui statue sur la valeur des dipl\u00f4mes pr\u00e9sent\u00e9s.<br \/>\nLes concours de recrutement de l\u2019enseignement primaire et secondaire sont ouverts aux titulaires d\u2019un dipl\u00f4me europ\u00e9en sanctionnant 5 ann\u00e9es d\u2019\u00e9tudes universitaires, comme c\u2019est le cas pour la \u00ab laurea magistrale\/ specialistica\u201d ; pour l\u2019enseignement \u00e0 l\u2019universit\u00e9, il faut \u00eatre titulaire d\u2019un doctorat (dottorato di ricerca, pour les Italiens).<\/p>\n","protected":false},"excerpt":{"rendered":"SERVICE DIPLOMES ET DECLARATION DE VALEUR (TITOLI DI STUDIO) DES DIPLOMES OBTENUS DANS LA CIRCONSCRIPTION CONSULAIRE DE METZ (REGION GRAND EST ET TERRITOIRE DE BELFORT) T\u00e9l.: 0387385871 (entre 16h et 18 du lundi au vendredi)\u00a0 \u2013 @:\u00a0metz.studi@esteri.it\u00a0 Ce service d\u00e9livre des d\u00e9clarations de valeur de dipl\u00f4mes et de certificats de scolarit\u00e9\u00a0obtenus et d\u00e9livr\u00e9s dans la [&hellip;]","protected":false},"author":9,"featured_media":0,"parent":120,"menu_order":20,"comment_status":"closed","ping_status":"closed","template":"","meta":{"footnotes":""},"class_list":["post-1953","page","type-page","status-publish","hentry"],"_links":{"self":[{"href":"https:\/\/consmetz.esteri.it\/fr\/wp-json\/wp\/v2\/pages\/1953","targetHints":{"allow":["GET"]}}],"collection":[{"href":"https:\/\/consmetz.esteri.it\/fr\/wp-json\/wp\/v2\/pages"}],"about":[{"href":"https:\/\/consmetz.esteri.it\/fr\/wp-json\/wp\/v2\/types\/page"}],"author":[{"embeddable":true,"href":"https:\/\/consmetz.esteri.it\/fr\/wp-json\/wp\/v2\/users\/9"}],"replies":[{"embeddable":true,"href":"https:\/\/consmetz.esteri.it\/fr\/wp-json\/wp\/v2\/comments?post=1953"}],"version-history":[{"count":1,"href":"https:\/\/consmetz.esteri.it\/fr\/wp-json\/wp\/v2\/pages\/1953\/revisions"}],"predecessor-version":[{"id":1955,"href":"https:\/\/consmetz.esteri.it\/fr\/wp-json\/wp\/v2\/pages\/1953\/revisions\/1955"}],"up":[{"embeddable":true,"href":"https:\/\/consmetz.esteri.it\/fr\/wp-json\/wp\/v2\/pages\/120"}],"wp:attachment":[{"href":"https:\/\/consmetz.esteri.it\/fr\/wp-json\/wp\/v2\/media?parent=1953"}],"curies":[{"name":"wp","href":"https:\/\/api.w.org\/{rel}","templated":true}]}}