{"id":1994,"date":"2023-05-15T12:53:38","date_gmt":"2023-05-15T10:53:38","guid":{"rendered":"https:\/\/consmetz.esteri.it\/servizi-consolari-e-visti\/servizi-per-il-cittadino-italiano\/assistenza-consolare\/assistenza-sanitaria\/"},"modified":"2026-01-28T13:03:24","modified_gmt":"2026-01-28T12:03:24","slug":"assistenza-sanitaria","status":"publish","type":"page","link":"https:\/\/consmetz.esteri.it\/fr\/servizi-consolari-e-visti\/servizi-per-il-cittadino-italiano\/assistenza-consolare\/assistenza-sanitaria\/","title":{"rendered":"Assistance m\u00e9dicale"},"content":{"rendered":"<div class=\"container\">\n<div id=\"main\" role=\"main\">\n<div class=\"row\">\n<article id=\"articolo_centro\" class=\"col-md-19 col-sm-19 padding_articolo item-page\" role=\"main\" aria-label=\"articolo\">\n<p data-start=\"33\" data-end=\"302\">Gr\u00e2ce aux conventions conclues par les Consulats avec des h\u00f4pitaux et d\u2019autres institutions, les citoyens italiens indigents, r\u00e9sidant dans la circonscription consulaire, peuvent b\u00e9n\u00e9ficier de soins ambulatoires, d\u2019hospitalisations et d\u2019une assistance pharmaceutique.<\/p>\n<p data-start=\"304\" data-end=\"540\" data-is-last-node=\"\" data-is-only-node=\"\">Des conventions ad hoc peuvent \u00e9galement \u00eatre conclues avec des institutions en mesure de prendre en charge des compatriotes \u00e2g\u00e9s et indigents qui, n\u2019\u00e9tant pas autonomes, ont besoin d\u2019une assistance infirmi\u00e8re et psychologique continue.<\/p>\n<\/article>\n<\/div>\n<\/div>\n<\/div>\n","protected":false},"excerpt":{"rendered":"Gr\u00e2ce aux conventions conclues par les Consulats avec des h\u00f4pitaux et d\u2019autres institutions, les citoyens italiens indigents, r\u00e9sidant dans la circonscription consulaire, peuvent b\u00e9n\u00e9ficier de soins ambulatoires, d\u2019hospitalisations et d\u2019une assistance pharmaceutique. Des conventions ad hoc peuvent \u00e9galement \u00eatre conclues avec des institutions en mesure de prendre en charge des compatriotes \u00e2g\u00e9s et indigents qui, [&hellip;]","protected":false},"author":6,"featured_media":0,"parent":1774,"menu_order":5,"comment_status":"closed","ping_status":"closed","template":"","meta":{"footnotes":""},"class_list":["post-1994","page","type-page","status-publish","hentry"],"_links":{"self":[{"href":"https:\/\/consmetz.esteri.it\/fr\/wp-json\/wp\/v2\/pages\/1994","targetHints":{"allow":["GET"]}}],"collection":[{"href":"https:\/\/consmetz.esteri.it\/fr\/wp-json\/wp\/v2\/pages"}],"about":[{"href":"https:\/\/consmetz.esteri.it\/fr\/wp-json\/wp\/v2\/types\/page"}],"author":[{"embeddable":true,"href":"https:\/\/consmetz.esteri.it\/fr\/wp-json\/wp\/v2\/users\/6"}],"replies":[{"embeddable":true,"href":"https:\/\/consmetz.esteri.it\/fr\/wp-json\/wp\/v2\/comments?post=1994"}],"version-history":[{"count":2,"href":"https:\/\/consmetz.esteri.it\/fr\/wp-json\/wp\/v2\/pages\/1994\/revisions"}],"predecessor-version":[{"id":7319,"href":"https:\/\/consmetz.esteri.it\/fr\/wp-json\/wp\/v2\/pages\/1994\/revisions\/7319"}],"up":[{"embeddable":true,"href":"https:\/\/consmetz.esteri.it\/fr\/wp-json\/wp\/v2\/pages\/1774"}],"wp:attachment":[{"href":"https:\/\/consmetz.esteri.it\/fr\/wp-json\/wp\/v2\/media?parent=1994"}],"curies":[{"name":"wp","href":"https:\/\/api.w.org\/{rel}","templated":true}]}}