{"id":1997,"date":"2023-05-15T12:54:44","date_gmt":"2023-05-15T10:54:44","guid":{"rendered":"https:\/\/consmetz.esteri.it\/servizi-consolari-e-visti\/servizi-per-il-cittadino-italiano\/assistenza-consolare\/rimpatrio-salma\/"},"modified":"2026-01-28T13:04:31","modified_gmt":"2026-01-28T12:04:31","slug":"rimpatrio-salma","status":"publish","type":"page","link":"https:\/\/consmetz.esteri.it\/fr\/servizi-consolari-e-visti\/servizi-per-il-cittadino-italiano\/assistenza-consolare\/rimpatrio-salma\/","title":{"rendered":"Rapatriement des d\u00e9pouilles"},"content":{"rendered":"<div class=\"container\">\n<div id=\"main\" role=\"main\">\n<div class=\"row\">\n<article id=\"articolo_centro\" class=\"col-md-19 col-sm-19 padding_articolo item-page\" role=\"main\" aria-label=\"articolo\">\n<p data-start=\"40\" data-end=\"290\">Perdre un \u00eatre cher est toujours une source de grande douleur, mais si cela survient \u00e0 l\u2019\u00e9tranger, \u00e0 cette peine s\u2019ajoute la n\u00e9cessit\u00e9 de r\u00e9gler certaines questions pratiques.<br data-start=\"215\" data-end=\"218\" \/>Vous trouverez ci-dessous des indications pour r\u00e9soudre ces probl\u00e8mes.<\/p>\n<p data-start=\"292\" data-end=\"722\">Pour le rapatriement du corps, une fois qu\u2019une Repr\u00e9sentation italienne \u00e0 l\u2019\u00e9tranger est contact\u00e9e, une demande sera transmise \u00e0 la Commune italienne comp\u00e9tente afin d\u2019obtenir le \u00ab nulla osta all\u2019introduzione della salma \u00bb (autorisation d\u2019introduction du corps). Apr\u00e8s obtention de ce \u00ab nulla osta \u00bb de la Commune, l\u2019agence de pompes fun\u00e8bres, mandat\u00e9e par les proches pour le rapatriement aux frais de ceux-ci, pourra proc\u00e9der.<\/p>\n<p data-start=\"724\" data-end=\"860\">Il est \u00e9galement possible de s\u2019adresser aux R\u00e9gions et aux collectivit\u00e9s locales pour d\u2019\u00e9ventuels remboursements ou aides financi\u00e8res.<\/p>\n<p data-start=\"862\" data-end=\"1200\" data-is-last-node=\"\" data-is-only-node=\"\">En cas de d\u00e9c\u00e8s de compatriotes r\u00e9sidant \u00e0 l\u2019\u00e9tranger et se trouvant dans un \u00e9tat de pauvret\u00e9 av\u00e9r\u00e9, le Consulat ou l\u2019Ambassade contact\u00e9s pourront venir en aide aux familles indigentes, r\u00e9sidant \u00e0 l\u2019\u00e9tranger, du d\u00e9funt compatriote, par le biais d\u2019un remboursement total ou partiel des frais fun\u00e9raires engag\u00e9s sur place, d\u00fbment justifi\u00e9s.<\/p>\n<\/article>\n<\/div>\n<\/div>\n<\/div>\n","protected":false},"excerpt":{"rendered":"Perdre un \u00eatre cher est toujours une source de grande douleur, mais si cela survient \u00e0 l\u2019\u00e9tranger, \u00e0 cette peine s\u2019ajoute la n\u00e9cessit\u00e9 de r\u00e9gler certaines questions pratiques.Vous trouverez ci-dessous des indications pour r\u00e9soudre ces probl\u00e8mes. Pour le rapatriement du corps, une fois qu\u2019une Repr\u00e9sentation italienne \u00e0 l\u2019\u00e9tranger est contact\u00e9e, une demande sera transmise \u00e0 [&hellip;]","protected":false},"author":6,"featured_media":0,"parent":1774,"menu_order":10,"comment_status":"closed","ping_status":"closed","template":"","meta":{"footnotes":""},"class_list":["post-1997","page","type-page","status-publish","hentry"],"_links":{"self":[{"href":"https:\/\/consmetz.esteri.it\/fr\/wp-json\/wp\/v2\/pages\/1997","targetHints":{"allow":["GET"]}}],"collection":[{"href":"https:\/\/consmetz.esteri.it\/fr\/wp-json\/wp\/v2\/pages"}],"about":[{"href":"https:\/\/consmetz.esteri.it\/fr\/wp-json\/wp\/v2\/types\/page"}],"author":[{"embeddable":true,"href":"https:\/\/consmetz.esteri.it\/fr\/wp-json\/wp\/v2\/users\/6"}],"replies":[{"embeddable":true,"href":"https:\/\/consmetz.esteri.it\/fr\/wp-json\/wp\/v2\/comments?post=1997"}],"version-history":[{"count":2,"href":"https:\/\/consmetz.esteri.it\/fr\/wp-json\/wp\/v2\/pages\/1997\/revisions"}],"predecessor-version":[{"id":7321,"href":"https:\/\/consmetz.esteri.it\/fr\/wp-json\/wp\/v2\/pages\/1997\/revisions\/7321"}],"up":[{"embeddable":true,"href":"https:\/\/consmetz.esteri.it\/fr\/wp-json\/wp\/v2\/pages\/1774"}],"wp:attachment":[{"href":"https:\/\/consmetz.esteri.it\/fr\/wp-json\/wp\/v2\/media?parent=1997"}],"curies":[{"name":"wp","href":"https:\/\/api.w.org\/{rel}","templated":true}]}}