{"id":2000,"date":"2023-05-15T12:55:47","date_gmt":"2023-05-15T10:55:47","guid":{"rendered":"https:\/\/consmetz.esteri.it\/servizi-consolari-e-visti\/servizi-per-il-cittadino-italiano\/assistenza-consolare\/rimpatri-sanitari-ed-economici\/"},"modified":"2026-01-28T13:05:41","modified_gmt":"2026-01-28T12:05:41","slug":"rimpatri-sanitari-ed-economici","status":"publish","type":"page","link":"https:\/\/consmetz.esteri.it\/fr\/servizi-consolari-e-visti\/servizi-per-il-cittadino-italiano\/assistenza-consolare\/rimpatri-sanitari-ed-economici\/","title":{"rendered":"Rapatriement m\u00e9dical et \u00e9conomique"},"content":{"rendered":"<div class=\"container\">\n<div id=\"main\" role=\"main\">\n<div class=\"row\">\n<article id=\"articolo_centro\" class=\"col-md-19 col-sm-19 padding_articolo item-page\" role=\"main\" aria-label=\"articolo\">\n<p data-start=\"40\" data-end=\"500\">Un domaine particuli\u00e8rement d\u00e9licat de l\u2019activit\u00e9 d\u2019assistance aux citoyens italiens \u00e0 l\u2019\u00e9tranger concerne le rapatriement des compatriotes se trouvant dans des pays \u00e9trangers dans des situations de graves difficult\u00e9s, impossibles \u00e0 r\u00e9soudre sur place. Les interventions de la Farnesina, en collaboration avec les autorit\u00e9s territoriales comp\u00e9tentes (Pr\u00e9fectures, Commissariats de police, Communes, Unit\u00e9s sanitaires locales, Services sociaux), portent sur :<\/p>\n<p data-start=\"502\" data-end=\"625\">\u2219 les compatriotes \u00e9migr\u00e9s, qui ont besoin de rentrer d\u00e9finitivement en Italie pour des raisons \u00e9conomiques ou de sant\u00e9 ;<\/p>\n<p data-start=\"627\" data-end=\"662\">\u2219 les mineurs en \u00e9tat d\u2019abandon ;<\/p>\n<p data-start=\"664\" data-end=\"859\">\u2219 les malades mentaux (la proc\u00e9dure est dans ce cas tr\u00e8s complexe, car elle requiert la pr\u00e9sence d\u2019un ou plusieurs accompagnateurs qualifi\u00e9s ainsi que la disponibilit\u00e9 d\u2019h\u00f4pitaux sp\u00e9cialis\u00e9s) ;<\/p>\n<p data-start=\"861\" data-end=\"927\">\u2219 les citoyens italiens \u00e0 la fin de leur d\u00e9tention ou expuls\u00e9s ;<\/p>\n<p data-start=\"929\" data-end=\"1044\">\u2219 les personnes \u00e2g\u00e9es isol\u00e9es pour lesquelles une admission dans des maisons de retraite en Italie est demand\u00e9e ;<\/p>\n<p data-start=\"1046\" data-end=\"1150\" data-is-last-node=\"\" data-is-only-node=\"\">\u2219 les malades graves ne pouvant \u00eatre soign\u00e9s sur place en raison de l\u2019absence d\u2019installations ad\u00e9quates.<\/p>\n<\/article>\n<\/div>\n<\/div>\n<\/div>\n","protected":false},"excerpt":{"rendered":"Un domaine particuli\u00e8rement d\u00e9licat de l\u2019activit\u00e9 d\u2019assistance aux citoyens italiens \u00e0 l\u2019\u00e9tranger concerne le rapatriement des compatriotes se trouvant dans des pays \u00e9trangers dans des situations de graves difficult\u00e9s, impossibles \u00e0 r\u00e9soudre sur place. Les interventions de la Farnesina, en collaboration avec les autorit\u00e9s territoriales comp\u00e9tentes (Pr\u00e9fectures, Commissariats de police, Communes, Unit\u00e9s sanitaires locales, Services [&hellip;]","protected":false},"author":6,"featured_media":0,"parent":1774,"menu_order":15,"comment_status":"closed","ping_status":"closed","template":"","meta":{"footnotes":""},"class_list":["post-2000","page","type-page","status-publish","hentry"],"_links":{"self":[{"href":"https:\/\/consmetz.esteri.it\/fr\/wp-json\/wp\/v2\/pages\/2000","targetHints":{"allow":["GET"]}}],"collection":[{"href":"https:\/\/consmetz.esteri.it\/fr\/wp-json\/wp\/v2\/pages"}],"about":[{"href":"https:\/\/consmetz.esteri.it\/fr\/wp-json\/wp\/v2\/types\/page"}],"author":[{"embeddable":true,"href":"https:\/\/consmetz.esteri.it\/fr\/wp-json\/wp\/v2\/users\/6"}],"replies":[{"embeddable":true,"href":"https:\/\/consmetz.esteri.it\/fr\/wp-json\/wp\/v2\/comments?post=2000"}],"version-history":[{"count":2,"href":"https:\/\/consmetz.esteri.it\/fr\/wp-json\/wp\/v2\/pages\/2000\/revisions"}],"predecessor-version":[{"id":7322,"href":"https:\/\/consmetz.esteri.it\/fr\/wp-json\/wp\/v2\/pages\/2000\/revisions\/7322"}],"up":[{"embeddable":true,"href":"https:\/\/consmetz.esteri.it\/fr\/wp-json\/wp\/v2\/pages\/1774"}],"wp:attachment":[{"href":"https:\/\/consmetz.esteri.it\/fr\/wp-json\/wp\/v2\/media?parent=2000"}],"curies":[{"name":"wp","href":"https:\/\/api.w.org\/{rel}","templated":true}]}}