{"id":2023,"date":"2023-10-06T15:33:50","date_gmt":"2023-10-06T13:33:50","guid":{"rendered":"https:\/\/consmetz.esteri.it\/servizi-consolari-e-visti\/servizi-per-il-cittadino-italiano\/a-i-r-e-anagrafe-degli-italiani-allestero\/iscrizione-aire-modifica-o-trasferimento-della-residenza\/"},"modified":"2025-02-13T14:20:44","modified_gmt":"2025-02-13T13:20:44","slug":"iscrizione-aire-modifica-o-trasferimento-della-residenza","status":"publish","type":"page","link":"https:\/\/consmetz.esteri.it\/fr\/servizi-consolari-e-visti\/servizi-per-il-cittadino-italiano\/a-i-r-e-anagrafe-degli-italiani-allestero\/iscrizione-aire-modifica-o-trasferimento-della-residenza\/","title":{"rendered":"INSCRIPTION \u00e0 l\u2019AIRE \u2013 d\u00e9claration ou changement de la r\u00e9sidence"},"content":{"rendered":"<p><strong>L\u2019inscription \u00e0 l\u2019AIRE peut se faire de fa\u00e7on facile, rapide et gratuite, chez soi.<\/strong><\/p>\n<p><strong>Pour un traitement rapide de votre premi\u00e8re demande d\u2019inscription \u00e0 l\u2019AIRE ou pour une mise \u00e0 jour de votre r\u00e9sidence \u00e0 l\u2019\u00e9tranger, merci d\u2019utiliser le site internet FAST-IT.<\/strong><\/p>\n<p>Le Consulat G\u00e9n\u00e9ral enverra la demande \u00e0 la Commune italienne comp\u00e9tente. La confirmation de l\u2019inscription est envoy\u00e9e \u00e0 l\u2019int\u00e9ress\u00e9 directement par la Commune italienne et non pas par le Consulat G\u00e9n\u00e9ral.<\/p>\n<p>Vous pouvez consulter l\u2019avancement de votre dossier sur votre compte FAST IT. Si la demande se trouve dans l\u2019\u00e9tat \u00ab\u00a0<em>Trasmesso al Comune<\/em>\u00a0\u00bb, cela veut dire que le Consulat a compl\u00e9t\u00e9 ses d\u00e9marches. Si \u00e0 ce stade vous n\u2019avez pas re\u00e7u la notification d\u2019inscription \u00e0 l\u2019AIRE par mail de la part de la Commune italienne, vous pouvez les contacter.<\/p>\n<p>Pour acc\u00e9der au service FAST IT et pour s\u2019enregistrer, cliquez ici\u00a0:<br \/>\n<img loading=\"lazy\" decoding=\"async\" class=\"alignnone size-medium wp-image-4387 img-fluid\" src=\"https:\/\/consmetz.esteri.it\/wp-content\/uploads\/2025\/02\/fast-it-300x84.png\" alt=\"\" width=\"300\" height=\"84\" srcset=\"https:\/\/consmetz.esteri.it\/wp-content\/uploads\/2025\/02\/fast-it-300x84.png 300w, https:\/\/consmetz.esteri.it\/wp-content\/uploads\/2025\/02\/fast-it.png 353w\" sizes=\"auto, (max-width: 300px) 100vw, 300px\" \/><br \/>\n<strong>\u25ba<\/strong><u><a href=\"https:\/\/serviziconsolari.esteri.it\/ScoFE\/index.sco\"><strong>https:\/\/serviziconsolarionline.esteri.it<\/strong><\/a><\/u><\/p>\n<p>ATTENTION : La cr\u00e9ation d\u2019un compte utilisateur sur le site FAST IT et l\u2019inscription \u00e0 l\u2019AIRE sont deux \u00e9tapes distinctes\u00a0:<\/p>\n<ul>\n<li>Avant de commencer vous devez conna\u00eetre votre Consulat comp\u00e9tent par votre lieu de r\u00e9sidence. Pour le trouver, visitez cette page\u00a0: \u25ba<em><u><a href=\"https:\/\/serviziconsolarionline.esteri.it\/ScoFE\/services\/consulate\/find-consulate.sco?sCode=%28null%29\"><strong>Trovare il proprio Consolato di competenza<\/strong><\/a><\/u><\/em><em><em><u>.<\/u><\/em><\/em><\/li>\n<li>Apr\u00e8s avoir cr\u00e9\u00e9 votre compte sur le site FAST IT <u>et l\u2019avoir activ\u00e9<\/u>, l\u2019inscription \u00e0 l\u2019AIRE <strong>n\u2019est pas automatique<\/strong>. Pour vous inscrire \u00e0 l\u2019AIRE il faut acc\u00e9der une nouvelle fois sur le site FAST IT et depuis la page d\u2019accueil cliquer sur \u00ab\u00a0<em>Richiesta di iscrizione all&rsquo;Anagrafe degli Italiani all&rsquo;Estero<\/em>\u00bb pour une premi\u00e8re inscription au registre de l\u2019AIRE ou sur \u00ab\u00a0<em>Comunicazione di Variazione Residenza<\/em>\u00a0\u00bb, pour communiquer le changement d\u2019adresse.<\/li>\n<\/ul>\n<p>&nbsp;<\/p>\n<h3 style=\"text-align: center;\"><strong>Si votre Consulat est Metz, vous pouvez suivre nos TUTORIELS pour vous inscrire au registre AIRE\u00a0:<\/strong><\/h3>\n<p style=\"text-align: center;\"><img loading=\"lazy\" decoding=\"async\" class=\"size-medium wp-image-3992 img-fluid alignnone\" src=\"https:\/\/consmetz.esteri.it\/wp-content\/uploads\/2024\/11\/1-300x300.png\" alt=\"\" width=\"300\" height=\"300\" srcset=\"https:\/\/consmetz.esteri.it\/wp-content\/uploads\/2024\/11\/1-300x300.png 300w, https:\/\/consmetz.esteri.it\/wp-content\/uploads\/2024\/11\/1-1024x1024.png 1024w, https:\/\/consmetz.esteri.it\/wp-content\/uploads\/2024\/11\/1-150x150.png 150w, https:\/\/consmetz.esteri.it\/wp-content\/uploads\/2024\/11\/1-768x768.png 768w, https:\/\/consmetz.esteri.it\/wp-content\/uploads\/2024\/11\/1.png 1080w\" sizes=\"auto, (max-width: 300px) 100vw, 300px\" \/><\/p>\n<p style=\"text-align: center;\"><strong>GUIDE PAR IMAGES (ITA)* <\/strong><strong>\u25ba<\/strong><a href=\"https:\/\/www.instagram.com\/p\/DC4TsceM78C\/?utm_source=ig_web_copy_link&amp;igsh=MzRlODBiNWFlZA==\">visitez notre page Instagram<\/a><\/p>\n<p style=\"text-align: center;\"><strong>GUIDE DETAILLEE PAR IMAGES<\/strong>\u00a0<strong>(ITA)*<\/strong>:\u00a0<a href=\"https:\/\/consmetz.esteri.it\/wp-content\/uploads\/2024\/11\/REGISTRAZIONE-FAST-IT-ISCRIZIONE-AIRE-1.pdf\">t\u00e9l\u00e9charge le PDF<\/a><\/p>\n<p style=\"text-align: center;\"><em>*Le guide est uniquement en italien car il n\u2019existe pas encore de version fran\u00e7aise du site FAST IT.<\/em><\/p>\n<p><strong>\u00a0<\/strong><\/p>\n<p><strong>\u00a0<\/strong><strong>QUESTIONS FREQUENTES<\/strong><\/p>\n<p><strong>\u25ba<\/strong><strong>Pourquoi le service FAST IT me demande une v\u00e9rification d\u2019identit\u00e9 ?<br \/>\n<\/strong>Cela arrive si vos informations sont d\u00e9j\u00e0 pr\u00e9sentes dans nos registres consulaires. FAST IT autorise un seul compte par citoyen. Dans ce cas, pour proc\u00e9der, il faut d\u2019abord v\u00e9rifier l\u2019 identit\u00e9.<\/p>\n<p><strong>\u25ba<\/strong><strong>Que signifie \u00ab\u00a0associato\u00a0\u00bb\u00a0? <\/strong><strong>Qu\u2019est-ce \u00ab l\u2019associazione \u00bb ?<br \/>\n<\/strong>L\u2019association (\u00ab\u00a0associazione\u00a0\u00bb) ou \u00ab\u00a0ASON\u00a0\u00bb est la proc\u00e9dure qui connecte un nouveau compte sur le site FAST IT \u00e0 un dossier d\u00e9j\u00e0 existant dans nos registres consulaires. Si le compte est associ\u00e9 (\u00ab\u00a0associato\u00a0\u00bb), cela signifie que l\u2019identit\u00e9 a \u00e9t\u00e9 confirm\u00e9e et donc l\u2019association est r\u00e9ussie. Si, en revanche, la demande d\u2019association ASON est refus\u00e9e, cela signifie qu\u2019il existe d\u00e9j\u00e0 un compte sur le site FAST IT \u00e0 votre nom. Utilisez donc le service de r\u00e9cup\u00e9ration du mot de passe pour acc\u00e9der au premier compte cr\u00e9e.<\/p>\n<p><strong>\u25ba<\/strong><strong>Si vous vous \u00eates tromp\u00e9 sur votre lieu de r\u00e9sidence et si votre profil est associ\u00e9 \u00e0 un Consulat erron\u00e9, que faire\u00a0?<\/strong><br \/>\nIl faudra d\u00e9clarer \u00e0 nouveau sa r\u00e9sidence pour corriger son Consulat de rattachement. Suivez le parcours <em>Anagrafe Consolare e AIRE<\/em>\u00a0&gt; <em>Comunicare la variazione del proprio indirizzo all\u2019estero<\/em>&gt;Cliquez sur le bouton \u00ab\u00a0<em>Richiedere il servizio<\/em>\u00a0\u00bb et suivre la proc\u00e9dure.<\/p>\n<p><strong>\u25ba<\/strong><strong>Suite au changement d\u2019adresse mon Consulat de rattachement a chang\u00e9 et on me demande une nouvelle inscription AIRE. Est-ce normal\u00a0?<\/strong><br \/>\nOui, cette proc\u00e9dure vous n\u2019annule pas l\u2019ancienne inscription AIRE, ni l\u2019interrompt. Le service FAST IT vous demandera \u00e0 nouveau toutes vos informations afin de les communiquer au nouveau Consulat de rattachement.<\/p>\n","protected":false},"excerpt":{"rendered":"L\u2019inscription \u00e0 l\u2019AIRE peut se faire de fa\u00e7on facile, rapide et gratuite, chez soi. Pour un traitement rapide de votre premi\u00e8re demande d\u2019inscription \u00e0 l\u2019AIRE ou pour une mise \u00e0 jour de votre r\u00e9sidence \u00e0 l\u2019\u00e9tranger, merci d\u2019utiliser le site internet FAST-IT. Le Consulat G\u00e9n\u00e9ral enverra la demande \u00e0 la Commune italienne comp\u00e9tente. La confirmation [&hellip;]","protected":false},"author":9,"featured_media":0,"parent":1676,"menu_order":5,"comment_status":"closed","ping_status":"closed","template":"","meta":{"footnotes":""},"class_list":["post-2023","page","type-page","status-publish","hentry"],"_links":{"self":[{"href":"https:\/\/consmetz.esteri.it\/fr\/wp-json\/wp\/v2\/pages\/2023","targetHints":{"allow":["GET"]}}],"collection":[{"href":"https:\/\/consmetz.esteri.it\/fr\/wp-json\/wp\/v2\/pages"}],"about":[{"href":"https:\/\/consmetz.esteri.it\/fr\/wp-json\/wp\/v2\/types\/page"}],"author":[{"embeddable":true,"href":"https:\/\/consmetz.esteri.it\/fr\/wp-json\/wp\/v2\/users\/9"}],"replies":[{"embeddable":true,"href":"https:\/\/consmetz.esteri.it\/fr\/wp-json\/wp\/v2\/comments?post=2023"}],"version-history":[{"count":4,"href":"https:\/\/consmetz.esteri.it\/fr\/wp-json\/wp\/v2\/pages\/2023\/revisions"}],"predecessor-version":[{"id":4395,"href":"https:\/\/consmetz.esteri.it\/fr\/wp-json\/wp\/v2\/pages\/2023\/revisions\/4395"}],"up":[{"embeddable":true,"href":"https:\/\/consmetz.esteri.it\/fr\/wp-json\/wp\/v2\/pages\/1676"}],"wp:attachment":[{"href":"https:\/\/consmetz.esteri.it\/fr\/wp-json\/wp\/v2\/media?parent=2023"}],"curies":[{"name":"wp","href":"https:\/\/api.w.org\/{rel}","templated":true}]}}