{"id":2145,"date":"2023-10-16T16:28:47","date_gmt":"2023-10-16T14:28:47","guid":{"rendered":"https:\/\/consmetz.esteri.it\/servizi-consolari-e-visti\/servizi-per-il-cittadino-italiano\/a-i-r-e-anagrafe-degli-italiani-allestero\/rimpatrio-2\/"},"modified":"2025-02-14T11:54:40","modified_gmt":"2025-02-14T10:54:40","slug":"rimpatrio-2","status":"publish","type":"page","link":"https:\/\/consmetz.esteri.it\/fr\/servizi-consolari-e-visti\/servizi-per-il-cittadino-italiano\/a-i-r-e-anagrafe-degli-italiani-allestero\/rimpatrio-2\/","title":{"rendered":"Rapatriement"},"content":{"rendered":"<p>Les citoyens inscrits \u00e0 l\u2019AIRE qui rentrent en Italie d\u00e9finitivement doivent se pr\u00e9senter aupr\u00e8s de leur Commune italienne de r\u00e9sidence pour d\u00e9clarer leur nouvelle adresse.<\/p>\n<p>Ce sera la Commune italienne qui communiquera la date officielle du rapatriement au Consulat d\u2019Italie \u00e0 Metz.<\/p>\n<p>Elle s\u2019occupera \u00e9galement de radier le citoyen du registre de l\u2019AIRE (registre des italiens \u00e0 l\u2019\u00e9tranger) pour l\u2019inscrire dans le registre ANPR (registre national de la population r\u00e9sidente.<\/p>\n","protected":false},"excerpt":{"rendered":"Les citoyens inscrits \u00e0 l\u2019AIRE qui rentrent en Italie d\u00e9finitivement doivent se pr\u00e9senter aupr\u00e8s de leur Commune italienne de r\u00e9sidence pour d\u00e9clarer leur nouvelle adresse. Ce sera la Commune italienne qui communiquera la date officielle du rapatriement au Consulat d\u2019Italie \u00e0 Metz. Elle s\u2019occupera \u00e9galement de radier le citoyen du registre de l\u2019AIRE (registre des [&hellip;]","protected":false},"author":9,"featured_media":0,"parent":1676,"menu_order":15,"comment_status":"closed","ping_status":"closed","template":"","meta":{"footnotes":""},"class_list":["post-2145","page","type-page","status-publish","hentry"],"_links":{"self":[{"href":"https:\/\/consmetz.esteri.it\/fr\/wp-json\/wp\/v2\/pages\/2145","targetHints":{"allow":["GET"]}}],"collection":[{"href":"https:\/\/consmetz.esteri.it\/fr\/wp-json\/wp\/v2\/pages"}],"about":[{"href":"https:\/\/consmetz.esteri.it\/fr\/wp-json\/wp\/v2\/types\/page"}],"author":[{"embeddable":true,"href":"https:\/\/consmetz.esteri.it\/fr\/wp-json\/wp\/v2\/users\/9"}],"replies":[{"embeddable":true,"href":"https:\/\/consmetz.esteri.it\/fr\/wp-json\/wp\/v2\/comments?post=2145"}],"version-history":[{"count":2,"href":"https:\/\/consmetz.esteri.it\/fr\/wp-json\/wp\/v2\/pages\/2145\/revisions"}],"predecessor-version":[{"id":4458,"href":"https:\/\/consmetz.esteri.it\/fr\/wp-json\/wp\/v2\/pages\/2145\/revisions\/4458"}],"up":[{"embeddable":true,"href":"https:\/\/consmetz.esteri.it\/fr\/wp-json\/wp\/v2\/pages\/1676"}],"wp:attachment":[{"href":"https:\/\/consmetz.esteri.it\/fr\/wp-json\/wp\/v2\/media?parent=2145"}],"curies":[{"name":"wp","href":"https:\/\/api.w.org\/{rel}","templated":true}]}}