{"id":2148,"date":"2023-10-16T16:23:36","date_gmt":"2023-10-16T14:23:36","guid":{"rendered":"https:\/\/consmetz.esteri.it\/servizi-consolari-e-visti\/servizi-per-il-cittadino-italiano\/a-i-r-e-anagrafe-degli-italiani-allestero\/iscrizione-aire-minori-2\/"},"modified":"2025-02-14T11:54:12","modified_gmt":"2025-02-14T10:54:12","slug":"iscrizione-aire-minori-2","status":"publish","type":"page","link":"https:\/\/consmetz.esteri.it\/fr\/servizi-consolari-e-visti\/servizi-per-il-cittadino-italiano\/a-i-r-e-anagrafe-degli-italiani-allestero\/iscrizione-aire-minori-2\/","title":{"rendered":"Inscription des mineurs \u00e0 l&rsquo;AIRE"},"content":{"rendered":"<p><strong>INSCRIPTION A L\u2019AIRE D\u2019UN MINEUR NE EN FRANCE (PARENTS DEJA INSCRITS A L\u2019AIRE)<\/strong><\/p>\n<p>Pour demander l\u2019inscription \u00e0 l\u2019AIRE d\u2019un mineur, les parents d\u00e9j\u00e0 inscrits \u00e0 l\u2019AIRE dans la circonscription de Metz doivent d\u00e9clarer la naissance en suivant les instructions pr\u00e9sentes \u00e0 la page&gt; <strong>Etat Civil<\/strong>&gt; <a href=\"https:\/\/consmetz.esteri.it\/it\/servizi-consolari-e-visti\/servizi-per-il-cittadino-italiano\/stato-civile-etat-civil\/nascita\/\"><strong>Naissance<\/strong><\/a><\/p>\n<p>La demande d\u2019inscription \u00e0 l\u2019AIRE du mineur et son acte de naissance seront envoy\u00e9s en Italie au m\u00eame temps.<\/p>\n<p>La confirmation d\u2019inscription sera communiqu\u00e9e aux parents par la Commune italienne.<\/p>\n<p><strong><br \/>\nINSCRIPTION A L\u2019AIRE D\u2019UN MINEUR QUI VIT AVEC LES DEUX PARENTS<\/strong><\/p>\n<p>Si le mineur vit avec les deux parents, il suffira de <strong>pr\u00e9senter la demande d\u2019inscription AIRE pour toute la famille via le site <\/strong><a href=\"https:\/\/serviziconsolari.esteri.it\/\"><strong>FAST IT<\/strong><\/a> (l\u2019un des parents peut pr\u00e9senter la demande et y inclure toutes les personnes du foyer). Les deux parents devront signer cette demande.<\/p>\n<p>&nbsp;<\/p>\n<p><strong>INSCRIPTION A L\u2019AIRE D\u2019UN MINEUR QUI VIT AVEC UN SEUL PARENT<\/strong><\/p>\n<ul>\n<li><u>SI LE PARENT EST ITALIEN<\/u><\/li>\n<\/ul>\n<p>La demande peut \u00eatre pr\u00e9sent\u00e9e via le site <a href=\"https:\/\/serviziconsolari.esteri.it\/\">FAST IT<\/a> par le parent italien. L\u2019autre parent devra tout de m\u00eame signer le formulaire de demande d\u2019inscription AIRE pour les mineurs afin de donner son accord <strong>\u25ba<\/strong><strong><a href=\"https:\/\/consmetz.esteri.it\/it\/servizi-consolari-e-visti\/servizi-per-il-cittadino-italiano\/modulistica-per-i-cittadini-italiani\/\">Modulistica<\/a><\/strong><\/p>\n<ul>\n<li><u>SI LE PARENT N\u2019EST PAS ITALIEN<\/u><\/li>\n<\/ul>\n<p>La demande ne peut pas \u00eatre pr\u00e9sent\u00e9e via le site FAST IT.<\/p>\n<p>Merci d\u2019envoyer vos demandes au service de l\u2019AIRE par mail (aire.metz@esteri.it) ou par la poste.<\/p>\n<p><u>Documents \u00e0 joindre\u00a0:<\/u><\/p>\n<ul>\n<li>Formulaire de demande d\u2019inscription \u00e0 l\u2019AIRE pour les mineurs <a href=\"https:\/\/consmetz.esteri.it\/it\/servizi-consolari-e-visti\/servizi-per-il-cittadino-italiano\/modulistica-per-i-cittadini-italiani\/\"><strong>\u25ba<\/strong><strong>Modulistica<\/strong><\/a><br \/>\nsign\u00e9e par les deux parents<\/li>\n<li>Copie recto\/verso des documents d\u2019identit\u00e9 des parents<\/li>\n<li>Copie recto\/verso des documents d\u2019identit\u00e9 du mineur<\/li>\n<li>Justificatif de domicile r\u00e9cent du parent qui vit avec le mineur<\/li>\n<\/ul>\n<p>&nbsp;<\/p>\n","protected":false},"excerpt":{"rendered":"INSCRIPTION A L\u2019AIRE D\u2019UN MINEUR NE EN FRANCE (PARENTS DEJA INSCRITS A L\u2019AIRE) Pour demander l\u2019inscription \u00e0 l\u2019AIRE d\u2019un mineur, les parents d\u00e9j\u00e0 inscrits \u00e0 l\u2019AIRE dans la circonscription de Metz doivent d\u00e9clarer la naissance en suivant les instructions pr\u00e9sentes \u00e0 la page&gt; Etat Civil&gt; Naissance La demande d\u2019inscription \u00e0 l\u2019AIRE du mineur et son [&hellip;]","protected":false},"author":9,"featured_media":0,"parent":1676,"menu_order":10,"comment_status":"closed","ping_status":"closed","template":"","meta":{"footnotes":""},"class_list":["post-2148","page","type-page","status-publish","hentry"],"_links":{"self":[{"href":"https:\/\/consmetz.esteri.it\/fr\/wp-json\/wp\/v2\/pages\/2148","targetHints":{"allow":["GET"]}}],"collection":[{"href":"https:\/\/consmetz.esteri.it\/fr\/wp-json\/wp\/v2\/pages"}],"about":[{"href":"https:\/\/consmetz.esteri.it\/fr\/wp-json\/wp\/v2\/types\/page"}],"author":[{"embeddable":true,"href":"https:\/\/consmetz.esteri.it\/fr\/wp-json\/wp\/v2\/users\/9"}],"replies":[{"embeddable":true,"href":"https:\/\/consmetz.esteri.it\/fr\/wp-json\/wp\/v2\/comments?post=2148"}],"version-history":[{"count":2,"href":"https:\/\/consmetz.esteri.it\/fr\/wp-json\/wp\/v2\/pages\/2148\/revisions"}],"predecessor-version":[{"id":4456,"href":"https:\/\/consmetz.esteri.it\/fr\/wp-json\/wp\/v2\/pages\/2148\/revisions\/4456"}],"up":[{"embeddable":true,"href":"https:\/\/consmetz.esteri.it\/fr\/wp-json\/wp\/v2\/pages\/1676"}],"wp:attachment":[{"href":"https:\/\/consmetz.esteri.it\/fr\/wp-json\/wp\/v2\/media?parent=2148"}],"curies":[{"name":"wp","href":"https:\/\/api.w.org\/{rel}","templated":true}]}}