{"id":2177,"date":"2023-10-09T15:47:08","date_gmt":"2023-10-09T13:47:08","guid":{"rendered":"https:\/\/consmetz.esteri.it\/servizi-consolari-e-visti\/servizi-per-il-cittadino-straniero\/modulistica-per-i-cittadini-stranieri-2\/"},"modified":"2023-10-17T15:21:14","modified_gmt":"2023-10-17T13:21:14","slug":"modulistica-per-i-cittadini-stranieri-2","status":"publish","type":"page","link":"https:\/\/consmetz.esteri.it\/fr\/servizi-consolari-e-visti\/servizi-per-il-cittadino-straniero\/modulistica-per-i-cittadini-stranieri-2\/","title":{"rendered":"Formulaires pour les citoyens non italiens"},"content":{"rendered":"<p><strong>Nationalit\u00e9<\/strong><\/p>\n<ul>\n<li><a href=\"https:\/\/consmetz.esteri.it\/wp-content\/uploads\/2023\/10\/FORMULARIO-CITTADINANZA-PER-DISCENDENZA.pdf\" target=\"_blank\" rel=\"noopener\">Formulaire de demande de nationalit\u00e9 par descendance<\/a><\/li>\n<\/ul>\n<p>&nbsp;<\/p>\n<p><strong>D\u00e9claration de valeurs de dipl\u00f4mes fran\u00e7ais\u00a0<\/strong><\/p>\n<ul>\n<li><a href=\"https:\/\/consmetz.esteri.it\/wp-content\/uploads\/2023\/05\/RICHIESTA-DICHIARAZIONE-DI-VALORE.pdf\" target=\"_blank\" rel=\"noopener\">Formulaire de demande de d\u00e9claration de valeur<\/a><\/li>\n<\/ul>\n","protected":false},"excerpt":{"rendered":"Nationalit\u00e9 Formulaire de demande de nationalit\u00e9 par descendance &nbsp; D\u00e9claration de valeurs de dipl\u00f4mes fran\u00e7ais\u00a0 Formulaire de demande de d\u00e9claration de valeur","protected":false},"author":9,"featured_media":0,"parent":120,"menu_order":30,"comment_status":"closed","ping_status":"closed","template":"","meta":{"footnotes":""},"class_list":["post-2177","page","type-page","status-publish","hentry"],"_links":{"self":[{"href":"https:\/\/consmetz.esteri.it\/fr\/wp-json\/wp\/v2\/pages\/2177","targetHints":{"allow":["GET"]}}],"collection":[{"href":"https:\/\/consmetz.esteri.it\/fr\/wp-json\/wp\/v2\/pages"}],"about":[{"href":"https:\/\/consmetz.esteri.it\/fr\/wp-json\/wp\/v2\/types\/page"}],"author":[{"embeddable":true,"href":"https:\/\/consmetz.esteri.it\/fr\/wp-json\/wp\/v2\/users\/9"}],"replies":[{"embeddable":true,"href":"https:\/\/consmetz.esteri.it\/fr\/wp-json\/wp\/v2\/comments?post=2177"}],"version-history":[{"count":1,"href":"https:\/\/consmetz.esteri.it\/fr\/wp-json\/wp\/v2\/pages\/2177\/revisions"}],"predecessor-version":[{"id":2178,"href":"https:\/\/consmetz.esteri.it\/fr\/wp-json\/wp\/v2\/pages\/2177\/revisions\/2178"}],"up":[{"embeddable":true,"href":"https:\/\/consmetz.esteri.it\/fr\/wp-json\/wp\/v2\/pages\/120"}],"wp:attachment":[{"href":"https:\/\/consmetz.esteri.it\/fr\/wp-json\/wp\/v2\/media?parent=2177"}],"curies":[{"name":"wp","href":"https:\/\/api.w.org\/{rel}","templated":true}]}}