{"id":2181,"date":"2023-06-20T09:38:47","date_gmt":"2023-06-20T07:38:47","guid":{"rendered":"https:\/\/consmetz.esteri.it\/servizi-consolari-e-visti\/servizi-per-il-cittadino-italiano\/carte-didentita\/carte-didentita-documenti-richiesti-e-formulari-da-scaricare\/"},"modified":"2026-02-19T13:10:47","modified_gmt":"2026-02-19T12:10:47","slug":"carte-didentita-documenti-richiesti-e-formulari-da-scaricare","status":"publish","type":"page","link":"https:\/\/consmetz.esteri.it\/fr\/servizi-consolari-e-visti\/servizi-per-il-cittadino-italiano\/carte-didentita\/carte-didentita-documenti-richiesti-e-formulari-da-scaricare\/","title":{"rendered":"Carte d&rsquo;identit\u00e9 \u00e9lectronique &#8211; documents demand\u00e9s et formulaires"},"content":{"rendered":"<h2>DEMANDE DE CIE AUPRES DU CONSULAT GENERAL D&rsquo;ITALIE A METZ<\/h2>\n<p>Avant de prendre rendez-vous pour la carte d\u2019identit\u00e9 \u00e9lectronique via le service <a href=\"https:\/\/consmetz.esteri.it\/consolato_metz\/it\/i_servizi\/per_i_cittadini\/prenota-online-istruzioni-e-link.html\"><strong>Prenot@Mi<\/strong><\/a>, veuillez v\u00e9rifier que vous \u00eates en possession de toute la documentation requise.<\/p>\n<p>\u25ba V\u00e9rifier que vous \u00eates <a href=\"https:\/\/consmetz.esteri.it\/fr\/servizi-consolari-e-visti\/servizi-per-il-cittadino-italiano\/a-i-r-e-anagrafe-degli-italiani-allestero\/\"><strong>inscrit \u00e0 l\u2019AIRE<\/strong><\/a>, faute de quoi la carte d\u2019identit\u00e9 \u00e9lectronique ne pourra pas \u00eatre d\u00e9livr\u00e9e.<\/p>\n<p>\ud83d\udea8 <span style=\"text-decoration: underline;\">\u00c0 partir du 01\/06\/2026, les personnes inscrites \u00e0 l\u2019AIRE pourront \u00e9galement en faire la demande aupr\u00e8s de n\u2019importe quelle commune italienne.<\/span><br data-start=\"159\" data-end=\"162\" \/>Les informations ci-dessous <strong>se r\u00e9f\u00e8rent exclusivement aux cartes d\u2019identit\u00e9 \u00e9lectroniques (CIE) demand\u00e9es aupr\u00e8s du Consulat g\u00e9n\u00e9ral d\u2019Italie \u00e0 Metz<\/strong>.<\/p>\n<p><strong>DOCUMENTATION REQUISE POUR LA D\u00c9LIVRANCE DE LA CARTE D\u2019IDENTIT\u00c9<\/strong><\/p>\n<ul>\n<li>Une photo d\u2019identit\u00e9 biom\u00e9trique r\u00e9cente ;<\/li>\n<li>L\u2019ancienne carte d\u2019identit\u00e9 (m\u00eame expir\u00e9e) ;<\/li>\n<li>Un document d\u2019identit\u00e9 italien en cours de validit\u00e9 <em>ou<\/em> un document d\u2019identit\u00e9 italien expir\u00e9 accompagn\u00e9 d\u2019un <em>titre de s\u00e9jour<\/em> fran\u00e7ais encore valide ;<\/li>\n<li>Formulaire de demande sign\u00e9 par les deux parents si le demandeur est mineur de moins de 18 ans (<a href=\"https:\/\/consmetz.esteri.it\/fr\/servizi-consolari-e-visti\/servizi-per-il-cittadino-italiano\/modulistica-per-i-cittadini-italiani\/\" target=\"_blank\" rel=\"noopener\">\u25ba<strong>Modulistica<\/strong><\/a>) ;<\/li>\n<li>Justificatif de paiement, effectu\u00e9 au moins 5 jours avant le rendez-vous, par virement bancaire (en indiquant le nom et le pr\u00e9nom dans le motif du virement) :<\/li>\n<li>21,95 \u20ac en cas de premi\u00e8re d\u00e9livrance de la CIE ou de renouvellement ;<\/li>\n<li>27,11 \u20ac en cas de duplicata pour vol, perte ou d\u00e9t\u00e9rioration d\u2019une CIE encore en cours de validit\u00e9.<\/li>\n<\/ul>\n<p>Afin d\u2019\u00e9viter tout paiement erron\u00e9, veuillez lire attentivement ce qui suit :<\/p>\n<p>Par D\u00c9LIVRANCE, on entend la premi\u00e8re \u00e9mission de la CIE (les personnes demandant la carte \u00e9lectronique pour la premi\u00e8re fois devront donc payer 21,95 \u20ac).<\/p>\n<p>Par RENOUVELLEMENT, on entend la d\u00e9livrance d\u2019une nouvelle CIE en remplacement de la pr\u00e9c\u00e9dente CIE expir\u00e9e.<\/p>\n<p>Par DUPLICATA, on entend la d\u00e9livrance d\u2019une nouvelle CIE en remplacement de la pr\u00e9c\u00e9dente CIE en cas de perte, vol, d\u00e9t\u00e9rioration ou de demande effectu\u00e9e plus de 180 jours avant la date d\u2019expiration.<\/p>\n<p>Modalit\u00e9s de paiement : <strong>IBAN<\/strong> : FR76 3008 7333 0000 0246 6500 569 <strong>BIC<\/strong> : CMCIFRPP<\/p>\n<p><span style=\"text-decoration: underline;\"><strong>\ud83d\udea8ATTENTION :<\/strong><\/span><\/p>\n<p>Si la carte d\u2019identit\u00e9 italienne est expir\u00e9e ou s\u2019il s\u2019agit d\u2019une premi\u00e8re d\u00e9livrance, il est \u00e9galement n\u00e9cessaire de pr\u00e9senter un <strong>document d\u2019identit\u00e9 italien en cours de validit\u00e9<\/strong> <em>ou<\/em> un <em>titre de s\u00e9jour fran\u00e7ais<\/em> en cours de validit\u00e9 ;<br \/>\n\u26a0\ufe0f Dans le cas o\u00f9 il ne serait pas possible de pr\u00e9senter ces documents d\u2019identit\u00e9, le service proc\u00e9dera \u00e0 des contr\u00f4les suppl\u00e9mentaires et pourra demander la fourniture de documents compl\u00e9mentaires (par ex. certificat de nationalit\u00e9 fran\u00e7aise indiquant la date et les modalit\u00e9s d\u2019acquisition).<\/p>\n<p>Pour les instructions compl\u00e8tes, veuillez consulter la page <strong>\u25ba<a href=\"https:\/\/consmetz.esteri.it\/fr\/servizi-consolari-e-visti\/servizi-per-il-cittadino-italiano\/modulistica-per-i-cittadini-italiani\/\" target=\"_blank\" rel=\"noopener\">Modulistica<\/a><\/strong><\/p>\n<p><strong>CARACT\u00c9RISTIQUES DES PHOTOGRAPHIES ACCEPT\u00c9ES<\/strong><\/p>\n<p>Normes photographiques conformes pour documents (<a href=\"https:\/\/consmetz.esteri.it\/wp-content\/uploads\/2023\/05\/NORME-ICAO-FOTO-PER-PASSAPORTI.pdf\"><strong>normes ICAO<\/strong><\/a>)<\/p>\n<p><strong>Pour t\u00e9l\u00e9charger les FORMULAIRES, consulter la page \u25ba<a href=\"https:\/\/consmetz.esteri.it\/fr\/servizi-consolari-e-visti\/servizi-per-il-cittadino-italiano\/modulistica-per-i-cittadini-italiani\/\" target=\"_blank\" rel=\"noopener\">Modulistica<\/a><\/strong><\/p>\n","protected":false},"excerpt":{"rendered":"DEMANDE DE CIE AUPRES DU CONSULAT GENERAL D&rsquo;ITALIE A METZ Avant de prendre rendez-vous pour la carte d\u2019identit\u00e9 \u00e9lectronique via le service Prenot@Mi, veuillez v\u00e9rifier que vous \u00eates en possession de toute la documentation requise. \u25ba V\u00e9rifier que vous \u00eates inscrit \u00e0 l\u2019AIRE, faute de quoi la carte d\u2019identit\u00e9 \u00e9lectronique ne pourra pas \u00eatre d\u00e9livr\u00e9e. [&hellip;]","protected":false},"author":9,"featured_media":0,"parent":1772,"menu_order":0,"comment_status":"closed","ping_status":"closed","template":"","meta":{"footnotes":""},"class_list":["post-2181","page","type-page","status-publish","hentry"],"_links":{"self":[{"href":"https:\/\/consmetz.esteri.it\/fr\/wp-json\/wp\/v2\/pages\/2181","targetHints":{"allow":["GET"]}}],"collection":[{"href":"https:\/\/consmetz.esteri.it\/fr\/wp-json\/wp\/v2\/pages"}],"about":[{"href":"https:\/\/consmetz.esteri.it\/fr\/wp-json\/wp\/v2\/types\/page"}],"author":[{"embeddable":true,"href":"https:\/\/consmetz.esteri.it\/fr\/wp-json\/wp\/v2\/users\/9"}],"replies":[{"embeddable":true,"href":"https:\/\/consmetz.esteri.it\/fr\/wp-json\/wp\/v2\/comments?post=2181"}],"version-history":[{"count":4,"href":"https:\/\/consmetz.esteri.it\/fr\/wp-json\/wp\/v2\/pages\/2181\/revisions"}],"predecessor-version":[{"id":7578,"href":"https:\/\/consmetz.esteri.it\/fr\/wp-json\/wp\/v2\/pages\/2181\/revisions\/7578"}],"up":[{"embeddable":true,"href":"https:\/\/consmetz.esteri.it\/fr\/wp-json\/wp\/v2\/pages\/1772"}],"wp:attachment":[{"href":"https:\/\/consmetz.esteri.it\/fr\/wp-json\/wp\/v2\/media?parent=2181"}],"curies":[{"name":"wp","href":"https:\/\/api.w.org\/{rel}","templated":true}]}}