{"id":2185,"date":"2023-05-15T12:57:12","date_gmt":"2023-05-15T10:57:12","guid":{"rendered":"https:\/\/consmetz.esteri.it\/servizi-consolari-e-visti\/servizi-per-il-cittadino-italiano\/assistenza-consolare\/protezione-giuridica-dei-cittadini-italiani-residenti-nella-circoscrizione-consolare\/"},"modified":"2026-01-28T13:10:08","modified_gmt":"2026-01-28T12:10:08","slug":"protezione-giuridica-dei-cittadini-italiani-residenti-nella-circoscrizione-consolare","status":"publish","type":"page","link":"https:\/\/consmetz.esteri.it\/fr\/servizi-consolari-e-visti\/servizi-per-il-cittadino-italiano\/assistenza-consolare\/protezione-giuridica-dei-cittadini-italiani-residenti-nella-circoscrizione-consolare\/","title":{"rendered":"Protection juridique des italiens r\u00e9sidant dans cette circonscription consulaire"},"content":{"rendered":"<div class=\"container\">\n<div id=\"main\" role=\"main\">\n<div class=\"row\">\n<article id=\"articolo_centro\" class=\"col-md-19 col-sm-19 padding_articolo item-page\" role=\"main\" aria-label=\"articolo\">Le Consulat G\u00e9n\u00e9ral est un service public, \u00e9manation du Minist\u00e8re des Affaires \u00c9trang\u00e8res \u00e0 Rome. En aucun cas le bureau consulaire ne peut intervenir dans des affaires de droit priv\u00e9 ou des litiges devant les tribunaux italiens ou fran\u00e7ais.<br \/>\nLes int\u00e9ress\u00e9s doivent obligatoirement recourir \u00e0 l\u2019assistance d\u2019un avocat pour des affaires \u00e0 engager devant les juridictions civiles, p\u00e9nales ou administratives italiennes ou fran\u00e7aises. Pour acc\u00e9der \u00e0 l\u2019Albo des Avocats en Italie, cliquez sur l\u2019un des liens suivants :<br \/>\n&#8211; <a href=\"http:\/\/www.albonazionaleavvocati.it\/\"><strong>Albo degli Avvocati d&rsquo;Italia<\/strong><\/a> (classement par r\u00e9gion)<br \/>\n&#8211; <a href=\"http:\/\/www.ordineavvocati.it\/index.php?id=13\"><strong>Les Avocats d&rsquo;Italie<\/strong> (moteur de recherche)<\/a><\/p>\n<hr \/>\n<h2>Protection consulaire<\/h2>\n<p>Dans le cadre de la protection et de l\u2019assistance consulaires, de nombreuses interventions concernent les citoyens confront\u00e9s \u00e0 des probl\u00e8mes avec la justice locale ou impliqu\u00e9s dans des accidents ; le rapatriement des corps ; la recherche de compatriotes dont on n\u2019a plus de nouvelles ; l\u2019assistance aux parents italiens \u00e0 qui le conjoint \u00e9tranger ou \u00e0 double nationalit\u00e9 aurait enlev\u00e9 un enfant en l\u2019emmenant \u00e0 l\u2019\u00e9tranger.<\/p>\n<p>En cas d\u2019accidents survenus \u00e0 l\u2019\u00e9tranger, les repr\u00e9sentations diplomatiques et consulaires s\u2019assurent que les citoyens re\u00e7oivent des soins m\u00e9dicaux appropri\u00e9s sur place, que les familles soient correctement inform\u00e9es et que toute assistance possible soit fournie en cas de n\u00e9cessit\u00e9 de transfert en Italie.<\/p>\n<p>Dans le cas o\u00f9 un compatriote est arr\u00eat\u00e9 dans un pays \u00e9tranger, le Consulat peut :<\/p>\n<p>&#8211; effectuer des visites consulaires au d\u00e9tenu ;<br \/>\n&#8211; indiquer un \u00e9ventuel avocat ;<br \/>\n&#8211; assurer les contacts avec la famille en Italie ;<br \/>\n&#8211; fournir au d\u00e9tenu, lorsque n\u00e9cessaire et autoris\u00e9 par la l\u00e9gislation locale, une assistance m\u00e9dicale, nourriture, livres et journaux ;<br \/>\n&#8211; intervenir pour un transfert en Italie, si le compatriote est d\u00e9tenu dans des pays adh\u00e9rant \u00e0 la Convention de Strasbourg sur le transfert des d\u00e9tenus ou \u00e0 des accords bilat\u00e9raux ad hoc ;<br \/>\n&#8211; intervenir, dans des cas particuliers, pour soutenir des demandes de gr\u00e2ce sur des bases humanitaires.<\/p>\n<hr \/>\n<ul>\n<li><a href=\"http:\/\/clarence.dada.net\/contents\/societa\/memoria\/baraldini\/convenzi.htm\"><strong>Loi du 25 juillet 1988, n. 334 ratifiant la Convention de Strasbourg du 21 mars 1983<\/strong><\/a><\/li>\n<\/ul>\n<hr \/>\n<p><strong>Le Consulat ne peut pas :<\/strong><br \/>\n&#8211; intervenir en justice pour le compte du compatriote ;<br \/>\n&#8211; payer les frais juridiques du d\u00e9tenu.<\/p>\n<h4>Enl\u00e8vement international de mineurs<\/h4>\n<p>La probl\u00e9matique de l\u2019enl\u00e8vement international de mineurs a pris r\u00e9cemment une importance croissante, \u00e0 la fois en raison de l\u2019augmentation des s\u00e9parations, souvent conflictuelles, entre personnes de nationalit\u00e9 diff\u00e9rente ou double, et de la sensibilit\u00e9 accrue avec laquelle le probl\u00e8me est per\u00e7u dans notre pays.<\/p>\n<p>Le seul instrument contraignant \u00e0 disposition du parent compatriote pour r\u00e9cup\u00e9rer le mineur est la Convention de La Haye du 25.10.1980 (l\u2019Autorit\u00e9 Centrale pour l\u2019Italie est le D\u00e9partement de la Justice pour Mineurs du Minist\u00e8re de la Justice). En cas d\u2019inapplicabilit\u00e9 de la Convention, le Minist\u00e8re exerce pleinement ses fonctions institutionnelles en modulant les interventions en fonction de la sp\u00e9cificit\u00e9 des cas.<\/p>\n<h4>Recherche de compatriotes \u00e0 l\u2019\u00e9tranger<\/h4>\n<p>En vertu de la Loi 675\/96 sur la confidentialit\u00e9 des donn\u00e9es personnelles, aucun organisme public ne peut diffuser des informations sur des personnes \u00e0 des particuliers sans le consentement des int\u00e9ress\u00e9s.<\/p>\n<p>Par cons\u00e9quent, une fois la personne recherch\u00e9e identifi\u00e9e, le Minist\u00e8re des Affaires \u00c9trang\u00e8res demande le consentement de l\u2019int\u00e9ress\u00e9(e) pour informer la personne ayant fait la demande.<\/p>\n<p>Dans certains pays, comme les \u00c9tats-Unis d\u2019Am\u00e9rique, la l\u00e9gislation locale sur la confidentialit\u00e9 ne permet pas de divulguer des informations sur des personnes sur leur territoire. Il est donc n\u00e9cessaire de v\u00e9rifier au cas par cas la l\u00e9gislation applicable.<\/p>\n<p>Dans ces limites l\u00e9gales, il est possible d\u2019activer une recherche de l\u2019une des mani\u00e8res suivantes :<\/p>\n<p>&#8211; en envoyant un fax au Bureau IV de la Direction G\u00e9n\u00e9rale des Italiens \u00e0 l\u2019\u00e9tranger aux num\u00e9ros 06 36 91 86 09 \/ 06 36 91 86 28 ;<\/p>\n<p>&#8211; en envoyant un fax au Consulat territorialement comp\u00e9tent ;<\/p>\n<p>&#8211; en appelant le num\u00e9ro 06 36 91 29 30 de 9h30 \u00e0 16h00 en pr\u00e9cisant vos donn\u00e9es, celles de la personne recherch\u00e9e et la raison de la recherche.<\/p>\n<\/article>\n<\/div>\n<\/div>\n<\/div>\n","protected":false},"excerpt":{"rendered":"Le Consulat G\u00e9n\u00e9ral est un service public, \u00e9manation du Minist\u00e8re des Affaires \u00c9trang\u00e8res \u00e0 Rome. En aucun cas le bureau consulaire ne peut intervenir dans des affaires de droit priv\u00e9 ou des litiges devant les tribunaux italiens ou fran\u00e7ais. Les int\u00e9ress\u00e9s doivent obligatoirement recourir \u00e0 l\u2019assistance d\u2019un avocat pour des affaires \u00e0 engager devant les [&hellip;]","protected":false},"author":6,"featured_media":0,"parent":1774,"menu_order":20,"comment_status":"closed","ping_status":"closed","template":"","meta":{"footnotes":""},"class_list":["post-2185","page","type-page","status-publish","hentry"],"_links":{"self":[{"href":"https:\/\/consmetz.esteri.it\/fr\/wp-json\/wp\/v2\/pages\/2185","targetHints":{"allow":["GET"]}}],"collection":[{"href":"https:\/\/consmetz.esteri.it\/fr\/wp-json\/wp\/v2\/pages"}],"about":[{"href":"https:\/\/consmetz.esteri.it\/fr\/wp-json\/wp\/v2\/types\/page"}],"author":[{"embeddable":true,"href":"https:\/\/consmetz.esteri.it\/fr\/wp-json\/wp\/v2\/users\/6"}],"replies":[{"embeddable":true,"href":"https:\/\/consmetz.esteri.it\/fr\/wp-json\/wp\/v2\/comments?post=2185"}],"version-history":[{"count":2,"href":"https:\/\/consmetz.esteri.it\/fr\/wp-json\/wp\/v2\/pages\/2185\/revisions"}],"predecessor-version":[{"id":7325,"href":"https:\/\/consmetz.esteri.it\/fr\/wp-json\/wp\/v2\/pages\/2185\/revisions\/7325"}],"up":[{"embeddable":true,"href":"https:\/\/consmetz.esteri.it\/fr\/wp-json\/wp\/v2\/pages\/1774"}],"wp:attachment":[{"href":"https:\/\/consmetz.esteri.it\/fr\/wp-json\/wp\/v2\/media?parent=2185"}],"curies":[{"name":"wp","href":"https:\/\/api.w.org\/{rel}","templated":true}]}}