{"id":34,"date":"2023-01-27T15:24:38","date_gmt":"2023-01-27T14:24:38","guid":{"rendered":"https:\/\/consmetz.esteri.it\/servizi-consolari-e-visti\/"},"modified":"2023-05-26T12:04:20","modified_gmt":"2023-05-26T10:04:20","slug":"servizi-consolari-e-visti","status":"publish","type":"page","link":"https:\/\/consmetz.esteri.it\/fr\/servizi-consolari-e-visti\/","title":{"rendered":"Services consulaires et visas"},"content":{"rendered":"<p>Bienvenus dans la section d\u00e9di\u00e9e aux services consulaires offerts par le Consulat G\u00e9n\u00e9ral d\u2019Italie \u00e0 Metz.<\/p>\n<p>Pour faciliter votre navigation nos diff\u00e9rents services sont regroup\u00e9s en deux sections: pour les citoyens italiens et pour les autres ressortissants.<\/p>\n<p>Pour acc\u00e9der aux services , veuillez utiliser le menu sur la droite (affichage ordinateurs) ou en bas (affichage t\u00e9l\u00e9phones portables).<\/p>\n","protected":false},"excerpt":{"rendered":"Bienvenus dans la section d\u00e9di\u00e9e aux services consulaires offerts par le Consulat G\u00e9n\u00e9ral d\u2019Italie \u00e0 Metz. Pour faciliter votre navigation nos diff\u00e9rents services sont regroup\u00e9s en deux sections: pour les citoyens italiens et pour les autres ressortissants. Pour acc\u00e9der aux services , veuillez utiliser le menu sur la droite (affichage ordinateurs) ou en bas (affichage [&hellip;]","protected":false},"author":1,"featured_media":0,"parent":0,"menu_order":0,"comment_status":"closed","ping_status":"closed","template":"","meta":{"footnotes":""},"class_list":["post-34","page","type-page","status-publish","hentry"],"_links":{"self":[{"href":"https:\/\/consmetz.esteri.it\/fr\/wp-json\/wp\/v2\/pages\/34","targetHints":{"allow":["GET"]}}],"collection":[{"href":"https:\/\/consmetz.esteri.it\/fr\/wp-json\/wp\/v2\/pages"}],"about":[{"href":"https:\/\/consmetz.esteri.it\/fr\/wp-json\/wp\/v2\/types\/page"}],"author":[{"embeddable":true,"href":"https:\/\/consmetz.esteri.it\/fr\/wp-json\/wp\/v2\/users\/1"}],"replies":[{"embeddable":true,"href":"https:\/\/consmetz.esteri.it\/fr\/wp-json\/wp\/v2\/comments?post=34"}],"version-history":[{"count":0,"href":"https:\/\/consmetz.esteri.it\/fr\/wp-json\/wp\/v2\/pages\/34\/revisions"}],"wp:attachment":[{"href":"https:\/\/consmetz.esteri.it\/fr\/wp-json\/wp\/v2\/media?parent=34"}],"curies":[{"name":"wp","href":"https:\/\/api.w.org\/{rel}","templated":true}]}}