{"id":36,"date":"2023-01-27T15:24:05","date_gmt":"2023-01-27T14:24:05","guid":{"rendered":"https:\/\/consmetz.esteri.it\/chi-siamo\/"},"modified":"2023-05-26T15:09:52","modified_gmt":"2023-05-26T13:09:52","slug":"chi-siamo","status":"publish","type":"page","link":"https:\/\/consmetz.esteri.it\/fr\/chi-siamo\/","title":{"rendered":"Qui sommes-nous"},"content":{"rendered":"<p>Pour acc\u00e9der aux contenus, veuillez utiliser le menu sur la droite (affichage ordinateurs) ou en bas (affichage t\u00e9l\u00e9phones portables).<\/p>\n","protected":false},"excerpt":{"rendered":"Pour acc\u00e9der aux contenus, veuillez utiliser le menu sur la droite (affichage ordinateurs) ou en bas (affichage t\u00e9l\u00e9phones portables).","protected":false},"author":1,"featured_media":0,"parent":0,"menu_order":0,"comment_status":"closed","ping_status":"closed","template":"","meta":{"footnotes":""},"class_list":["post-36","page","type-page","status-publish","hentry"],"_links":{"self":[{"href":"https:\/\/consmetz.esteri.it\/fr\/wp-json\/wp\/v2\/pages\/36","targetHints":{"allow":["GET"]}}],"collection":[{"href":"https:\/\/consmetz.esteri.it\/fr\/wp-json\/wp\/v2\/pages"}],"about":[{"href":"https:\/\/consmetz.esteri.it\/fr\/wp-json\/wp\/v2\/types\/page"}],"author":[{"embeddable":true,"href":"https:\/\/consmetz.esteri.it\/fr\/wp-json\/wp\/v2\/users\/1"}],"replies":[{"embeddable":true,"href":"https:\/\/consmetz.esteri.it\/fr\/wp-json\/wp\/v2\/comments?post=36"}],"version-history":[{"count":0,"href":"https:\/\/consmetz.esteri.it\/fr\/wp-json\/wp\/v2\/pages\/36\/revisions"}],"wp:attachment":[{"href":"https:\/\/consmetz.esteri.it\/fr\/wp-json\/wp\/v2\/media?parent=36"}],"curies":[{"name":"wp","href":"https:\/\/api.w.org\/{rel}","templated":true}]}}