{"id":3782,"date":"2024-08-28T09:37:31","date_gmt":"2024-08-28T07:37:31","guid":{"rendered":"https:\/\/consmetz.esteri.it\/servizi-consolari-e-visti\/servizi-per-il-cittadino-italiano\/passaporti-passeports\/atto-di-assenso-acte-de-consentement-ou-autorisation-de-lun-des-parents\/matrimonio-in-italia\/"},"modified":"2024-08-28T09:43:02","modified_gmt":"2024-08-28T07:43:02","slug":"matrimonio-in-italia","status":"publish","type":"page","link":"https:\/\/consmetz.esteri.it\/fr\/servizi-consolari-e-visti\/servizi-per-il-cittadino-straniero\/matrimonio-in-italia\/","title":{"rendered":"Mariage en Italie"},"content":{"rendered":"<p>En tant que ressortissants fran\u00e7ais, les futurs \u00e9poux doivent transmettre une demande de publication des bans au Consulat G\u00e9n\u00e9ral de France \u00e0 Rome.<\/p>\n<p>Les bans seront publi\u00e9s au Consulat G\u00e9n\u00e9ral de France \u00e0 Rome (seul consulat comp\u00e9tent pour l\u2019Italie) et une demande de r\u00e9quisition sera envoy\u00e9 par le Consulat \u00e0 la mairie fran\u00e7aise de r\u00e9sidence des \u00e9poux. Le Consulat leur d\u00e9livra ensuite un nulla osta \u00e0 pr\u00e9senter \u00e0 la Commune italienne o\u00f9 le mariage aura lieu.<\/p>\n","protected":false},"excerpt":{"rendered":"En tant que ressortissants fran\u00e7ais, les futurs \u00e9poux doivent transmettre une demande de publication des bans au Consulat G\u00e9n\u00e9ral de France \u00e0 Rome. Les bans seront publi\u00e9s au Consulat G\u00e9n\u00e9ral de France \u00e0 Rome (seul consulat comp\u00e9tent pour l\u2019Italie) et une demande de r\u00e9quisition sera envoy\u00e9 par le Consulat \u00e0 la mairie fran\u00e7aise de r\u00e9sidence [&hellip;]","protected":false},"author":9,"featured_media":0,"parent":120,"menu_order":9,"comment_status":"closed","ping_status":"closed","template":"","meta":{"footnotes":""},"class_list":["post-3782","page","type-page","status-publish","hentry"],"_links":{"self":[{"href":"https:\/\/consmetz.esteri.it\/fr\/wp-json\/wp\/v2\/pages\/3782","targetHints":{"allow":["GET"]}}],"collection":[{"href":"https:\/\/consmetz.esteri.it\/fr\/wp-json\/wp\/v2\/pages"}],"about":[{"href":"https:\/\/consmetz.esteri.it\/fr\/wp-json\/wp\/v2\/types\/page"}],"author":[{"embeddable":true,"href":"https:\/\/consmetz.esteri.it\/fr\/wp-json\/wp\/v2\/users\/9"}],"replies":[{"embeddable":true,"href":"https:\/\/consmetz.esteri.it\/fr\/wp-json\/wp\/v2\/comments?post=3782"}],"version-history":[{"count":3,"href":"https:\/\/consmetz.esteri.it\/fr\/wp-json\/wp\/v2\/pages\/3782\/revisions"}],"predecessor-version":[{"id":3786,"href":"https:\/\/consmetz.esteri.it\/fr\/wp-json\/wp\/v2\/pages\/3782\/revisions\/3786"}],"up":[{"embeddable":true,"href":"https:\/\/consmetz.esteri.it\/fr\/wp-json\/wp\/v2\/pages\/120"}],"wp:attachment":[{"href":"https:\/\/consmetz.esteri.it\/fr\/wp-json\/wp\/v2\/media?parent=3782"}],"curies":[{"name":"wp","href":"https:\/\/api.w.org\/{rel}","templated":true}]}}