{"id":5696,"date":"2023-06-19T14:44:20","date_gmt":"2023-06-19T12:44:20","guid":{"rendered":"https:\/\/consmetz.esteri.it\/?page_id=5696"},"modified":"2025-11-25T15:01:33","modified_gmt":"2025-11-25T14:01:33","slug":"jours-de-fermeture-exceptionnelle-2025","status":"publish","type":"page","link":"https:\/\/consmetz.esteri.it\/fr\/chi-siamo\/contatti\/jours-de-fermeture-exceptionnelle-2025\/","title":{"rendered":"Jours de fermeture exceptionnelle (2025)"},"content":{"rendered":"<p data-start=\"35\" data-end=\"79\"><strong data-start=\"35\" data-end=\"79\">Jours de fermeture exceptionnelle (2025)<\/strong><\/p>\n<p data-start=\"81\" data-end=\"389\" data-is-last-node=\"\" data-is-only-node=\"\">1er janvier : Nouvel An<br data-start=\"104\" data-end=\"107\" \/>21 avril : Lundi de P\u00e2ques<br data-start=\"133\" data-end=\"136\" data-is-only-node=\"\" \/>1er mai : F\u00eate du Travail<br data-start=\"161\" data-end=\"164\" \/>8 mai : F\u00eate de la Victoire<br data-start=\"191\" data-end=\"194\" \/>29 mai : Ascension<br data-start=\"212\" data-end=\"215\" \/>2 juin : F\u00eate nationale italienne<br data-start=\"248\" data-end=\"251\" \/>14 juillet : F\u00eate nationale fran\u00e7aise<br data-start=\"288\" data-end=\"291\" \/>15 ao\u00fbt : Assomption<br data-start=\"311\" data-end=\"314\" \/>1er novembre : Toussaint<br data-start=\"338\" data-end=\"341\" \/>25 d\u00e9cembre : No\u00ebl<br data-start=\"359\" data-end=\"362\" \/>26 d\u00e9cembre : Saint \u00c9tienne<\/p>\n<p data-start=\"81\" data-end=\"389\" data-is-last-node=\"\" data-is-only-node=\"\">\n<p data-start=\"81\" data-end=\"389\" data-is-last-node=\"\" data-is-only-node=\"\"><strong data-start=\"35\" data-end=\"79\">Jours de fermeture exceptionnelle (2026)<\/strong><\/p>\n<p data-start=\"81\" data-end=\"389\" data-is-last-node=\"\" data-is-only-node=\"\">1er janvier : Nouvel An<br data-start=\"104\" data-end=\"107\" \/>6 avril : Lundi de P\u00e2ques<br data-start=\"133\" data-end=\"136\" data-is-only-node=\"\" \/>1er mai : F\u00eate du Travail<br data-start=\"161\" data-end=\"164\" \/>8 mai : F\u00eate de la Victoire<br data-start=\"191\" data-end=\"194\" \/>14 mai : Ascension<br data-start=\"212\" data-end=\"215\" \/>2 juin : F\u00eate nationale italienne<br data-start=\"248\" data-end=\"251\" \/>14 juillet : F\u00eate nationale fran\u00e7aise<br data-start=\"288\" data-end=\"291\" \/>15 ao\u00fbt : Assomption<br data-start=\"311\" data-end=\"314\" \/>1er novembre : Toussaint<br data-start=\"338\" data-end=\"341\" \/>25 d\u00e9cembre : No\u00ebl<br data-start=\"359\" data-end=\"362\" \/>26 d\u00e9cembre : Saint \u00c9tienne<\/p>\n","protected":false},"excerpt":{"rendered":"Jours de fermeture exceptionnelle (2025) 1er janvier : Nouvel An21 avril : Lundi de P\u00e2ques1er mai : F\u00eate du Travail8 mai : F\u00eate de la Victoire29 mai : Ascension2 juin : F\u00eate nationale italienne14 juillet : F\u00eate nationale fran\u00e7aise15 ao\u00fbt : Assomption1er novembre : Toussaint25 d\u00e9cembre : No\u00ebl26 d\u00e9cembre : Saint \u00c9tienne Jours de fermeture [&hellip;]","protected":false},"author":9,"featured_media":0,"parent":100,"menu_order":0,"comment_status":"closed","ping_status":"closed","template":"","meta":{"footnotes":""},"class_list":["post-5696","page","type-page","status-publish","hentry"],"_links":{"self":[{"href":"https:\/\/consmetz.esteri.it\/fr\/wp-json\/wp\/v2\/pages\/5696","targetHints":{"allow":["GET"]}}],"collection":[{"href":"https:\/\/consmetz.esteri.it\/fr\/wp-json\/wp\/v2\/pages"}],"about":[{"href":"https:\/\/consmetz.esteri.it\/fr\/wp-json\/wp\/v2\/types\/page"}],"author":[{"embeddable":true,"href":"https:\/\/consmetz.esteri.it\/fr\/wp-json\/wp\/v2\/users\/9"}],"replies":[{"embeddable":true,"href":"https:\/\/consmetz.esteri.it\/fr\/wp-json\/wp\/v2\/comments?post=5696"}],"version-history":[{"count":2,"href":"https:\/\/consmetz.esteri.it\/fr\/wp-json\/wp\/v2\/pages\/5696\/revisions"}],"predecessor-version":[{"id":6516,"href":"https:\/\/consmetz.esteri.it\/fr\/wp-json\/wp\/v2\/pages\/5696\/revisions\/6516"}],"up":[{"embeddable":true,"href":"https:\/\/consmetz.esteri.it\/fr\/wp-json\/wp\/v2\/pages\/100"}],"wp:attachment":[{"href":"https:\/\/consmetz.esteri.it\/fr\/wp-json\/wp\/v2\/media?parent=5696"}],"curies":[{"name":"wp","href":"https:\/\/api.w.org\/{rel}","templated":true}]}}