{"id":7789,"date":"2025-06-27T12:24:25","date_gmt":"2025-06-27T10:24:25","guid":{"rendered":"https:\/\/consmetz.esteri.it\/?page_id=7789"},"modified":"2026-03-26T10:25:53","modified_gmt":"2026-03-26T09:25:53","slug":"enregistrement-de-la-naissance-dun-mineur-si-un-parent-est-uniquement-italien","status":"publish","type":"page","link":"https:\/\/consmetz.esteri.it\/fr\/servizi-consolari-e-visti\/servizi-per-il-cittadino-italiano\/stato-civile-etat-civil\/nascita\/enregistrement-de-la-naissance-dun-mineur-si-un-parent-est-uniquement-italien\/","title":{"rendered":"Enregistrement de la naissance d\u2019un mineur\u00a0: si un parent est uniquement italien"},"content":{"rendered":"<p>Si l\u2019un des parents est uniquement italien (il ne poss\u00e8de aucune autre nationalit\u00e9, europ\u00e9enne ou extra-europ\u00e9enne)<\/p>\n<p><span style=\"text-decoration: underline;\">DOCUMENTS SUPPL\u00c9MENTAIRES \u00c0 PR\u00c9SENTER AVEC LA DEMANDE<\/span><\/p>\n<ul>\n<li><span class=\"OYPEnA font-feature-liga-off font-feature-clig-off font-feature-calt-off text-decoration-none text-strikethrough-none\">acte de naissance du parent uniquement italien, d\u00e9livr\u00e9 par la commune de naissance<\/span><\/li>\n<li><span class=\"OYPEnA font-feature-liga-off font-feature-clig-off font-feature-calt-off text-decoration-none text-strikethrough-none\">certificat historique de r\u00e9sidence du parent uniquement italien, d\u00e9livr\u00e9 par la commune italienne d\u2019inscription AIRE<\/span><\/li>\n<li><span class=\"OYPEnA font-feature-liga-off font-feature-clig-off font-feature-calt-off text-decoration-none text-strikethrough-none\">certificat de non-acquisition de la nationalit\u00e9 des pays de r\u00e9sidence du parent uniquement italien (ex. en France, d\u00e9livr\u00e9 par le tribunal fran\u00e7ais le plus proche: le refus officiel sign\u00e9 et cachet\u00e9 \u00e0 la d\u00e9livrance d&rsquo;un certificat de nationalit\u00e9 fran\u00e7aise peut valoir de certificat de non-acquisition)<\/span><\/li>\n<li><span class=\"OYPEnA font-feature-liga-off font-feature-clig-off font-feature-calt-off text-decoration-none text-strikethrough-none\">acte de naissance des grands-parents (parents du parent uniquement italien), d\u00e9livr\u00e9 par la commune de naissance<\/span><\/li>\n<li><span class=\"OYPEnA font-feature-liga-off font-feature-clig-off font-feature-calt-off text-decoration-none text-strikethrough-none\">certificat historique de r\u00e9sidence des grands-parents (parents du parent uniquemenhttps:\/\/consmetz.esteri.it\/it\/servizi-consolari-e-visti\/servizi-per-il-cittadino-italiano\/stato-civile-etat-civil\/nascita\/t italien), d\u00e9livr\u00e9 par la commune italienne de derni\u00e8re r\u00e9sidence<\/span><\/li>\n<\/ul>\n<p><strong>\u26a0\ufe0fATTENTION <\/strong>: \u00e0 cette liste doivent \u00eatre ajout\u00e9s les documents \u00e0 pr\u00e9senter TOUJOURS obligatoires ; vous les trouverez sur la page <a href=\"https:\/\/consmetz.esteri.it\/fr\/servizi-consolari-e-visti\/servizi-per-il-cittadino-italiano\/stato-civile-etat-civil\/nascita\/\" target=\"_blank\" rel=\"noopener\">\u25baNaissance<\/a><\/p>\n","protected":false},"excerpt":{"rendered":"Si l\u2019un des parents est uniquement italien (il ne poss\u00e8de aucune autre nationalit\u00e9, europ\u00e9enne ou extra-europ\u00e9enne) DOCUMENTS SUPPL\u00c9MENTAIRES \u00c0 PR\u00c9SENTER AVEC LA DEMANDE acte de naissance du parent uniquement italien, d\u00e9livr\u00e9 par la commune de naissance certificat historique de r\u00e9sidence du parent uniquement italien, d\u00e9livr\u00e9 par la commune italienne d\u2019inscription AIRE certificat de non-acquisition de [&hellip;]","protected":false},"author":9,"featured_media":0,"parent":1665,"menu_order":1,"comment_status":"closed","ping_status":"closed","template":"","meta":{"footnotes":""},"class_list":["post-7789","page","type-page","status-publish","hentry"],"_links":{"self":[{"href":"https:\/\/consmetz.esteri.it\/fr\/wp-json\/wp\/v2\/pages\/7789","targetHints":{"allow":["GET"]}}],"collection":[{"href":"https:\/\/consmetz.esteri.it\/fr\/wp-json\/wp\/v2\/pages"}],"about":[{"href":"https:\/\/consmetz.esteri.it\/fr\/wp-json\/wp\/v2\/types\/page"}],"author":[{"embeddable":true,"href":"https:\/\/consmetz.esteri.it\/fr\/wp-json\/wp\/v2\/users\/9"}],"replies":[{"embeddable":true,"href":"https:\/\/consmetz.esteri.it\/fr\/wp-json\/wp\/v2\/comments?post=7789"}],"version-history":[{"count":1,"href":"https:\/\/consmetz.esteri.it\/fr\/wp-json\/wp\/v2\/pages\/7789\/revisions"}],"predecessor-version":[{"id":7791,"href":"https:\/\/consmetz.esteri.it\/fr\/wp-json\/wp\/v2\/pages\/7789\/revisions\/7791"}],"up":[{"embeddable":true,"href":"https:\/\/consmetz.esteri.it\/fr\/wp-json\/wp\/v2\/pages\/1665"}],"wp:attachment":[{"href":"https:\/\/consmetz.esteri.it\/fr\/wp-json\/wp\/v2\/media?parent=7789"}],"curies":[{"name":"wp","href":"https:\/\/api.w.org\/{rel}","templated":true}]}}