{"id":7798,"date":"2025-06-27T12:26:18","date_gmt":"2025-06-27T10:26:18","guid":{"rendered":"https:\/\/consmetz.esteri.it\/?page_id=7798"},"modified":"2026-03-26T10:29:00","modified_gmt":"2026-03-26T09:29:00","slug":"enregistrement-de-la-naissance-dun-mineur-si-un-grand-parent-est-uniquement-italien","status":"publish","type":"page","link":"https:\/\/consmetz.esteri.it\/fr\/servizi-consolari-e-visti\/servizi-per-il-cittadino-italiano\/stato-civile-etat-civil\/nascita\/enregistrement-de-la-naissance-dun-mineur-si-un-grand-parent-est-uniquement-italien\/","title":{"rendered":"Enregistrement de la naissance d\u2019un mineur\u00a0: si un grand-parent est uniquement italien"},"content":{"rendered":"<p>Si l\u2019un des grands-parents du parent italien est uniquement italien (il ne poss\u00e8de aucune autre nationalit\u00e9, ni europ\u00e9enne ni extra-europ\u00e9enne)*<\/p>\n<p><span style=\"text-decoration: underline;\">DOCUMENTS SUPPL\u00c9MENTAIRES \u00c0 PR\u00c9SENTER AVEC LA DEMANDE<\/span><\/p>\n<ul>\n<li><span class=\"OYPEnA font-feature-liga-off font-feature-clig-off font-feature-calt-off text-decoration-none text-strikethrough-none\">acte de naissance du grand-parent uniquement italien, d\u00e9livr\u00e9 par la commune de naissance<\/span><\/li>\n<li><span class=\"OYPEnA font-feature-liga-off font-feature-clig-off font-feature-calt-off text-decoration-none text-strikethrough-none\">certificat historique de r\u00e9sidence du grand-parent uniquement italien, d\u00e9livr\u00e9 par la commune italienne de derni\u00e8re r\u00e9sidence<\/span><\/li>\n<li><span class=\"OYPEnA font-feature-liga-off font-feature-clig-off font-feature-calt-off text-decoration-none text-strikethrough-none\">certificat de non-acquisition de la nationalit\u00e9 des pays de r\u00e9sidence du grand-parent uniquement italien (ex. en France, d\u00e9livr\u00e9 par le tribunal fran\u00e7ais le plus proche)<\/span><\/li>\n<li><span class=\"OYPEnA font-feature-liga-off font-feature-clig-off font-feature-calt-off text-decoration-none text-strikethrough-none\">certificat historique de r\u00e9sidence des parents du grand-parent uniquement italien, d\u00e9livr\u00e9 par la commune italienne de derni\u00e8re r\u00e9sidence<\/span><\/li>\n<li><span class=\"OYPEnA font-feature-liga-off font-feature-clig-off font-feature-calt-off text-decoration-none text-strikethrough-none\">acte de naissance des parents du grand-parent uniquement italien, d\u00e9livr\u00e9 par la commune de naissance<\/span><\/li>\n<\/ul>\n<p><strong>\u26a0\ufe0fATTENTION <\/strong>: \u00e0 cette liste doivent \u00eatre ajout\u00e9s les documents \u00e0 pr\u00e9senter TOUJOURS obligatoires ; vous les trouverez sur la page <a href=\"https:\/\/consmetz.esteri.it\/fr\/servizi-consolari-e-visti\/servizi-per-il-cittadino-italiano\/stato-civile-etat-civil\/nascita\/\" target=\"_blank\" rel=\"noopener\">\u25baNaissance<\/a><\/p>\n<p>*si le grand-parent italien est d\u00e9c\u00e9d\u00e9, il doit \u00eatre rest\u00e9 uniquement italien jusqu\u2019\u00e0 son d\u00e9c\u00e8s. Dans ce cas, pr\u00e9senter \u00e9galement l\u2019original de l\u2019acte de d\u00e9c\u00e8s sur formulaire international europ\u00e9en (mod\u00e8le C).*<\/p>\n","protected":false},"excerpt":{"rendered":"Si l\u2019un des grands-parents du parent italien est uniquement italien (il ne poss\u00e8de aucune autre nationalit\u00e9, ni europ\u00e9enne ni extra-europ\u00e9enne)* DOCUMENTS SUPPL\u00c9MENTAIRES \u00c0 PR\u00c9SENTER AVEC LA DEMANDE acte de naissance du grand-parent uniquement italien, d\u00e9livr\u00e9 par la commune de naissance certificat historique de r\u00e9sidence du grand-parent uniquement italien, d\u00e9livr\u00e9 par la commune italienne de derni\u00e8re [&hellip;]","protected":false},"author":9,"featured_media":0,"parent":1665,"menu_order":2,"comment_status":"closed","ping_status":"closed","template":"","meta":{"footnotes":""},"class_list":["post-7798","page","type-page","status-publish","hentry"],"_links":{"self":[{"href":"https:\/\/consmetz.esteri.it\/fr\/wp-json\/wp\/v2\/pages\/7798","targetHints":{"allow":["GET"]}}],"collection":[{"href":"https:\/\/consmetz.esteri.it\/fr\/wp-json\/wp\/v2\/pages"}],"about":[{"href":"https:\/\/consmetz.esteri.it\/fr\/wp-json\/wp\/v2\/types\/page"}],"author":[{"embeddable":true,"href":"https:\/\/consmetz.esteri.it\/fr\/wp-json\/wp\/v2\/users\/9"}],"replies":[{"embeddable":true,"href":"https:\/\/consmetz.esteri.it\/fr\/wp-json\/wp\/v2\/comments?post=7798"}],"version-history":[{"count":1,"href":"https:\/\/consmetz.esteri.it\/fr\/wp-json\/wp\/v2\/pages\/7798\/revisions"}],"predecessor-version":[{"id":7801,"href":"https:\/\/consmetz.esteri.it\/fr\/wp-json\/wp\/v2\/pages\/7798\/revisions\/7801"}],"up":[{"embeddable":true,"href":"https:\/\/consmetz.esteri.it\/fr\/wp-json\/wp\/v2\/pages\/1665"}],"wp:attachment":[{"href":"https:\/\/consmetz.esteri.it\/fr\/wp-json\/wp\/v2\/media?parent=7798"}],"curies":[{"name":"wp","href":"https:\/\/api.w.org\/{rel}","templated":true}]}}