{"id":874,"date":"2023-05-16T16:49:31","date_gmt":"2023-05-16T14:49:31","guid":{"rendered":"https:\/\/consmetz.esteri.it\/servizi-consolari-e-visti\/servizi-per-il-cittadino-italiano\/passaporti-passeports\/"},"modified":"2023-10-12T15:01:15","modified_gmt":"2023-10-12T13:01:15","slug":"passaporti-passeports","status":"publish","type":"page","link":"https:\/\/consmetz.esteri.it\/fr\/servizi-consolari-e-visti\/servizi-per-il-cittadino-italiano\/passaporti-passeports\/","title":{"rendered":"Passeports"},"content":{"rendered":"<h2><strong>INFORMATIONS GENERALES<\/strong><\/h2>\n<p>Le passeport biom\u00e9trique est un <strong>document de voyage d\u2019identification<\/strong><\/p>\n<p>1) valable dans tous les Pays o\u00f9 le Gouvernement est reconnu par l\u2019Etat italien et<\/p>\n<p>2) dont les caract\u00e9ristiques de s\u00e9curit\u00e9 sont conformes aux normes europ\u00e9ennes.<\/p>\n<p>Le passeport contient dans sa <strong>puce int\u00e9gr\u00e9e<\/strong> (enregistr\u00e9s au format num\u00e9rique)<\/p>\n<p>1) l\u2019image du visage (visible sur le passeport) et<\/p>\n<p>2) les empreintes digitales (non visibles sur le passeport).<\/p>\n<p>L\u2019Autorit\u00e9 comp\u00e9tente pour la <strong>d\u00e9livrance du passeport<\/strong> est l\u2019autorit\u00e9 diplomatico-consulaire de r\u00e9sidence pour les italiens \u00e0 l\u2019\u00e9tranger inscrits aux registres AIRE. Il est toutefois possible de demander la d\u00e9livrance du passeport aupr\u00e8s d\u2019une \u00ab\u00a0Questura\u00a0\u00bb en Italie ou d\u2019une autre Repr\u00e9sentation diplomatico-consulaire italienne \u00e0 l\u2019\u00e9tranger dans des cas particuliers et justifi\u00e9s (ex. impossibilit\u00e9 de demander le document \u00e0 sa Repr\u00e9sentation consulaire de r\u00e9sidence pour des raisons exceptionnelles).<\/p>\n<p><strong>La validit\u00e9 du passeport <\/strong>pour les mineurs entre 0 et 2 ans est de 3 ans. Pour les mineurs entre 3 et 17 ans est de 5 ans, et pour les majeurs est de 10 ans.<\/p>\n<p>Si le demandeur a des enfants mineurs, la d\u00e9livrance du passeport est subordonn\u00e9e au consentement de l\u2019autre parent (signature sur la demande de passeport ou Acte de Consentement).<\/p>\n<p><strong>MINEURS<\/strong><\/p>\n<p>Afin de garantir une meilleure identification du mineur et donc plus de s\u00e9curit\u00e9, depuis le 25 novembre les mineurs ne sont plus inscrits sur les passeports des parents. Depuis le 26 juin 2012 <strong>chaque mineur doit \u00eatre muni de son propre passeport<\/strong>.<\/p>\n<p><strong>Pour les enfants mineurs de moins de 14<\/strong> ans voyageant sans un parent , ils doivent \u00eatre munis d&rsquo;une \u00ab\u00a0d\u00e9claration d&rsquo;accompagnement\u00a0\u00bb italienne. Pour l&rsquo;obtenir il est n\u00e9cessaire de pr\u00e9senter au Consulat d\u2019Italie \u00e0 Metz\/Guichet Consulaire une demande\u00a0 sign\u00e9e par les deux parent\/tuteurs. Pour plus d&rsquo;information, merci de <a href=\"https:\/\/consmetz.esteri.it\/fr\/servizi-consolari-e-visti\/servizi-per-il-cittadino-italiano\/passaporti-passeports\/dichiarazioni-di-accompagnamento-per-minori-declaration-daccompagnement-des-enfants-mineurs\/\" target=\"_blank\" rel=\"noopener\">consulter la page d\u00e9di\u00e9e.<\/a><\/p>\n<p><strong>Pour demander le passeport en faveur des mineurs de moins de 12 ans<\/strong>, leur pr\u00e9sence au Consulat\/Guichet n\u2019est pas n\u00e9cessaire au moment de la demande, \u00e9tant donn\u00e9 que les empreintes digitales ne sont pas requises pour le passeport. Dans ce cas, la demande de passeport peut \u00eatre envoy\u00e9e par courrier, merci de suivre les instructions sur la page d\u00e9di\u00e9e: \u25ba<strong><a href=\"https:\/\/consmetz.esteri.it\/fr\/servizi-consolari-e-visti\/servizi-per-il-cittadino-italiano\/passaporti-passeports\/passaporti-moduli-di-richiesta-passeports-formulaires-de-demande\/\" target=\"_blank\" rel=\"noopener\">Passeports &#8211; documents n\u00e9cessaires et formulaires de demande<\/a><\/strong><\/p>\n<h2><strong>DELAI DE DELIVRANCE ET RENDEZ-VOUS OBLIGATOIRES<\/strong><\/h2>\n<p>A partir du 24 ao\u00fbt 2020, pour obtenir la d\u00e9livrance du passeport (les renouvellements ont \u00e9t\u00e9 abolis) il est n\u00e9cessaire de <strong>prendre un rendez-vous par le biais du service \u00ab PrenotaMi\u00bb<\/strong> (voir <a href=\"https:\/\/consmetz.esteri.it\/fr\/servizi-consolari-e-visti\/servizi-per-il-cittadino-italiano\/prenota-lappuntamento\/\" target=\"_blank\" rel=\"noopener\"><strong>les instructions<\/strong><\/a> synth\u00e9tiques ou d\u00e9taill\u00e9es et illustr\u00e9es)<\/p>\n<p>A l\u2019approche des vacances, les demandes de passeport augmentent de fa\u00e7on exponentielle et les d\u00e9lais de d\u00e9livrance sont susceptibles de s\u2019allonger. N\u2019attendez pas la derni\u00e8re minute pour demander un passeport. En outre, certains Pays demandent une validit\u00e9 d\u2019au moins 6 mois afin de d\u00e9livrer un VISA. <strong>Pensez donc \u00e0 demander votre passeport \u00e0 temps\u00a0!<\/strong><\/p>\n<p><strong>VOL OU PERTE<\/strong><\/p>\n<p>Pour le vol ou la perte de votre passeport italien, m\u00eame si vous n\u2019\u00eates pas r\u00e9sidents, veuillez <a href=\"https:\/\/consmetz.esteri.it\/fr\/servizi-consolari-e-visti\/servizi-per-il-cittadino-italiano\/denuncia-di-furto-o-smarrimento-di-documento-passaporto-carta-didentita-patente-ecc\/\" target=\"_blank\" rel=\"noopener\"><strong>consulter la page d\u00e9di\u00e9e<\/strong><\/a><\/p>\n<p><strong>CONTACTS <\/strong><\/p>\n<p>Pour contacter le <strong>bureau de passeport du Consulat G\u00e9n\u00e9ral d\u2019Italie \u00e0 Metz<\/strong>, \u00e9crivez \u00e0 l\u2019adresse <a href=\"mailto:passaporti.metz@esteri.it\">passaporti.metz@esteri.it<\/a> . Pour contacter le <strong>Guichet Consulaire de Mulhouse<\/strong>, \u00e9crivez \u00e0 l\u2019adresse\u00a0: <a href=\"mailto:sportello.mulhouse@esteri.it\">sportello.mulhouse@esteri.it<\/a>.<\/p>\n<p>Pour contacter nos bureaux par <strong>t\u00e9l\u00e9phone<\/strong>, veuillez consulter les<a href=\"https:\/\/consmetz.esteri.it\/fr\/chi-siamo\/contatti\/\" target=\"_blank\" rel=\"noopener\"> <strong>horaires d&rsquo;accueil t\u00e9l\u00e9phonique.<\/strong><\/a><\/p>\n<p>Veuillez noter que nous ne sera pas donn\u00e9 suite aux demandes d\u2019informations de caract\u00e8re g\u00e9n\u00e9ral qui sont disponibles sur notre site internet.<\/p>\n<p>&nbsp;<\/p>\n<p>&nbsp;<\/p>\n","protected":false},"excerpt":{"rendered":"INFORMATIONS GENERALES Le passeport biom\u00e9trique est un document de voyage d\u2019identification 1) valable dans tous les Pays o\u00f9 le Gouvernement est reconnu par l\u2019Etat italien et 2) dont les caract\u00e9ristiques de s\u00e9curit\u00e9 sont conformes aux normes europ\u00e9ennes. Le passeport contient dans sa puce int\u00e9gr\u00e9e (enregistr\u00e9s au format num\u00e9rique) 1) l\u2019image du visage (visible sur le [&hellip;]","protected":false},"author":6,"featured_media":0,"parent":119,"menu_order":20,"comment_status":"closed","ping_status":"closed","template":"","meta":{"footnotes":""},"class_list":["post-874","page","type-page","status-publish","hentry"],"_links":{"self":[{"href":"https:\/\/consmetz.esteri.it\/fr\/wp-json\/wp\/v2\/pages\/874","targetHints":{"allow":["GET"]}}],"collection":[{"href":"https:\/\/consmetz.esteri.it\/fr\/wp-json\/wp\/v2\/pages"}],"about":[{"href":"https:\/\/consmetz.esteri.it\/fr\/wp-json\/wp\/v2\/types\/page"}],"author":[{"embeddable":true,"href":"https:\/\/consmetz.esteri.it\/fr\/wp-json\/wp\/v2\/users\/6"}],"replies":[{"embeddable":true,"href":"https:\/\/consmetz.esteri.it\/fr\/wp-json\/wp\/v2\/comments?post=874"}],"version-history":[{"count":3,"href":"https:\/\/consmetz.esteri.it\/fr\/wp-json\/wp\/v2\/pages\/874\/revisions"}],"predecessor-version":[{"id":2126,"href":"https:\/\/consmetz.esteri.it\/fr\/wp-json\/wp\/v2\/pages\/874\/revisions\/2126"}],"up":[{"embeddable":true,"href":"https:\/\/consmetz.esteri.it\/fr\/wp-json\/wp\/v2\/pages\/119"}],"wp:attachment":[{"href":"https:\/\/consmetz.esteri.it\/fr\/wp-json\/wp\/v2\/media?parent=874"}],"curies":[{"name":"wp","href":"https:\/\/api.w.org\/{rel}","templated":true}]}}