{"id":898,"date":"2023-05-17T09:40:13","date_gmt":"2023-05-17T07:40:13","guid":{"rendered":"https:\/\/consmetz.esteri.it\/servizi-consolari-e-visti\/servizi-per-il-cittadino-italiano\/prenota-lappuntamento\/"},"modified":"2023-05-26T15:05:51","modified_gmt":"2023-05-26T13:05:51","slug":"prenota-lappuntamento","status":"publish","type":"page","link":"https:\/\/consmetz.esteri.it\/fr\/servizi-consolari-e-visti\/servizi-per-il-cittadino-italiano\/prenota-lappuntamento\/","title":{"rendered":"Demander un rendez-vous"},"content":{"rendered":"<p>Les rendez-vous pour la d\u00e9livrance d&rsquo;un passeport ou d&rsquo;une carte d&rsquo;identit\u00e9 doivent \u00eatre demand\u00e9s par le biais du site internet\u00a0<strong>\u00ab\u00a0Prenot@Mi\u00a0\u00bb<\/strong> : <a href=\"https:\/\/prenotami.esteri.it\/\" target=\"_blank\" rel=\"noopener\">https:\/\/prenotami.esteri.it\/<\/a><\/p>\n<p><strong>Les demandes des enfants jusqu&rsquo;au 11 ans<\/strong> peuvent \u00eatre envoy\u00e9es par la poste, tous les adultes doivent se rendre au Consulat\/Guichet pour enregistrer les donn\u00e9es biom\u00e9triques.<\/p>\n<p>Les utilisateurs d\u00e9j\u00e0 en possession d&rsquo;un compte sur l&rsquo;ancien site de r\u00e9servation \u00ab\u00a0Prenota Online\u00a0\u00bb, doivent cr\u00e9er un nouveau compte sur le nouveau site \u00ab\u00a0Prenotami\u00a0\u00bb.<\/p>\n<p>En cas de difficult\u00e9 de r\u00e9servation, merci de consulter notre <a href=\"https:\/\/consmetz.esteri.it\/wp-content\/uploads\/2023\/05\/GUIDA-PRENOTAMI-CGMETZ-FR-09-2021.pdf\" target=\"_blank\" rel=\"noopener\">GUIDE PAR IMAGES<\/a>.<\/p>\n<p>En cas de grave urgence de travail ou sant\u00e9, merci de contacter les services int\u00e9ress\u00e9s par t\u00e9l\u00e9phone ou mail. Pour plus d&rsquo;informations sur les urgences accept\u00e9es:<\/p>\n<p>Tous les num\u00e9ros de t\u00e9l\u00e9phones et mail se trouvent dans notre page des <a href=\"https:\/\/consmetz.esteri.it\/fr\/chi-siamo\/contatti\/\" target=\"_blank\" rel=\"noopener\">CONTACTS<\/a>.<\/p>\n<p><strong>Des questions? Des doutes?<\/strong><\/p>\n<ul>\n<li>Consultez nos r\u00e9ponses aux <a href=\"https:\/\/consmetz.esteri.it\/wp-content\/uploads\/2023\/05\/GUIDA-PRENOTAMI-CGMETZ-ITA-domande-frequenti-v1.pdf\" target=\"_blank\" rel=\"noopener\">questions fr\u00e9quentes<\/a><\/li>\n<li>Quoi faire si je me suis inscrit par erreur sur le site d&rsquo;un autre Consulat: <a href=\"https:\/\/consmetz.esteri.it\/wp-content\/uploads\/2023\/05\/FAQ-Come-cambiare-la-sede-di-appartenenza.pdf\" target=\"_blank\" rel=\"noopener\">comment corriger<\/a><\/li>\n<\/ul>\n<p>&nbsp;<\/p>\n","protected":false},"excerpt":{"rendered":"Les rendez-vous pour la d\u00e9livrance d&rsquo;un passeport ou d&rsquo;une carte d&rsquo;identit\u00e9 doivent \u00eatre demand\u00e9s par le biais du site internet\u00a0\u00ab\u00a0Prenot@Mi\u00a0\u00bb : https:\/\/prenotami.esteri.it\/ Les demandes des enfants jusqu&rsquo;au 11 ans peuvent \u00eatre envoy\u00e9es par la poste, tous les adultes doivent se rendre au Consulat\/Guichet pour enregistrer les donn\u00e9es biom\u00e9triques. Les utilisateurs d\u00e9j\u00e0 en possession d&rsquo;un compte [&hellip;]","protected":false},"author":6,"featured_media":0,"parent":119,"menu_order":90,"comment_status":"closed","ping_status":"closed","template":"","meta":{"footnotes":""},"class_list":["post-898","page","type-page","status-publish","hentry"],"_links":{"self":[{"href":"https:\/\/consmetz.esteri.it\/fr\/wp-json\/wp\/v2\/pages\/898","targetHints":{"allow":["GET"]}}],"collection":[{"href":"https:\/\/consmetz.esteri.it\/fr\/wp-json\/wp\/v2\/pages"}],"about":[{"href":"https:\/\/consmetz.esteri.it\/fr\/wp-json\/wp\/v2\/types\/page"}],"author":[{"embeddable":true,"href":"https:\/\/consmetz.esteri.it\/fr\/wp-json\/wp\/v2\/users\/6"}],"replies":[{"embeddable":true,"href":"https:\/\/consmetz.esteri.it\/fr\/wp-json\/wp\/v2\/comments?post=898"}],"version-history":[{"count":0,"href":"https:\/\/consmetz.esteri.it\/fr\/wp-json\/wp\/v2\/pages\/898\/revisions"}],"up":[{"embeddable":true,"href":"https:\/\/consmetz.esteri.it\/fr\/wp-json\/wp\/v2\/pages\/119"}],"wp:attachment":[{"href":"https:\/\/consmetz.esteri.it\/fr\/wp-json\/wp\/v2\/media?parent=898"}],"curies":[{"name":"wp","href":"https:\/\/api.w.org\/{rel}","templated":true}]}}