{"id":97,"date":"2023-01-30T12:25:26","date_gmt":"2023-01-30T11:25:26","guid":{"rendered":"https:\/\/consmetz.esteri.it\/chi-siamo\/il-console-generale\/"},"modified":"2023-10-25T09:25:27","modified_gmt":"2023-10-25T07:25:27","slug":"il-console-generale","status":"publish","type":"page","link":"https:\/\/consmetz.esteri.it\/fr\/chi-siamo\/il-console-generale\/","title":{"rendered":"Le Consul G\u00e9n\u00e9ral"},"content":{"rendered":"<p>Consule Generale d&rsquo;Italia: Antonella FONTANA (depuis le 18\/09\/2023)<\/p>\n<p><a href=\"https:\/\/consmetz.esteri.it\/it\/chi-siamo\/il-console-generale\/console-generale-antonella-fontana-sito-web\/\" rel=\"attachment wp-att-1294\"><img loading=\"lazy\" decoding=\"async\" class=\"alignnone wp-image-1294 img-fluid\" src=\"https:\/\/consmetz.esteri.it\/wp-content\/uploads\/2023\/09\/CONSOLE-GENERALE-ANTONELLA-FONTANA-SITO-WEB-185x300.jpg\" alt=\"\" width=\"268\" height=\"434\" srcset=\"https:\/\/consmetz.esteri.it\/wp-content\/uploads\/2023\/09\/CONSOLE-GENERALE-ANTONELLA-FONTANA-SITO-WEB-185x300.jpg 185w, https:\/\/consmetz.esteri.it\/wp-content\/uploads\/2023\/09\/CONSOLE-GENERALE-ANTONELLA-FONTANA-SITO-WEB-632x1024.jpg 632w, https:\/\/consmetz.esteri.it\/wp-content\/uploads\/2023\/09\/CONSOLE-GENERALE-ANTONELLA-FONTANA-SITO-WEB-768x1244.jpg 768w, https:\/\/consmetz.esteri.it\/wp-content\/uploads\/2023\/09\/CONSOLE-GENERALE-ANTONELLA-FONTANA-SITO-WEB.jpg 1079w\" sizes=\"auto, (max-width: 268px) 100vw, 268px\" \/><\/a><\/p>\n<p>Acc\u00e9der au CV da la Consule G\u00e9n\u00e9rale Antonella FONTANA: <a href=\"https:\/\/consmetz.esteri.it\/it\/chi-siamo\/il-console-generale\/cv-fontana-it-fr-2\/\" rel=\"attachment wp-att-1291\">CV de madame la Consule G\u00e9n\u00e9rale Antonella Fontana<\/a><\/p>\n<p>LA CIRCONSCRIPTION CONSULAIRE DE METZ (D\u00e9partements en vert)<br \/>\n&gt; REGION GRAND EST ET TERRITOIRE DE BELFORT<\/p>\n<p><img decoding=\"async\" class=\"alignnone size-medium wp-image-77 img-fluid\" src=\"https:\/\/consmetz.esteri.it\/wp-content\/uploads\/2023\/01\/LaCircoscrizioneConsolaredItalia3.png\" alt=\"La Circoscrizione ConsolaredItalia\" width=\"600\" srcset=\"https:\/\/consmetz.esteri.it\/wp-content\/uploads\/2023\/01\/LaCircoscrizioneConsolaredItalia3.png 732w, https:\/\/consmetz.esteri.it\/wp-content\/uploads\/2023\/01\/LaCircoscrizioneConsolaredItalia3-300x255.png 300w\" sizes=\"(max-width: 732px) 100vw, 732px\" \/><\/p>\n","protected":false},"excerpt":{"rendered":"Consule Generale d&rsquo;Italia: Antonella FONTANA (depuis le 18\/09\/2023) Acc\u00e9der au CV da la Consule G\u00e9n\u00e9rale Antonella FONTANA: CV de madame la Consule G\u00e9n\u00e9rale Antonella Fontana LA CIRCONSCRIPTION CONSULAIRE DE METZ (D\u00e9partements en vert) &gt; REGION GRAND EST ET TERRITOIRE DE BELFORT","protected":false},"author":3,"featured_media":0,"parent":36,"menu_order":0,"comment_status":"closed","ping_status":"closed","template":"","meta":{"footnotes":""},"class_list":["post-97","page","type-page","status-publish","hentry"],"_links":{"self":[{"href":"https:\/\/consmetz.esteri.it\/fr\/wp-json\/wp\/v2\/pages\/97","targetHints":{"allow":["GET"]}}],"collection":[{"href":"https:\/\/consmetz.esteri.it\/fr\/wp-json\/wp\/v2\/pages"}],"about":[{"href":"https:\/\/consmetz.esteri.it\/fr\/wp-json\/wp\/v2\/types\/page"}],"author":[{"embeddable":true,"href":"https:\/\/consmetz.esteri.it\/fr\/wp-json\/wp\/v2\/users\/3"}],"replies":[{"embeddable":true,"href":"https:\/\/consmetz.esteri.it\/fr\/wp-json\/wp\/v2\/comments?post=97"}],"version-history":[{"count":6,"href":"https:\/\/consmetz.esteri.it\/fr\/wp-json\/wp\/v2\/pages\/97\/revisions"}],"predecessor-version":[{"id":2234,"href":"https:\/\/consmetz.esteri.it\/fr\/wp-json\/wp\/v2\/pages\/97\/revisions\/2234"}],"up":[{"embeddable":true,"href":"https:\/\/consmetz.esteri.it\/fr\/wp-json\/wp\/v2\/pages\/36"}],"wp:attachment":[{"href":"https:\/\/consmetz.esteri.it\/fr\/wp-json\/wp\/v2\/media?parent=97"}],"curies":[{"name":"wp","href":"https:\/\/api.w.org\/{rel}","templated":true}]}}