{"id":98,"date":"2023-01-30T12:25:41","date_gmt":"2023-01-30T11:25:41","guid":{"rendered":"https:\/\/consmetz.esteri.it\/chi-siamo\/la-sede\/"},"modified":"2023-06-23T17:19:51","modified_gmt":"2023-06-23T15:19:51","slug":"la-sede","status":"publish","type":"page","link":"https:\/\/consmetz.esteri.it\/fr\/chi-siamo\/la-sede\/","title":{"rendered":"Le Si\u00e8ge"},"content":{"rendered":"<p><strong>Pour nous contacter :<br \/>\n<\/strong>Adresse postale : 7, Boulevard Georges Clemenceau \u2013 F.57000 METZ<br \/>\nT\u00e9l\u00e9phone (standard) 03 87 38 58 70 &#8211; Fax 03 87 50 49 51<strong><br \/>\nAdresse de courrier \u00e9lectronique:\u00a0<\/strong><a href=\"mailto:consolato.metz@esteri.it\"><strong>consolato.metz@esteri.it<\/strong><\/a><br \/>\n<strong>Horaires d\u2019ouverture au public : Lundi, Mardi, Mercredi, Jeudi, vendredi de 9h \u00e0 13h et le mercredi apr\u00e8s-midi de 14h30 \u00e0 16h30.<\/strong><\/p>\n<p><strong>Bureau Consulaire de Mulhouse<br \/>\n<\/strong>33, Grand Rue &#8211; 68100 MULHOUSE<br \/>\nTel.: +333 89664111<br \/>\nCourriel:\u00a0<a href=\"sportello.mulhouse@esteri.it\">sportello.mulhouse@esteri.it<\/a><\/p>\n<p>Nous sommes aussi joignables par t\u00e9l\u00e9phone les apr\u00e8s-midi de ces m\u00eames jours de 14h30 \u00e0 16h30. Il vous est possible de joindre chaque service en cliquant sur le lien suivant<strong>:\u00a0<\/strong><a href=\"https:\/\/consmetz.esteri.it\/Consolato_Metz\/solato_Metz\/Menu\/Il_Consolato\/Gli_uffici\"><strong>Les Services<\/strong><\/a><\/p>\n<p><strong>Comment se rendre au Consulat G\u00e9n\u00e9ral d\u2019Italie ?<\/strong><\/p>\n<p>Cliquer ici pour acc\u00e9der \u00e0 la localisation du Consulat:\u00a0<a title=\"clicquer pour acc\u00e9der au plan\" href=\"https:\/\/www.google.com\/maps\/place\/Consulat+g%C3%A9n%C3%A9ral+d'Italie+%C3%A0+Metz\/@49.1091163,6.1617522,16.5z\/data=!4m6!3m5!1s0x4794dc07ddb515f9:0x22003791c21e763a!8m2!3d49.1093851!4d6.1640317!16s%2Fg%2F123231mzr?entry=ttu\" rel=\"noopener\">Plan<\/a><\/p>\n<hr \/>\n<p>Pour les personnes qui ne connaissent pas Metz et qui arrivent par l\u2019autoroute (Paris, Nancy, Luxembourg ou Strasbourg), elles doivent prendre la sortie autoroute \u00ab Metz-Centre \u00bb.<br \/>\nD\u00e8s la sortie de l\u2019autoroute se placer sur la file de droite et longer la caserne de la L\u00e9gion Etrang\u00e8re situ\u00e9e sur votre droite pour emprunter (\u00e0 droite) l\u2019avenue de Lattre de Tassigny.<br \/>\nArriv\u00e9 au premier feux tricolore, prendre \u00e0 droite la rue de Salis. Au feu tricolore prendre \u00e0 droite (vous \u00eates sur l\u2019avenue Kennedy).<br \/>\nLe Boulevard Clemenceau se trouve sur votre gauche. Il suffit d&#8217;emprunter le nouveau rond-point pour y acc\u00e9der.<br \/>\n<strong>En raison des difficult\u00e9s \u00e0 stationner dans le quartier<\/strong>,\u00a0\u00a0nous vous conseillons de garer votre v\u00e9hicule en continuant votre route en passant sur les deux ponts situ\u00e9s face \u00e0 vous en direction de Longeville-les-Metz.<br \/>\nAu premier feu \u00e0 droite vous pourrez stationner votre v\u00e9hicule sur le parking de la patinoire (parking gratuit).<\/p>\n","protected":false},"excerpt":{"rendered":"Pour nous contacter : Adresse postale : 7, Boulevard Georges Clemenceau \u2013 F.57000 METZ T\u00e9l\u00e9phone (standard) 03 87 38 58 70 &#8211; Fax 03 87 50 49 51 Adresse de courrier \u00e9lectronique:\u00a0consolato.metz@esteri.it Horaires d\u2019ouverture au public : Lundi, Mardi, Mercredi, Jeudi, vendredi de 9h \u00e0 13h et le mercredi apr\u00e8s-midi de 14h30 \u00e0 16h30. Bureau [&hellip;]","protected":false},"author":3,"featured_media":0,"parent":36,"menu_order":2,"comment_status":"closed","ping_status":"closed","template":"","meta":{"footnotes":""},"class_list":["post-98","page","type-page","status-publish","hentry"],"_links":{"self":[{"href":"https:\/\/consmetz.esteri.it\/fr\/wp-json\/wp\/v2\/pages\/98","targetHints":{"allow":["GET"]}}],"collection":[{"href":"https:\/\/consmetz.esteri.it\/fr\/wp-json\/wp\/v2\/pages"}],"about":[{"href":"https:\/\/consmetz.esteri.it\/fr\/wp-json\/wp\/v2\/types\/page"}],"author":[{"embeddable":true,"href":"https:\/\/consmetz.esteri.it\/fr\/wp-json\/wp\/v2\/users\/3"}],"replies":[{"embeddable":true,"href":"https:\/\/consmetz.esteri.it\/fr\/wp-json\/wp\/v2\/comments?post=98"}],"version-history":[{"count":0,"href":"https:\/\/consmetz.esteri.it\/fr\/wp-json\/wp\/v2\/pages\/98\/revisions"}],"up":[{"embeddable":true,"href":"https:\/\/consmetz.esteri.it\/fr\/wp-json\/wp\/v2\/pages\/36"}],"wp:attachment":[{"href":"https:\/\/consmetz.esteri.it\/fr\/wp-json\/wp\/v2\/media?parent=98"}],"curies":[{"name":"wp","href":"https:\/\/api.w.org\/{rel}","templated":true}]}}