{"id":1091,"date":"2023-06-20T09:38:47","date_gmt":"2023-06-20T07:38:47","guid":{"rendered":"https:\/\/consmetz.esteri.it\/?page_id=1091"},"modified":"2026-02-19T13:11:58","modified_gmt":"2026-02-19T12:11:58","slug":"carte-didentita-documenti-richiesti-e-formulari-da-scaricare","status":"publish","type":"page","link":"https:\/\/consmetz.esteri.it\/it\/servizi-consolari-e-visti\/servizi-per-il-cittadino-italiano\/carte-didentita\/carte-didentita-documenti-richiesti-e-formulari-da-scaricare\/","title":{"rendered":"Carta d&#8217;identit\u00e0 elettronica &#8211; documenti richiesti e formulari"},"content":{"rendered":"<h2>RICHIESTA DI CIE PRESSO IL CONSOLATO GENERALE D&#8217;ITALIA A METZ<\/h2>\n<p>Prima di prenotare l\u2019appuntamento per la carta d\u2019identit\u00e0 elettronica tramite il servizio\u00a0<a href=\"https:\/\/consmetz.esteri.it\/consolato_metz\/it\/i_servizi\/per_i_cittadini\/prenota-online-istruzioni-e-link.html\"><strong>Prenot@Mi<\/strong><\/a>\u00a0verificare di essere in possesso di tutta la documentazione richiesta.<\/p>\n<p>\u25ba Verificare di essere\u00a0<a href=\"https:\/\/consmetz.esteri.it\/it\/servizi-consolari-e-visti\/servizi-per-il-cittadino-italiano\/a-i-r-e-anagrafe-degli-italiani-allestero\/\"><strong>iscritti all\u2019AIRE<\/strong><\/a>, altrimenti la carta d\u2019identit\u00e0 elettronica non potr\u00e0 essere rilasciata.<\/p>\n<p>\ud83d\udea8<span style=\"text-decoration: underline;\">A partire dall&#8217;01\/06\/2026 gli iscritti AIRE potranno richiedere la CIE anche in un qualsiasi Comune italiano<\/span>. Le informazioni qui sotto si riferiscono <strong>esclusivamente<\/strong> <strong>alle domande di CIE presentate al Consolato Generale d&#8217;Italia a Metz<\/strong>.<\/p>\n<p>&nbsp;<\/p>\n<p><strong>DOCUMENTAZIONE RICHIESTA PER IL RILASCIO DELLA CARTA D\u2019IDENTIT\u00c0<br \/>\n<\/strong><\/p>\n<ul>\n<li>Una fototessera a norma biometrica recente;<\/li>\n<li>Precedente carta di identit\u00e0 (anche se scaduta);<\/li>\n<li>Documento di riconoscimento italiano in corso di validit\u00e0 <em>oppure<\/em> documento d&#8217;identit\u00e0 italiano scaduto e <em>titre de sejour<\/em> francese ancora valido;<\/li>\n<li>formulario di domanda firmato da entrambi i genitori nel caso in cui il richiedente sia un minore di 18 anni\u00a0 (<a href=\"https:\/\/consmetz.esteri.it\/it\/servizi-consolari-e-visti\/servizi-per-il-cittadino-italiano\/modulistica-per-i-cittadini-italiani\/\" target=\"_blank\" rel=\"noopener\">\u25ba<strong>Modulistica<\/strong><\/a>);<\/li>\n<li>Prova del pagamento, effettuato almeno 5 giorni prima dell\u2019appuntamento, tramite bonifico bancario di (con indicazione del nome e del cognome nel motivo del versamento):<\/li>\n<li>euro 21,95 in caso di primo rilascio CIE o rinnovo;<\/li>\n<li>euro 27,11 in caso di duplicato per furto, smarrimento o deterioramento di CIE ancora in corso di validit\u00e0.<\/li>\n<\/ul>\n<p>Al fine di evitare pagamenti erronei si prega di leggere attentamente quanto segue:<\/p>\n<p>Per RILASCIO si intende la prima emissione della CIE (chi pertanto richiede la carta elettronica per la prima volta dovr\u00e0 pagare euro 21.95)<\/p>\n<p>Per RINNOVO si intende il rilascio di una nuova CIE in sostituzione della precedente CIE scaduta<\/p>\n<p>Per DUPLICATO si intende il rilascio di una nuova CIE in sostituzione della precedente CIE nei casi in cui venga smarrita, rubata, deteriorata o richiesta prima dei 180 giorni dalla scadenza.<\/p>\n<p>modalit\u00e0 di pagamento: <strong>IBAN<\/strong>: FR76 3008 7333 0000 0246 6500 569\u00a0\u00a0\u00a0<strong>BIC<\/strong>: CMCIFRPP<\/p>\n<p><span style=\"text-decoration: underline;\"><strong>\ud83d\udea8ATTENZIONE:<\/strong><\/span><\/p>\n<p>Se la carta d&#8217;identit\u00e0 italiana \u00e8 scaduta oppure \u00e8 il primo rilascio, si deve presentare anche un <strong>documento d&#8217;identit\u00e0 italiano in corso di validit\u00e0<\/strong> <em>oppure<\/em> un <em>titre de sejour francese<\/em> in corso di validit\u00e0;<br \/>\n\u26a0\ufe0f Nel caso in cui non sia possibile presentare tali documenti d&#8217;identit\u00e0, l&#8217;ufficio effettuer\u00e0 controlli supplementari, potrebbe essere richiesto di fornire documenti aggiuntivi (es. certificato di cittadinanza francese indicante data e modalit\u00e0 di acquisto);<\/p>\n<p>Per le istruzioni complete consultare la pagina <strong>\u25ba<a href=\"https:\/\/consmetz.esteri.it\/it\/servizi-consolari-e-visti\/servizi-per-il-cittadino-italiano\/modulistica-per-i-cittadini-italiani\/\" target=\"_blank\" rel=\"noopener\">Modulistica\u00a0<\/a><\/strong><\/p>\n<p>&nbsp;<\/p>\n<p><strong>CARATTERISTICHE DELLE FOTOGRAFIE ACCETTATE<\/strong><strong><br \/>\n<\/strong><\/p>\n<p>norme foto conformi per documenti (<a href=\"https:\/\/consmetz.esteri.it\/wp-content\/uploads\/2023\/05\/NORME-ICAO-FOTO-PER-PASSAPORTI.pdf\"><strong>norme ICAO<\/strong><\/a>)<\/p>\n<p><strong>Per scaricare i FORMULARI consultare la pagina \u25ba<a href=\"https:\/\/consmetz.esteri.it\/it\/servizi-consolari-e-visti\/servizi-per-il-cittadino-italiano\/modulistica-per-i-cittadini-italiani\/\" target=\"_blank\" rel=\"noopener\">Modulistica\u00a0<\/a><\/strong><\/p>\n<p>&nbsp;<\/p>\n<p>&nbsp;<\/p>\n<p style=\"text-align: justify;\">\n","protected":false},"excerpt":{"rendered":"RICHIESTA DI CIE PRESSO IL CONSOLATO GENERALE D&#8217;ITALIA A METZ Prima di prenotare l\u2019appuntamento per la carta d\u2019identit\u00e0 elettronica tramite il servizio\u00a0Prenot@Mi\u00a0verificare di essere in possesso di tutta la documentazione richiesta. \u25ba Verificare di essere\u00a0iscritti all\u2019AIRE, altrimenti la carta d\u2019identit\u00e0 elettronica non potr\u00e0 essere rilasciata. \ud83d\udea8A partire dall&#8217;01\/06\/2026 gli iscritti AIRE potranno richiedere la CIE [&hellip;]","protected":false},"author":9,"featured_media":0,"parent":225,"menu_order":0,"comment_status":"closed","ping_status":"closed","template":"","meta":{"footnotes":""},"class_list":["post-1091","page","type-page","status-publish","hentry"],"_links":{"self":[{"href":"https:\/\/consmetz.esteri.it\/it\/wp-json\/wp\/v2\/pages\/1091","targetHints":{"allow":["GET"]}}],"collection":[{"href":"https:\/\/consmetz.esteri.it\/it\/wp-json\/wp\/v2\/pages"}],"about":[{"href":"https:\/\/consmetz.esteri.it\/it\/wp-json\/wp\/v2\/types\/page"}],"author":[{"embeddable":true,"href":"https:\/\/consmetz.esteri.it\/it\/wp-json\/wp\/v2\/users\/9"}],"replies":[{"embeddable":true,"href":"https:\/\/consmetz.esteri.it\/it\/wp-json\/wp\/v2\/comments?post=1091"}],"version-history":[{"count":6,"href":"https:\/\/consmetz.esteri.it\/it\/wp-json\/wp\/v2\/pages\/1091\/revisions"}],"predecessor-version":[{"id":7579,"href":"https:\/\/consmetz.esteri.it\/it\/wp-json\/wp\/v2\/pages\/1091\/revisions\/7579"}],"up":[{"embeddable":true,"href":"https:\/\/consmetz.esteri.it\/it\/wp-json\/wp\/v2\/pages\/225"}],"wp:attachment":[{"href":"https:\/\/consmetz.esteri.it\/it\/wp-json\/wp\/v2\/media?parent=1091"}],"curies":[{"name":"wp","href":"https:\/\/api.w.org\/{rel}","templated":true}]}}