{"id":1111,"date":"2023-06-21T16:39:06","date_gmt":"2023-06-21T14:39:06","guid":{"rendered":"https:\/\/consmetz.esteri.it\/?page_id=1111"},"modified":"2023-06-21T16:55:55","modified_gmt":"2023-06-21T14:55:55","slug":"c-g-i-e","status":"publish","type":"page","link":"https:\/\/consmetz.esteri.it\/it\/servizi-consolari-e-visti\/servizi-per-il-cittadino-italiano\/organismi-rappresentativi-degli-italiani-allestero\/c-g-i-e\/","title":{"rendered":"C.G.I.E."},"content":{"rendered":"<p>Per la Circoscrizione Consolare di Metz l&#8217;attuale Consigliere CGIE \u00e9\u00a0 il <strong><em>Grande Ufficiale<\/em> Salvatore TABONE.<\/strong><\/p>\n<p><a href=\"https:\/\/consmetz.esteri.it\/it\/servizi-consolari-e-visti\/servizi-per-il-cittadino-italiano\/organismi-rappresentativi-degli-italiani-allestero\/c-g-i-e\/csm_salvatore_tabone_montigny-les-metz_19460880c4\/\" rel=\"attachment wp-att-1114\"><img loading=\"lazy\" decoding=\"async\" class=\"alignnone wp-image-1114 img-fluid\" src=\"https:\/\/consmetz.esteri.it\/wp-content\/uploads\/2023\/06\/csm_Salvatore_TABONE_Montigny-les-Metz_19460880c4-218x300.jpg\" alt=\"\" width=\"151\" height=\"208\" srcset=\"https:\/\/consmetz.esteri.it\/wp-content\/uploads\/2023\/06\/csm_Salvatore_TABONE_Montigny-les-Metz_19460880c4-218x300.jpg 218w, https:\/\/consmetz.esteri.it\/wp-content\/uploads\/2023\/06\/csm_Salvatore_TABONE_Montigny-les-Metz_19460880c4.jpg 370w\" sizes=\"auto, (max-width: 151px) 100vw, 151px\" \/><\/a><\/p>\n<p style=\"text-align: justify;\">Il Consiglio Generale degli Italiani all\u2019Estero (C.G.I.E.)\u00a0istituito con Legge 6 novembre 1989 n. 368, \u00e8 organo di consulenza del Governo e del Parlamento sui grandi temi di interesse per gli italiani all\u2019estero.<\/p>\n<div style=\"text-align: justify;\">Esso deriva la sua legittimit\u00e0 rappresentativa dall\u2019elezione diretta da parte dei componenti dei Comites nel mondo e rappresenta un importante passo nel processo di sviluppo della partecipazione attiva alla vita politica del paese da parte delle collettivit\u00e0 italiane nel mondo. Allo stesso tempo costituisce l\u2019organismo essenziale per il loro collegamento permanente con l\u2019Italia e le sue istituzioni.<\/div>\n<div style=\"text-align: justify;\"><\/div>\n<div style=\"text-align: justify;\">Il CGIE \u00e8 presieduto dal Ministro degli Affari Esteri e, a seguito delle modifiche introdotte dalla legge 89\/2014, si compone di 63 Consiglieri, di cui 43 in rappresentanza delle comunit\u00e0 italiane all\u2019estero e 20 di nomina governativa.<\/div>\n<div style=\"text-align: justify;\"><\/div>\n<div style=\"text-align: justify;\">\n<header>\n<h3 class=\"entry-title\">Proclamati i nuovi 43 Consiglieri del CGIE eletti dalle Assemblee Paese del 9 e 10 aprile 2022<\/h3>\n<div class=\"subhead\">La parte elettiva del Consiglio Generale degli italiani all\u2019Estero \u00e8 stata rinnovata nei giorni 9\/10 aprile u.s., nelle more delle verifiche amministrative degli eletti, oggi 22 aprile 2022, sono stati confermati e proclamati eletti nella V Consiliatura 43 Consiglieri. Per la prima volta la parte elettiva del Consiglio sar\u00e0 rappresentata da 10 donne. In tanti sono stati riconfermati, la maggioranza degli eletti, invece, rappresenter\u00e0 per la prima volta i territori di residenza dei 17 Paesi rappresentativi della popolazione pi\u00f9 numerosa nei quali risiedono i nostri connazionali. (Nella tabella la lista delle nuove Consigliere e dei nuovi Consiglieri riportante i Continenti e Paesi di rappresentanza).<\/div>\n<\/header>\n<div class=\"entry-content\">\n<p>Intanto, sono in corso i preparativi per le nomine dei 20 Consiglieri che il Governo sceglier\u00e0 in rappresentanza delle organizzazioni nazionali indicate nella legge istitutiva del CGIE. Al termine di questo processo di completamento della rappresentanza sar\u00e0 definita la data per l\u2019insediamento ufficiale del nuovo organismo.<\/p>\n<p>In questa fase transitoria il CGIE uscente continuer\u00e0 ad esercitare le funzioni di ordinaria amministrazione previste dall\u2019ordinamento, che istituisce questa rappresentanza intermedia.<\/p>\n<p>Esprimiamo i complimenti alle nuove elette e ai nuovi eletti augurandogli buon lavoro, ringraziamo le Consiglieri e i Consiglieri che hanno svolto in maniera egregia il proprio lavoro facendo avanzare e riconoscere in maniera positiva e propositiva le istanze, le culture e gli interessi degli italiani all\u2019estero.<\/p>\n<p>Roma, 22 aprile 2022<\/p>\n<p><strong>EUROPA (24 membri)<\/strong><br \/>\nAustria: 1 membro: Lidia Campanale<br \/>\nBelgio: 2 membri: Eleonora Medda, Massimo Romagnoli<br \/>\nFrancia: 4 membri:\u00a0 Maria Chiara Prodi, Massimo Picciani, <strong><span style=\"text-decoration: underline;\">Salvatore Tabone<\/span>,<\/strong> Nicola Carmignani<br \/>\nGermania: 6 membri: Marilena Rossi, Giuseppe Scigliano, Tommaso Conte, Giulio Susheel Tallarico, Silvestro Guerrieri, Gianluca Stephano Adolf Errico<br \/>\nPaesi Bassi: 1 membro: Monica Spadafora<br \/>\nRegno Unito: 3 membri: Elena Remigi, Giovanni D\u2019Angelo, Luigi Bill\u00e8<br \/>\nSpagna: 2 membri: Giuseppe Stabile, Pietro Mariani<br \/>\nSvizzera: 5 membri: Toni Ricciardi, Giuseppe Rauseo, Roger Nesti, Michele Schiavone, Barbara Sorce<\/p>\n<p><strong>AMERICA SETTENTRIONALE E CENTRALE (3 membri)<\/strong><br \/>\nCanada: 1 membro: Rocco Di Trolio<br \/>\nStati Uniti: 2 membri: Vincenzo Arcobelli, Silvana Mangione<\/p>\n<p><strong>AMERICA MERIDIONALE (15 membri)<\/strong><br \/>\nArgentina: 7 membri: Mariano Rafael Gazzola, Marcelo Hector Romanello, Gerardo Pinto, Juan Carlos Paglialunga<br \/>\nRodolfo Borghese, Francisco Pedro Emilio Fial\u00e0, Antonio Morello<br \/>\nBrasile: 4 membri: Stephania Liberato Salzano Putton, Daniel Taddone Neves, Walter Antonio Petruzziello, Silvia Alciati<br \/>\nCile: 1 membro: Aniello Gargiulo<br \/>\nPer\u00f9: 1 membro: Agostino Canepa<br \/>\nUruguay: 1 membro: Aldo Lamorte<br \/>\nVenezuela: 1 membro: Antonio Gabriel Iachini<\/p>\n<p><strong>AFRICA, ASIA, OCEANIA E ANTARTIDE (1 membro)<\/strong><br \/>\nAustralia: 1 membro: Francesco Papandrea<\/p>\n<\/div>\n<\/div>\n<p style=\"text-align: justify;\"><strong>Per maggiori informazioni:<\/strong><\/p>\n<p style=\"text-align: justify;\"><a href=\"https:\/\/www.cgieonline.it\/\">Sito web del CGIE<\/a><\/p>\n<p style=\"text-align: justify;\"><a href=\"https:\/\/www.esteri.it\/it\/servizi-consolari-e-visti\/italiani-all-estero\/organismirappresentativi\/cgie\/\">Il CGIE sul Sito del Ministero degli Affari Esteri e della Cooperazione Internazionale<\/a><\/p>\n<p style=\"text-align: justify;\">Riferimenti normativi:<\/p>\n<p style=\"text-align: justify;\"><a class=\"focus--mouse\" href=\"https:\/\/www.normattiva.it\/atto\/caricaDettaglioAtto?atto.dataPubblicazioneGazzetta=1989-11-11&amp;atto.codiceRedazionale=089G0445&amp;atto.articolo.numero=0&amp;atto.articolo.sottoArticolo=1&amp;atto.articolo.sottoArticolo1=10&amp;qId=c02617d4-0162-4a59-bc57-68cdd21af969&amp;tabID=0.04139143837371506&amp;title=lbl.dettaglioAtto\" target=\"_blank\" rel=\"noopener\" data-focus-mouse=\"true\">Legge 6 novembre 1989, n.368 . Istituzione del Consiglio generale degli italiani all\u2019estero.<\/a><\/p>\n<p style=\"text-align: justify;\">D.P.R. 14 settembre 1998, n.329.\u00a0 Regolamento recante norme sull&#8217;organizzazione del consiglio generale degli italiani all\u2019estero.<br \/>\nD.M. n.301\/08 del 4 maggio 2004\u00a0\u2013 Modifica della tabella di ripartizione geografica dei membri del CGIE, annessa alla legge 6 novembre 1989, n. 368<br \/>\nD.L. 24 aprile 2014, n. 66 convertito con modificazioni dalla Legge 23 giugno 2014, N. 89;<br \/>\nD.M. 4511\/34 del 23 giugno 2015 recante la nuova tabella di ripartizione geografica dei membri territoriali del CGIE 2)<br \/>\nDPCM 7 gennaio 2016 \u2013 Nomina membri CGIE di cui all\u2019art.4, comma 5, delle legge 6 novembre 1989, n.368<\/p>\n<p style=\"text-align: justify;\">Circolare Ministeriale n. 2 del 28 luglio 2020<br \/>\nAllegati \u2013 Circolare Ministeriale n. 2 del 28 luglio 2020<\/p>\n","protected":false},"excerpt":{"rendered":"Per la Circoscrizione Consolare di Metz l&#8217;attuale Consigliere CGIE \u00e9\u00a0 il Grande Ufficiale Salvatore TABONE. Il Consiglio Generale degli Italiani all\u2019Estero (C.G.I.E.)\u00a0istituito con Legge 6 novembre 1989 n. 368, \u00e8 organo di consulenza del Governo e del Parlamento sui grandi temi di interesse per gli italiani all\u2019estero. Esso deriva la sua legittimit\u00e0 rappresentativa dall\u2019elezione diretta [&hellip;]","protected":false},"author":6,"featured_media":0,"parent":1105,"menu_order":0,"comment_status":"closed","ping_status":"closed","template":"","meta":{"footnotes":""},"class_list":["post-1111","page","type-page","status-publish","hentry"],"_links":{"self":[{"href":"https:\/\/consmetz.esteri.it\/it\/wp-json\/wp\/v2\/pages\/1111","targetHints":{"allow":["GET"]}}],"collection":[{"href":"https:\/\/consmetz.esteri.it\/it\/wp-json\/wp\/v2\/pages"}],"about":[{"href":"https:\/\/consmetz.esteri.it\/it\/wp-json\/wp\/v2\/types\/page"}],"author":[{"embeddable":true,"href":"https:\/\/consmetz.esteri.it\/it\/wp-json\/wp\/v2\/users\/6"}],"replies":[{"embeddable":true,"href":"https:\/\/consmetz.esteri.it\/it\/wp-json\/wp\/v2\/comments?post=1111"}],"version-history":[{"count":0,"href":"https:\/\/consmetz.esteri.it\/it\/wp-json\/wp\/v2\/pages\/1111\/revisions"}],"up":[{"embeddable":true,"href":"https:\/\/consmetz.esteri.it\/it\/wp-json\/wp\/v2\/pages\/1105"}],"wp:attachment":[{"href":"https:\/\/consmetz.esteri.it\/it\/wp-json\/wp\/v2\/media?parent=1111"}],"curies":[{"name":"wp","href":"https:\/\/api.w.org\/{rel}","templated":true}]}}