{"id":1142,"date":"2023-06-22T16:11:24","date_gmt":"2023-06-22T14:11:24","guid":{"rendered":"https:\/\/consmetz.esteri.it\/?page_id=1142"},"modified":"2023-10-05T17:14:05","modified_gmt":"2023-10-05T15:14:05","slug":"equipollenza-titoli-di-studio-equivalence-de-diplome-francais-en-italie","status":"publish","type":"page","link":"https:\/\/consmetz.esteri.it\/it\/servizi-consolari-e-visti\/servizi-per-il-cittadino-straniero\/equipollenza-titoli-di-studio-equivalence-de-diplome-francais-en-italie\/","title":{"rendered":"Equipollenza titoli di studio francesi"},"content":{"rendered":"<p style=\"text-align: justify;\"><strong>Condizioni e procedure per chiedere in Italia, l&#8217;equipollenza di un titolo di studio francese al Ministero della Universit\u00e0 e della Ricerca (MIUR) &gt; <\/strong><a href=\"https:\/\/www.mur.gov.it\/it\/aree-tematiche\/universita\/equipollenze-equivalenza-ed-equiparazioni-tra-titoli-di-studio\/titoli-0\">Accedi alle informazioni<\/a><\/p>\n<p style=\"text-align: justify;\"><strong>Il processo di\u00a0 riconoscimento<\/strong><br \/>\nI titoli accademici di studio stranieri non hanno valore legale in Italia. Pertanto &#8211; qualora debbano essere utilizzati nel nostro paese in vari ambiti &#8211; \u00e8 necessario chiederne \u00a0il riconoscimento. Esso comporta un diverso percorso a seconda che il riconoscimento sia destinato a conferire valore legale al titolo attraverso il riconoscimento accademico o sia destinato a permettere di ottenere l\u2019accesso ai pubblici concorsi o benefici specifici.<br \/>\nIn tal\u00a0 senso, \u00a0si devono attivare due diversi procedimenti regolati da norme differenti. Tali norme segnano una precisa\u00a0 scansione\u00a0 del processo\u00a0 amministrativo da avviare e dei documenti da presentare:<\/p>\n<ul style=\"text-align: justify;\">\n<li>il giudizio di\u00a0 riconoscimento finalizzato (la vecchia Equivalenza) \u00e8 un giudizio collegato a un caso specifico in base al quale si accerta \u00a0che il titolo di studio estero equivale a un titolo di studio italiano, senza per questo conferire valore legale al titolo (articolo 5\u00a0 legge 148 del 2002\u00a0 di ratifica ed esecuzione della Convenzione di Lisbona\u00a0 sul riconoscimento dei titoli di studio\u00a0 dell\u2019insegnamento superiore nella regione europea)<\/li>\n<li>la dichiarazione di \u00a0riconoscimento accademico \u00a0(la vecchia \u00a0Equipollenza) \u00e8 un\u2019analisi dettagliata del percorso di studi\u00a0 al cui termine l\u2019atto dichiarativo conferisce valore legale al titolo e riconosce la validit\u00e0 del titolo straniero in Italia, assimilandolo una tantum a un titolo italiano e consentendone tutti gli usi ad esso collegabili (articoli 2 e 3 legge 148 del 2002 di ratifica ed esecuzione della Convenzione di Lisbona\u00a0 sul riconoscimento dei titoli di studio\u00a0 dell\u2019insegnamento superiore nella regione europea).<\/li>\n<\/ul>\n<p style=\"text-align: justify;\"><strong>Il riconoscimento accademico (equipollenza): procedimento amministrativo<\/strong><br \/>\nIl riconoscimento accademico (l\u2019equipollenza) \u00a0dei titoli di studio esteri \u00e8 il provvedimento mediante \u00a0il quale \u00a0i singoli Atenei attribuiscono a un titolo di studio conseguito all\u2019estero lo stesso valore legale di un titolo di studio presente nell\u2019ordinamento italiano. Viene rilasciata a specifiche condizioni esclusivamente dagli Atenei italiani ed \u00e8 quindi presso gli Atenei che si deve inoltrare domanda. Il riconoscimento viene effettuato dalle autorit\u00e0 accademiche competenti entro il termine fissato dalla legge. Le autorit\u00e0 accademiche competenti possono:<\/p>\n<ul style=\"text-align: justify;\">\n<li>riconoscere l&#8217;equipollenza a tutti gli effetti del titolo accademico estero con quello rilasciato dall&#8217;Ateneo. La procedura di valutazione si conclude entro novanta giorni dalla presentazione dell\u2019istanza;<\/li>\n<li>riconoscere il titolo ai fini dell&#8217;abbreviazione del similare corso di studi cui iscriversi per completare il percorso accademico e ottenere il titolo italiano.<\/li>\n<li><a href=\"https:\/\/cercauniversita.cineca.it\/index.php?module=strutture&amp;page=StructureSearchParams&amp;advanced_serch=1\" target=\"_blank\" rel=\"noopener nofollow noreferrer\">Ricerca completa strutture atenei<\/a><\/li>\n<\/ul>\n<p style=\"text-align: justify;\"><strong>Il riconoscimento finalizzato<\/strong>\u00a0(<strong>equivalenza) : procedimento amministrativo<\/strong><br \/>\nIl riconoscimento finalizzato (equivalenza) \u00a0dei titoli di studio esteri \u00e8 contenuto in un provvedimento (rilasciato solo per il motivo indicato e valido solo se utilizzato a quel fine, per cui deve essere nuovamente richiesta e il provvedimento nuovamente riemesso, ogni volta che si ripresenti il motivo d\u2019interesse ), in ordine a determinate \u00a0casistiche \u00a0previste dall\u2019articolo 38 del Decreto legislativo 165 del 2001, dal decreto del Presidente della Repubblica 189 del 2009 e dall\u2018articolo \u00a012 Legge 29 del 2006 (gli\u00a0 ultimi\u00a0 due riferimenti normativi\u00a0 riguardano, il primo, la procedura di riconoscimento\u00a0 di\u00a0\u00a0 titoli acquisiti nei paesi aderenti alla convenzione di Lisbona dell\u201911 aprile 1997, il secondo, la procedura di valutazione\u00a0 della corrispondenza\u00a0 di titoli\u00a0 e certificazioni comunitarie acquisiti nell\u2019 Unione europea, negli Stati aderenti all\u2019Accordo\u00a0 sullo spazio economico europeo o nella Confederazione elvetica).<\/p>\n<p style=\"text-align: justify;\"><strong>Gestori di pubblici servizi<\/strong><br \/>\nAnche i gestori di pubblici servizi devono rivolgersi al Ministero per le\u00a0 proprie procedure ove siano previste valutazioni di titoli esteri come requisiti essenziali o accessori.<\/p>\n","protected":false},"excerpt":{"rendered":"Condizioni e procedure per chiedere in Italia, l&#8217;equipollenza di un titolo di studio francese al Ministero della Universit\u00e0 e della Ricerca (MIUR) &gt; Accedi alle informazioni Il processo di\u00a0 riconoscimento I titoli accademici di studio stranieri non hanno valore legale in Italia. Pertanto &#8211; qualora debbano essere utilizzati nel nostro paese in vari ambiti &#8211; [&hellip;]","protected":false},"author":6,"featured_media":0,"parent":73,"menu_order":25,"comment_status":"closed","ping_status":"closed","template":"","meta":{"footnotes":""},"class_list":["post-1142","page","type-page","status-publish","hentry"],"_links":{"self":[{"href":"https:\/\/consmetz.esteri.it\/it\/wp-json\/wp\/v2\/pages\/1142","targetHints":{"allow":["GET"]}}],"collection":[{"href":"https:\/\/consmetz.esteri.it\/it\/wp-json\/wp\/v2\/pages"}],"about":[{"href":"https:\/\/consmetz.esteri.it\/it\/wp-json\/wp\/v2\/types\/page"}],"author":[{"embeddable":true,"href":"https:\/\/consmetz.esteri.it\/it\/wp-json\/wp\/v2\/users\/6"}],"replies":[{"embeddable":true,"href":"https:\/\/consmetz.esteri.it\/it\/wp-json\/wp\/v2\/comments?post=1142"}],"version-history":[{"count":2,"href":"https:\/\/consmetz.esteri.it\/it\/wp-json\/wp\/v2\/pages\/1142\/revisions"}],"predecessor-version":[{"id":1976,"href":"https:\/\/consmetz.esteri.it\/it\/wp-json\/wp\/v2\/pages\/1142\/revisions\/1976"}],"up":[{"embeddable":true,"href":"https:\/\/consmetz.esteri.it\/it\/wp-json\/wp\/v2\/pages\/73"}],"wp:attachment":[{"href":"https:\/\/consmetz.esteri.it\/it\/wp-json\/wp\/v2\/media?parent=1142"}],"curies":[{"name":"wp","href":"https:\/\/api.w.org\/{rel}","templated":true}]}}