{"id":1245,"date":"2023-08-14T12:16:45","date_gmt":"2023-08-14T10:16:45","guid":{"rendered":"https:\/\/consmetz.esteri.it\/?page_id=1245"},"modified":"2025-07-08T14:20:30","modified_gmt":"2025-07-08T12:20:30","slug":"notai-bilingui-notaires-bilingues","status":"publish","type":"page","link":"https:\/\/consmetz.esteri.it\/it\/servizi-consolari-e-visti\/servizi-per-il-cittadino-italiano\/notarile\/notai-bilingui-notaires-bilingues\/","title":{"rendered":"Notai bilingui\/Notaires bilingues"},"content":{"rendered":"<p><strong>ATTI NOTARILI \u2013 PROCURE SPECIALI E GENERALI E AUTENTICHE NOTARILI DELLA FIRMA<\/strong><\/p>\n<p>Dal 1\u00b0 gennaio 2012, le rappresentanze consolari site in AUSTRIA, BELGIO, FRANCIA, GERMANIA e LITUANIA non rilasciano pi\u00f9 nessun atto notarile, come per esempio procure speciali e generali, oppure autentiche notarili d firme.<\/p>\n<p>Effettivamente, i notai dei predetti paesi hanno aderito all\u2019Unione Internazionale del Notariato (UINL) e hanno proceduto alla dichiarazione di cui all\u2019 articolo 6 della Convenzione di Bruxelles del 25 maggio 1987 (ratificata dall\u2019Italia con legge N\u00b0 106 DEL 24\/04\/1990 [ G.U. n\u00b0 108 \u2013 11\/05\/1990]) relativa alla soppressione della legalizzazione degli atti negli stati membri dell\u2019Unione Europea o che hanno firmato convenzioni bilaterali con l\u2019Italia (Decreto del Ministero degli Affari Esteri e della Cooperazione Internazionale n\u00b0276 del 6 dicembre 2011).<\/p>\n<p>Per le procure inviate da un notaio dall\u2019Italia e precisamente una scrittura privata di procura speciale (a vendere, per successione, per acquisto, ecc.), occorre prendere un appuntamento con uno dei notai bilingue di cui all\u2019elenco qui di seguito indicato che proceder\u00e0 all\u2019autentica in lingua italiana della o delle firme delle persone che conferiscono il mandato di procura speciale.<\/p>\n<p>Nel caso in cui non vi fosse la possibilit\u00e0 di recarsi da un notaio bilingue, per causa di distanza rispetto al proprio domicilio in Francia, si pu\u00f2 prendere contatto con un notaio, anche non bilingue, che potr\u00e0 procedere all\u2019autentica della firma.<\/p>\n<p>Quindi, in questo caso, il testo in lingua francese di detta autentica dovr\u00e0 a sua volta essere tradotto in lingua italiana da un traduttore giurato del tribunale.<\/p>\n<p>L\u2019elenco di questi traduttori \u00e8 accessibile sul seguente link:<\/p>\n<p><a href=\"https:\/\/consmetz.esteri.it\/it\/servizi-consolari-e-visti\/servizi-per-il-cittadino-straniero\/traduzione-e-legalizzazione-dei-documenti\/\">https:\/\/consmetz.esteri.it\/it\/servizi-consolari-e-visti\/servizi-per-il-cittadino-straniero\/traduzione-e-legalizzazione-dei-documenti\/<\/a><\/p>\n<p>Per la redazione di procure bilingue da far valere in Italia, \u00e8 possibile contattare l\u2019organismo italiano \u201cPatronato ACLI\u201d di Metz, sito al n\u00b0 5 Rue Lafayette, 57000 Metz \u2013 Tel.: 07 66 48 32 66 \u2013 metz@patronato.acli.it, che sar\u00e0 in grado di assistervi nella procedura e anche per l\u2019autenticazione della firma su tali atti.<\/p>\n<p><span style=\"text-decoration: underline;\"><strong>ELENCO DEI NOTAI CHE PROCEDONO ALL\u2019AUTENTICAZIONE DELLE FIRME SU PROCURE BILINGUE PRESENTATE PER ESSERE VALIDE IN ITALIA<\/strong><\/span><\/p>\n<p>Andr\u00e9 LOMBARDI<br \/>\n7 RUE CHARLEMAGNE BP 40230 57005 \u2013 METZ<br \/>\nTel. : 03.87.65.71.22 Fax : 03.87.56.95.80<br \/>\nEmail :\u00a0<a href=\"https:\/\/consmetz.esteri.it\/it\/servizi-consolari-e-visti\/servizi-per-il-cittadino-italiano\/notarile\/notai-bilingui-notaires-bilingues\/andre.lombardi@notaires.fr\">andre.lombardi@notaires.fr<\/a>*<\/p>\n<p>Gilbert GRAZIOSI<br \/>\n17 avenue Foch\u00a057000\u00a0\u2013\u00a0METZ<br \/>\nTel. : 03.87.37.79.30 Fax : 03.82.53.08.45<br \/>\nEmail :\u00a0<a href=\"mailto:etude.graziosi@57006.notaires.fr\">etude.graziosi@57006.notaires.fr<\/a><\/p>\n<p>Donato FELLA<br \/>\n6 SQUARE DU 11 NOVEMBRE BP 20278 57108 \u2013 THIONVILLE CEDEX<br \/>\nTel. : 03.82.53.35.57 Fax : 03.82.53.08.45<br \/>\nEmail :\u00a0<a href=\"https:\/\/consmetz.esteri.it\/it\/servizi-consolari-e-visti\/servizi-per-il-cittadino-italiano\/notarile\/notai-bilingui-notaires-bilingues\/donato.fella@notaires.fr\">donato.fella@notaires.fr<\/a><\/p>\n<p>Pierre BRUNO<br \/>\n3 PLACE DE LA REPUBLIQUE BP 33 54202 \u2013 TOUL CEDEX<br \/>\nTel. : 03.83.50.90.90 Fax : 03.83.64.37.00<br \/>\nEmail :\u00a0<a href=\"https:\/\/consmetz.esteri.it\/it\/servizi-consolari-e-visti\/servizi-per-il-cittadino-italiano\/notarile\/notai-bilingui-notaires-bilingues\/pierre.bruno@notaires.fr\">pierre.bruno@notaires.fr<\/a><\/p>\n<p>Ali\u00e9nor GUILLAUME<br \/>\n10 RUE THIERS BP 23 88151 \u2013 THAON LES VOSGES CEDEX<br \/>\nTel. : 03.29.39.22.65 Fax : 03.29.39.02.30<br \/>\nEmail :\u00a0<a href=\"https:\/\/consmetz.esteri.it\/it\/servizi-consolari-e-visti\/servizi-per-il-cittadino-italiano\/notarile\/notai-bilingui-notaires-bilingues\/alienor.guillaume@notaires.fr\">alienor.guillaume@notaires.fr<\/a><\/p>\n<p>Hubert FRITSCH<br \/>\n11 RUE DU RHONE BP 1075 68051 \u2013 MULHOUSE CEDEX<br \/>\nTel. : 03.89.45.64.57 Fax : 03.89.66.56.50<br \/>\nEmail :\u00a0<a href=\"https:\/\/consmetz.esteri.it\/it\/servizi-consolari-e-visti\/servizi-per-il-cittadino-italiano\/notarile\/notai-bilingui-notaires-bilingues\/hubert.fritsch@notaires.fr\">hubert.fritsch@notaires.fr<\/a><\/p>\n<p>Sabine de CIAN<br \/>\n33 BOULEVARD LEON GAMBETTA CS 41064 68051 \u2013 MULHOUSE CEDEX<br \/>\nTel. : 03.89.54.20.40 Fax : 03.89.64.02.32<br \/>\nEmail :\u00a0<a href=\"https:\/\/consmetz.esteri.it\/it\/servizi-consolari-e-visti\/servizi-per-il-cittadino-italiano\/notarile\/notai-bilingui-notaires-bilingues\/sabine.de-cian@notaires.fr\">sabine.de-cian@notaires.fr<\/a><\/p>\n<p>Fr\u00e9d\u00e9ric INFANTINO<br \/>\n10 RUE DE L\u2019AISNE 08400 \u2013 VOUZIERS<br \/>\nTel. : 03.24.71.85.44 Fax : 03.24.71.74.39<br \/>\nEmail :\u00a0<a href=\"https:\/\/consmetz.esteri.it\/it\/servizi-consolari-e-visti\/servizi-per-il-cittadino-italiano\/notarile\/notai-bilingui-notaires-bilingues\/frederic.infantino@notaires.fr\">frederic.infantino@notaires.fr<\/a><\/p>\n<p><strong>\u00a0<\/strong><\/p>\n","protected":false},"excerpt":{"rendered":"ATTI NOTARILI \u2013 PROCURE SPECIALI E GENERALI E AUTENTICHE NOTARILI DELLA FIRMA Dal 1\u00b0 gennaio 2012, le rappresentanze consolari site in AUSTRIA, BELGIO, FRANCIA, GERMANIA e LITUANIA non rilasciano pi\u00f9 nessun atto notarile, come per esempio procure speciali e generali, oppure autentiche notarili d firme. Effettivamente, i notai dei predetti paesi hanno aderito all\u2019Unione Internazionale [&hellip;]","protected":false},"author":6,"featured_media":0,"parent":1029,"menu_order":15,"comment_status":"closed","ping_status":"closed","template":"","meta":{"footnotes":""},"class_list":["post-1245","page","type-page","status-publish","hentry"],"_links":{"self":[{"href":"https:\/\/consmetz.esteri.it\/it\/wp-json\/wp\/v2\/pages\/1245","targetHints":{"allow":["GET"]}}],"collection":[{"href":"https:\/\/consmetz.esteri.it\/it\/wp-json\/wp\/v2\/pages"}],"about":[{"href":"https:\/\/consmetz.esteri.it\/it\/wp-json\/wp\/v2\/types\/page"}],"author":[{"embeddable":true,"href":"https:\/\/consmetz.esteri.it\/it\/wp-json\/wp\/v2\/users\/6"}],"replies":[{"embeddable":true,"href":"https:\/\/consmetz.esteri.it\/it\/wp-json\/wp\/v2\/comments?post=1245"}],"version-history":[{"count":6,"href":"https:\/\/consmetz.esteri.it\/it\/wp-json\/wp\/v2\/pages\/1245\/revisions"}],"predecessor-version":[{"id":5393,"href":"https:\/\/consmetz.esteri.it\/it\/wp-json\/wp\/v2\/pages\/1245\/revisions\/5393"}],"up":[{"embeddable":true,"href":"https:\/\/consmetz.esteri.it\/it\/wp-json\/wp\/v2\/pages\/1029"}],"wp:attachment":[{"href":"https:\/\/consmetz.esteri.it\/it\/wp-json\/wp\/v2\/media?parent=1245"}],"curies":[{"name":"wp","href":"https:\/\/api.w.org\/{rel}","templated":true}]}}