{"id":1336,"date":"2023-09-26T09:55:06","date_gmt":"2023-09-26T07:55:06","guid":{"rendered":"https:\/\/consmetz.esteri.it\/?page_id=1336"},"modified":"2023-10-10T12:20:40","modified_gmt":"2023-10-10T10:20:40","slug":"corsi-di-italiano-nelle-scuole","status":"publish","type":"page","link":"https:\/\/consmetz.esteri.it\/it\/italia-e-francia\/diplomazia-culturale\/ufficio-scuola\/corsi-di-italiano-nelle-scuole\/","title":{"rendered":"Corsi di lingua e cultura italiana nelle scuole primarie"},"content":{"rendered":"<p>&nbsp;<\/p>\n<p style=\"padding-left: 200px;\"><img loading=\"lazy\" decoding=\"async\" class=\" wp-image-1726 img-fluid aligncenter\" src=\"https:\/\/consmetz.esteri.it\/wp-content\/uploads\/2023\/10\/LOGO-SFIM_INIZIATIVE-PER-LA-LINGUA-E-LA-CULTURA-ITALIANA-300x69.png\" alt=\"\" width=\"443\" height=\"102\" srcset=\"https:\/\/consmetz.esteri.it\/wp-content\/uploads\/2023\/10\/LOGO-SFIM_INIZIATIVE-PER-LA-LINGUA-E-LA-CULTURA-ITALIANA-300x69.png 300w, https:\/\/consmetz.esteri.it\/wp-content\/uploads\/2023\/10\/LOGO-SFIM_INIZIATIVE-PER-LA-LINGUA-E-LA-CULTURA-ITALIANA-1024x234.png 1024w, https:\/\/consmetz.esteri.it\/wp-content\/uploads\/2023\/10\/LOGO-SFIM_INIZIATIVE-PER-LA-LINGUA-E-LA-CULTURA-ITALIANA-768x176.png 768w, https:\/\/consmetz.esteri.it\/wp-content\/uploads\/2023\/10\/LOGO-SFIM_INIZIATIVE-PER-LA-LINGUA-E-LA-CULTURA-ITALIANA.png 1569w\" sizes=\"auto, (max-width: 443px) 100vw, 443px\" \/><\/p>\n<p>&nbsp;<\/p>\n<p style=\"text-align: justify;\">Il D.Lgs. n.64\/2017<em> &#8211; &#8220;Disciplina della scuola italiana all&#8217;estero&#8221; &#8211;<\/em> prevede agli artt. 3 e 10 che, nell&#8217;ambito del <em>Sistema della formazione italiana nel mondo<\/em>, possono essere realizzati, col contributo diretto o indiretto del MAECI, dei <strong>corsi e<\/strong> delle <strong>altre iniziative volte alla diffusione della lingua e della cultura italiane all&#8217;estero<\/strong>.<\/p>\n<p style=\"text-align: justify;\">Sulla base di questa previsione normativa, in numerose scuole primarie pubbliche francesi della Circoscrizione consolare sono attivi dei corsi di lingua e cultura italiana (integrati o EILE &#8211; <em>Enseignements internationaux de langues \u00e9trang\u00e8res<\/em>), che sono tenuti direttamente da <strong>quattro insegnanti titolari italiani inviati dal MAECI<\/strong> o che sono organizzati, sempre col contributo del MAECI, dagli <a href=\"https:\/\/consmetz.esteri.it\/it\/italia-e-francia\/diplomazia-culturale\/ufficio-scuola\/enti-gestori\/\">Enti gestori<\/a> AISI e PLIC.<\/p>\n<p>I quattro insegnanti di scuola primaria nominati dal MAECI sono attualmente in servizio come docenti di <em>Langue vivante<\/em> nelle seguenti <strong>scuole elementari della Lorena<\/strong>:<\/p>\n<p><strong>\u00c9cole Primaire \u00ab\u00a0St. Eucaire\u00a0\u00bb<br \/>\n<\/strong>6, rue de l\u2019\u00c9paisse Muraille<br \/>\n57000 METZ<br \/>\nTel.:\u00a0 03 87 75 38 63<br \/>\nEmail\u00a0: <a href=\"mailto:ce.0573391@ac-nancy-metz.fr\">ce.0573391@ac-nancy-metz.fr<\/a><br \/>\nSito web\u00a0: <a href=\"http:\/\/www4.ac-nancy-metz.fr\/eco-saint-eucaire-metz\">http:\/\/www4.ac-nancy-metz.fr\/eco-saint-eucaire-metz<\/a><\/p>\n<p><strong>\u00c9cole Primaire \u00ab J. Burger \u00bb <\/strong><br \/>\n44, Grand\u2019Rue<br \/>\n57525 TALANGE<br \/>\nTel.\u00a0: 03 87 72 14 83<br \/>\nEmail: <a href=\"mailto:ce.0571622@ac-nancy-metz.fr\">ce.0571622@ac-nancy-metz.fr<\/a><\/p>\n<p><strong>\u00c9cole Primaire \u00ab\u00a0J. J. Rousseau\u00a0\u00bb<br \/>\n<\/strong>21, rue des Colombes<br \/>\n57525 TALANGE<br \/>\nTel.: 03 87 80 43 70<br \/>\nEmail: <a href=\"mailto:%20%20ce.0572422Y@ac-nancy-metz.fr\">ce.0572422Y@ac-nancy-metz.fr<\/a><\/p>\n<p><strong>\u00c9cole Primaire \u00ab\u00a0Du Centre\u00a0\u00bb<br \/>\n<\/strong>19, rue Foch<br \/>\n57250 Moyeuvre-Grande<br \/>\nTel.: 03 87 58 90 82<br \/>\nEmail: <a href=\"mailto:%20%20ce.0573167H@ac-nancy-metz.fr\">ce.0573167H@ac-nancy-metz.fr <\/a><\/p>\n<p><strong>\u00c9cole \u00c9l\u00e9mentaire \u00ab\u00a0Jobinot\u00a0\u00bb<br \/>\n<\/strong>30, rue Jouffroy d&#8217;Abbans<br \/>\n57250 Moyeuvre-Grande<br \/>\nTel.: 03 87 58 64 97<br \/>\nEmail: <a href=\"mailto:%20%20ce.0573045A@ac-nancy-metz.fr\">ce.0573045A@ac-nancy-metz.fr <\/a><\/p>\n","protected":false},"excerpt":{"rendered":"&nbsp; &nbsp; Il D.Lgs. n.64\/2017 &#8211; &#8220;Disciplina della scuola italiana all&#8217;estero&#8221; &#8211; prevede agli artt. 3 e 10 che, nell&#8217;ambito del Sistema della formazione italiana nel mondo, possono essere realizzati, col contributo diretto o indiretto del MAECI, dei corsi e delle altre iniziative volte alla diffusione della lingua e della cultura italiane all&#8217;estero. Sulla base [&hellip;]","protected":false},"author":10,"featured_media":0,"parent":1333,"menu_order":5,"comment_status":"closed","ping_status":"closed","template":"","meta":{"footnotes":""},"class_list":["post-1336","page","type-page","status-publish","hentry"],"_links":{"self":[{"href":"https:\/\/consmetz.esteri.it\/it\/wp-json\/wp\/v2\/pages\/1336","targetHints":{"allow":["GET"]}}],"collection":[{"href":"https:\/\/consmetz.esteri.it\/it\/wp-json\/wp\/v2\/pages"}],"about":[{"href":"https:\/\/consmetz.esteri.it\/it\/wp-json\/wp\/v2\/types\/page"}],"author":[{"embeddable":true,"href":"https:\/\/consmetz.esteri.it\/it\/wp-json\/wp\/v2\/users\/10"}],"replies":[{"embeddable":true,"href":"https:\/\/consmetz.esteri.it\/it\/wp-json\/wp\/v2\/comments?post=1336"}],"version-history":[{"count":6,"href":"https:\/\/consmetz.esteri.it\/it\/wp-json\/wp\/v2\/pages\/1336\/revisions"}],"predecessor-version":[{"id":2100,"href":"https:\/\/consmetz.esteri.it\/it\/wp-json\/wp\/v2\/pages\/1336\/revisions\/2100"}],"up":[{"embeddable":true,"href":"https:\/\/consmetz.esteri.it\/it\/wp-json\/wp\/v2\/pages\/1333"}],"wp:attachment":[{"href":"https:\/\/consmetz.esteri.it\/it\/wp-json\/wp\/v2\/media?parent=1336"}],"curies":[{"name":"wp","href":"https:\/\/api.w.org\/{rel}","templated":true}]}}