{"id":1638,"date":"2023-09-29T17:41:21","date_gmt":"2023-09-29T15:41:21","guid":{"rendered":"https:\/\/consmetz.esteri.it\/?page_id=1638"},"modified":"2025-04-03T16:31:32","modified_gmt":"2025-04-03T14:31:32","slug":"codice-fiscale","status":"publish","type":"page","link":"https:\/\/consmetz.esteri.it\/it\/servizi-consolari-e-visti\/servizi-per-il-cittadino-straniero\/codice-fiscale\/","title":{"rendered":"Codice Fiscale"},"content":{"rendered":"<article id=\"articolo_centro\" class=\"col-md-19 col-sm-19 padding_articolo item-page\" role=\"main\" aria-label=\"articolo\">\n<ol>\n<li><strong>Cos\u2019\u00e8<\/strong><\/li>\n<li><strong>Codice fiscale per studenti stranieri<\/strong><\/li>\n<li><strong>Codice fiscale per acquisti immobiliari o attivit\u00e0 commerciali<\/strong><\/li>\n<li><strong>Codice fiscale per stranieri residenti in Italia<br \/>\n<\/strong><\/li>\n<li><b>Come richiederlo<\/b><\/li>\n<\/ol>\n<\/article>\n<h3><strong>1 &#8211; COS&#8217;\u00c8 ?<\/strong><\/h3>\n<article id=\"articolo_centro\" class=\"col-md-19 col-sm-19 padding_articolo item-page\" role=\"main\" aria-label=\"articolo\">Il codice fiscale \u00e8 il codice alfanumerico rilasciato dall\u2019Agenzia delle Entrate per identificare il cittadino (italiano o straniero) nei rapporti con le amministrazioni pubbliche, i privati e gli enti, italiani. Per le persone fisiche il codice fiscale viene determinato sulla base dei dati anagrafici.<\/p>\n<h3><strong>2 &#8211; CODICE FISCALE PER STUDENTI STRANIERI<\/strong><\/h3>\n<p class=\"\" data-start=\"808\" data-end=\"953\">Gli studenti stranieri che devono preiscriversi all\u2019universit\u00e0 italiana ottengono il CF automaticamente attraverso il portale <strong data-start=\"934\" data-end=\"950\">UNIVERSITALY<\/strong>.<\/p>\n<p class=\"\" data-start=\"955\" data-end=\"997\">Successivamente, il CF viene confermato:<\/p>\n<ul data-start=\"998\" data-end=\"1215\">\n<li class=\"\" data-start=\"998\" data-end=\"1131\">\n<p class=\"\" data-start=\"1000\" data-end=\"1131\"><strong data-start=\"1000\" data-end=\"1025\">Per studenti extra-UE<\/strong>: presso lo Sportello Unico per l\u2019Immigrazione o la Questura quando richiedono il permesso di soggiorno.<\/p>\n<\/li>\n<li class=\"\" data-start=\"1132\" data-end=\"1215\">\n<p class=\"\" data-start=\"1134\" data-end=\"1215\"><strong data-start=\"1134\" data-end=\"1153\">Per studenti UE<\/strong>: presentando il modulo <strong data-start=\"1177\" data-end=\"1186\">AA4\/8<\/strong> all\u2019Agenzia delle Entrate.<\/p>\n<\/li>\n<\/ul>\n<h3 class=\"\" data-start=\"1222\" data-end=\"1294\"><strong data-start=\"1226\" data-end=\"1292\">3 &#8211; CODICE FISCALE PER ACQUISTI IMMOBILIARI O ATTIVIT\u00c0 COMMERCIALI<\/strong><\/h3>\n<p class=\"\" data-start=\"1295\" data-end=\"1455\">Chi ha bisogno del CF per comprare casa o svolgere attivit\u00e0 economiche in Italia pu\u00f2 delegare un rappresentante per farne richiesta all\u2019Agenzia delle Entrate.<\/p>\n<h3 data-start=\"1295\" data-end=\"1455\"><strong>4- CODICE FISCALE PER STRANIERI RESIDENTI IN ITALIA<\/strong><\/h3>\n<ul>\n<li class=\"\" data-start=\"1515\" data-end=\"1756\">\n<p class=\"\" data-start=\"1517\" data-end=\"1542\"><strong data-start=\"1517\" data-end=\"1539\">Cittadini extra-UE<\/strong>:<\/p>\n<ul data-start=\"1545\" data-end=\"1756\">\n<li class=\"\" data-start=\"1545\" data-end=\"1673\">\n<p class=\"\" data-start=\"1547\" data-end=\"1673\">Se vengono per lavoro o ricongiungimento familiare \u2192 lo ottengono dallo <strong data-start=\"1619\" data-end=\"1657\">Sportello Unico per l\u2019Immigrazione<\/strong> (Prefettura).<\/p>\n<\/li>\n<li class=\"\" data-start=\"1676\" data-end=\"1756\">\n<p class=\"\" data-start=\"1678\" data-end=\"1756\">Se richiedono altri permessi di soggiorno \u2192 lo ottengono dalla <strong data-start=\"1741\" data-end=\"1753\">Questura<\/strong>.<\/p>\n<\/li>\n<\/ul>\n<\/li>\n<li class=\"\" data-start=\"1757\" data-end=\"1901\">\n<p class=\"\" data-start=\"1759\" data-end=\"1901\"><strong data-start=\"1759\" data-end=\"1775\">Cittadini UE<\/strong>: devono richiederlo all\u2019Agenzia delle Entrate con il modulo <strong data-start=\"1836\" data-end=\"1845\">AA4\/8<\/strong>, presentando un passaporto o carta d\u2019identit\u00e0 valida.<\/p>\n<\/li>\n<\/ul>\n<h3><strong>5 &#8211; COME RICHIEDERLO<\/strong><\/h3>\n<p>Il cittadino straniero non residente in Italia pu\u00f2 <strong>delegare<\/strong> appositamente un soggetto a presentare il modello di richiesta del Codice Fiscale direttamente agli uffici dell\u2019Agenzia delle Entrate dislocati sul territorio italiano, ai sensi dell\u2019art. 1 del D.M. attuativo del 17 maggio 2001, n. 281.<\/p>\n<p>Gli indirizzi degli uffici dell\u2019Agenzia delle Entrate sono reperibili sul sito Internet <a href=\"http:\/\/www.agenziaentrate.it\">www.agenziaentrate.it<\/a><\/p>\n<p>I cittadini stranieri possono richiedere il Codice Fiscale (CF) presso l&#8217;<strong>Ufficio consolare italiano nel loro Paese di residenza<\/strong> <span style=\"text-decoration: underline;\"><strong data-start=\"290\" data-end=\"298\">solo<\/strong><\/span>se devono usarlo per procedure online e non possono delegare nessuno per la richiesta all\u2019Agenzia delle Entrate. In questi casi, il Consolato invier\u00e0 la domanda all\u2019Agenzia delle Entrate in Italia.<br \/>\n<strong><br \/>\nTIPO DI RICHIESTA:<\/strong><\/p>\n<div class=\"row\">\n<article class=\"col-md-19 col-sm-19 padding_articolo item-page\" role=\"main\" aria-label=\"articolo\">Se si desidera ricevere a casa il tesserino e\/o un certificato di attribuzione del codice fiscale, la domanda va fatta necessariamente per posta al Consolato Generale d&#8217;Italia a Metz oppure allo Sportello Consolare d&#8217;Italia a Mulhouse. <strong>ALLA DOMANDA ALLEGARE:<\/strong><\/p>\n<ul>\n<li>2 buste affrancate con il vostro indirizzo<\/li>\n<li>fotocopia di un documento d\u2019identit\u00e0 in corso di validit\u00e0<\/li>\n<li>formulario di domanda (\u25bapagina\u00a0<a href=\"https:\/\/consmetz.esteri.it\/it\/servizi-consolari-e-visti\/servizi-per-il-cittadino-italiano\/modulistica-per-i-cittadini-italiani\/\" target=\"_blank\" rel=\"noopener\"><strong>Modulistica<\/strong><\/a>)<\/li>\n<\/ul>\n<\/article>\n<p><strong>PER I DIPARTIMENTI n.90<\/strong>\u00a0(Territoire de Belfort)\u00a0<strong>e 68<\/strong>\u00a0(Haut-Rhin):\u00a0<strong>indirizzare le domande allo Sportello Consolare d\u2019Italia a Mulhouse<\/strong> inviare per posta all\u2019indirizzo:<\/p>\n<hr>\n<article class=\"col-md-19 col-sm-19 padding_articolo item-page\" role=\"main\" aria-label=\"articolo\">Sportello Consolare d\u2019Italia<br \/>\n33 Grand\u2019Rue, 68100 Mulhouse<\/p>\n<hr>\n<\/article>\n<article role=\"main\" aria-label=\"articolo\"><\/article>\n<article role=\"main\" aria-label=\"articolo\"><\/article>\n<article class=\"col-md-19 col-sm-19 padding_articolo item-page\" role=\"main\" aria-label=\"articolo\"><strong>PER TUTTI GLI ALTRI DIPARTIMENTI della circoscrizione consolare di Metz<\/strong>\u00a0[08 (Ardennes), 10 (Aube), 51 (Marne), 52 (Haute-Marne), 54 (Meurthe-et-Moselle), 55 (Meuse), 57 (Moselle), 67 (Bas-Rhin), 68 (Haut-Rhin), 88 (Vosges), 90 (Territoire de Belfort)],<strong>\u00a0inviare le domande al Consolato Generale d\u2019Italia a Metz<\/strong> per posta all\u2019indirizzo:\u00a0<\/p>\n<hr>\n<\/article>\n<article role=\"main\" aria-label=\"articolo\"><\/article>\n<article role=\"main\" aria-label=\"articolo\"><\/article>\n<article class=\"col-md-19 col-sm-19 padding_articolo item-page\" role=\"main\" aria-label=\"articolo\">Consolato Generale d\u2019Italia<\/article>\n<\/div>\n<\/article>\n<article id=\"articolo_centro\" class=\"col-md-19 col-sm-19 padding_articolo item-page\" role=\"main\" aria-label=\"articolo\">\n<div class=\"row\">\n<article class=\"col-md-19 col-sm-19 padding_articolo item-page\" role=\"main\" aria-label=\"articolo\">Ufficio Sociale<br \/>\n7, Boulevard G. Clemenceau<br \/>\n57000 METZ<\/article>\n<\/div>\n<h3><\/h3>\n<\/article>\n","protected":false},"excerpt":{"rendered":"Cos\u2019\u00e8 Codice fiscale per studenti stranieri Codice fiscale per acquisti immobiliari o attivit\u00e0 commerciali Codice fiscale per stranieri residenti in Italia Come richiederlo 1 &#8211; COS&#8217;\u00c8 ? Il codice fiscale \u00e8 il codice alfanumerico rilasciato dall\u2019Agenzia delle Entrate per identificare il cittadino (italiano o straniero) nei rapporti con le amministrazioni pubbliche, i privati e gli [&hellip;]","protected":false},"author":9,"featured_media":0,"parent":73,"menu_order":15,"comment_status":"closed","ping_status":"closed","template":"","meta":{"footnotes":""},"class_list":["post-1638","page","type-page","status-publish","hentry"],"_links":{"self":[{"href":"https:\/\/consmetz.esteri.it\/it\/wp-json\/wp\/v2\/pages\/1638","targetHints":{"allow":["GET"]}}],"collection":[{"href":"https:\/\/consmetz.esteri.it\/it\/wp-json\/wp\/v2\/pages"}],"about":[{"href":"https:\/\/consmetz.esteri.it\/it\/wp-json\/wp\/v2\/types\/page"}],"author":[{"embeddable":true,"href":"https:\/\/consmetz.esteri.it\/it\/wp-json\/wp\/v2\/users\/9"}],"replies":[{"embeddable":true,"href":"https:\/\/consmetz.esteri.it\/it\/wp-json\/wp\/v2\/comments?post=1638"}],"version-history":[{"count":7,"href":"https:\/\/consmetz.esteri.it\/it\/wp-json\/wp\/v2\/pages\/1638\/revisions"}],"predecessor-version":[{"id":4915,"href":"https:\/\/consmetz.esteri.it\/it\/wp-json\/wp\/v2\/pages\/1638\/revisions\/4915"}],"up":[{"embeddable":true,"href":"https:\/\/consmetz.esteri.it\/it\/wp-json\/wp\/v2\/pages\/73"}],"wp:attachment":[{"href":"https:\/\/consmetz.esteri.it\/it\/wp-json\/wp\/v2\/media?parent=1638"}],"curies":[{"name":"wp","href":"https:\/\/api.w.org\/{rel}","templated":true}]}}