{"id":2021,"date":"2023-10-06T15:33:50","date_gmt":"2023-10-06T13:33:50","guid":{"rendered":"https:\/\/consmetz.esteri.it\/?page_id=2021"},"modified":"2025-11-20T11:58:58","modified_gmt":"2025-11-20T10:58:58","slug":"iscrizione-aire-modifica-o-trasferimento-della-residenza","status":"publish","type":"page","link":"https:\/\/consmetz.esteri.it\/it\/servizi-consolari-e-visti\/servizi-per-il-cittadino-italiano\/a-i-r-e-anagrafe-degli-italiani-allestero\/iscrizione-aire-modifica-o-trasferimento-della-residenza\/","title":{"rendered":"Iscrizione AIRE &#8211; modifica o trasferimento della residenza"},"content":{"rendered":"<p><strong>\u00c8 possibile iscriversi all\u2019AIRE direttamente da casa in maniera rapida, semplice e gratuita<\/strong>.<\/p>\n<p><strong>Per una trattazione rapida della vostra prima iscrizione AIRE o per l\u2019aggiornamento dell\u2019indirizzo di residenza estera, vi preghiamo di utilizzare il portale FAST-IT.<\/strong><\/p>\n<p>Il Consolato Generale trasmetter\u00e0 la richiesta al Comune italiano competente. La conferma dell\u2019iscrizione all\u2019AIRE viene notificata direttamente all\u2019interessato dall\u2019Ufficio anagrafe del suo Comune italiano e non dal Consolato Generale.<\/p>\n<p>Potete seguire lo status della domanda direttamente sul vostro conto FAST IT.<br \/>\nSe lo status \u00e8 \u201cTrasmesso al Comune\u201d significa che il Consolato ha completato l\u2019invio in Italia. Se a questo punto non avete ricevuto conferma dell\u2019iscrizione via e-mail, potete contattare il Comune italiano per ottenere maggiori informazioni.<\/p>\n<p>ATTENZIONE: Per iscriversi \u00e8 necessario presentare un <span style=\"text-decoration: underline;\"><strong>documento d&#8217;identit\u00e0 italiano in corso di validit\u00e0<\/strong><\/span> <em>oppure<\/em> un <em>titre de sejour francese<\/em> in corso di validit\u00e0;<br \/>\n\u26a0\ufe0f Nel caso in cui non sia possibile presentare tali documenti d&#8217;identit\u00e0, l&#8217;ufficio effettuer\u00e0 controlli supplementari, potrebbe essere richiesto di fornire documenti aggiuntivi (es. certificato di cittadinanza francese indicante data e modalit\u00e0 di acquisto);<\/p>\n<p><strong>Per accedere a FAST IT e procedere alla registrazione, cliccare qui : <img loading=\"lazy\" decoding=\"async\" class=\"alignnone size-medium wp-image-4387 img-fluid\" src=\"https:\/\/consmetz.esteri.it\/wp-content\/uploads\/2025\/02\/fast-it-300x84.png\" alt=\"\" width=\"300\" height=\"84\" srcset=\"https:\/\/consmetz.esteri.it\/wp-content\/uploads\/2025\/02\/fast-it-300x84.png 300w, https:\/\/consmetz.esteri.it\/wp-content\/uploads\/2025\/02\/fast-it.png 353w\" sizes=\"auto, (max-width: 300px) 100vw, 300px\" \/><br \/>\n<\/strong><strong>\u25ba<\/strong><a href=\"https:\/\/serviziconsolari.esteri.it\/ScoFE\/index.sco\"><strong>https:\/\/serviziconsolarionline.esteri.it<\/strong><\/a><\/p>\n<p><u>ATTENZIONE:<\/u>\u00a0 La registrazione (creazione del conto) al portale FAST IT e l\u2019iscrizione all\u2019A.I.R.E. sono due cose diverse:<\/p>\n<ul>\n<li>Prima d\u2019iniziare, verificate qual \u00e8 il Consolato di riferimento, diverso secondo il vostro indirizzo in Francia\u00a0 (link:\u00a0<a href=\"https:\/\/serviziconsolarionline.esteri.it\/ScoFE\/services\/consulate\/find-consulate.sco?sCode=%28null%29\">\u25ba<strong>Trovare il proprio Consolato di competenza<\/strong><\/a>).<\/li>\n<li>Dopo aver effettuato la registrazione al sito FAST IT e <u>attivato<\/u> il proprio account,\u00a0<strong>NON si \u00e8 automaticamente iscritti AIRE<\/strong>. Per iscriversi all\u2019AIRE \u00e8 necessario accedere di nuovo al portale e cliccare su \u201cRichiesta di iscrizione all&#8217;Anagrafe degli Italiani all&#8217;Estero\u201d per la prima iscrizione all\u2019AIRE, oppure su \u201cComunicazione di Variazione Residenza\u201d per un aggiornamento dell\u2019indirizzo estero.<br \/>\n<h3 style=\"text-align: center;\"><strong>Se il tuo Consolato \u00e8 Metz, per registrarti e iscriverti AIRE segui i nostri\u00a0TUTORIAL:<\/strong><\/h3>\n<p><strong><img loading=\"lazy\" decoding=\"async\" class=\"alignnone size-medium wp-image-3992 img-fluid aligncenter\" src=\"https:\/\/consmetz.esteri.it\/wp-content\/uploads\/2024\/11\/1-300x300.png\" alt=\"\" width=\"300\" height=\"300\" srcset=\"https:\/\/consmetz.esteri.it\/wp-content\/uploads\/2024\/11\/1-300x300.png 300w, https:\/\/consmetz.esteri.it\/wp-content\/uploads\/2024\/11\/1-1024x1024.png 1024w, https:\/\/consmetz.esteri.it\/wp-content\/uploads\/2024\/11\/1-150x150.png 150w, https:\/\/consmetz.esteri.it\/wp-content\/uploads\/2024\/11\/1-768x768.png 768w, https:\/\/consmetz.esteri.it\/wp-content\/uploads\/2024\/11\/1.png 1080w\" sizes=\"auto, (max-width: 300px) 100vw, 300px\" \/><\/strong><\/li>\n<\/ul>\n<p style=\"text-align: center;\"><strong>GUIDA PER IMMAGINI SINTETICA<\/strong>\u00a0<strong>(ITA)<\/strong>:\u00a0<a href=\"https:\/\/www.instagram.com\/p\/DC4TsceM78C\/?utm_source=ig_web_copy_link&amp;igsh=MzRlODBiNWFlZA==\">visita la nostra pagina Instagram<\/a><\/p>\n<p style=\"text-align: center;\"><strong>GUIDA PER IMMAGINI DETTAGLIATA<\/strong>\u00a0<strong>(ITA)<\/strong>:\u00a0<a href=\"https:\/\/consmetz.esteri.it\/wp-content\/uploads\/2024\/11\/REGISTRAZIONE-FAST-IT-ISCRIZIONE-AIRE-1.pdf\">scarica il PDF<\/a><\/p>\n<p>&nbsp;<\/p>\n<p><strong>CASI PARTICOLARI E DOMANDE FREQUENTI<\/strong><\/p>\n<p><strong>\u25ba<\/strong><strong>Perch<\/strong><strong>\u00e9<\/strong><strong> quando provo ad accedere ad un servizio mi chiede di verificare la mia identit<\/strong><strong>\u00e0<\/strong><strong>?<\/strong><br \/>\nPerch\u00e9 i dati anagrafici inseriti risultano gi\u00e0 presenti nello schedario consolare. FAST IT permette la presenza di una sola utenza associata a un cittadino. Se nello schedario consolare c\u2019\u00e8 gi\u00e0 una scheda con gli stessi dati , all\u2019utente \u00e8 richiesto di confermare l\u2019identit\u00e0.<\/p>\n<p>\u25ba<strong>Che cosa significa \u201cassociato\u201d? Che cos\u2019\u00e8 l\u2019\u201cassociazione\u201d?<\/strong><br \/>\nL\u2019\u00a0\u201cassociazione\u201d, o \u201cASON\u201d, \u00e8 l\u2019operazione che collega un nuovo account FAST IT e una scheda consolare gi\u00e0 esistente.<br \/>\nSe il conto \u00e8 \u201cassociato\u201d significa che la verifica dell\u2019identit\u00e0 \u00e8 confermata e che il collegamento \u00e8 riuscito. Se la pratica di associazione ASON \u00e8 rifiutata, \u00e8 perch\u00e9 la scheda consolare \u00e8 gi\u00e0 stata associata ad un account FAST IT. Utilizzate il servizio di recupero password per accedere, si pu\u00f2 avere solo un account FAST IT collegato ad una scheda consolare.<\/p>\n<p>\u25ba<strong>Dovevo segnalare una variazione di residenza, ma ho selezionato una localit\u00e0 errata e adesso il mio profilo Fast It \u00e8 associato ad un diverso Consolato che non \u00e8 il mio. Che cosa posso fare?<\/strong><br \/>\nPer modificare il proprio Consolato di riferimento, bisogner\u00e0 dichiarare nuovamente la residenza (corretta). Seguite il percorso \u201cAnagrafe Consolare E Aire &gt; Comunicare la variazione del proprio indirizzo all\u2019estero&gt; Richiedere il servizio\u201d. Si aprir\u00e0 la finestra di \u201cVerifica e modifica Sede Consolare di riferimento\u201d, seguire la procedura.<\/p>\n<p>\u25ba<strong>Dopo aver inserito il nuovo indirizzo, risulta una sede di riferimento diversa e mi viene richiesta una nuova iscrizione AIRE. Ho cancellato quella vecchia? Che cosa devo fare?<\/strong><br \/>\nNo, l\u2019iscrizione AIRE non subir\u00e0 alcuna interruzione, n\u00e9 cancellazione. \u00c8 necessario immettere nuovamente tutti i propri dati semplicemente per permettere al nuovo Consolato di riferimento di inserirli correttamente nel proprio schedario consolare.<\/p>\n","protected":false},"excerpt":{"rendered":"\u00c8 possibile iscriversi all\u2019AIRE direttamente da casa in maniera rapida, semplice e gratuita. Per una trattazione rapida della vostra prima iscrizione AIRE o per l\u2019aggiornamento dell\u2019indirizzo di residenza estera, vi preghiamo di utilizzare il portale FAST-IT. Il Consolato Generale trasmetter\u00e0 la richiesta al Comune italiano competente. La conferma dell\u2019iscrizione all\u2019AIRE viene notificata direttamente all\u2019interessato dall\u2019Ufficio [&hellip;]","protected":false},"author":9,"featured_media":0,"parent":200,"menu_order":5,"comment_status":"closed","ping_status":"closed","template":"","meta":{"footnotes":""},"class_list":["post-2021","page","type-page","status-publish","hentry"],"_links":{"self":[{"href":"https:\/\/consmetz.esteri.it\/it\/wp-json\/wp\/v2\/pages\/2021","targetHints":{"allow":["GET"]}}],"collection":[{"href":"https:\/\/consmetz.esteri.it\/it\/wp-json\/wp\/v2\/pages"}],"about":[{"href":"https:\/\/consmetz.esteri.it\/it\/wp-json\/wp\/v2\/types\/page"}],"author":[{"embeddable":true,"href":"https:\/\/consmetz.esteri.it\/it\/wp-json\/wp\/v2\/users\/9"}],"replies":[{"embeddable":true,"href":"https:\/\/consmetz.esteri.it\/it\/wp-json\/wp\/v2\/comments?post=2021"}],"version-history":[{"count":6,"href":"https:\/\/consmetz.esteri.it\/it\/wp-json\/wp\/v2\/pages\/2021\/revisions"}],"predecessor-version":[{"id":6451,"href":"https:\/\/consmetz.esteri.it\/it\/wp-json\/wp\/v2\/pages\/2021\/revisions\/6451"}],"up":[{"embeddable":true,"href":"https:\/\/consmetz.esteri.it\/it\/wp-json\/wp\/v2\/pages\/200"}],"wp:attachment":[{"href":"https:\/\/consmetz.esteri.it\/it\/wp-json\/wp\/v2\/media?parent=2021"}],"curies":[{"name":"wp","href":"https:\/\/api.w.org\/{rel}","templated":true}]}}