{"id":219,"date":"2023-05-15T12:55:47","date_gmt":"2023-05-15T10:55:47","guid":{"rendered":"https:\/\/consmetz.esteri.it\/?page_id=219"},"modified":"2024-08-01T12:59:55","modified_gmt":"2024-08-01T10:59:55","slug":"rimpatri-sanitari-ed-economici","status":"publish","type":"page","link":"https:\/\/consmetz.esteri.it\/it\/servizi-consolari-e-visti\/servizi-per-il-cittadino-italiano\/assistenza-consolare\/rimpatri-sanitari-ed-economici\/","title":{"rendered":"Rimpatri sanitari ed economici"},"content":{"rendered":"<article id=\"articolo_centro\" class=\"col-md-19 col-sm-19 padding_articolo item-page\" role=\"main\" aria-label=\"articolo\">Un settore particolarmente delicato dell\u2019attivit\u00e0 di assistenza ai cittadini italiani all\u2019estero riguarda il rimpatrio dei connazionali che si trovino in Paesi stranieri in situazioni di gravi difficolt\u00e0, non superabili in loco. Gli interventi della Farnesina, in collaborazione con gli enti territorialmente competenti (Prefetture, Questure, Comuni, Unit\u00e0 Sanitarie Locali, Servizi Sociali), riguardano:<\/article>\n<article role=\"main\" aria-label=\"articolo\"><\/article>\n<article role=\"main\" aria-label=\"articolo\"><\/article>\n<article role=\"main\" aria-label=\"articolo\"><\/article>\n<p>\u2219 connazionali emigrati, che si trovano nella necessit\u00e0 di rientrare in Italia in via definitiva per motivi economici o sanitari;<\/p>\n<p>\u2219 minori in stato di abbandono;<\/p>\n<p>\u2219 malati di mente (la procedura in questo caso \u00e8 assai complessa, perch\u00e9 richiede la presenza di uno o pi\u00f9 accompagnatori qualificati, nonch\u00e9 il reperimento di ospedali specializzati);<\/p>\n<p>\u2219 cittadini italiani al termine della detenzione o espulsi;<\/p>\n<p>\u2219 anziani soli per i quali viene richiesto il ricovero in case di riposo in Italia;<\/p>\n<p>\u2219 ammalati gravi che non possono essere curati in loco per mancanza di idonee strutture.<\/p>\n","protected":false},"excerpt":{"rendered":"Un settore particolarmente delicato dell\u2019attivit\u00e0 di assistenza ai cittadini italiani all\u2019estero riguarda il rimpatrio dei connazionali che si trovino in Paesi stranieri in situazioni di gravi difficolt\u00e0, non superabili in loco. Gli interventi della Farnesina, in collaborazione con gli enti territorialmente competenti (Prefetture, Questure, Comuni, Unit\u00e0 Sanitarie Locali, Servizi Sociali), riguardano: \u2219 connazionali emigrati, che [&hellip;]","protected":false},"author":6,"featured_media":0,"parent":213,"menu_order":15,"comment_status":"closed","ping_status":"closed","template":"","meta":{"footnotes":""},"class_list":["post-219","page","type-page","status-publish","hentry"],"_links":{"self":[{"href":"https:\/\/consmetz.esteri.it\/it\/wp-json\/wp\/v2\/pages\/219","targetHints":{"allow":["GET"]}}],"collection":[{"href":"https:\/\/consmetz.esteri.it\/it\/wp-json\/wp\/v2\/pages"}],"about":[{"href":"https:\/\/consmetz.esteri.it\/it\/wp-json\/wp\/v2\/types\/page"}],"author":[{"embeddable":true,"href":"https:\/\/consmetz.esteri.it\/it\/wp-json\/wp\/v2\/users\/6"}],"replies":[{"embeddable":true,"href":"https:\/\/consmetz.esteri.it\/it\/wp-json\/wp\/v2\/comments?post=219"}],"version-history":[{"count":6,"href":"https:\/\/consmetz.esteri.it\/it\/wp-json\/wp\/v2\/pages\/219\/revisions"}],"predecessor-version":[{"id":3637,"href":"https:\/\/consmetz.esteri.it\/it\/wp-json\/wp\/v2\/pages\/219\/revisions\/3637"}],"up":[{"embeddable":true,"href":"https:\/\/consmetz.esteri.it\/it\/wp-json\/wp\/v2\/pages\/213"}],"wp:attachment":[{"href":"https:\/\/consmetz.esteri.it\/it\/wp-json\/wp\/v2\/media?parent=219"}],"curies":[{"name":"wp","href":"https:\/\/api.w.org\/{rel}","templated":true}]}}