{"id":225,"date":"2023-05-15T16:31:03","date_gmt":"2023-05-15T14:31:03","guid":{"rendered":"https:\/\/consmetz.esteri.it\/?page_id=225"},"modified":"2026-02-19T13:07:53","modified_gmt":"2026-02-19T12:07:53","slug":"carte-didentita","status":"publish","type":"page","link":"https:\/\/consmetz.esteri.it\/it\/servizi-consolari-e-visti\/servizi-per-il-cittadino-italiano\/carte-didentita\/","title":{"rendered":"Carta d&#8217;identit\u00e0 elettronica (CIE)"},"content":{"rendered":"<p>Dal febbraio 2020 questo Consolato Generale rilascia esclusivamente la Carta d\u2019Identit\u00e0 Elettronica (CIE).<\/p>\n<p>La nuova Carta di identit\u00e0 Elettronica \u00e8 un documento multifunzionale: attesta l\u2019identit\u00e0 del cittadino, \u00e8 un documento di viaggio che riporta il codice fiscale e si pu\u00f2 utilizzare per richiedere un\u2019identit\u00e0 digitale (SPID) oppure per avere accesso ai Servizi erogati dalle Pubbliche Amministrazioni Italiane.<\/p>\n<p>La carta d\u2019identit\u00e0 elettronica equivale al passaporto ai fini dell\u2019espatrio negli Stati membri dell\u2019Unione europea, negli Stati dello Spazio Schengen (UE + Islanda, Norvegia, Svizzera, Liechtenstein) e in quelli in cui vigono particolari accordi internazionali.<\/p>\n<p>Al riguardo, per ulteriori e pi\u00f9 dettagliate informazioni, \u00e8 possibile consultare il sito <strong><a href=\"https:\/\/www.viaggiaresicuri.it\/approfondimenti-insights\/documentidiviaggio\" target=\"_blank\" rel=\"noopener\">VIAGGIARE SICURI<\/a>.<\/strong><\/p>\n<p>Gli iscritti AIRE possono richiedere la nuova Carta di identit\u00e0 elettronica si pu\u00f2 richiedere al proprio Consolato di riferimento, previo appuntamento, tramite la piattaforma <strong><a href=\"https:\/\/consmetz.esteri.it\/it\/servizi-consolari-e-visti\/servizi-per-il-cittadino-italiano\/prenota-lappuntamento\/\" target=\"_blank\" rel=\"noopener\">PRENOT@MI\u00a0<\/a>. <span style=\"text-decoration: underline;\">A partire dal 01\/06\/2026 gli iscritti AIRE possono chiederla anche presso un qualsiasi Comune Italiano.<\/span><\/strong><\/p>\n<p>La CIE potr\u00e0 essere rilasciata dal Consolato esclusivamente ai cittadini italiani regolarmente residenti nella propria circoscrizione consolare, che siano gi\u00e0 registrati nello schedario consolare e i cui dati anagrafici siano gi\u00e0 presenti nella banca dati A.I.R.E (Anagrafe degli Italiani Residenti all\u2019Estero).<\/p>\n<p>La CIE richiesta in Consolato non \u00e8 rilasciata a vista il giorno dell\u2019appuntamento ma viene prodotta dall\u2019Istituto Poligrafico e Zecca dello Stato di Roma e successivamente spedita dall\u2019Italia, a mezzo posta raccomandata, presso l\u2019indirizzo di residenza (o recapito) dichiarato dal richiedente.<\/p>\n<p><strong>\u00a0\u26a0\ufe0f<\/strong><strong>REQUISITI OBBLIGATORI PER RICHIEDERE LA CARTA D\u2019IDENTIT\u00c0 ELETTRONICA IN CONSOLATO:<\/strong><\/p>\n<p>Ai fini dell\u2019emissione della CIE \u00e8 indispensabile che il richiedente:<\/p>\n<ul>\n<li>sia in possesso di un <strong>documento d&#8217;identit\u00e0 italiano in corso di validit\u00e0<\/strong> <em>oppure<\/em> di un documento italiano scaduto accompagnato da un\u00a0<em>titre de sejour\u00a0<\/em>francese in corso di validit\u00e0.\u00a0In caso di furto, smarrimento o deterioramento di documento valido, si prega di <strong>firmare la dichiarazione (\u25ba<\/strong><a href=\"https:\/\/consmetz.esteri.it\/it\/servizi-consolari-e-visti\/servizi-per-il-cittadino-italiano\/modulistica-per-i-cittadini-italiani\/\"><strong>Modulistica<\/strong><\/a><strong>) <\/strong>\u00a0e di inviarla con urgenza a <a href=\"mailto:ci_conmetz@esteri.it\">ci_conmetz@esteri.it<\/a> (per i furti allegare anche copia della denuncia di furto presso la polizia locale);<\/li>\n<li><strong>sia iscritto all\u2019AIRE<\/strong> e il suo nominativo sia inserito nell\u2019apposito applicativo da parte del comune italiano di riferimento;<\/li>\n<li>abbia<strong> l\u2019atto di nascita trascritto in Italia<\/strong>;<\/li>\n<li>abbia a<strong>ggiornato la sua posizione<\/strong> negli schedari consolari nel caso di <strong>cambio d\u2019indirizzo<\/strong>, <strong>variazione dello stato civile<\/strong> o nascita di figli. In questo caso si dovr\u00e0 prendere contatto con i servizi competenti (aire o stato civile) prima di richiedere un appuntamento per la carta d\u2019identit\u00e0.<\/li>\n<\/ul>\n<p><strong>VALIDIT\u00c0 DELLA CARTA D\u2019IDENTIT\u00c0 ELETTRONICA:<\/strong><\/p>\n<p>La validit\u00e0 della CIE varia a seconda all\u2019et\u00e0 del titolare:<\/p>\n<ul>\n<li>3 anni per minori di et\u00e0 inferiore a 3 anni;<\/li>\n<li>\u00a05 anni per i minori di et\u00e0 compresa tra i 3 e i 18 anni;<\/li>\n<li>\u00a010 anni per i maggiorenni.<\/li>\n<\/ul>\n<p><strong>MODALIT\u00c0 DI RICHIESTA DELLA CARTA D\u2019IDENTIT\u00c0 ELETTRONICA:<\/strong><\/p>\n<p>Per richieste di carta d\u2019identit\u00e0 elettronica a favore di minori fino agli 11 anni, non \u00e8 necessario portarli in Consolato\/Sportello perch\u00e9 le impronte digitali non saranno registrate nel documento. La domanda pu\u00f2 essere in questo caso inviata ai nostri uffici per via postale.<\/p>\n<p>Per richiedere il rilascio della carta d\u2019identit\u00e0 elettronica \u00e8 necessario prenotare un appuntamento utilizzando la piattaforma <strong><a href=\"https:\/\/consmetz.esteri.it\/it\/servizi-consolari-e-visti\/servizi-per-il-cittadino-italiano\/prenota-lappuntamento\/\" target=\"_blank\" rel=\"noopener\">PRENOT@MI\u00a0<\/a>.<\/strong><\/p>\n<p>Per ulteriori approfondimenti sul sistema Prenot@mi si consiglia di consultare la sezione dedicata.<\/p>\n<p>Prima di accedere ai 4 calendari del servizio <strong>CIE (\u201csportello Metz 1\u201d e \u201csportello Metz 2\u201d &#8220;sportello Metz 3&#8221; oppure &#8220;Mulhouse&#8221;)<\/strong> e scegliere la prima data utile, \u00e8 necessario compilare i campi obbligatori (contrassegnati con *) del formulario proposto dal sistema.<\/p>\n<p>In caso di prenotazione singola, si prega di inserire i DATI RELATIVI ALL\u2019INTESTATARIO del documento richiesto, se diversi dall\u2019utente registrato, nello spazio dedicato <strong>\u201cnote aggiuntive da aggiungere alla prenotazione\u201d.<\/strong><\/p>\n<p>Per le donne coniugate: inserire le generalit\u00e0 anagrafiche da nubile. Sulla Carta d\u2019identit\u00e0 elettronica non \u00e8 indicato lo stato civile del titolare e, per le donne coniugate, NON pu\u00f2 essere indicato il nome del coniuge.<\/p>\n<p>ATTENZIONE: Nel caso in cui, a seguito delle verifiche, emergessero elementi ostativi al rilascio della CIE, sar\u00e0 cura di questo Consolato informarne l\u2019interessato anche ai fini della cancellazione dell\u2019appuntamento.<\/p>\n<p>La presenza del richiedente e\/o del titolare della carta richiesta \u00e8 obbligatoria.<\/p>\n<p>Il giorno dell\u2019appuntamento in Consolato saranno acquisiti i dati biometrici e verr\u00e0 validato il dossier.<\/p>\n<p><strong>DOCUMENTAZIONE RICHIESTA PER IL RILASCIO DELLA CARTA D\u2019IDENTIT\u00c0 ELETTRONICA IN CONSOLATO:<\/strong><\/p>\n<p>\u25ba\u25ba <a href=\"https:\/\/consmetz.esteri.it\/it\/servizi-consolari-e-visti\/servizi-per-il-cittadino-italiano\/carte-didentita\/carte-didentita-documenti-richiesti-e-formulari-da-scaricare\/\" target=\"_blank\" rel=\"noopener\">VISITA LA PAGINA DI ISTRUZIONI<\/a><\/p>\n<p>&nbsp;<\/p>\n<p><strong>SPEDIZIONE DELLA CARTA D\u2019IDENTIT\u00c0 ELETTRONICA RICHIESTA IN CONSOLATO:<\/strong><\/p>\n<p>La CIE non \u00e8 rilasciata il giorno dell\u2019appuntamento: sar\u00e0 inviata dall\u2019Italia tramite raccomandata, a cura dell\u2019Istituto Poligrafico e Zecca dello Stato, direttamente all\u2019indirizzo prescelto dal richiedente, circa 15 giorni dopo la data dell\u2019appuntamento in Consolato e\/o dal perfezionamento della richiesta. Il richiedente potr\u00e0 verificare il tracciamento della spedizione sul <a href=\"https:\/\/www.poste.it\/prodotti\/raccomandata.html\" target=\"_blank\" rel=\"noopener\"><strong>sito di Poste italiane<\/strong><\/a>: cliccare su \u201cCerca spedizioni\u201d e inserire il numero di raccomandata fornito il giorno dell\u2019appuntamento.<\/p>\n<p>Si invitano i connazionali che hanno richiesto la CIE ad accertarsi che il proprio cognome di nascita appaia sulla buca delle lettere (cognome da nubile per le donne sposate).<\/p>\n<p>In caso di mancata consegna per indirizzo errato, \u00e8 prevista una giacenza di 30 giorni presso l\u2019ufficio postale locale. Al termine di questo periodo il plico viene restituito al Consolato Generale per ulteriori tentativi di consegna.<\/p>\n<p>Per contattare l\u2019ufficio carte di identit\u00e0, siete invitati a scrivere una mail a:<strong> <a href=\"mailto:ci_conmetz@esteri.it\">ci_conmetz@esteri.it<\/a><\/strong><\/p>\n<p>&nbsp;<\/p>\n","protected":false},"excerpt":{"rendered":"Dal febbraio 2020 questo Consolato Generale rilascia esclusivamente la Carta d\u2019Identit\u00e0 Elettronica (CIE). La nuova Carta di identit\u00e0 Elettronica \u00e8 un documento multifunzionale: attesta l\u2019identit\u00e0 del cittadino, \u00e8 un documento di viaggio che riporta il codice fiscale e si pu\u00f2 utilizzare per richiedere un\u2019identit\u00e0 digitale (SPID) oppure per avere accesso ai Servizi erogati dalle Pubbliche [&hellip;]","protected":false},"author":6,"featured_media":0,"parent":72,"menu_order":15,"comment_status":"closed","ping_status":"closed","template":"","meta":{"footnotes":""},"class_list":["post-225","page","type-page","status-publish","hentry"],"_links":{"self":[{"href":"https:\/\/consmetz.esteri.it\/it\/wp-json\/wp\/v2\/pages\/225","targetHints":{"allow":["GET"]}}],"collection":[{"href":"https:\/\/consmetz.esteri.it\/it\/wp-json\/wp\/v2\/pages"}],"about":[{"href":"https:\/\/consmetz.esteri.it\/it\/wp-json\/wp\/v2\/types\/page"}],"author":[{"embeddable":true,"href":"https:\/\/consmetz.esteri.it\/it\/wp-json\/wp\/v2\/users\/6"}],"replies":[{"embeddable":true,"href":"https:\/\/consmetz.esteri.it\/it\/wp-json\/wp\/v2\/comments?post=225"}],"version-history":[{"count":7,"href":"https:\/\/consmetz.esteri.it\/it\/wp-json\/wp\/v2\/pages\/225\/revisions"}],"predecessor-version":[{"id":7567,"href":"https:\/\/consmetz.esteri.it\/it\/wp-json\/wp\/v2\/pages\/225\/revisions\/7567"}],"up":[{"embeddable":true,"href":"https:\/\/consmetz.esteri.it\/it\/wp-json\/wp\/v2\/pages\/72"}],"wp:attachment":[{"href":"https:\/\/consmetz.esteri.it\/it\/wp-json\/wp\/v2\/media?parent=225"}],"curies":[{"name":"wp","href":"https:\/\/api.w.org\/{rel}","templated":true}]}}