{"id":243,"date":"2023-05-16T10:32:52","date_gmt":"2023-05-16T08:32:52","guid":{"rendered":"https:\/\/consmetz.esteri.it\/?page_id=243"},"modified":"2025-04-03T16:38:25","modified_gmt":"2025-04-03T14:38:25","slug":"codice-fiscale-code-fiscal-modalita-per-richiederlo-modalites-pour-le-demander","status":"publish","type":"page","link":"https:\/\/consmetz.esteri.it\/it\/servizi-consolari-e-visti\/servizi-per-il-cittadino-italiano\/codice-fiscale-code-fiscal-modalita-per-richiederlo-modalites-pour-le-demander\/","title":{"rendered":"Codice Fiscale"},"content":{"rendered":"<div class=\"container\">\n<div id=\"main\" role=\"main\">\n<div class=\"row\">\n<article id=\"articolo_centro\" class=\"col-md-19 col-sm-19 padding_articolo item-page\" role=\"main\" aria-label=\"articolo\">\n<ol>\n<li><strong>Cos\u2019\u00e8<\/strong><\/li>\n<li><strong>A cosa serve?<\/strong><\/li>\n<li><strong>Come richiederlo<\/strong><\/li>\n<\/ol>\n<\/article>\n<h3><strong>1 &#8211; COS&#8217;\u00c8 ?<\/strong><\/h3>\n<article id=\"articolo_centro\" class=\"col-md-19 col-sm-19 padding_articolo item-page\" role=\"main\" aria-label=\"articolo\">Il codice fiscale \u00e8 il codice alfanumerico rilasciato dall\u2019Agenzia delle Entrate per identificare il cittadino (italiano o straniero) nei rapporti con le amministrazioni pubbliche, i privati e gli enti, italiani. Per le persone fisiche il codice fiscale viene determinato sulla base dei dati anagrafici.<\/p>\n<h3><strong>2 &#8211; A COSA SERVE ?<\/strong><\/h3>\n<p>Qualsiasi adempimento amministrativo (versamento di tasse, imposte, canoni, ecc.) o attivit\u00e0 negoziale (accettazione di eredit\u00e0, contratti con soggetti pubblici o privati, richiesta di finanziamenti, sponsorizzazioni, locazioni o comodati di bene immobile ecc.) esige l\u2019indicazione del codice fiscale del soggetto che la effettua.<\/p>\n<h3><strong>3 &#8211; COME RICHIEDERLO<\/strong><\/h3>\n<p>I <strong>cittadini italiani<\/strong> <strong>residenti all\u2019estero<\/strong> possono chiedere il codice fiscale per il <strong>tramite dell\u2019Ufficio consolare<\/strong>, oltre che <strong>direttamente agli uffici dell\u2019Agenzia delle Entrate dislocati sul territorio italiano<\/strong>, ai sensi dell\u2019art. 1 del D.M. attuativo del 17 maggio 2001, n. 281, tenuto conto dell\u2019ampia articolazione e capillare diffusione di uffici dell\u2019Agenzia dell\u2019Entrate in Italia.<\/p>\n<h3><span style=\"font-size: 16px;\">Si pu\u00f2 richiedere il certificato sotto forma di\u00a0<\/span><\/h3>\n<\/article>\n<\/div>\n<div class=\"row\">\n<ul>\n<li>certificato di attribuzione (foglio A4)<\/li>\n<li>tesserino<\/li>\n<\/ul>\n<h3>RICHIESTE DEGLI ISCRITTI AIRE<\/h3>\n<\/div>\n<p><span style=\"text-decoration: underline;\">1.RICHIESTA DEL SOLO CERTIFICATO DI ATTRIBUZIONE DEL CODICE FISCALE<\/span><\/p>\n<div class=\"row\">\n<article id=\"articolo_centro\" class=\"col-md-19 col-sm-19 padding_articolo item-page\" role=\"main\" aria-label=\"articolo\">A partire dal 15 luglio 2024 gli <u>italiani iscritti all\u2019AIRE<\/u>\u00a0nella\u00a0Circoscrizione consolare di questo Consolato Generale\u00a0possono scaricare direttamente il <strong>certificato di attribuzione del codice fiscale<\/strong> tramite il\u00a0<a href=\"https:\/\/serviziconsolari.esteri.it\/ScoFE\/services\/service-info.sco?serviceId=95&amp;sCode=GCF#_blank\">Portale Fast It<\/a>.<\/article>\n<article class=\"col-md-19 col-sm-19 padding_articolo item-page\" role=\"main\" aria-label=\"articolo\"><strong><em>Come?<\/em><\/strong><\/p>\n<ol>\n<li>Accedi al Portale Fast It;<\/li>\n<li>Clicca su \u201cAnagrafe Consolare e AIRE\u201d e poi su\u00a0<strong>\u201cAttribuzione Codice Fiscale\u201d;<\/strong><\/li>\n<li>Conferma i dati e avvia la richiesta;<\/li>\n<li>Scarica in autonomia (download) il certificato di attribuzione del Codice Fiscale.<\/li>\n<\/ol>\n<p><strong>Se non riesci a scaricare<\/strong>\u00a0il certificato di attribuzione del Codice Fiscale:<\/p>\n<ol>\n<li>Registrati sul\u00a0<a href=\"https:\/\/serviziconsolari.esteri.it\/#_blank\">portale FAST IT<\/a>, oppure accedi se hai gi\u00e0 un account attivo;<\/li>\n<li>Richiedi la \u201cAssociazione Online\u201d cliccando su \u201cAnagrafe Consolare e AIRE\u201d e poi su \u201cVisualizzare la propria scheda anagrafica\u201d;<\/li>\n<li>Entro 2 giorni lavorativi dalla richiesta, riceverai sulla tua casella di posta il messaggio di avvenuta associazione.<\/li>\n<li>Accedi nuovamente al portale e scarica il certificato.<\/li>\n<\/ol>\n<p><span style=\"text-decoration: underline;\">Attenzione ! questa procedura NON consente di richiedere il tesserino plastificato del codice fiscale<\/span>.<\/p>\n<p><span style=\"text-decoration: underline;\"><br \/>\n2 .RICHIESTA DEL TESSERINO DEL CODICE FISCALE e\/o del certificato<\/span><\/p>\n<p><strong>TIPO DI RICHIESTA:<\/strong><\/p>\n<p>Se si desidera ricevere a casa il tesserino e\/o un certificato di attribuzione del codice fiscale, la domanda va fatta necessariamente per posta al Consolato Generale d&#8217;Italia a Metz oppure allo Sportello Consolare d&#8217;Italia a Mulhouse.<\/p>\n<p><strong>ALLA DOMANDA ALLEGARE:<\/strong><\/p>\n<p>\u27052 buste affrancate con il vostro indirizzo<\/p>\n<p>\u2705fotocopia di un documento d\u2019identit\u00e0 in corso di validit\u00e0<\/p>\n<p>\u2705formulario di domanda (\u25bapagina\u00a0<a href=\"https:\/\/consmetz.esteri.it\/it\/servizi-consolari-e-visti\/servizi-per-il-cittadino-italiano\/modulistica-per-i-cittadini-italiani\/\" target=\"_blank\" rel=\"noopener\"><strong>Modulistica<\/strong><\/a>)<\/p>\n<\/article>\n<p><strong>PER I DIPARTIMENTI n.90<\/strong>\u00a0(Territoire de Belfort)\u00a0<strong>e 68<\/strong>\u00a0(Haut-Rhin):\u00a0<strong>indirizzare le domande allo Sportello Consolare d\u2019Italia a Mulhouse<\/strong> inviare per posta all\u2019indirizzo:<\/p>\n<article class=\"col-md-19 col-sm-19 padding_articolo item-page\" role=\"main\" aria-label=\"articolo\">\ud83d\udccdSportello Consolare d\u2019Italia<br \/>\n33 Grand\u2019Rue, 68100 Mulhouse<\/p>\n<hr>\n<\/article>\n<article role=\"main\" aria-label=\"articolo\"><\/article>\n<article class=\"col-md-19 col-sm-19 padding_articolo item-page\" role=\"main\" aria-label=\"articolo\"><strong>PER TUTTI GLI ALTRI DIPARTIMENTI della circoscrizione consolare di Metz<\/strong>\u00a0[08 (Ardennes), 10 (Aube), 51 (Marne), 52 (Haute-Marne), 54 (Meurthe-et-Moselle), 55 (Meuse), 57 (Moselle), 67 (Bas-Rhin), 68 (Haut-Rhin), 88 (Vosges), 90 (Territoire de Belfort)],<strong>\u00a0inviare le domande al Consolato Generale d\u2019Italia a Metz<\/strong>\u00a0per posta all\u2019indirizzo:<\/p>\n<p>\ud83d\udccdConsolato Generale d\u2019Italia<br \/>\nUfficio Sociale<br \/>\n7, Boulevard G. Clemenceau<br \/>\n57000 METZ<\/article>\n<\/div>\n<p>&nbsp;<\/p>\n<\/div>\n<\/div>\n","protected":false},"excerpt":{"rendered":"Cos\u2019\u00e8 A cosa serve? Come richiederlo 1 &#8211; COS&#8217;\u00c8 ? Il codice fiscale \u00e8 il codice alfanumerico rilasciato dall\u2019Agenzia delle Entrate per identificare il cittadino (italiano o straniero) nei rapporti con le amministrazioni pubbliche, i privati e gli enti, italiani. Per le persone fisiche il codice fiscale viene determinato sulla base dei dati anagrafici. 2 [&hellip;]","protected":false},"author":6,"featured_media":0,"parent":72,"menu_order":55,"comment_status":"closed","ping_status":"closed","template":"","meta":{"footnotes":""},"class_list":["post-243","page","type-page","status-publish","hentry"],"_links":{"self":[{"href":"https:\/\/consmetz.esteri.it\/it\/wp-json\/wp\/v2\/pages\/243","targetHints":{"allow":["GET"]}}],"collection":[{"href":"https:\/\/consmetz.esteri.it\/it\/wp-json\/wp\/v2\/pages"}],"about":[{"href":"https:\/\/consmetz.esteri.it\/it\/wp-json\/wp\/v2\/types\/page"}],"author":[{"embeddable":true,"href":"https:\/\/consmetz.esteri.it\/it\/wp-json\/wp\/v2\/users\/6"}],"replies":[{"embeddable":true,"href":"https:\/\/consmetz.esteri.it\/it\/wp-json\/wp\/v2\/comments?post=243"}],"version-history":[{"count":6,"href":"https:\/\/consmetz.esteri.it\/it\/wp-json\/wp\/v2\/pages\/243\/revisions"}],"predecessor-version":[{"id":4924,"href":"https:\/\/consmetz.esteri.it\/it\/wp-json\/wp\/v2\/pages\/243\/revisions\/4924"}],"up":[{"embeddable":true,"href":"https:\/\/consmetz.esteri.it\/it\/wp-json\/wp\/v2\/pages\/72"}],"wp:attachment":[{"href":"https:\/\/consmetz.esteri.it\/it\/wp-json\/wp\/v2\/media?parent=243"}],"curies":[{"name":"wp","href":"https:\/\/api.w.org\/{rel}","templated":true}]}}