{"id":251,"date":"2023-05-16T10:43:16","date_gmt":"2023-05-16T08:43:16","guid":{"rendered":"https:\/\/consmetz.esteri.it\/?page_id=251"},"modified":"2025-09-23T16:16:12","modified_gmt":"2025-09-23T14:16:12","slug":"corrispondenti-consolari","status":"publish","type":"page","link":"https:\/\/consmetz.esteri.it\/it\/servizi-consolari-e-visti\/servizi-per-il-cittadino-italiano\/altri-servizi\/corrispondenti-consolari\/","title":{"rendered":"Associazioni italiane &#8211; Patronati &#8211; Corrispondenti consolari"},"content":{"rendered":"<div class=\"container\">\n<div id=\"main\" role=\"main\">\n<div class=\"row\">\n<article id=\"articolo_centro\" class=\"col-md-19 col-sm-19 padding_articolo item-page\" role=\"main\" aria-label=\"articolo\">\n<p style=\"text-align: justify;\"><strong>COMPITI DEL CORRISPONDENTE CONSOLARE<\/strong><\/p>\n<p>La nomina del Corrispondente Consolare presuppone uno stretto rapporto fiduciario con l\u2019Istituzione consolare che lo designa, e costituisce un riconoscimento per l\u2019attivit\u00e0 svolta a beneficio della collettivit\u00e0 residente presso la Circoscrizione consolare di sua competenza.<br \/>\nLa designazione presuppone, altres\u00ec, un comprovato senso dello Stato, il rispetto delle Istituzioni, ed una adeguata conoscenza delle procedure amministrative connesse con i servizi consolari resi dal Corrispondente Consolare.<br \/>\nIl Corrispondente Consolare svolge compiti sussidiari di assistenza ai connazionali. Si tratta di una importante attivit\u00e0 espletata a titolo completamente gratuito, e su base volontaria.<br \/>\nIl Corrispondente Consolare riceve istanze (domande dei connazionali per specifiche pratiche) dirette all\u2019Istituzione consolare di riferimento, assiste i connazionali nella compilazione dei formulari di richiesta dei servizi consolari (formulari di cui disporr\u00e0 di copie ad uso dei connazionali) quali i moduli per documenti d\u2019identit\u00e0 e per l\u2019iscrizione all\u2019Anagrafe consolare\/AIRE, assiste gli anziani e le persone malate od inabili evitando loro, ove possibile, viaggi non necessari presso l\u2019Istituzione consolare.<br \/>\nIl Corrispondente Consolare assiste, altres\u00ec, i connazionali che si trovino in difficolt\u00e0 per motivi connessi con loro trasferimenti\/rimpatri in Italia, agevola i contatti con loro Familiari in presenza di sopraggiunte necessit\u00e0 finanziarie, li assiste nei limiti del possibile a fronte di disagi connessi con gravi eventi atmosferici, od incidenti che possano occorrere.<\/p>\n<\/article>\n<\/div>\n<\/div>\n<\/div>\n","protected":false},"excerpt":{"rendered":"COMPITI DEL CORRISPONDENTE CONSOLARE La nomina del Corrispondente Consolare presuppone uno stretto rapporto fiduciario con l\u2019Istituzione consolare che lo designa, e costituisce un riconoscimento per l\u2019attivit\u00e0 svolta a beneficio della collettivit\u00e0 residente presso la Circoscrizione consolare di sua competenza. La designazione presuppone, altres\u00ec, un comprovato senso dello Stato, il rispetto delle Istituzioni, ed una adeguata [&hellip;]","protected":false},"author":6,"featured_media":0,"parent":1615,"menu_order":15,"comment_status":"closed","ping_status":"closed","template":"","meta":{"footnotes":""},"class_list":["post-251","page","type-page","status-publish","hentry"],"_links":{"self":[{"href":"https:\/\/consmetz.esteri.it\/it\/wp-json\/wp\/v2\/pages\/251","targetHints":{"allow":["GET"]}}],"collection":[{"href":"https:\/\/consmetz.esteri.it\/it\/wp-json\/wp\/v2\/pages"}],"about":[{"href":"https:\/\/consmetz.esteri.it\/it\/wp-json\/wp\/v2\/types\/page"}],"author":[{"embeddable":true,"href":"https:\/\/consmetz.esteri.it\/it\/wp-json\/wp\/v2\/users\/6"}],"replies":[{"embeddable":true,"href":"https:\/\/consmetz.esteri.it\/it\/wp-json\/wp\/v2\/comments?post=251"}],"version-history":[{"count":7,"href":"https:\/\/consmetz.esteri.it\/it\/wp-json\/wp\/v2\/pages\/251\/revisions"}],"predecessor-version":[{"id":5795,"href":"https:\/\/consmetz.esteri.it\/it\/wp-json\/wp\/v2\/pages\/251\/revisions\/5795"}],"up":[{"embeddable":true,"href":"https:\/\/consmetz.esteri.it\/it\/wp-json\/wp\/v2\/pages\/1615"}],"wp:attachment":[{"href":"https:\/\/consmetz.esteri.it\/it\/wp-json\/wp\/v2\/media?parent=251"}],"curies":[{"name":"wp","href":"https:\/\/api.w.org\/{rel}","templated":true}]}}