{"id":254,"date":"2023-05-16T10:54:50","date_gmt":"2023-05-16T08:54:50","guid":{"rendered":"https:\/\/consmetz.esteri.it\/?page_id=254"},"modified":"2026-02-19T15:56:36","modified_gmt":"2026-02-19T14:56:36","slug":"denuncia-di-furto-o-smarrimento-di-documento-passaporto-carta-didentita-patente-ecc","status":"publish","type":"page","link":"https:\/\/consmetz.esteri.it\/it\/servizi-consolari-e-visti\/servizi-per-il-cittadino-italiano\/denuncia-di-furto-o-smarrimento-di-documento-passaporto-carta-didentita-patente-ecc\/","title":{"rendered":"Denuncia di furto o smarrimento dei documenti"},"content":{"rendered":"<div class=\"container\">\n<div id=\"main\" role=\"main\">\n<div class=\"row\">\n<article id=\"articolo_centro\" class=\"col-md-19 col-sm-19 padding_articolo item-page\" role=\"main\" aria-label=\"articolo\">\n<p style=\"text-align: justify;\">Gli italiani all&#8217;estero devono denunciare sempre il furto e lo smarrimento del proprio documento italiano alle locali autorit\u00e0 di polizia locale ed Consolato competente.<\/p>\n<p style=\"text-align: justify;\">Il Consolato di riferimento \u00e8 assegnato secondo la circoscrizione di residenza (per i residenti all&#8217;estero). Per trovare il proprio consolato di riferimento prego <a href=\"https:\/\/serviziconsolari.esteri.it\" target=\"_blank\" rel=\"noopener\"><strong>consultare il sito FAST IT<\/strong><\/a><\/p>\n<hr \/>\n<p style=\"text-align: justify;\"><strong>FURTO<\/strong><\/p>\n<p style=\"text-align: justify;\">La denuncia di furto deve essere presentata alle autorit\u00e0 di polizia locali dove il furto si \u00e8 verificato ed al Consolato competente territorialmente. I residenti in Italia dovranno presentare la denuncia straniera presso la Questura al loro rientro. Gli iscritti A.I.R.E., invece, dovranno inviare al proprio Consolato\/Ambasciata di riferimento copia della denuncia.<\/p>\n<hr \/>\n<p style=\"text-align: justify;\"><strong>UNICAMENTE PER GLI ITALIANI RESIDENTI NELLA CIRCOSCRIZIONE CONSOLARE DI METZ:<\/strong><\/p>\n<p style=\"text-align: justify;\">Per denunciare il furto del proprio documento si prega di inviare:<\/p>\n<ul style=\"text-align: justify;\">\n<li>copia della denuncia effettuata presso le Autorit\u00e0 di polizia locale;<\/li>\n<li><strong>formulario di denuncia per il Consolato \u25ba<a href=\"https:\/\/consmetz.esteri.it\/it\/servizi-consolari-e-visti\/servizi-per-il-cittadino-italiano\/modulistica-per-i-cittadini-italiani\/\" target=\"_blank\" rel=\"noopener\">Modulistica;<\/a><\/strong><\/li>\n<li>fotocopia del documento rubato (se in possesso).<\/li>\n<\/ul>\n<p style=\"text-align: justify;\">Ai seguenti indirizzi di posta elettronica:<br \/>\n<a href=\"mailto:ci_conmetz@esteri.it\">ci_conmetz@esteri.it<\/a> \u00a0\u00a0\u00a0(per le carte d&#8217;identit\u00e0 &#8211; Metz)<br \/>\n<a href=\"mailto:passaporto.metz@esteri.it\">passaporti.metz@esteri.it<\/a>\u00a0(per i passaporti &#8211; Metz)<br \/>\n<a href=\"mailto:sportello.mulhouse@esteri.it\">sportello.mulhouse@esteri.it<\/a>\u00a0(passaporti o carte d&#8217;identit\u00e0 &#8211; Mulhouse)<\/p>\n<hr \/>\n<p style=\"text-align: justify;\"><strong>SMARRIMENTO<\/strong><\/p>\n<p style=\"text-align: justify;\">Nel caso di smarrimento di documento d&#8217;identit\u00e0, la denuncia presso le autorit\u00e0 di polizia locali non \u00e8 obbligatoria, ma l&#8217;interessato dovr\u00e0 avvertire la Questura in Italia (se residente in Italia) oppure il Consolato\/Ambasciata di riferimento (se residente all&#8217;estero).<\/p>\n<hr \/>\n<p style=\"text-align: justify;\"><strong>UNICAMENTE PER GLI ITALIANI RESIDENTI NELLA CIRCOSCRIZIONE CONSOLARE DI METZ:<\/strong><\/p>\n<p style=\"text-align: justify;\">Per denunciare lo smarrimento del proprio documento si prega di inviare:<\/p>\n<ul style=\"text-align: justify;\">\n<li><strong>Denuncia di smarrimento per il Consolato \u25ba <a href=\"https:\/\/consmetz.esteri.it\/it\/servizi-consolari-e-visti\/servizi-per-il-cittadino-italiano\/modulistica-per-i-cittadini-italiani\/\" target=\"_blank\" rel=\"noopener\">Modulistica;<\/a><\/strong><\/li>\n<li>fotocopia del documento rubato (se in possesso);<br \/>\nAi seguenti indirizzi di posta elettronica:<\/li>\n<li><a href=\"ci_conmetz@esteri.it\">ci_conmetz@esteri.it<\/a> &gt; per Ufficio Carte d&#8217;identit\u00e0<\/li>\n<li><a href=\"passaporti.metz@esteri.it\">passaporti.metz@esteri.it<\/a> &gt; per Ufficio Passaporti<\/li>\n<li><a href=\"sportello.mulhouse@esteri.it\">sportello.mulhouse@esteri.it<\/a> &gt;\u00a0 (passaporti o carte d&#8217;identit\u00e0 &#8211;\u00a0 Sportello Consolare a Mulhouse)<br \/>\n<hr \/>\n<\/li>\n<\/ul>\n<p style=\"text-align: justify;\"><strong>RICHIESTA DI DUPLICATO<\/strong><\/p>\n<p style=\"text-align: justify;\">Se si desidera richiedere il duplicato del proprio documento smarrito (passaporto o carta d&#8217;identit\u00e0) la denuncia di smarrimento o furto deve essere presentata prima della domanda di rilascio del documento. Si prega di segnalare al momento della <a href=\"https:\/\/consmetz.esteri.it\/it\/servizi-consolari-e-visti\/servizi-per-il-cittadino-italiano\/prenota-lappuntamento\/\" target=\"_blank\" rel=\"noopener\">prenotazione dell&#8217;appuntamento<\/a> che si tratta di una domanda per smarrimento\/furto.<\/p>\n<p style=\"text-align: justify;\">Si ricorda che il rilascio di duplicato di patenti di guida \u00e8 competenza della Motorizzazione in Italia per i residenti in Italia e dell &#8216;Agence Nationale des Titres S\u00e9curis\u00e9s (ANTS) per i residenti in Francia.<\/p>\n<\/article>\n<\/div>\n<\/div>\n<\/div>\n","protected":false},"excerpt":{"rendered":"Gli italiani all&#8217;estero devono denunciare sempre il furto e lo smarrimento del proprio documento italiano alle locali autorit\u00e0 di polizia locale ed Consolato competente. Il Consolato di riferimento \u00e8 assegnato secondo la circoscrizione di residenza (per i residenti all&#8217;estero). Per trovare il proprio consolato di riferimento prego consultare il sito FAST IT FURTO La denuncia [&hellip;]","protected":false},"author":6,"featured_media":0,"parent":72,"menu_order":95,"comment_status":"closed","ping_status":"closed","template":"","meta":{"footnotes":""},"class_list":["post-254","page","type-page","status-publish","hentry"],"_links":{"self":[{"href":"https:\/\/consmetz.esteri.it\/it\/wp-json\/wp\/v2\/pages\/254","targetHints":{"allow":["GET"]}}],"collection":[{"href":"https:\/\/consmetz.esteri.it\/it\/wp-json\/wp\/v2\/pages"}],"about":[{"href":"https:\/\/consmetz.esteri.it\/it\/wp-json\/wp\/v2\/types\/page"}],"author":[{"embeddable":true,"href":"https:\/\/consmetz.esteri.it\/it\/wp-json\/wp\/v2\/users\/6"}],"replies":[{"embeddable":true,"href":"https:\/\/consmetz.esteri.it\/it\/wp-json\/wp\/v2\/comments?post=254"}],"version-history":[{"count":6,"href":"https:\/\/consmetz.esteri.it\/it\/wp-json\/wp\/v2\/pages\/254\/revisions"}],"predecessor-version":[{"id":7610,"href":"https:\/\/consmetz.esteri.it\/it\/wp-json\/wp\/v2\/pages\/254\/revisions\/7610"}],"up":[{"embeddable":true,"href":"https:\/\/consmetz.esteri.it\/it\/wp-json\/wp\/v2\/pages\/72"}],"wp:attachment":[{"href":"https:\/\/consmetz.esteri.it\/it\/wp-json\/wp\/v2\/media?parent=254"}],"curies":[{"name":"wp","href":"https:\/\/api.w.org\/{rel}","templated":true}]}}