{"id":269,"date":"2023-05-16T12:25:27","date_gmt":"2023-05-16T10:25:27","guid":{"rendered":"https:\/\/consmetz.esteri.it\/?page_id=269"},"modified":"2023-10-18T12:00:15","modified_gmt":"2023-10-18T10:00:15","slug":"leva-affari-militari","status":"publish","type":"page","link":"https:\/\/consmetz.esteri.it\/it\/servizi-consolari-e-visti\/servizi-per-il-cittadino-italiano\/altri-servizi\/leva-affari-militari\/","title":{"rendered":"Servizio di leva"},"content":{"rendered":"<div class=\"container\">\n<div id=\"main\" role=\"main\">\n<div class=\"row\">\n<article id=\"articolo_centro\" class=\"col-md-19 col-sm-19 padding_articolo item-page\" role=\"main\" aria-label=\"articolo\">\n<div>\n<p style=\"text-align: justify;\">La Legge 23 agosto 2004, n. 226 (G.U. n. 204 del 31.8.2004), dispone &#8211; a partire dal 1 gennaio 2005 &#8211; la sospensione anticipata del servizio obbligatorio di leva e l\u2019istituzione del servizio militare professionale.<\/p>\n<p style=\"text-align: justify;\">I cittadini italiani che intendono rimpatriare per prestare il servizio militare volontario non possono usufruire dei benefici previsti dalla legge 433\/66, che disciplina il rimpatrio a spese dello Stato esclusivamente per gli obblighi di leva.<\/p>\n<p style=\"text-align: justify;\">Quando sollecitato dalle autorit\u00e0 francesi, <strong>l&#8217;attestato di posizione militare<\/strong> che indica &#8220;<span style=\"color: #3366ff;\">l<em>a personne est en r\u00e8gle avec les autorit\u00e9s militaires italiennes en conformit\u00e9\u00a0 avec la l\u00e9gislation en vigueur actuellement en Italie.\u00a0En effet, le service militaire obligatoire a \u00e9t\u00e9 suspendu en Italie en vertu de la loi n.226 du 23\/08\/2004, au profit d\u2019un service militaire volontaire.<\/em><\/span>&#8221;\u00a0pu\u00f2&#8217; essere richiesto a questo Consolato Generale scrivendo a\u00a0<a href=\"notarile.metz@esteri.it\">notarile.metz@esteri.it<\/a> , trasmettendo copia di un documento di identit\u00e0 in corso di validit\u00e0 con indirizzo aggiornato o con documento sostitutivo che attestati l&#8217;effettiva ed attuale residenza in Francia.<\/p>\n<\/div>\n<\/article>\n<\/div>\n<\/div>\n<\/div>\n","protected":false},"excerpt":{"rendered":"La Legge 23 agosto 2004, n. 226 (G.U. n. 204 del 31.8.2004), dispone &#8211; a partire dal 1 gennaio 2005 &#8211; la sospensione anticipata del servizio obbligatorio di leva e l\u2019istituzione del servizio militare professionale. I cittadini italiani che intendono rimpatriare per prestare il servizio militare volontario non possono usufruire dei benefici previsti dalla legge [&hellip;]","protected":false},"author":6,"featured_media":0,"parent":1615,"menu_order":30,"comment_status":"closed","ping_status":"closed","template":"","meta":{"footnotes":""},"class_list":["post-269","page","type-page","status-publish","hentry"],"_links":{"self":[{"href":"https:\/\/consmetz.esteri.it\/it\/wp-json\/wp\/v2\/pages\/269","targetHints":{"allow":["GET"]}}],"collection":[{"href":"https:\/\/consmetz.esteri.it\/it\/wp-json\/wp\/v2\/pages"}],"about":[{"href":"https:\/\/consmetz.esteri.it\/it\/wp-json\/wp\/v2\/types\/page"}],"author":[{"embeddable":true,"href":"https:\/\/consmetz.esteri.it\/it\/wp-json\/wp\/v2\/users\/6"}],"replies":[{"embeddable":true,"href":"https:\/\/consmetz.esteri.it\/it\/wp-json\/wp\/v2\/comments?post=269"}],"version-history":[{"count":4,"href":"https:\/\/consmetz.esteri.it\/it\/wp-json\/wp\/v2\/pages\/269\/revisions"}],"predecessor-version":[{"id":2207,"href":"https:\/\/consmetz.esteri.it\/it\/wp-json\/wp\/v2\/pages\/269\/revisions\/2207"}],"up":[{"embeddable":true,"href":"https:\/\/consmetz.esteri.it\/it\/wp-json\/wp\/v2\/pages\/1615"}],"wp:attachment":[{"href":"https:\/\/consmetz.esteri.it\/it\/wp-json\/wp\/v2\/media?parent=269"}],"curies":[{"name":"wp","href":"https:\/\/api.w.org\/{rel}","templated":true}]}}