{"id":289,"date":"2023-05-16T16:33:59","date_gmt":"2023-05-16T14:33:59","guid":{"rendered":"https:\/\/consmetz.esteri.it\/?page_id=289"},"modified":"2025-02-18T10:46:09","modified_gmt":"2025-02-18T09:46:09","slug":"casellario-giudiziale-casier-judiciaire-italien","status":"publish","type":"page","link":"https:\/\/consmetz.esteri.it\/it\/servizi-consolari-e-visti\/servizi-per-il-cittadino-italiano\/altri-servizi\/casellario-giudiziale-casier-judiciaire-italien\/","title":{"rendered":"Casellario Giudiziale"},"content":{"rendered":"<div class=\"container\">\n<div id=\"main\" role=\"main\">\n<div class=\"row\">\n<article id=\"articolo_centro\" class=\"col-md-19 col-sm-19 padding_articolo item-page\" role=\"main\" aria-label=\"articolo\">\n<div class=\"container\" style=\"text-align: justify;\">\n<div id=\"main\" role=\"main\">\n<div class=\"row\">\n<article role=\"main\" aria-label=\"articolo\"><strong>Il Casellario Giudiziale<\/strong> (come anche il <strong>Certificato attestante il godimento dei diritti Civili<\/strong> che attesta che, nei cinque anni precedenti la richiesta, nei confronti del richiedente non siano stati emessi provvedimenti di interdizione, inabilitazione o fallimento, n\u00e9 siano in corso procedure aventi lo stesso oggetto)<\/article>\n<\/div>\n<article role=\"main\" aria-label=\"articolo\">puo&#8217; essere richiesto secondo una delle due procedure qui di seguito indicate:<\/article>\n<article role=\"main\" aria-label=\"articolo\"><\/article>\n<article role=\"main\" aria-label=\"articolo\"><\/article>\n<\/div>\n<article role=\"main\" aria-label=\"articolo\">(1) &#8211;<span style=\"text-decoration: underline;\"><strong>DIRETTAMENTE SCRIVENDO ALLA COMPETENTE PROCURA DELLA REPUBBLICA IN ITALIA<\/strong><\/span><\/article>\n<div id=\"main\" role=\"main\">\n<div class=\"row\">\n<article id=\"articolo_centro\" class=\"col-md-19 col-sm-19 padding_articolo item-page\" role=\"main\" aria-label=\"articolo\"><strong>* LE PERSONE NATE ALL&#8217;ESTERO DEVONO RICHIEDRE QUESTO DOCUMENTO ALLA PROCURA DELLA REPUBBLICA PRESSO IL TRIBUNALE DI ROMA (UFFICIO DEL CASELLARIO CENTRALE) <\/strong><strong>PER LE PERSONE NATE IN ITALIA <\/strong>&#8211; il certificato penale va richiesto alla Procura della Repubblica della citt\u00e0 capoluogo della provincia di nascita (Elenco delle Procure della Repubblica &gt;\u00a0<a title=\"CLICCA QUI\" href=\"http:\/\/giustizia.italia-mia.it\/procura-della-repubblica.asp\">CLICCA QUI<\/a>)<\/article>\n<article class=\"col-md-19 col-sm-19 padding_articolo item-page\" role=\"main\" aria-label=\"articolo\"><b>Come si richiede il certificato del casellario giudiziale (generale, penale o civile) all&#8217;Estero?\u00a0<a href=\"https:\/\/www.giustizia.it\/giustizia\/it\/3_3_1.page#\">Maggiori informazioni sul sito del Ministero di Grazia e Giustizia<\/a><\/b>Il cittadino italiano o straniero residente all&#8217;estero dovr\u00e0 indirizzare la richiesta a qualunque ufficio del casellario giudiziale presso la Procura della Repubblica.La domanda in carta semplice deve contenere l&#8217;indicazione delle:<br \/>\n\u2022 generalit\u00e0 dell&#8217;interessato (per i nati all&#8217;estero si raccomanda di precisare in stampatello quale sia il nome e quale il cognome) data e luogo di nascita<br \/>\n\u2022 l\u2019indirizzo di attuale residenza (per la spedizione del certificato richiesto).<br \/>\n\u2022 motivo per cui si richiede il certificato<br \/>\nLa domanda deve essere firmata dalla persona cui si riferisce il certificato e deve recare l&#8217;indicazione della tipologia di certificato richiesto.<strong>Costi:\u00a0cliccare su questo link &gt;<\/strong>\u00a0<a href=\"https:\/\/www.giustizia.it\/giustizia\/it\/mg_3_3_2.wp?previsiousPage=mg_12_1_4_3\">MODALITA&#8217; DI RICHIESTA E PAGAMENTO (PAGINA IN ITALIANO)<\/a>L\u2019importo previsto per il tipo di certificato richiesto e per le relative spese di spedizione va versato secondo le modalit\u00e0 previste in base ai Paesi e alle convenzioni (assegno bancario internazionale, vaglia postale o eurogiro), intestato all&#8217;Ufficio locale del casellario giudiziale della Procura della Repubblica del luogo cui si inoltra la richiesta.<br \/>\nPer ogni ulteriore chiarimento sulle modalit\u00e0 di pagamento sar\u00e0 opportuno contattare l&#8217;ufficio del casellario a cui si indirizza la richiesta.<strong>Alla domanda va allegata:<\/strong><br \/>\n\u2022 la copia di un documento di identit\u00e0 valido;<br \/>\n\u2022 la ricevuta del pagamento dell\u2019importo complessivo per i bolli, i diritti e le spese per la spedizione del certificato;<br \/>\n\u2022 la busta compilata con l\u2019indirizzo per la spedizione del certificato richiesto.<strong>NON DIMENTICARE DI FAR TRADURRE IN FRANCESE IL VOSTRO CERTIFICATO PENALE &gt;\u00a0<a href=\"https:\/\/consmetz.esteri.it\/it\/servizi-consolari-e-visti\/servizi-per-il-cittadino-italiano\/traduttori-giurati-traducteurs-assermentes\/\">ACCEDI ALL&#8217;ELENCO DEI TRADUTTORI GIURATI<\/a><\/strong>(2) <span style=\"text-decoration: underline;\"><strong>ATTRAVERSO IL CANALE DEL MINISTERO FRANCESE DELLA GIUSTIZIA:<\/strong><\/span><\/p>\n<p style=\"text-align: justify;\">Se \u00e8 residente in Francia pu\u00f2 ottenere il casellario <strong>italiano<\/strong>, seguendo le istruzioni presenti in questa pagina :<\/p>\n<p style=\"text-align: justify;\"><a href=\"https:\/\/faq.casier-judiciaire.justice.gouv.fr\/selfservice\/fr-fr\/194\/i-demande-de-bulletin-n-3-a-destination-d-un-autre-pays\/35\/comment-obtenir-mon-extrait-de-casier-judiciaire-delivre-par-un-autre-pays-que-la-france\">Comment obtenir mon extrait de casier judiciaire d\u00e9livr\u00e9 par un autre pays que la France ? &#8211; I &#8211; Demande de bulletin n\u00b03 \u00e0 destination d&#8217;un autre pays &#8211; Eptica Self Service (justice.gouv.fr)<\/a><\/p>\n<p style=\"text-align: justify;\">Le indicazioni fornite dalle autorit\u00e0 francesi sono le seguenti:\u00a0<em>\u201cJe vous informe que pour solliciter le casier judiciaire<strong> italien <\/strong>(\u00e9quivalent du bulletin n\u00b0 3 fran\u00e7ais), votre ressortissant devra obligatoirement fournir au Casier judiciaire national les informations suivantes :<br \/>\n&#8211; son identit\u00e9 compl\u00e8te (nom de famille, nom d&#8217;usage si n\u00e9cessaire, pr\u00e9nom(s), date de naissance, ville et pays de naissance, nationalit\u00e9),<br \/>\n&#8211; s&#8217;il\u00a0est n\u00e9 hors de France,\u00a0un justificatif d&#8217;identit\u00e9 (recto\/verso) (passeport, acte de naissance, carte nationale d&#8217;identit\u00e9, titre de s\u00e9jour, permis de conduire),<br \/>\n&#8211; l&#8217;adresse postale de son lieu de r\u00e9sidence (num\u00e9ro de rue, nom de la rue, code postal, ville et pays).<\/em><\/p>\n<p style=\"text-align: justify;\"><em>Le moyen le plus rapide pour nous faire parvenir toutes ces informations, est qu\u2019il effectue la demande de ce document sur le site internet du Casier judiciaire national : <\/em><em><a href=\"https:\/\/casier-judiciaire.justice.gouv.fr\/\">casier-judiciaire.justice.gouv.fr<\/a><\/em><em>\u00a0 et mention \u00ab Contact \u00bb (qui se trouve en bas et \u00e0 gauche de la page).<br \/>\n<\/em><em>La d\u00e9livrance d\u2019un extrait de casier judiciaire (bulletin n\u00b0 3) est gratuite, la demande n\u00e9cessite une adresse courriel. \u00bb<\/em><\/p>\n<\/article>\n<\/div>\n<\/div>\n<\/div>\n<\/article>\n<\/div>\n<\/div>\n<\/div>\n","protected":false},"excerpt":{"rendered":"Il Casellario Giudiziale (come anche il Certificato attestante il godimento dei diritti Civili che attesta che, nei cinque anni precedenti la richiesta, nei confronti del richiedente non siano stati emessi provvedimenti di interdizione, inabilitazione o fallimento, n\u00e9 siano in corso procedure aventi lo stesso oggetto) puo&#8217; essere richiesto secondo una delle due procedure qui di [&hellip;]","protected":false},"author":6,"featured_media":0,"parent":1615,"menu_order":25,"comment_status":"closed","ping_status":"closed","template":"","meta":{"footnotes":""},"class_list":["post-289","page","type-page","status-publish","hentry"],"_links":{"self":[{"href":"https:\/\/consmetz.esteri.it\/it\/wp-json\/wp\/v2\/pages\/289","targetHints":{"allow":["GET"]}}],"collection":[{"href":"https:\/\/consmetz.esteri.it\/it\/wp-json\/wp\/v2\/pages"}],"about":[{"href":"https:\/\/consmetz.esteri.it\/it\/wp-json\/wp\/v2\/types\/page"}],"author":[{"embeddable":true,"href":"https:\/\/consmetz.esteri.it\/it\/wp-json\/wp\/v2\/users\/6"}],"replies":[{"embeddable":true,"href":"https:\/\/consmetz.esteri.it\/it\/wp-json\/wp\/v2\/comments?post=289"}],"version-history":[{"count":7,"href":"https:\/\/consmetz.esteri.it\/it\/wp-json\/wp\/v2\/pages\/289\/revisions"}],"predecessor-version":[{"id":4499,"href":"https:\/\/consmetz.esteri.it\/it\/wp-json\/wp\/v2\/pages\/289\/revisions\/4499"}],"up":[{"embeddable":true,"href":"https:\/\/consmetz.esteri.it\/it\/wp-json\/wp\/v2\/pages\/1615"}],"wp:attachment":[{"href":"https:\/\/consmetz.esteri.it\/it\/wp-json\/wp\/v2\/media?parent=289"}],"curies":[{"name":"wp","href":"https:\/\/api.w.org\/{rel}","templated":true}]}}