{"id":294,"date":"2023-05-16T16:42:11","date_gmt":"2023-05-16T14:42:11","guid":{"rendered":"https:\/\/consmetz.esteri.it\/?page_id=294"},"modified":"2025-01-02T11:33:39","modified_gmt":"2025-01-02T10:33:39","slug":"buoni-e-libretti-di-risparmio-postale","status":"publish","type":"page","link":"https:\/\/consmetz.esteri.it\/it\/servizi-consolari-e-visti\/servizi-per-il-cittadino-italiano\/altri-servizi\/buoni-e-libretti-di-risparmio-postale\/","title":{"rendered":"Buoni e Libretti di Risparmio Postale"},"content":{"rendered":"<div class=\"container\">\n<div id=\"main\" role=\"main\">\n<div class=\"row\">\n<article id=\"articolo_centro\" class=\"col-md-19 col-sm-19 padding_articolo item-page\" role=\"main\" aria-label=\"articolo\">Le Poste Italiane comunicano che quando viene chiesto un rimborso anticipato di un buono fruttifero postale, il capitale viene sempre restituito al 100% al netto di eventuali oneri di natura fiscale. Gli interessi, invece, non vengono rimborsati qualora non sia trascorso un determinato tempo dalla data di sottoscrizione di essi che varia a seconda della tipologia di quello che si sottoscriver\u00e0.Ebbene il tempo sar\u00e0 di:<\/p>\n<ul>\n<li>due mesi per i bfp \u201cImpresa\u201d,<\/li>\n<li>sei mesi per i bfp a \u201cdiciotto mesi\u201d,<\/li>\n<li>dodici mesi per quelli \u201cordinari\u201d, per quelli \u201cRenditalia\u201d, \u201cEuropa\u201d, \u201cRisparmi Nuovi\u201d e per i buoni fruttiferi postali denominati \u201d Eredit\u00e0 Sicura\u201d,<\/li>\n<li>diciotto mesi per i bfp \u201cindicizzati all\u2019inflazione\u201d, per quelli \u201cindicizzati all\u2019inflazione extra\u201d, per quelli \u201cdedicati ai minori\u201d, per quelli \u201cindicizzati alla scadenza\u201d e per quelli a \u201cdiciotto mesi plus\u201d,<\/li>\n<li>ventiquattro mesi per i bfp \u201cpremia\u201d e per quelli a \u201c2 anni Plus\u201d,<\/li>\n<li>trentasei mesi per i bfp \u201c3,50\u201d, per quelli a \u201c3 anni Plus\u201d e per quelli \u201cFedelt\u00e0\u201d ed infine<\/li>\n<li>sette anni per i buoni \u201c7 insieme\u201d.<\/li>\n<li>Si potrebbero verificare delle perdite dei buoni fruttiferi postali?<\/li>\n<\/ul>\n<p><strong>RIMBORSO DALL&#8217;ESTERO<br \/>\n<\/strong>Le Poste Italiane spiegano che il capitale sottoscritto anche quando si richieder\u00e0 un rimborso anticipato sar\u00e0 garantito al 100%.<\/p>\n<p style=\"text-align: justify;\">Potrebbe per\u00f2 verificarsi che si abbia un rimborso netto inferiore al valore nominale sottoscritto. Perch\u00e9? Ebbene il motivo \u00e8 l\u2019applicazione dell\u2019imposta di bollo per giacenze superiori a 5000 euro.<br \/>\nLa Cassa Depositi e Prestiti, per\u00f2, ha comunicato che in tal caso l\u2019imposta di bollo non sar\u00e0 applicata per l\u2019importo uguale alla porzione per la quale il valore netto del rimborso risulti inferiore a quello del capitale.<br \/>\n<strong>Se si vive all\u2019estero e si desidera richiedere il rimborso dei buoni, bisogner\u00e0 recarsi presso il Consolato Italiano del paese nel quale si vive.<br \/>\nSi dovr\u00e0 sottoscrivere un modulo di delega che dovr\u00e0 essere autenticato dal Consolato.<br \/>\n<span style=\"color: #ff0000;\">L&#8217;autentica della firma \u00e9 soggetta a pagamento di una tassa consolare di <span style=\"text-decoration: underline; color: #0000ff;\">Euro 20,00<\/span> da accreditare sul conto corrente di questo Consolato Generale il cui IBAN \u00e9 accessibile sur questo link<\/span>:\u00a0<a href=\"https:\/\/consmetz.esteri.it\/wp-content\/uploads\/2023\/10\/IBAN-Consolato-dItalia-a-Metz-RIB-Consulat-dItalie-a-Metz.pdf\">ACCEDI ALL&#8217;IBAN<\/a><br \/>\nIl giorno dell&#8217;appuntamento copia del bonifico dovr\u00e0 essere presentata all&#8217;ufficio preposto.<\/strong><\/p>\n<p><strong>PRESCRIZIONE DEI BUONI FRUTTIFERI E DEI LIBRETTI DI RISPARMIO POSTALI<\/strong><\/p>\n<p style=\"text-align: justify;\">Nel linguaggio giuridico il termine prescrizione indica l\u2019estinzione di un diritto qualora il titolare non lo eserciti per il termine determinato dalla legge. Ma come funziona con i buoni fruttiferi postali?\u00a0Ebbene quelli cartacei nominativi si prescrivono a favore dell\u2019Emittente dopo dieci anni dalla scadenza del titolo.<\/p>\n<p style=\"text-align: justify;\">Quando vi \u00e8 prescrizione, il titolare del buono oltre la data su indicata, non pu\u00f2 pi\u00f9 avere il rimborso del capitale investito e degli interessi maturati.<br \/>\nLe Poste comunicano che l\u2019importo dei bfp cartacei emessi dopo il 14 aprile del 2001, dopo dieci anni dalla scadenza, sar\u00e0 versato al Fondo istituito presso il MEF.\u00a0Quando la cifra sar\u00e0 versata a tale ente, non vi sar\u00e0 pi\u00f9 diritto al rimborso.<\/p>\n<h4 style=\"text-align: justify;\"><strong>Sar\u00e0 cura da parte degli interessati (<span style=\"text-decoration: underline;\">E NON DEL CONSOLATO<\/span>) di spedire la domanda di rimborso alle Poste insieme alla propria carta di identit\u00e0.<br \/>\n<\/strong>Saranno poi le Poste a rimborsare il buono inviando un assegno vidimato non trasferibile o mediante bonifico estero sul conto corrente del beneficiario.<\/h4>\n<p><strong>I FORMULARI RELATIVI ALLE MODALITA DI RIMBORSO E QUELLE DI <\/strong><strong>\u00a0PAGAMENTO DEL RIMBORSO DEI BUONI O DEI LIBRETTI POSTALI FRUTTIFERI SONO ACCESSIBILI ALLA PAGINA\u00a0<a href=\"https:\/\/consmetz.esteri.it\/it\/servizi-consolari-e-visti\/servizi-per-il-cittadino-italiano\/modulistica-per-i-cittadini-italiani\/\">MODULISTICA<\/a><\/strong><\/p>\n<p>Dovrete prendere appuntamento presso questo Consolato Generale (Ufficio Sociale) per farvi autenticare la firma sul predetto modulo.<br \/>\nPer ogni informazione utile:\u00a0<a href=\"sociale.metz@esteri.it\">sociale.metz@esteri.it<\/a> &#8211; linea diretta: (00333)87.38.58.77<\/p>\n<p><strong>Al predetto modulo\u00a0 dovr\u00e0 essere allegata la seguente documentazione:<br \/>\n<\/strong><em>&#8211; copia di un documento di identit\u00e0 in corso di validit\u00e0 pi\u00f9 una fotocopia del o dei titolari dei Buoni o del Libretto postale\/e\/o degli eredi del titolare deceduto;<\/em><br \/>\n<em>&#8211; copia del codice fiscale rilasciato dal Consolato Italiano di Metz del o dei titolari dei Buoni o del Libretto postale\/e\/o degli eredi del titolare deceduto<\/em><br \/>\n<em>&#8211; Relev\u00e9 d\u2019identit\u00e9 bancaire che riporta il codice IBAN della persona (una sola) richiedente il rimborso;<\/em><br \/>\n<em>&#8211; originali di tutti i Buoni Postali\u00a0 o del Libretto di Risparmio Postale.<\/em><\/p>\n<p><strong>INVIANDO LA PREDETTA DOCUMENTAZIONE AL SEGUE INDIRIZZO (A MEZZO LETTERA RACCOMANDATA CON RIVEVUTA DI RITORNO):<br \/>\n<\/strong><strong>POSTE ITALIANE<\/strong><br \/>\n<strong>Divisione Bancoposta &#8211; <\/strong><strong>Direzione Operazioni<\/strong><br \/>\n<strong>Servizio Risparmi\u00a0<\/strong><br \/>\n<strong>\u00a0Via di Torpagnotta, 2<\/strong><br \/>\n<strong>I. &#8211; 00143 ROMA)\u00a0<\/strong><\/p>\n<\/article>\n<\/div>\n<\/div>\n<\/div>\n","protected":false},"excerpt":{"rendered":"Le Poste Italiane comunicano che quando viene chiesto un rimborso anticipato di un buono fruttifero postale, il capitale viene sempre restituito al 100% al netto di eventuali oneri di natura fiscale. Gli interessi, invece, non vengono rimborsati qualora non sia trascorso un determinato tempo dalla data di sottoscrizione di essi che varia a seconda della [&hellip;]","protected":false},"author":6,"featured_media":0,"parent":1615,"menu_order":20,"comment_status":"closed","ping_status":"closed","template":"","meta":{"footnotes":""},"class_list":["post-294","page","type-page","status-publish","hentry"],"_links":{"self":[{"href":"https:\/\/consmetz.esteri.it\/it\/wp-json\/wp\/v2\/pages\/294","targetHints":{"allow":["GET"]}}],"collection":[{"href":"https:\/\/consmetz.esteri.it\/it\/wp-json\/wp\/v2\/pages"}],"about":[{"href":"https:\/\/consmetz.esteri.it\/it\/wp-json\/wp\/v2\/types\/page"}],"author":[{"embeddable":true,"href":"https:\/\/consmetz.esteri.it\/it\/wp-json\/wp\/v2\/users\/6"}],"replies":[{"embeddable":true,"href":"https:\/\/consmetz.esteri.it\/it\/wp-json\/wp\/v2\/comments?post=294"}],"version-history":[{"count":7,"href":"https:\/\/consmetz.esteri.it\/it\/wp-json\/wp\/v2\/pages\/294\/revisions"}],"predecessor-version":[{"id":4184,"href":"https:\/\/consmetz.esteri.it\/it\/wp-json\/wp\/v2\/pages\/294\/revisions\/4184"}],"up":[{"embeddable":true,"href":"https:\/\/consmetz.esteri.it\/it\/wp-json\/wp\/v2\/pages\/1615"}],"wp:attachment":[{"href":"https:\/\/consmetz.esteri.it\/it\/wp-json\/wp\/v2\/media?parent=294"}],"curies":[{"name":"wp","href":"https:\/\/api.w.org\/{rel}","templated":true}]}}