{"id":298,"date":"2023-05-16T16:49:31","date_gmt":"2023-05-16T14:49:31","guid":{"rendered":"https:\/\/consmetz.esteri.it\/?page_id=298"},"modified":"2025-11-24T10:03:50","modified_gmt":"2025-11-24T09:03:50","slug":"passaporti-passeports","status":"publish","type":"page","link":"https:\/\/consmetz.esteri.it\/it\/servizi-consolari-e-visti\/servizi-per-il-cittadino-italiano\/passaporti-passeports\/","title":{"rendered":"Passaporti"},"content":{"rendered":"<div class=\"container\">\n<div id=\"main\" role=\"main\">\n<div class=\"row\">\n<article id=\"articolo_centro\" class=\"col-md-15 col-sm-15 padding_articolo item-page\" role=\"main\" aria-label=\"articolo\">\n<div>\n<h3 style=\"text-align: justify;\"><strong>INFORMAZIONI GENERALI<\/strong><\/h3>\n<p style=\"text-align: justify;\">Il passaporto elettronico biometrico \u00e8 un <strong>documento di viaggio e di riconoscimento:<br \/>\n<\/strong> 1) valido in tutti i Paesi il cui Governo \u00e8 riconosciuto da quello italiano<br \/>\ne<br \/>\n2) le cui caratteristiche di sicurezza risultano conformi alla normativa europea.<\/p>\n<p style=\"text-align: justify;\">Il passaporto contiene nel <strong>chip integrato<\/strong> al proprio interno, registrati in formato digitale,<br \/>\n1) l\u2019immagine del volto (visibile sullo stesso passaporto)<br \/>\ne<br \/>\n2) le impronte digitali (non visibili sul passaporto)<\/p>\n<p style=\"text-align: justify;\">Il <strong>rilascio del passaporto<\/strong> \u00e8 di competenza dell\u2019Autorit\u00e0 diplomatico-consolare nella cui circoscrizione consolare \u00e8 residente l&#8217;iscritto all\u2019A.I.R.E.<br \/>\n\u00c8 comunque possibile richiedere il rilascio del passaporto presso una Questura o un\u2019altra Rappresentanza diplomatico-consolare in caso di giustificati motivi (es.: impossibilit\u00e0 di richiedere il documento alla Rappresentanza della circoscrizione consolare di residenza per motivi di lavoro che impediscono al cittadino italiano di farvi rientro).<\/p>\n<p style=\"text-align: justify;\">La <strong>validit\u00e0 del passaporto<\/strong> per i minori di et\u00e0 inferiore a tre anni \u00e8 di 3 anni; per i minori di et\u00e0 compresa tra 3 e 18 anni, 5 anni; per i maggiorenni, 10 anni.<\/p>\n<p style=\"text-align: justify;\"><strong>MINORI<\/strong><\/p>\n<\/div>\n<div>\n<p style=\"text-align: justify;\">Al fine di garantire una maggiore individuabilit\u00e0 &#8211; e quindi una maggiore sicurezza &#8211; dei minori, dal 25 novembre 2009 non \u00e8 pi\u00f9 possibile iscriverli sul passaporto del genitore o del tutore e dal 26 giugno 2012 ogni <strong>minore deve essere munito di un proprio passaporto<\/strong> (passaporto individuale).<\/p>\n<p style=\"text-align: justify;\">Si ricorda che, se i <strong>minori aventi meno di 14 anni<\/strong> viaggiano <strong>non accompagnati<\/strong> da uno dei genitori\/tutori, devono essere muniti della &#8220;dichiarazione di accompagnamento&#8221;.\u00a0 Per maggiori informazioni su come ottenerla, vi invitiamo a<strong> <a href=\"https:\/\/consmetz.esteri.it\/it\/servizi-consolari-e-visti\/servizi-per-il-cittadino-italiano\/passaporti-passeports\/dichiarazioni-di-accompagnamento-per-minori-declaration-daccompagnement-des-enfants-mineurs\/\" target=\"_blank\" rel=\"noopener\">consultare la pagina dedicata<\/a><\/strong>.<\/p>\n<p style=\"text-align: justify;\">Per richieste di passaporto a favore di <strong>minori fino agli 11 anni<\/strong>, <strong>non \u00e8 necessario portarli in Consolato\/Sportello<\/strong> perch\u00e9 le impronte digitali non saranno registrate nel documento. La domanda di passaporto pu\u00f2 essere in questo caso inviata ai nostri uffici per via postale prego seguire le istruzioni nella pagina \u25ba<a href=\"https:\/\/consmetz.esteri.it\/it\/servizi-consolari-e-visti\/servizi-per-il-cittadino-italiano\/passaporti-passeports\/passaporti-moduli-di-richiesta-passeports-formulaires-de-demande\/\" target=\"_blank\" rel=\"noopener\"><strong>Passaporti &#8211; Documenti richiesti e formulari da scaricare<\/strong><\/a><\/p>\n<h3 style=\"text-align: justify;\"><strong>TEMPI DI RILASCIO E APPUNTAMENTI OBBLIGATORI<\/strong><\/h3>\n<p style=\"text-align: justify;\"><strong>A partire dal 6 settembre 2021<\/strong>, per ottenere il rilascio del passaporto \u00e8 necessario <strong>richiedere un appuntamento tramite il servizio <a href=\"https:\/\/consmetz.esteri.it\/it\/servizi-consolari-e-visti\/servizi-per-il-cittadino-italiano\/prenota-lappuntamento\/\" target=\"_blank\" rel=\"noopener\">Prenot@Mi<\/a> <\/strong><\/p>\n<p style=\"text-align: justify;\">Con l\u2019avvicinarsi delle vacanze, le richieste di passaporto aumentano in maniera esponenziale e i tempi possono allungarsi sensibilmente. Vi consigliamo di non attendere di avere un passaporto scaduto per farne richiesta. Inoltre, alcuni Stati chiedono almeno sei mesi di validit\u00e0 del passaporto per rilasciare un visto d\u2019ingresso.<\/p>\n<p><strong><span style=\"color: #ac1011;\">ATTENZIONE URGENZE:<\/span><\/strong>\u00a0 <span style=\"text-decoration: underline;\">i viaggi prenotati anche se non rimborsabili <strong>NON<\/strong> sono un motivo d&#8217;urgenza<\/span>. Le urgenze devono essere motivate da opportuna documentazione, le richieste di rilasci urgenti ricevute via e-mail saranno valutate dalla responsabile dell&#8217;ufficio. Per emissioni urgenti potrebbe essere applicato il pagamento dei diritti di urgenza (50\u20ac per un documento\/certificato rilasciato nelle 24h).<\/p>\n<p><strong>COSTO DEL PASSAPORTO<\/strong><\/p>\n<p style=\"color: #800020;\"><span style=\"color: #333333;\">\u26a0\ufe0f<\/span>ATTENZIONE: il costo del passaporto passa da 116\u20ac a <strong>116,20\u20ac<\/strong> dal 1\u00b0 dicembre 2025. Chi ha gi\u00e0 effettuato un bonifico da 116\u20ac per un appuntamento a partire da tale data, dovr\u00e0 effettuare un secondo bonifico integrativo di 20 centesimi e presentare allo sportello le prove di pagamento di entrambi i bonifici.<\/p>\n<p style=\"text-align: justify;\"><strong>FURTO O SMARRIMENTO<\/strong><br \/>\nPer segnalare il furto o lo smarrimento del passaporto:\u00a0\u00a0<a href=\"https:\/\/consmetz.esteri.it\/it\/servizi-consolari-e-visti\/servizi-per-il-cittadino-italiano\/altri-servizi\/denuncia-di-furto-o-smarrimento-di-documento-passaporto-carta-didentita-patente-ecc\/\"><strong>vai alla pagina dedicata<\/strong><\/a><\/p>\n<p style=\"text-align: left;\"><strong>CONTATTI<br \/>\nPer contattare <\/strong>l\u2019ufficio passaporti del <strong>Consolato Generale a Metz<\/strong>, scrivere all\u2019indirizzo di posta elettronica <a href=\"mailto:passaporti.metz@esteri.it\">passaporti.metz@esteri.it<\/a>.<br \/>\nPer contattare lo <strong>Sportello Consolare a Mulhouse<\/strong>, scrivere a <a href=\"mailto:sportello.mulhouse@esteri.it\">sportello.mulhouse@esteri.it<\/a>.<\/p>\n<p style=\"text-align: justify;\"><strong>Per contattare telefonicamente un operatore<\/strong>, vi preghiamo di verificare gli <strong>orari di ricevimento dei nostri uffici<\/strong> :\u00a0<strong><a href=\"https:\/\/consmetz.esteri.it\/it\/chi-siamo\/contatti\/\">orari e contatti<\/a><\/strong><\/p>\n<p style=\"text-align: justify;\">Non verranno fornite risposte a richieste di informazioni gi\u00e0 presenti nel sito del Consolato Generale.<\/p>\n<\/div>\n<\/article>\n<\/div>\n<\/div>\n<\/div>\n","protected":false},"excerpt":{"rendered":"INFORMAZIONI GENERALI Il passaporto elettronico biometrico \u00e8 un documento di viaggio e di riconoscimento: 1) valido in tutti i Paesi il cui Governo \u00e8 riconosciuto da quello italiano e 2) le cui caratteristiche di sicurezza risultano conformi alla normativa europea. Il passaporto contiene nel chip integrato al proprio interno, registrati in formato digitale, 1) l\u2019immagine [&hellip;]","protected":false},"author":6,"featured_media":0,"parent":72,"menu_order":20,"comment_status":"closed","ping_status":"closed","template":"","meta":{"footnotes":""},"class_list":["post-298","page","type-page","status-publish","hentry"],"_links":{"self":[{"href":"https:\/\/consmetz.esteri.it\/it\/wp-json\/wp\/v2\/pages\/298","targetHints":{"allow":["GET"]}}],"collection":[{"href":"https:\/\/consmetz.esteri.it\/it\/wp-json\/wp\/v2\/pages"}],"about":[{"href":"https:\/\/consmetz.esteri.it\/it\/wp-json\/wp\/v2\/types\/page"}],"author":[{"embeddable":true,"href":"https:\/\/consmetz.esteri.it\/it\/wp-json\/wp\/v2\/users\/6"}],"replies":[{"embeddable":true,"href":"https:\/\/consmetz.esteri.it\/it\/wp-json\/wp\/v2\/comments?post=298"}],"version-history":[{"count":7,"href":"https:\/\/consmetz.esteri.it\/it\/wp-json\/wp\/v2\/pages\/298\/revisions"}],"predecessor-version":[{"id":6469,"href":"https:\/\/consmetz.esteri.it\/it\/wp-json\/wp\/v2\/pages\/298\/revisions\/6469"}],"up":[{"embeddable":true,"href":"https:\/\/consmetz.esteri.it\/it\/wp-json\/wp\/v2\/pages\/72"}],"wp:attachment":[{"href":"https:\/\/consmetz.esteri.it\/it\/wp-json\/wp\/v2\/media?parent=298"}],"curies":[{"name":"wp","href":"https:\/\/api.w.org\/{rel}","templated":true}]}}