{"id":5311,"date":"2025-06-27T12:24:25","date_gmt":"2025-06-27T10:24:25","guid":{"rendered":"https:\/\/consmetz.esteri.it\/?page_id=5311"},"modified":"2026-03-26T10:26:35","modified_gmt":"2026-03-26T09:26:35","slug":"registrazione-della-nascita-di-un-minore-almeno-un-genitore-solo-italiano","status":"publish","type":"page","link":"https:\/\/consmetz.esteri.it\/it\/servizi-consolari-e-visti\/servizi-per-il-cittadino-italiano\/stato-civile-etat-civil\/nascita\/registrazione-della-nascita-di-un-minore-almeno-un-genitore-solo-italiano\/","title":{"rendered":"Registrazione della nascita di un minore : se un genitore \u00e8 solo italiano"},"content":{"rendered":"<p>Se uno dei genitori \u00e8 solo italiano (non possiede altre nazionalit\u00e0, europee oppure extra-europee)<\/p>\n<p><span style=\"text-decoration: underline;\">DOCUMENTI AGGIUNTIVI DA PRESENTARE ALLA DOMANDA<\/span><\/p>\n<ul>\n<li><span class=\"OYPEnA font-feature-liga-off font-feature-clig-off font-feature-calt-off text-decoration-none text-strikethrough-none\">atto di nascita del genitore solo italiano, rilasciato dal Comune di nascita<\/span><\/li>\n<li><span class=\"OYPEnA font-feature-liga-off font-feature-clig-off font-feature-calt-off text-decoration-none text-strikethrough-none\">certificato storico di residenza del genitore solo italiano, rilasciato dal Comune italiano di iscrizione AIRE<\/span><\/li>\n<li><span class=\"OYPEnA font-feature-liga-off font-feature-clig-off font-feature-calt-off text-decoration-none text-strikethrough-none\">certificato di non acquisizione della cittadinanza dei paesi di residenza del genitore solo italiano (es.in Francia, rilasciato dal pi\u00f9 vicino Tribunale francese, il rifiuto ufficiale con timbro e firma al rilascio di un certificato di nazionalit\u00e0 francese pu\u00f2 valere come certificato di non acquisizione)<\/span><\/li>\n<li><span class=\"OYPEnA font-feature-liga-off font-feature-clig-off font-feature-calt-off text-decoration-none text-strikethrough-none\">atto di nascita dei nonni (genitori del genitore solo italiano), rilasciato dal Comune di nascita<\/span><\/li>\n<li><span class=\"OYPEnA font-feature-liga-off font-feature-clig-off font-feature-calt-off text-decoration-none text-strikethrough-none\">certificato storico di residenza dei nonni (genitori del genitore solo italiano), rilasciato dal Comune italiano di ultima residenza<\/span><\/li>\n<\/ul>\n<p><strong>\u26a0\ufe0fATTENZIONE <\/strong>: a questa lista si devono aggiungere i documenti da presentare SEMPRE devono essere inclusi, li trovate nella pagina <a href=\"https:\/\/consmetz.esteri.it\/it\/servizi-consolari-e-visti\/servizi-per-il-cittadino-italiano\/stato-civile-etat-civil\/nascita\/\" target=\"_blank\" rel=\"noopener\">\u25baNascita<\/a><\/p>\n","protected":false},"excerpt":{"rendered":"Se uno dei genitori \u00e8 solo italiano (non possiede altre nazionalit\u00e0, europee oppure extra-europee) DOCUMENTI AGGIUNTIVI DA PRESENTARE ALLA DOMANDA atto di nascita del genitore solo italiano, rilasciato dal Comune di nascita certificato storico di residenza del genitore solo italiano, rilasciato dal Comune italiano di iscrizione AIRE certificato di non acquisizione della cittadinanza dei paesi [&hellip;]","protected":false},"author":9,"featured_media":0,"parent":1663,"menu_order":1,"comment_status":"closed","ping_status":"closed","template":"","meta":{"footnotes":""},"class_list":["post-5311","page","type-page","status-publish","hentry"],"_links":{"self":[{"href":"https:\/\/consmetz.esteri.it\/it\/wp-json\/wp\/v2\/pages\/5311","targetHints":{"allow":["GET"]}}],"collection":[{"href":"https:\/\/consmetz.esteri.it\/it\/wp-json\/wp\/v2\/pages"}],"about":[{"href":"https:\/\/consmetz.esteri.it\/it\/wp-json\/wp\/v2\/types\/page"}],"author":[{"embeddable":true,"href":"https:\/\/consmetz.esteri.it\/it\/wp-json\/wp\/v2\/users\/9"}],"replies":[{"embeddable":true,"href":"https:\/\/consmetz.esteri.it\/it\/wp-json\/wp\/v2\/comments?post=5311"}],"version-history":[{"count":4,"href":"https:\/\/consmetz.esteri.it\/it\/wp-json\/wp\/v2\/pages\/5311\/revisions"}],"predecessor-version":[{"id":7794,"href":"https:\/\/consmetz.esteri.it\/it\/wp-json\/wp\/v2\/pages\/5311\/revisions\/7794"}],"up":[{"embeddable":true,"href":"https:\/\/consmetz.esteri.it\/it\/wp-json\/wp\/v2\/pages\/1663"}],"wp:attachment":[{"href":"https:\/\/consmetz.esteri.it\/it\/wp-json\/wp\/v2\/media?parent=5311"}],"curies":[{"name":"wp","href":"https:\/\/api.w.org\/{rel}","templated":true}]}}