{"id":5449,"date":"2025-08-08T11:15:33","date_gmt":"2025-08-08T09:15:33","guid":{"rendered":"https:\/\/consmetz.esteri.it\/?page_id=5449"},"modified":"2025-10-10T13:02:57","modified_gmt":"2025-10-10T11:02:57","slug":"domanda-di-riconoscimento-della-cittadinanza-per-discendenza-se-un-genitore-e-solo-italiano","status":"publish","type":"page","link":"https:\/\/consmetz.esteri.it\/it\/servizi-consolari-e-visti\/servizi-per-il-cittadino-straniero\/cittadinanza\/domanda-di-riconoscimento-della-cittadinanza-per-discendenza-se-un-genitore-e-solo-italiano\/","title":{"rendered":"Riconoscimento della cittadinanza per discendenza: se un genitore \u00e8 solo italiano"},"content":{"rendered":"<p>Se uno dei genitori \u00e8 solo italiano (non possiede altre nazionalit\u00e0, europee oppure extra-europee)<\/p>\n<p>DOCUMENTI AGGIUNTIVI DA PRESENTARE ALLA DOMANDA<\/p>\n<ul>\n<li><span class=\"OYPEnA font-feature-liga-off font-feature-clig-off font-feature-calt-off text-decoration-none text-strikethrough-none\">atto di nascita del genitore solo italiano, rilasciato dal Comune di nascita<\/span><\/li>\n<li><span class=\"OYPEnA font-feature-liga-off font-feature-clig-off font-feature-calt-off text-decoration-none text-strikethrough-none\">certificato storico di residenza del genitore solo italiano, rilasciato dal Comune italiano di iscrizione AIRE<\/span><\/li>\n<li><span class=\"OYPEnA font-feature-liga-off font-feature-clig-off font-feature-calt-off text-decoration-none text-strikethrough-none\">certificato di non acquisizione della cittadinanza dei paesi di residenza del genitore solo italiano (es.in Francia, rilasciato dal pi\u00f9 vicino Tribunale francese)<\/span><\/li>\n<li><span class=\"OYPEnA font-feature-liga-off font-feature-clig-off font-feature-calt-off text-decoration-none text-strikethrough-none\">atto di nascita dei nonni (genitori del genitore solo italiano), rilasciato dal Comune di nascita<\/span><\/li>\n<li><span class=\"OYPEnA font-feature-liga-off font-feature-clig-off font-feature-calt-off text-decoration-none text-strikethrough-none\">certificato storico di residenza dei nonni (genitori del genitore solo italiano), rilasciato dal Comune italiano di ultima residenza<\/span><\/li>\n<\/ul>\n<p><strong>\u26a0\ufe0fATTENZIONE\u00a0<\/strong>: a questa lista si devono aggiungere i documenti da presentare SEMPRE devono essere inclusi, li trovate nella pagina\u00a0\u25ba<a href=\"https:\/\/consmetz.esteri.it\/it\/servizi-consolari-e-visti\/servizi-per-il-cittadino-straniero\/cittadinanza\/cittadinanza-e-adozione\/\">Cittadinanza e Adozione<\/a><\/p>\n","protected":false},"excerpt":{"rendered":"Se uno dei genitori \u00e8 solo italiano (non possiede altre nazionalit\u00e0, europee oppure extra-europee) DOCUMENTI AGGIUNTIVI DA PRESENTARE ALLA DOMANDA atto di nascita del genitore solo italiano, rilasciato dal Comune di nascita certificato storico di residenza del genitore solo italiano, rilasciato dal Comune italiano di iscrizione AIRE certificato di non acquisizione della cittadinanza dei paesi [&hellip;]","protected":false},"author":9,"featured_media":0,"parent":234,"menu_order":10,"comment_status":"closed","ping_status":"closed","template":"","meta":{"footnotes":""},"class_list":["post-5449","page","type-page","status-publish","hentry"],"_links":{"self":[{"href":"https:\/\/consmetz.esteri.it\/it\/wp-json\/wp\/v2\/pages\/5449","targetHints":{"allow":["GET"]}}],"collection":[{"href":"https:\/\/consmetz.esteri.it\/it\/wp-json\/wp\/v2\/pages"}],"about":[{"href":"https:\/\/consmetz.esteri.it\/it\/wp-json\/wp\/v2\/types\/page"}],"author":[{"embeddable":true,"href":"https:\/\/consmetz.esteri.it\/it\/wp-json\/wp\/v2\/users\/9"}],"replies":[{"embeddable":true,"href":"https:\/\/consmetz.esteri.it\/it\/wp-json\/wp\/v2\/comments?post=5449"}],"version-history":[{"count":3,"href":"https:\/\/consmetz.esteri.it\/it\/wp-json\/wp\/v2\/pages\/5449\/revisions"}],"predecessor-version":[{"id":5469,"href":"https:\/\/consmetz.esteri.it\/it\/wp-json\/wp\/v2\/pages\/5449\/revisions\/5469"}],"up":[{"embeddable":true,"href":"https:\/\/consmetz.esteri.it\/it\/wp-json\/wp\/v2\/pages\/234"}],"wp:attachment":[{"href":"https:\/\/consmetz.esteri.it\/it\/wp-json\/wp\/v2\/media?parent=5449"}],"curies":[{"name":"wp","href":"https:\/\/api.w.org\/{rel}","templated":true}]}}